{"id":1336,"date":"2025-09-04T07:32:51","date_gmt":"2025-09-04T07:32:51","guid":{"rendered":"https:\/\/regenerative-thermal-oxidation.com\/?page_id=1336"},"modified":"2025-09-04T08:53:45","modified_gmt":"2025-09-04T08:53:45","slug":"losungen-zur-behandlung-von-grubengas","status":"publish","type":"page","link":"https:\/\/regenerative-thermal-oxidation.com\/de\/behandlungslosung\/losungen-zur-behandlung-von-grubengas\/","title":{"rendered":"L\u00f6sungen zur Behandlung von Kohlebergwerksgas"},"content":{"rendered":"<p>[et_pb_section fb_built=&#8221;1&#8243; _builder_version=&#8221;4.25.0&#8243; _module_preset=&#8221;default&#8221; global_colors_info=&#8221;{}&#8221;][et_pb_row column_structure=&#8221;1_2,1_2&#8243; _builder_version=&#8221;4.25.0&#8243; _module_preset=&#8221;default&#8221; max_width=&#8221;1280px&#8221; global_colors_info=&#8221;{}&#8221;][et_pb_column type=&#8221;1_2&#8243; _builder_version=&#8221;4.25.0&#8243; _module_preset=&#8221;default&#8221; custom_padding=&#8221;60px||||false|false&#8221; custom_padding_tablet=&#8221;0px||||false|false&#8221; custom_padding_phone=&#8221;0px||||false|false&#8221; custom_padding_last_edited=&#8221;on|tablet&#8221; global_colors_info=&#8221;{}&#8221;][et_pb_heading title=&#8221;Coal Mine Gas Treatment Solutions&#8221; _builder_version=&#8221;4.27.4&#8243; _module_preset=&#8221;default&#8221; title_font=&#8221;Poppins||||||||&#8221; title_text_color=&#8221;#000000&#8243; title_font_size=&#8221;72px&#8221; title_letter_spacing=&#8221;-0.05em&#8221; global_colors_info=&#8221;{}&#8221; custom_margin=&#8221;-59px|||||&#8221;][\/et_pb_heading][et_pb_text _builder_version=&#8221;4.27.4&#8243; _module_preset=&#8221;4c13ac55-f153-4989-be45-e09dda044a45&#8243; text_font=&#8221;Poppins|300|||||||&#8221; hover_enabled=&#8221;0&#8243; global_colors_info=&#8221;{}&#8221; sticky_enabled=&#8221;0&#8243;]<\/p>\n<p>Der Managementplan f\u00fcr Methan in der Grubenbel\u00fcftung sieht ein mehrstufiges Verfahren vor, um Sicherheit und \u00f6kologische Nachhaltigkeit zu gew\u00e4hrleisten und Methanemissionen effektiv zu reduzieren bei gleichzeitig maximaler Energier\u00fcckgewinnung. RP Techniek BV bietet eine \u201eGaskraftwerksinsel\u201c an, die Gas mit einem Reingasdurchsatz von 10 m\u00b3\/min und einer Konzentration unter 81 \u00b5g\/l f\u00fcr die Kraft-W\u00e4rme-Kopplung nutzt. Dieses System hat signifikante, CCER-zertifizierte Reduzierungen der Kohlenstoffemissionen erzielt.<\/p>\n<p>[\/et_pb_text][et_pb_button button_url=&#8221;https:\/\/regenerative-thermal-oxidation.com\/contact-us\/&#8221; button_text=&#8221;Contact Us&#8221; _builder_version=&#8221;4.27.4&#8243; _module_preset=&#8221;71299bff-d8b2-49c7-9e83-5df7c56ef18d&#8221; global_colors_info=&#8221;{}&#8221;][\/et_pb_button][\/et_pb_column][et_pb_column type=&#8221;1_2&#8243; _builder_version=&#8221;4.25.0&#8243; _module_preset=&#8221;default&#8221; global_colors_info=&#8221;{}&#8221;][et_pb_image src=&#8221;https:\/\/regenerative-thermal-oxidation.com\/wp-content\/uploads\/2025\/08\/regenerative-thermal-oxidiser-application-Coal-mine-ultra-low-concentration-gas.webp&#8221; alt=&#8221;regenerative thermal oxidiser-application-Coal mine ultra-low concentration gas&#8221; title_text=&#8221;regenerative thermal oxidiser-application-Coal mine ultra-low concentration gas&#8221; align=&#8221;center&#8221; _builder_version=&#8221;4.27.4&#8243; _module_preset=&#8221;default&#8221; border_radii=&#8221;on|6px|6px|6px|6px&#8221; box_shadow_style=&#8221;preset1&#8243; global_colors_info=&#8221;{}&#8221;][\/et_pb_image][\/et_pb_column][\/et_pb_row][\/et_pb_section][et_pb_section fb_built=&#8221;1&#8243; _builder_version=&#8221;4.25.0&#8243; _module_preset=&#8221;default&#8221; global_colors_info=&#8221;{}&#8221;][et_pb_row _builder_version=&#8221;4.25.0&#8243; _module_preset=&#8221;default&#8221; max_width=&#8221;1280px&#8221; global_colors_info=&#8221;{}&#8221;][et_pb_column type=&#8221;4_4&#8243; _builder_version=&#8221;4.25.0&#8243; _module_preset=&#8221;default&#8221; global_colors_info=&#8221;{}&#8221;][et_pb_text _builder_version=&#8221;4.27.4&#8243; _module_preset=&#8221;7ec333d8-dcd4-43fd-8089-50fbea269557&#8243; text_font=&#8221;Poppins|300|||||||&#8221; text_font_size=&#8221;18px&#8221; text_line_height=&#8221;1.8em&#8221; locked=&#8221;off&#8221; global_colors_info=&#8221;{}&#8221;]<\/p>\n<ul>\n<li>Abgaszusammensetzung: Methan (&lt;8%)<\/li>\n<li>Prozessl\u00f6sung: Mischsystem + rotierende RTO + Abw\u00e4rmenutzung (Heizung + Stromerzeugung)<\/li>\n<\/ul>\n<p>[\/et_pb_text][et_pb_image src=&#8221;https:\/\/regenerative-thermal-oxidation.com\/wp-content\/uploads\/2025\/09\/flow-chart-of-coal-mine-industry-treatment-scaled.webp&#8221; title_text=&#8221;flow-chart-of-coal-mine-industry-treatment&#8221; align=&#8221;center&#8221; _builder_version=&#8221;4.27.4&#8243; _module_preset=&#8221;default&#8221; width=&#8221;60%&#8221; global_colors_info=&#8221;{}&#8221;][\/et_pb_image][et_pb_heading title=&#8221;Coal mine gas control process flow chart&#8221; _builder_version=&#8221;4.27.4&#8243; _module_preset=&#8221;default&#8221; title_level=&#8221;h5&#8243; title_font=&#8221;Poppins||||||||&#8221; title_text_align=&#8221;center&#8221; title_text_color=&#8221;#000000&#8243; title_font_size=&#8221;20px&#8221; global_colors_info=&#8221;{}&#8221;][\/et_pb_heading][\/et_pb_column][\/et_pb_row][\/et_pb_section][et_pb_section fb_built=&#8221;1&#8243; _builder_version=&#8221;4.25.0&#8243; _module_preset=&#8221;default&#8221; global_colors_info=&#8221;{}&#8221;][et_pb_row _builder_version=&#8221;4.27.4&#8243; _module_preset=&#8221;default&#8221; max_width=&#8221;1280px&#8221; global_colors_info=&#8221;{}&#8221;][et_pb_column type=&#8221;4_4&#8243; _builder_version=&#8221;4.27.4&#8243; _module_preset=&#8221;default&#8221; global_colors_info=&#8221;{}&#8221;][et_pb_heading title=&#8221;Regenerative Thermal Oxidizer Working Principle&#8221; _builder_version=&#8221;4.27.4&#8243; _module_preset=&#8221;default&#8221; title_level=&#8221;h3&#8243; title_font=&#8221;Poppins||||||||&#8221; title_text_align=&#8221;left&#8221; title_text_color=&#8221;#000000&#8243; title_line_height=&#8221;1.2em&#8221; global_colors_info=&#8221;{}&#8221;][\/et_pb_heading][\/et_pb_column][\/et_pb_row][et_pb_row _builder_version=&#8221;4.27.4&#8243; _module_preset=&#8221;default&#8221; max_width=&#8221;1280px&#8221; global_colors_info=&#8221;{}&#8221;][et_pb_column type=&#8221;4_4&#8243; _builder_version=&#8221;4.27.4&#8243; _module_preset=&#8221;default&#8221; global_colors_info=&#8221;{}&#8221;][et_pb_text _builder_version=&#8221;4.27.4&#8243; _module_preset=&#8221;7ec333d8-dcd4-43fd-8089-50fbea269557&#8243; text_font=&#8221;Poppins|300|||||||&#8221; text_font_size=&#8221;18px&#8221; text_line_height=&#8221;1.8em&#8221; locked=&#8221;off&#8221; global_colors_info=&#8221;{}&#8221;]<\/p>\n<p>Regenerative thermische Oxidationsanlagen (RTOs) zerst\u00f6ren fl\u00fcchtige organische Verbindungen (VOCs) effektiv durch Hochtemperaturoxidation \u2013 bei Temperaturen bis zu 950 \u00b0C, wie abgebildet \u2013 und wandeln sie in Kohlendioxid und Wasserdampf um. Ein zentrales Merkmal ist das einzelne, kontinuierlich rotierende Ventil, das mehrere herk\u00f6mmliche Tellerventile ersetzt und den zylindrischen W\u00e4rmespeicher in mehrere unabh\u00e4ngige Sektoren unterteilt.<\/p>\n<p>W\u00e4hrend der Rotation erf\u00fcllt jeder Sektor nacheinander drei Funktionen: Vorw\u00e4rmen des einstr\u00f6menden verschmutzten Gases, Speichern der W\u00e4rmeenergie aus dem gereinigten Gas und Sp\u00fclen. Diese kontinuierliche Drehbewegung gew\u00e4hrleistet nahtlose \u00dcberg\u00e4nge zwischen den Betriebsphasen und eliminiert die f\u00fcr herk\u00f6mmliche Schaltventile typischen Druckschwankungen.<\/p>\n<p>Im dargestellten System tritt verschmutztes Gas mit einer Temperatur von 25 \u00b0C und einem Volumenstrom von 100.000 Nm\u00b3\/h ein. Es durchstr\u00f6mt zur Vorw\u00e4rmung hei\u00dfe Keramiksegmente, bevor es in die Brennkammer gelangt, wo die Oxidation bei hoher Temperatur stattfindet. Nach der Aufbereitung verlassen 30.000 Nm\u00b3\/h des gereinigten Gases das System mit einer Temperatur von \u2265 950 \u00b0C und k\u00f6nnen zur Energier\u00fcckgewinnung einem Abhitzekessel und einem Dampfturbinengenerator zugef\u00fchrt werden. Die verbleibenden 70.000 Nm\u00b3\/h geben W\u00e4rme an k\u00fchlere Keramikschichten ab, bevor sie unter 30 \u00b0C abgeleitet werden. Ein kleiner Strom gereinigten Gases dient zum Sp\u00fclen und verhindert Leckagen, w\u00e4hrend spezielle Dichtungen die Gasdichtheit gew\u00e4hrleisten. Diese rotierende RTO-Konstruktion verbessert den thermischen Wirkungsgrad und die Betriebssicherheit und reduziert den Wartungsaufwand.<\/p>\n<p>[\/et_pb_text][et_pb_image src=&#8221;https:\/\/regenerative-thermal-oxidation.com\/wp-content\/uploads\/2025\/09\/rto-for-coal-mine-gas-rto-schematic-diagram.webp&#8221; alt=&#8221;rto for coal mine gas &#8211; rto schematic diagram&#8221; title_text=&#8221;rto for coal mine gas &#8211; rto schematic diagram&#8221; align=&#8221;center&#8221; _builder_version=&#8221;4.27.4&#8243; _module_preset=&#8221;default&#8221; width=&#8221;60%&#8221; global_colors_info=&#8221;{}&#8221;][\/et_pb_image][\/et_pb_column][\/et_pb_row][\/et_pb_section][et_pb_section fb_built=&#8221;1&#8243; _builder_version=&#8221;4.25.0&#8243; _module_preset=&#8221;default&#8221; global_colors_info=&#8221;{}&#8221;][et_pb_row _builder_version=&#8221;4.27.4&#8243; _module_preset=&#8221;default&#8221; max_width=&#8221;1280px&#8221; global_colors_info=&#8221;{}&#8221;][et_pb_column type=&#8221;4_4&#8243; _builder_version=&#8221;4.27.4&#8243; _module_preset=&#8221;default&#8221; global_colors_info=&#8221;{}&#8221;][et_pb_heading title=&#8221;RTO Technology Evolution Roadmap&#8221; _builder_version=&#8221;4.27.4&#8243; _module_preset=&#8221;default&#8221; title_level=&#8221;h3&#8243; title_font=&#8221;Poppins||||||||&#8221; title_text_align=&#8221;left&#8221; title_text_color=&#8221;#000000&#8243; title_line_height=&#8221;1.2em&#8221; global_colors_info=&#8221;{}&#8221;][\/et_pb_heading][\/et_pb_column][\/et_pb_row][et_pb_row _builder_version=&#8221;4.27.4&#8243; _module_preset=&#8221;default&#8221; max_width=&#8221;1280px&#8221; global_colors_info=&#8221;{}&#8221;][et_pb_column type=&#8221;4_4&#8243; _builder_version=&#8221;4.27.4&#8243; _module_preset=&#8221;default&#8221; global_colors_info=&#8221;{}&#8221;][et_pb_image src=&#8221;https:\/\/regenerative-thermal-oxidation.com\/wp-content\/uploads\/2025\/09\/rto-for-coal-mine-gas-rto-technology-evolution-roadmap.webp&#8221; alt=&#8221;rto for coal mine gas &#8211; rto technology evolution roadmap&#8221; title_text=&#8221;rto for coal mine gas &#8211; rto technology evolution roadmap&#8221; align=&#8221;center&#8221; _builder_version=&#8221;4.27.4&#8243; _module_preset=&#8221;default&#8221; width=&#8221;80%&#8221; global_colors_info=&#8221;{}&#8221;][\/et_pb_image][\/et_pb_column][\/et_pb_row][\/et_pb_section][et_pb_section fb_built=&#8221;1&#8243; _builder_version=&#8221;4.25.0&#8243; _module_preset=&#8221;default&#8221; global_colors_info=&#8221;{}&#8221;][et_pb_row _builder_version=&#8221;4.27.4&#8243; _module_preset=&#8221;default&#8221; max_width=&#8221;1280px&#8221; global_colors_info=&#8221;{}&#8221;][et_pb_column type=&#8221;4_4&#8243; _builder_version=&#8221;4.27.4&#8243; _module_preset=&#8221;default&#8221; global_colors_info=&#8221;{}&#8221;][et_pb_heading title=&#8221;Key Technologies&#8221; _builder_version=&#8221;4.27.4&#8243; _module_preset=&#8221;default&#8221; title_level=&#8221;h3&#8243; title_font=&#8221;Poppins||||||||&#8221; title_text_align=&#8221;left&#8221; title_text_color=&#8221;#000000&#8243; title_line_height=&#8221;1.2em&#8221; global_colors_info=&#8221;{}&#8221;][\/et_pb_heading][\/et_pb_column][\/et_pb_row][et_pb_row column_structure=&#8221;2_3,1_3&#8243; _builder_version=&#8221;4.27.4&#8243; _module_preset=&#8221;default&#8221; max_width=&#8221;1280px&#8221; global_colors_info=&#8221;{}&#8221;][et_pb_column type=&#8221;2_3&#8243; _builder_version=&#8221;4.27.4&#8243; _module_preset=&#8221;default&#8221; global_colors_info=&#8221;{}&#8221;][et_pb_text _builder_version=&#8221;4.27.4&#8243; _module_preset=&#8221;7ec333d8-dcd4-43fd-8089-50fbea269557&#8243; text_font=&#8221;Poppins|300|||||||&#8221; text_font_size=&#8221;18px&#8221; text_line_height=&#8221;1.8em&#8221; locked=&#8221;off&#8221; global_colors_info=&#8221;{}&#8221;]<\/p>\n<ul>\n<li>Ausgestattet mit einer Sp\u00fclfunktion, erh\u00f6hen sich die Vorteile der Kohlenstoffbindung um 4%.<\/li>\n<li>Lebensdauer des Schaltventils: 30.000 Stunden.<\/li>\n<li>Hochtemperatur-Luftansaugrate von 30%, W\u00e4rmer\u00fcckgewinnungseffizienz von 97% und 4% h\u00f6here W\u00e4rmeleistung.<\/li>\n<\/ul>\n<p>[\/et_pb_text][\/et_pb_column][et_pb_column type=&#8221;1_3&#8243; _builder_version=&#8221;4.27.4&#8243; _module_preset=&#8221;default&#8221; global_colors_info=&#8221;{}&#8221;][et_pb_image src=&#8221;https:\/\/regenerative-thermal-oxidation.com\/wp-content\/uploads\/2025\/09\/rto-for-coal-mine-gas-key-technology.webp&#8221; alt=&#8221;rto for coal mine gas &#8211; key technology&#8221; title_text=&#8221;rto for coal mine gas &#8211; key technology&#8221; align=&#8221;center&#8221; _builder_version=&#8221;4.27.4&#8243; _module_preset=&#8221;default&#8221; global_colors_info=&#8221;{}&#8221;][\/et_pb_image][\/et_pb_column][\/et_pb_row][et_pb_row _builder_version=&#8221;4.27.4&#8243; _module_preset=&#8221;default&#8221; max_width=&#8221;1280px&#8221; global_colors_info=&#8221;{}&#8221;][et_pb_column type=&#8221;4_4&#8243; _builder_version=&#8221;4.27.4&#8243; _module_preset=&#8221;default&#8221; global_colors_info=&#8221;{}&#8221;][et_pb_heading title=&#8221;Security Intelligent Control System&#8221; _builder_version=&#8221;4.27.4&#8243; _module_preset=&#8221;default&#8221; title_level=&#8221;h3&#8243; title_font=&#8221;Poppins||||||||&#8221; title_text_align=&#8221;left&#8221; title_text_color=&#8221;#000000&#8243; title_line_height=&#8221;1.2em&#8221; global_colors_info=&#8221;{}&#8221;][\/et_pb_heading][\/et_pb_column][\/et_pb_row][et_pb_row column_structure=&#8221;1_2,1_2&#8243; _builder_version=&#8221;4.27.4&#8243; _module_preset=&#8221;default&#8221; max_width=&#8221;1280px&#8221; global_colors_info=&#8221;{}&#8221;][et_pb_column type=&#8221;1_2&#8243; _builder_version=&#8221;4.27.4&#8243; _module_preset=&#8221;default&#8221; global_colors_info=&#8221;{}&#8221;][et_pb_text _builder_version=&#8221;4.27.4&#8243; _module_preset=&#8221;7ec333d8-dcd4-43fd-8089-50fbea269557&#8243; text_font=&#8221;Poppins|300|||||||&#8221; text_font_size=&#8221;18px&#8221; text_line_height=&#8221;1.8em&#8221; locked=&#8221;off&#8221; global_colors_info=&#8221;{}&#8221;]<\/p>\n<ul>\n<li>HAZOP-Analyse des gesamten Systems<\/li>\n<li>Hochpr\u00e4ziser, eigensicherer Mischer<\/li>\n<li>Staub-, Wasser- und Frostschutz f\u00fcr Sensoren und Instrumente<\/li>\n<li>Schmelzender \u201eKonzentrationsbegrenzer\u201c<\/li>\n<li>\u201eKindersicherung\u201c-Software-Suite zur Verhinderung von Missbrauch\/Fehlbedienung<\/li>\n<li>Software-Suite zur Verwaltung von \u201eWarnungen zur obligatorischen Wartung\u201c<\/li>\n<\/ul>\n<p>[\/et_pb_text][et_pb_image src=&#8221;https:\/\/regenerative-thermal-oxidation.com\/wp-content\/uploads\/2025\/09\/rto-for-coal-mine-gas-Security-Intelligent-Control-System-2.webp&#8221; alt=&#8221;rto for coal mine gas &#8211; Security Intelligent Control System-2&#8243; title_text=&#8221;rto for coal mine gas &#8211; Security Intelligent Control System-2&#8243; align=&#8221;center&#8221; _builder_version=&#8221;4.27.4&#8243; _module_preset=&#8221;default&#8221; global_colors_info=&#8221;{}&#8221;][\/et_pb_image][\/et_pb_column][et_pb_column type=&#8221;1_2&#8243; _builder_version=&#8221;4.27.4&#8243; _module_preset=&#8221;default&#8221; global_colors_info=&#8221;{}&#8221;][et_pb_image src=&#8221;https:\/\/regenerative-thermal-oxidation.com\/wp-content\/uploads\/2025\/09\/rto-for-coal-mine-gas-Security-Intelligent-Control-System.webp&#8221; alt=&#8221;rto for coal mine gas &#8211; Security Intelligent Control System&#8221; title_text=&#8221;rto for coal mine gas &#8211; Security Intelligent Control System&#8221; align=&#8221;center&#8221; _builder_version=&#8221;4.27.4&#8243; _module_preset=&#8221;default&#8221; global_colors_info=&#8221;{}&#8221;][\/et_pb_image][\/et_pb_column][\/et_pb_row][\/et_pb_section][et_pb_section fb_built=&#8221;1&#8243; _builder_version=&#8221;4.25.0&#8243; _module_preset=&#8221;default&#8221; global_colors_info=&#8221;{}&#8221;][et_pb_row _builder_version=&#8221;4.27.4&#8243; _module_preset=&#8221;default&#8221; max_width=&#8221;1280px&#8221; global_colors_info=&#8221;{}&#8221;][et_pb_column type=&#8221;4_4&#8243; _builder_version=&#8221;4.27.4&#8243; _module_preset=&#8221;default&#8221; global_colors_info=&#8221;{}&#8221;][et_pb_heading title=&#8221;C-box Human-Machine Interface (HMI) Overview Diagram&#8221; _builder_version=&#8221;4.27.4&#8243; _module_preset=&#8221;default&#8221; title_level=&#8221;h5&#8243; title_font=&#8221;Poppins||||||||&#8221; title_text_align=&#8221;center&#8221; title_text_color=&#8221;#000000&#8243; title_font_size=&#8221;20px&#8221; global_colors_info=&#8221;{}&#8221;][\/et_pb_heading][et_pb_image src=&#8221;https:\/\/regenerative-thermal-oxidation.com\/wp-content\/uploads\/2025\/09\/rto-for-coal-mine-gas-c-box-1.webp&#8221; alt=&#8221;rto for coal mine gas &#8211; c-box -1&#8243; title_text=&#8221;rto for coal mine gas &#8211; c-box -1&#8243; align=&#8221;center&#8221; _builder_version=&#8221;4.27.4&#8243; _module_preset=&#8221;default&#8221; width=&#8221;70%&#8221; global_colors_info=&#8221;{}&#8221;][\/et_pb_image][et_pb_heading title=&#8221;C-box Full Product Series Parameter Table&#8221; _builder_version=&#8221;4.27.4&#8243; _module_preset=&#8221;default&#8221; title_level=&#8221;h5&#8243; title_font=&#8221;Poppins||||||||&#8221; title_text_align=&#8221;center&#8221; title_text_color=&#8221;#000000&#8243; title_font_size=&#8221;20px&#8221; global_colors_info=&#8221;{}&#8221;][\/et_pb_heading][\/et_pb_column][\/et_pb_row][et_pb_row _builder_version=&#8221;4.27.4&#8243; _module_preset=&#8221;default&#8221; max_width=&#8221;1280px&#8221; global_colors_info=&#8221;{}&#8221;][et_pb_column type=&#8221;4_4&#8243; _builder_version=&#8221;4.27.4&#8243; _module_preset=&#8221;default&#8221; global_colors_info=&#8221;{}&#8221;][et_pb_image src=&#8221;https:\/\/regenerative-thermal-oxidation.com\/wp-content\/uploads\/2025\/09\/rto-for-coal-mine-gas-c-box-2.webp&#8221; alt=&#8221;rto for coal mine gas &#8211; c-box -2&#8243; title_text=&#8221;rto for coal mine gas &#8211; c-box -2&#8243; align=&#8221;center&#8221; _builder_version=&#8221;4.27.4&#8243; _module_preset=&#8221;default&#8221; width=&#8221;70%&#8221; global_colors_info=&#8221;{}&#8221;][\/et_pb_image][\/et_pb_column][\/et_pb_row][\/et_pb_section][et_pb_section fb_built=&#8221;1&#8243; _builder_version=&#8221;4.25.0&#8243; _module_preset=&#8221;default&#8221; global_colors_info=&#8221;{}&#8221;][et_pb_row _builder_version=&#8221;4.25.0&#8243; _module_preset=&#8221;default&#8221; global_colors_info=&#8221;{}&#8221;][et_pb_column type=&#8221;4_4&#8243; _builder_version=&#8221;4.25.0&#8243; _module_preset=&#8221;default&#8221; global_colors_info=&#8221;{}&#8221;][et_pb_button button_text=&#8221;Case&#8221; button_alignment=&#8221;center&#8221; _builder_version=&#8221;4.27.4&#8243; _module_preset=&#8221;71299bff-d8b2-49c7-9e83-5df7c56ef18d&#8221; button_icon=&#8221;&#x45;||divi||400&#8243; global_colors_info=&#8221;{}&#8221;][\/et_pb_button][\/et_pb_column][\/et_pb_row][\/et_pb_section]<\/p>","protected":false},"excerpt":{"rendered":"<p>The management plan for coal mine ventilation air methane employs a multi-stage process to ensure safety and environmental sustainability, effectively reducing methane emissions while maximizing energy recovery. RP Techniek BV offers a &#8220;Gas-fired Power Generation Island&#8221; that utilizes gas with a pure flow rate of 10 m\u00b3\/min and a concentration below 8% for combined heat [&hellip;]<\/p>","protected":false},"author":1,"featured_media":0,"parent":474,"menu_order":0,"comment_status":"closed","ping_status":"closed","template":"","meta":{"_et_pb_use_builder":"on","_et_pb_old_content":"","_et_gb_content_width":"","footnotes":""},"class_list":["post-1336","page","type-page","status-publish","hentry"],"_links":{"self":[{"href":"https:\/\/regenerative-thermal-oxidation.com\/de\/wp-json\/wp\/v2\/pages\/1336","targetHints":{"allow":["GET"]}}],"collection":[{"href":"https:\/\/regenerative-thermal-oxidation.com\/de\/wp-json\/wp\/v2\/pages"}],"about":[{"href":"https:\/\/regenerative-thermal-oxidation.com\/de\/wp-json\/wp\/v2\/types\/page"}],"author":[{"embeddable":true,"href":"https:\/\/regenerative-thermal-oxidation.com\/de\/wp-json\/wp\/v2\/users\/1"}],"replies":[{"embeddable":true,"href":"https:\/\/regenerative-thermal-oxidation.com\/de\/wp-json\/wp\/v2\/comments?post=1336"}],"version-history":[{"count":14,"href":"https:\/\/regenerative-thermal-oxidation.com\/de\/wp-json\/wp\/v2\/pages\/1336\/revisions"}],"predecessor-version":[{"id":1391,"href":"https:\/\/regenerative-thermal-oxidation.com\/de\/wp-json\/wp\/v2\/pages\/1336\/revisions\/1391"}],"up":[{"embeddable":true,"href":"https:\/\/regenerative-thermal-oxidation.com\/de\/wp-json\/wp\/v2\/pages\/474"}],"wp:attachment":[{"href":"https:\/\/regenerative-thermal-oxidation.com\/de\/wp-json\/wp\/v2\/media?parent=1336"}],"curies":[{"name":"wp","href":"https:\/\/api.w.org\/{rel}","templated":true}]}}