{"id":437,"date":"2025-08-25T07:46:02","date_gmt":"2025-08-25T07:46:02","guid":{"rendered":"https:\/\/regenerative-thermal-oxidation.com\/?post_type=product&#038;p=437"},"modified":"2026-03-18T09:52:50","modified_gmt":"2026-03-18T09:52:50","slug":"quadratisches-drehventil-rto","status":"publish","type":"product","link":"https:\/\/regenerative-thermal-oxidation.com\/de\/produkt\/quadratisches-drehventil-rto\/","title":{"rendered":"Quadratisches Drehventil RTO"},"content":{"rendered":"<p>Der rotierende regenerative thermische Oxidator (RTO) oxidiert brennbare Abgase bei hohen Temperaturen zu Oxiden und Wasser. Dadurch werden die Abgase effektiv gereinigt und die bei der Zersetzung freigesetzte W\u00e4rme zur\u00fcckgewonnen. Er erreicht einen Zersetzungsgrad von \u00fcber 99,51 % und einen W\u00e4rmer\u00fcckgewinnungsgrad von \u00fcber 971 %. Das System besteht aus einer Brennkammer, einem Keramik-F\u00fcllk\u00f6rper und einem Drehventil und ist in zw\u00f6lf Kammern unterteilt: f\u00fcnf Einlass-, f\u00fcnf Auslass-, eine Reinigungs- und eine Isolationskammer. Das motorbetriebene Abgasverteilungsventil rotiert kontinuierlich und gleichm\u00e4\u00dfig und erm\u00f6glicht so einen reibungslosen Abgasfluss zwischen den Kammern.<\/p>\n<p>Bei hohen Abluftkonzentrationen kann ein zus\u00e4tzlicher W\u00e4rmetauscher zur Umwandlung in Brennstoff konfiguriert werden. Die W\u00e4rmer\u00fcckgewinnung erfolgt wahlweise \u00fcber Hei\u00dfluft, Hei\u00dfwasser, Dampf oder \u00d6l. Dieses quadratische Drehventil (RTO) eignet sich f\u00fcr die VOC-Behandlung in verschiedenen Branchen und zeichnet sich durch seine kompakte Bauweise, seinen stabilen Betrieb und seine hohe Effizienz aus. Es kann Durchs\u00e4tze zwischen 5.000 m\u00b3\/h und 100.000 m\u00b3\/h verarbeiten und hat sich in Branchen wie Druck, Filmbeschichtung und Chemie bew\u00e4hrt und positives Kundenfeedback erhalten.<\/p>\n<p><img loading=\"lazy\" decoding=\"async\" class=\"aligncenter wp-image-200 size-full\" src=\"https:\/\/regenerative-thermal-oxidation.com\/wp-content\/uploads\/2025\/08\/Square-Rotary-Valve-RTO-1.webp\" alt=\"Quadratisches Drehventil RTO-1\" width=\"1200\" height=\"1200\" srcset=\"https:\/\/regenerative-thermal-oxidation.com\/wp-content\/uploads\/2025\/08\/Square-Rotary-Valve-RTO-1.webp 1200w, https:\/\/regenerative-thermal-oxidation.com\/wp-content\/uploads\/2025\/08\/Square-Rotary-Valve-RTO-1-980x980.webp 980w, https:\/\/regenerative-thermal-oxidation.com\/wp-content\/uploads\/2025\/08\/Square-Rotary-Valve-RTO-1-480x480.webp 480w\" sizes=\"(min-width: 0px) and (max-width: 480px) 480px, (min-width: 481px) and (max-width: 980px) 980px, (min-width: 981px) 1200px, 100vw\" \/><\/p>\n<h2><strong>Quadratisches Drehventil (RTO) zu verkaufen<\/strong><\/h2>\n<ol>\n<li><strong>Zuverl\u00e4ssige Reinigung und Energieeffizienz<\/strong><br \/>\nDie quadratische Drehventil-RTO-Struktur gew\u00e4hrleistet eine gleichbleibende und zuverl\u00e4ssige Reinigungsleistung bei gleichzeitig hoher Energieeffizienz. Ihr innovatives Design minimiert den Energieverbrauch durch optimierte W\u00e4rmer\u00fcckgewinnung und -verteilung. Das System zeichnet sich durch stabile Betriebseffizienz unter verschiedenen Lastbedingungen und Prozessanforderungen aus. Diese Kombination aus zuverl\u00e4ssiger Zerst\u00f6rungsleistung und Energieeinsparung macht es zu einer \u00f6kologisch und \u00f6konomisch vorteilhaften L\u00f6sung.<\/li>\n<li><strong>Gleichm\u00e4\u00dfige Temperaturverteilung<\/strong><br \/>\nMehrere regenerative Kammern, die in Feldanordnung angeordnet sind, erzielen eine au\u00dfergew\u00f6hnliche Temperaturhomogenit\u00e4t im gesamten System. Diese Konfiguration f\u00f6rdert einen ausgeglichenen W\u00e4rmeaustausch und eine gleichbleibende thermische Leistung in allen Betriebsphasen. Die geordnete Kammeranordnung verhindert lokale \u00dcberhitzung und gew\u00e4hrleistet eine umfassende W\u00e4rmeverteilung. Dieses gleichm\u00e4\u00dfige Temperaturmanagement verbessert die Gesamteffizienz des Systems und die Zuverl\u00e4ssigkeit der Behandlung.<\/li>\n<li><strong>Vollst\u00e4ndige Abdeckung der W\u00e4rme\u00fcbertragung<\/strong><br \/>\nDie quadratische Kammerkonstruktion mit eng beieinander liegenden Keramikelementen erm\u00f6glicht eine umfassende W\u00e4rmespeicherung und -abgabe ohne Totr\u00e4ume. Die kompakte Anordnung der Keramikpackung maximiert die Oberfl\u00e4che f\u00fcr einen effizienten W\u00e4rmeaustausch. Dadurch wird sichergestellt, dass jeder Abschnitt optimal am W\u00e4rmetransferprozess teilnimmt und ineffektive Zonen vermieden werden. Das Ergebnis ist ein maximaler thermischer Wirkungsgrad und eine gleichbleibende Leistung im gesamten System.<\/li>\n<li><strong>Zug\u00e4nglichkeit des externen Ventils<\/strong><br \/>\nDas System verf\u00fcgt \u00fcber ein au\u00dfenliegendes Drehventil und bietet dadurch au\u00dfergew\u00f6hnlichen Komfort bei Installation und Wartung. Diese strategische Positionierung erm\u00f6glicht einen einfachen Zugang f\u00fcr routinem\u00e4\u00dfige Inspektions- und Servicearbeiten ohne Unterbrechung des internen Systems. Die Konstruktion vereinfacht den Komponentenaustausch und reduziert Ausfallzeiten bei Wartungsarbeiten. Diese Zug\u00e4nglichkeit verbessert die Wartungsfreundlichkeit und Betriebskontinuit\u00e4t des Gesamtsystems erheblich.<\/li>\n<li><strong>Reduzierter Bedarf an betrieblichen Ressourcen<\/strong><br \/>\nDas System zeichnet sich durch geringen Platzbedarf bei minimalen W\u00e4rmeverlusten aus. Sein effizientes Design reduziert den Stromverbrauch im autarken Betrieb. Kompakte Abmessungen erm\u00f6glichen Platzeinsparungen ohne Einbu\u00dfen bei Behandlungskapazit\u00e4t oder Leistung. Diese Eigenschaften f\u00fchren zu niedrigeren Betriebskosten und verbesserten Nachhaltigkeitskennzahlen.<\/li>\n<li><strong>Individuelle Konfigurationsflexibilit\u00e4t<\/strong><br \/>\nDie Abmessungen der Anlagen lassen sich an die jeweiligen Standortbedingungen und r\u00e4umlichen Gegebenheiten anpassen. Diese Flexibilit\u00e4t erm\u00f6glicht die optimale Integration in bestehende Anlagen und verschiedene Industrieanlagenlayouts. Die flexible Gestaltung gew\u00e4hrleistet eine effiziente Raumnutzung und erf\u00fcllt gleichzeitig alle betrieblichen Anforderungen. Dank der individuellen Anpassungsm\u00f6glichkeiten bieten wir L\u00f6sungen, die exakt auf die jeweiligen Projektspezifikationen und -beschr\u00e4nkungen abgestimmt sind.<\/li>\n<\/ol>\n<p><img loading=\"lazy\" decoding=\"async\" class=\"aligncenter wp-image-439 size-full\" src=\"https:\/\/regenerative-thermal-oxidation.com\/wp-content\/uploads\/2025\/08\/Square-Rotary-Valve-RTO-3.webp\" alt=\"Quadratisches Drehventil RTO-3\" width=\"761\" height=\"532\" srcset=\"https:\/\/regenerative-thermal-oxidation.com\/wp-content\/uploads\/2025\/08\/Square-Rotary-Valve-RTO-3.webp 761w, https:\/\/regenerative-thermal-oxidation.com\/wp-content\/uploads\/2025\/08\/Square-Rotary-Valve-RTO-3-480x336.webp 480w\" sizes=\"(min-width: 0px) and (max-width: 480px) 480px, (min-width: 481px) 761px, 100vw\" \/><\/p>\n<h2><strong>Wie funktioniert ein regenerativer thermischer Oxidator?<\/strong><\/h2>\n<p class=\"ds-markdown-paragraph\">Regenerative thermische Oxidationsanlagen eliminieren fl\u00fcchtige organische Verbindungen (VOCs) aus Abgasstr\u00f6men durch Hochtemperaturoxidation \u2013 sie spalten diese effizient bei Betriebstemperaturen von ca. 800 \u00b0C in Kohlendioxid und Wasserdampf auf. Ein wesentliches Merkmal dieses Systems ist der Einsatz eines einzigen, kontinuierlich rotierenden Verteilerventils, das die herk\u00f6mmliche Anordnung von Tellerventilen ersetzt. Diese innovative Ventilkonfiguration unterteilt ein zylindrisches W\u00e4rmespeicherbett horizontal in mehrere unabh\u00e4ngige Sektoren und optimiert so die Gasstromsteuerung.<\/p>\n<p class=\"ds-markdown-paragraph\">W\u00e4hrend sich dieses Ventil allm\u00e4hlich dreht, erf\u00fcllt jeder Sektor zyklisch unterschiedliche Funktionen: Vorw\u00e4rmen des einstr\u00f6menden verschmutzten Gases, R\u00fcckgewinnung und Speicherung von W\u00e4rmeenergie aus dem gereinigten Abgas sowie Sp\u00fclung. Diese gleichm\u00e4\u00dfige, ununterbrochene Rotation gew\u00e4hrleistet nahtlose \u00dcberg\u00e4nge zwischen den Betriebsphasen und reduziert so die in herk\u00f6mmlichen Ventilschaltsystemen h\u00e4ufig auftretenden Druckschwankungen deutlich.<\/p>\n<p class=\"ds-markdown-paragraph\">Der Prozess beginnt mit dem Eintritt des verunreinigten Gases durch das Drehventil. Das Gas durchstr\u00f6mt vorgeheizte Keramiksegmente und erw\u00e4rmt sich, bevor es in die Brennkammer gelangt. Dort werden Erdgas und Verbrennungsluft zugef\u00fchrt, um die f\u00fcr die vollst\u00e4ndige Oxidation notwendige hohe Temperatur aufrechtzuerhalten. Nach der Aufbereitung durchstr\u00f6mt das gereinigte Gas k\u00fchlere Keramikzonen, gibt W\u00e4rme an das Medium ab und erm\u00f6glicht so eine hocheffiziente W\u00e4rmer\u00fcckgewinnung. Ein kleiner Strom gereinigten Gases wird zudem abgeleitet, um Restverunreinigungen zu entfernen und das Austreten von unbehandeltem Gas zu verhindern. Spezielle Dichtungsmechanismen gew\u00e4hrleisten die Gasdichtheit zwischen benachbarten Prozessstr\u00f6men. Insgesamt steigert diese kontinuierliche Drehrohrkonstruktion nicht nur die Betriebssicherheit und die thermische Leistung, sondern reduziert im Vergleich zu \u00e4lteren Systemarchitekturen auch den Wartungsaufwand.<\/p>\n<p><img loading=\"lazy\" decoding=\"async\" class=\"aligncenter wp-image-225 size-full\" src=\"https:\/\/regenerative-thermal-oxidation.com\/wp-content\/uploads\/2025\/08\/regenerative-thermal-oxidiser-working-principle.webp\" alt=\"Regenerative thermische Oxidation \u2013 Funktionsprinzip\" width=\"1010\" height=\"678\" srcset=\"https:\/\/regenerative-thermal-oxidation.com\/wp-content\/uploads\/2025\/08\/regenerative-thermal-oxidiser-working-principle.webp 1010w, https:\/\/regenerative-thermal-oxidation.com\/wp-content\/uploads\/2025\/08\/regenerative-thermal-oxidiser-working-principle-980x658.webp 980w, https:\/\/regenerative-thermal-oxidation.com\/wp-content\/uploads\/2025\/08\/regenerative-thermal-oxidiser-working-principle-480x322.webp 480w\" sizes=\"(min-width: 0px) and (max-width: 480px) 480px, (min-width: 481px) and (max-width: 980px) 980px, (min-width: 981px) 1010px, 100vw\" \/><\/p>\n<h2><strong>Ihr zuverl\u00e4ssiger Hersteller von regenerativen thermischen Oxidationsanlagen \u2013 Ever-power industry Niederlande<\/strong><\/h2>\n<p>Ever-power industry Netherlands is a specialist in procurement. In today\u2019s market it is strategically important to have a network of first class suppliers. Ever-power industry Netherlands offers you this network, including many advantages when purchasing manufactured and outsourced parts. Ever-power industry Netherlands, as the sales agent for the Ever-Power group in the Netherlands, can help you realise lower cost prices. Ever-Power is dedicated to providing comprehensive solutions for volatile organic compounds (VOC) treatment, with a strong focus on the development of carbon reduction and energy-saving technologies. Our company operates a specialized R&#038;D center and a modern production facility capable of manufacturing a significant number of regenerative thermal oxidizers annually.<\/p>\n<p>Wir haben ein umfangreiches Portfolio an geistigem Eigentum aufgebaut und zahlreiche Patente f\u00fcr Kerntechnologien im Bereich der Technologieentwicklung angemeldet, darunter mehrere Erfindungspatente. Unsere patentierten Innovationen decken die meisten Schl\u00fcsselkomponenten des Systems ab und unterstreichen unser Engagement f\u00fcr Technologief\u00fchrerschaft und Produktqualit\u00e4t. Diese geistigen Leistungen werden durch erteilte Erfindungspatente, Gebrauchsmusterpatente, Geschmacksmusterpatente und Software-Urheberrechte gesch\u00fctzt. Alle unsere Produkte werden im eigenen Haus gefertigt, wobei in jeder Produktionsphase strenge Qualit\u00e4tskontrollen durchgef\u00fchrt werden. Durch die Integration fortschrittlicher SAP-Software und einer Echtzeit-Dashboard-Anwendung zur Fortschrittsanzeige in unseren gesamten Gesch\u00e4ftsprozess gew\u00e4hrleisten wir sowohl hohe Produktqualit\u00e4t als auch eine effiziente Auftragsabwicklung.<\/p>\n<p>Ever-Power serves as a regenerative thermal oxidizer supplier, integrating R&#038;D, design, manufacturing, engineering, and after-sales support into a seamless service. In addition to our RTO systems, we also produce a considerable quantity of zeolite rotor concentrators each year, further supporting our customers&#8217; emission control needs. Our operations are certified under the ISO9001 quality management system, featuring standardized production processes and batch manufacturing of core components. With a professional team handling engineering delivery, commissioning, and after-sales service, we offer end-to-end reliability and customer satisfaction. Ever-power industry Netherlands launches products and services have been widely recognized by the market. Ever-power industry Netherlands has many years of experience in this field and works closely with strong partners in Asia and Eastern Europe. Through strategic sourcing, Ever-power industry Netherlands is able to achieve considerable purchasing benefits while maintaining the required quality!<\/p>\n<p><img loading=\"lazy\" decoding=\"async\" class=\"aligncenter wp-image-142 size-full\" src=\"https:\/\/regenerative-thermal-oxidation.com\/wp-content\/uploads\/2025\/08\/ep-company.webp\" alt=\"ep-Unternehmen\" width=\"1260\" height=\"732\" srcset=\"https:\/\/regenerative-thermal-oxidation.com\/wp-content\/uploads\/2025\/08\/ep-company.webp 1260w, https:\/\/regenerative-thermal-oxidation.com\/wp-content\/uploads\/2025\/08\/ep-company-980x569.webp 980w, https:\/\/regenerative-thermal-oxidation.com\/wp-content\/uploads\/2025\/08\/ep-company-480x279.webp 480w\" sizes=\"(min-width: 0px) and (max-width: 480px) 480px, (min-width: 481px) and (max-width: 980px) 980px, (min-width: 981px) 1260px, 100vw\" \/><\/p>","protected":false},"excerpt":{"rendered":"<p>Der rotierende regenerative thermische Oxidator (RTO) oxidiert brennbare Abgase bei hohen Temperaturen zu Oxiden und Wasser. Dadurch werden die Abgase effektiv gereinigt und die bei der Zersetzung freigesetzte W\u00e4rme zur\u00fcckgewonnen. Er erreicht einen Zersetzungsgrad von \u00fcber 99,51 % und einen W\u00e4rmer\u00fcckgewinnungsgrad von \u00fcber 971 %. Das System besteht aus einer Brennkammer, einem Keramik-F\u00fcllk\u00f6rper und einem Drehventil und ist in zw\u00f6lf Kammern unterteilt: f\u00fcnf Einlass-, f\u00fcnf Auslass-, eine Reinigungs- und eine Isolationskammer. Das motorbetriebene Abgasverteilungsventil rotiert kontinuierlich und gleichm\u00e4\u00dfig und erm\u00f6glicht so einen reibungslosen Abgasfluss zwischen den Kammern.<\/p>","protected":false},"featured_media":200,"comment_status":"open","ping_status":"closed","template":"","meta":{"_et_pb_use_builder":"","_et_pb_old_content":"","_et_gb_content_width":""},"product_brand":[],"product_cat":[19],"product_tag":[],"class_list":{"0":"post-437","1":"product","2":"type-product","3":"status-publish","4":"has-post-thumbnail","6":"product_cat-regenerative-thermal-oxidizer","8":"first","9":"instock","10":"shipping-taxable","11":"product-type-simple"},"_links":{"self":[{"href":"https:\/\/regenerative-thermal-oxidation.com\/de\/wp-json\/wp\/v2\/product\/437","targetHints":{"allow":["GET"]}}],"collection":[{"href":"https:\/\/regenerative-thermal-oxidation.com\/de\/wp-json\/wp\/v2\/product"}],"about":[{"href":"https:\/\/regenerative-thermal-oxidation.com\/de\/wp-json\/wp\/v2\/types\/product"}],"replies":[{"embeddable":true,"href":"https:\/\/regenerative-thermal-oxidation.com\/de\/wp-json\/wp\/v2\/comments?post=437"}],"wp:featuredmedia":[{"embeddable":true,"href":"https:\/\/regenerative-thermal-oxidation.com\/de\/wp-json\/wp\/v2\/media\/200"}],"wp:attachment":[{"href":"https:\/\/regenerative-thermal-oxidation.com\/de\/wp-json\/wp\/v2\/media?parent=437"}],"wp:term":[{"taxonomy":"product_brand","embeddable":true,"href":"https:\/\/regenerative-thermal-oxidation.com\/de\/wp-json\/wp\/v2\/product_brand?post=437"},{"taxonomy":"product_cat","embeddable":true,"href":"https:\/\/regenerative-thermal-oxidation.com\/de\/wp-json\/wp\/v2\/product_cat?post=437"},{"taxonomy":"product_tag","embeddable":true,"href":"https:\/\/regenerative-thermal-oxidation.com\/de\/wp-json\/wp\/v2\/product_tag?post=437"}],"curies":[{"name":"wp","href":"https:\/\/api.w.org\/{rel}","templated":true}]}}