{"id":1284,"date":"2025-09-04T05:26:08","date_gmt":"2025-09-04T05:26:08","guid":{"rendered":"https:\/\/regenerative-thermal-oxidation.com\/?page_id=1284"},"modified":"2025-09-04T07:40:40","modified_gmt":"2025-09-04T07:40:40","slug":"losungen-zur-behandlung-industrieller-brennofen","status":"publish","type":"page","link":"https:\/\/regenerative-thermal-oxidation.com\/de_at\/behandlungslosung\/losungen-zur-behandlung-industrieller-brennofen\/","title":{"rendered":"L\u00f6sungen zur Behandlung industrieller \u00d6fen"},"content":{"rendered":"<p>[et_pb_section fb_built=&#8221;1&#8243; _builder_version=&#8221;4.25.0&#8243; _module_preset=&#8221;default&#8221; global_colors_info=&#8221;{}&#8221;][et_pb_row column_structure=&#8221;1_2,1_2&#8243; _builder_version=&#8221;4.25.0&#8243; _module_preset=&#8221;default&#8221; max_width=&#8221;1280px&#8221; global_colors_info=&#8221;{}&#8221;][et_pb_column type=&#8221;1_2&#8243; _builder_version=&#8221;4.25.0&#8243; _module_preset=&#8221;default&#8221; custom_padding=&#8221;60px||||false|false&#8221; custom_padding_tablet=&#8221;0px||||false|false&#8221; custom_padding_phone=&#8221;0px||||false|false&#8221; custom_padding_last_edited=&#8221;on|tablet&#8221; global_colors_info=&#8221;{}&#8221;][et_pb_heading title=&#8221;Industrial Kiln Treatment Solutions&#8221; _builder_version=&#8221;4.27.4&#8243; _module_preset=&#8221;default&#8221; title_font=&#8221;Poppins||||||||&#8221; title_text_color=&#8221;#000000&#8243; title_font_size=&#8221;72px&#8221; title_letter_spacing=&#8221;-0.05em&#8221; custom_margin=&#8221;-59px|||||&#8221; global_colors_info=&#8221;{}&#8221;][\/et_pb_heading][et_pb_text _builder_version=&#8221;4.27.4&#8243; _module_preset=&#8221;ac35aa0b-5a2e-486a-a595-14d48c4d8f3b&#8221; text_font=&#8221;Poppins|300|||||||&#8221; hover_enabled=&#8221;0&#8243; global_colors_info=&#8221;{}&#8221; sticky_enabled=&#8221;0&#8243;]<\/p>\n<p>Emissionen aus Industrie\u00f6fen stellen aufgrund ihres charakteristisch niedrigen Sauerstoffgehalts, der die Verbrennungseffizienz beeintr\u00e4chtigt, und der hohen Konzentrationen an Kohlenmonoxid (CO) \u2013 einem giftigen Schadstoff, der streng kontrolliert werden muss \u2013 besondere Herausforderungen an die Abgasreinigung dar. Eine effektive Abgasreinigung ist unerl\u00e4sslich, um Umweltstandards zu erf\u00fcllen und die \u00f6ffentliche Gesundheit zu sch\u00fctzen. RP Techniek BV bietet robuste, ma\u00dfgeschneiderte L\u00f6sungen zur effizienten Behandlung dieser schwer zu handhabenden Gase und gew\u00e4hrleistet so die Einhaltung von Vorschriften und die Betriebssicherheit.<\/p>\n<p>[\/et_pb_text][et_pb_button button_url=&#8221;https:\/\/regenerative-thermal-oxidation.com\/contact-us\/&#8221; button_text=&#8221;Contact Us&#8221; _builder_version=&#8221;4.27.4&#8243; _module_preset=&#8221;ff3c135b-8227-4e2c-9020-1c11d79cecd6&#8243; global_colors_info=&#8221;{}&#8221;][\/et_pb_button][\/et_pb_column][et_pb_column type=&#8221;1_2&#8243; _builder_version=&#8221;4.25.0&#8243; _module_preset=&#8221;default&#8221; global_colors_info=&#8221;{}&#8221;][et_pb_image src=&#8221;https:\/\/regenerative-thermal-oxidation.com\/wp-content\/uploads\/2025\/08\/regenerative-thermal-oxidiser-application-Industrial-kilns.webp&#8221; alt=&#8221;regenerative thermal oxidiser-application-Industrial kilns&#8221; title_text=&#8221;regenerative thermal oxidiser-application-Industrial kilns&#8221; align=&#8221;center&#8221; _builder_version=&#8221;4.27.4&#8243; _module_preset=&#8221;default&#8221; border_radii=&#8221;on|6px|6px|6px|6px&#8221; box_shadow_style=&#8221;preset1&#8243; global_colors_info=&#8221;{}&#8221;][\/et_pb_image][\/et_pb_column][\/et_pb_row][\/et_pb_section][et_pb_section fb_built=&#8221;1&#8243; _builder_version=&#8221;4.25.0&#8243; _module_preset=&#8221;default&#8221; global_colors_info=&#8221;{}&#8221;][et_pb_row _builder_version=&#8221;4.25.0&#8243; _module_preset=&#8221;default&#8221; max_width=&#8221;1280px&#8221; global_colors_info=&#8221;{}&#8221;][et_pb_column type=&#8221;4_4&#8243; _builder_version=&#8221;4.25.0&#8243; _module_preset=&#8221;default&#8221; global_colors_info=&#8221;{}&#8221;][et_pb_text _builder_version=&#8221;4.27.4&#8243; _module_preset=&#8221;38f50334-bf28-4757-ae48-c018c9c8983d&#8221; text_font=&#8221;Poppins|300|||||||&#8221; text_font_size=&#8221;18px&#8221; text_line_height=&#8221;1.8em&#8221; locked=&#8221;off&#8221; global_colors_info=&#8221;{}&#8221;]<\/p>\n<ul>\n<li>Abgascharakteristika: Niedriger Sauerstoffgehalt, hohe Kohlenmonoxidkonzentration.<\/li>\n<li>Abgasbestandteile: Kohlenmonoxid.<\/li>\n<li>Prozessl\u00f6sung: Luftverteilungssystem + Drehrohrofen + Abw\u00e4rmenutzung (Dampf, Hei\u00dfwasser, Thermo\u00f6l)<\/li>\n<\/ul>\n<p>[\/et_pb_text][\/et_pb_column][\/et_pb_row][et_pb_row column_structure=&#8221;1_2,1_2&#8243; _builder_version=&#8221;4.25.0&#8243; _module_preset=&#8221;default&#8221; max_width=&#8221;1280px&#8221; global_colors_info=&#8221;{}&#8221;][et_pb_column type=&#8221;1_2&#8243; _builder_version=&#8221;4.25.0&#8243; _module_preset=&#8221;default&#8221; global_colors_info=&#8221;{}&#8221;][et_pb_image src=&#8221;https:\/\/regenerative-thermal-oxidation.com\/wp-content\/uploads\/2025\/09\/rto-for-industrial-kiln-1.webp&#8221; alt=&#8221;rto for industrial kiln-1&#8243; title_text=&#8221;rto for industrial kiln-1&#8243; align=&#8221;center&#8221; _builder_version=&#8221;4.27.4&#8243; _module_preset=&#8221;default&#8221; custom_margin=&#8221;||52px|||&#8221; global_colors_info=&#8221;{}&#8221;][\/et_pb_image][et_pb_heading title=&#8221;Steel plant exhaust gas treatment&#8221; _builder_version=&#8221;4.27.4&#8243; _module_preset=&#8221;a3a8b03b-7432-4cf8-8eaf-99fc2659aa8d&#8221; title_font=&#8221;Poppins||||||||&#8221; title_text_align=&#8221;center&#8221; title_text_color=&#8221;#000000&#8243; title_font_size=&#8221;20px&#8221; custom_margin=&#8221;||0px||false|false&#8221; global_colors_info=&#8221;{}&#8221;][\/et_pb_heading][\/et_pb_column][et_pb_column type=&#8221;1_2&#8243; _builder_version=&#8221;4.25.0&#8243; _module_preset=&#8221;default&#8221; global_colors_info=&#8221;{}&#8221;][et_pb_image src=&#8221;https:\/\/regenerative-thermal-oxidation.com\/wp-content\/uploads\/2025\/09\/rto-for-industrial-kiln-2.webp&#8221; alt=&#8221;rto for industrial kiln-2&#8243; title_text=&#8221;rto for industrial kiln-2&#8243; align=&#8221;center&#8221; _builder_version=&#8221;4.27.4&#8243; _module_preset=&#8221;default&#8221; global_colors_info=&#8221;{}&#8221;][\/et_pb_image][et_pb_heading title=&#8221;Lime kiln exhaust gas treatment&#8221; _builder_version=&#8221;4.27.4&#8243; _module_preset=&#8221;a3a8b03b-7432-4cf8-8eaf-99fc2659aa8d&#8221; title_font=&#8221;Poppins||||||||&#8221; title_text_align=&#8221;center&#8221; title_text_color=&#8221;#000000&#8243; title_font_size=&#8221;20px&#8221; custom_margin=&#8221;||0px||false|false&#8221; global_colors_info=&#8221;{}&#8221;][\/et_pb_heading][\/et_pb_column][\/et_pb_row][\/et_pb_section][et_pb_section fb_built=&#8221;1&#8243; _builder_version=&#8221;4.25.0&#8243; _module_preset=&#8221;default&#8221; global_colors_info=&#8221;{}&#8221;][et_pb_row _builder_version=&#8221;4.25.0&#8243; _module_preset=&#8221;default&#8221; max_width=&#8221;1280px&#8221; global_colors_info=&#8221;{}&#8221;][et_pb_column type=&#8221;4_4&#8243; _builder_version=&#8221;4.25.0&#8243; _module_preset=&#8221;default&#8221; global_colors_info=&#8221;{}&#8221;][et_pb_heading title=&#8221;Process Scheme&#8221; _builder_version=&#8221;4.27.4&#8243; _module_preset=&#8221;default&#8221; title_font=&#8221;Poppins||||||||&#8221; title_text_color=&#8221;#000000&#8243; global_colors_info=&#8221;{}&#8221;][\/et_pb_heading][et_pb_text _builder_version=&#8221;4.27.4&#8243; _module_preset=&#8221;38f50334-bf28-4757-ae48-c018c9c8983d&#8221; text_font=&#8221;Poppins|300|||||||&#8221; text_font_size=&#8221;18px&#8221; text_line_height=&#8221;1.8em&#8221; locked=&#8221;off&#8221; global_colors_info=&#8221;{}&#8221;]<\/p>\n<p>Um diese Herausforderungen effektiv zu bew\u00e4ltigen, integriert das vorgeschlagene Abgasreinigungssystem die folgenden Kernkomponenten:<\/p>\n<p>[\/et_pb_text][et_pb_text _builder_version=&#8221;4.27.4&#8243; _module_preset=&#8221;38f50334-bf28-4757-ae48-c018c9c8983d&#8221; text_font=&#8221;Poppins|300|||||||&#8221; text_font_size=&#8221;18px&#8221; text_line_height=&#8221;1.8em&#8221; locked=&#8221;off&#8221; global_colors_info=&#8221;{}&#8221;]<\/p>\n<p>1. Luftverteilungssystem<br \/>\nDas Luftverteilungssystem ist f\u00fcr die Steigerung der Verbrennungseffizienz unerl\u00e4sslich, da es dem Abgasstrom zus\u00e4tzlichen Sauerstoff zuf\u00fchrt. Dies f\u00f6rdert die vollst\u00e4ndige Oxidation von CO zu dem weniger sch\u00e4dlichen Kohlendioxid (CO\u2082). Eine gleichm\u00e4\u00dfige Luftverteilung im gesamten Brennraum tr\u00e4gt dazu bei, die CO-Bildung zu minimieren und die Temperaturkonstanz zu verbessern, was zu einem stabileren und effizienteren Betrieb f\u00fchrt.<\/p>\n<p>[\/et_pb_text][et_pb_text _builder_version=&#8221;4.27.4&#8243; _module_preset=&#8221;38f50334-bf28-4757-ae48-c018c9c8983d&#8221; text_font=&#8221;Poppins|300|||||||&#8221; text_font_size=&#8221;18px&#8221; text_line_height=&#8221;1.8em&#8221; locked=&#8221;off&#8221; global_colors_info=&#8221;{}&#8221;]<\/p>\n<p>2. Regenerativer thermischer Oxidator (RTO)<br \/>\nDie RTO dient als zentrale Behandlungseinheit zur Entfernung fl\u00fcchtiger organischer Verbindungen (VOCs) und Kohlenmonoxid (CO). Sie arbeitet in einem Temperaturbereich von 750 \u00b0C bis 900 \u00b0C und erm\u00f6glicht die Oxidation von CO zu CO\u2082. Ein wesentliches Merkmal der RTO ist ihre F\u00e4higkeit, die W\u00e4rme des behandelten Gases zur\u00fcckzugewinnen und zur Vorw\u00e4rmung der einstr\u00f6menden Emissionen wiederzuverwenden, wodurch die Energieeffizienz deutlich verbessert wird.<\/p>\n<p>[\/et_pb_text][et_pb_text _builder_version=&#8221;4.27.4&#8243; _module_preset=&#8221;38f50334-bf28-4757-ae48-c018c9c8983d&#8221; text_font=&#8221;Poppins|300|||||||&#8221; text_font_size=&#8221;18px&#8221; text_line_height=&#8221;1.8em&#8221; locked=&#8221;off&#8221; global_colors_info=&#8221;{}&#8221;]<\/p>\n<p>3. Abw\u00e4rmenutzung<br \/>Um die Energieausnutzung zu verbessern und die Betriebskosten zu senken, verf\u00fcgt das System \u00fcber eine Abw\u00e4rmer\u00fcckgewinnungseinheit, die die Restw\u00e4rme des gereinigten Gases auff\u00e4ngt. Diese Energie wird im Wesentlichen in drei Formen wiederverwendet:<\/p>\n<ul>\n<li>Dampfr\u00fcckgewinnung: Erzeugt Dampf zur Verwendung in Heiz-, Trocknungs- oder Stromerzeugungsprozessen.<\/li>\n<li>Warmwasserr\u00fcckgewinnung: Erzeugt Warmwasser, das zum Beheizen von R\u00e4umen, Reinigen oder f\u00fcr andere thermische Zwecke geeignet ist.<\/li>\n<li>R\u00fcckgewinnung von W\u00e4rmetr\u00e4ger\u00f6l: W\u00e4rmetr\u00e4ger\u00f6l f\u00fcr industrielle Hochtemperaturanwendungen, die eine gleichm\u00e4\u00dfige W\u00e4rmezufuhr erfordern.<\/li>\n<\/ul>\n<p>[\/et_pb_text][et_pb_text _builder_version=&#8221;4.27.4&#8243; _module_preset=&#8221;38f50334-bf28-4757-ae48-c018c9c8983d&#8221; text_font=&#8221;Poppins|300|||||||&#8221; text_font_size=&#8221;18px&#8221; text_line_height=&#8221;1.8em&#8221; locked=&#8221;off&#8221; global_colors_info=&#8221;{}&#8221;]<\/p>\n<p>Durch die Integration dieser Elemente reduziert das Aufbereitungssystem effektiv die CO\u2082-Emissionen und steigert gleichzeitig die Energieeffizienz und senkt die Betriebskosten. Dieser integrierte Ansatz unterst\u00fctzt sowohl Umweltziele als auch die langfristige Nachhaltigkeit industrieller Aktivit\u00e4ten.<\/p>\n<p>[\/et_pb_text][\/et_pb_column][\/et_pb_row][et_pb_row column_structure=&#8221;1_2,1_2&#8243; _builder_version=&#8221;4.27.4&#8243; _module_preset=&#8221;default&#8221; max_width=&#8221;1280px&#8221; global_colors_info=&#8221;{}&#8221;][et_pb_column type=&#8221;1_2&#8243; _builder_version=&#8221;4.27.4&#8243; _module_preset=&#8221;default&#8221; global_colors_info=&#8221;{}&#8221;][et_pb_image src=&#8221;https:\/\/regenerative-thermal-oxidation.com\/wp-content\/uploads\/2025\/09\/rto-for-industrial-kiln-3.webp&#8221; alt=&#8221;rto for industrial kiln-3&#8243; title_text=&#8221;rto for industrial kiln-3&#8243; align=&#8221;center&#8221; _builder_version=&#8221;4.27.4&#8243; _module_preset=&#8221;default&#8221; global_colors_info=&#8221;{}&#8221;][\/et_pb_image][\/et_pb_column][et_pb_column type=&#8221;1_2&#8243; _builder_version=&#8221;4.27.4&#8243; _module_preset=&#8221;default&#8221; global_colors_info=&#8221;{}&#8221;][et_pb_image src=&#8221;https:\/\/regenerative-thermal-oxidation.com\/wp-content\/uploads\/2025\/09\/rto-for-industrial-kiln-4.webp&#8221; alt=&#8221;rto for industrial kiln-4&#8243; title_text=&#8221;rto for industrial kiln-4&#8243; align=&#8221;center&#8221; _builder_version=&#8221;4.27.4&#8243; _module_preset=&#8221;default&#8221; global_colors_info=&#8221;{}&#8221;][\/et_pb_image][\/et_pb_column][\/et_pb_row][\/et_pb_section][et_pb_section fb_built=&#8221;1&#8243; _builder_version=&#8221;4.25.0&#8243; _module_preset=&#8221;default&#8221; global_colors_info=&#8221;{}&#8221;][et_pb_row _builder_version=&#8221;4.25.0&#8243; _module_preset=&#8221;default&#8221; global_colors_info=&#8221;{}&#8221;][et_pb_column type=&#8221;4_4&#8243; _builder_version=&#8221;4.25.0&#8243; _module_preset=&#8221;default&#8221; global_colors_info=&#8221;{}&#8221;][et_pb_button button_text=&#8221;Case&#8221; button_alignment=&#8221;center&#8221; _builder_version=&#8221;4.27.4&#8243; _module_preset=&#8221;ff3c135b-8227-4e2c-9020-1c11d79cecd6&#8243; button_icon=&#8221;&#x45;||divi||400&#8243; global_colors_info=&#8221;{}&#8221;][\/et_pb_button][\/et_pb_column][\/et_pb_row][\/et_pb_section]<\/p>","protected":false},"excerpt":{"rendered":"<p>Emissions from industrial furnaces present distinct treatment challenges due to their characteristic low oxygen content, which hinders combustion efficiency, and high concentrations of carbon monoxide (CO)\u2014a toxic pollutant requiring strict control. Effective abatement is essential to meet environmental standards and protect public health. RP Techniek BV offers robust, customized solutions designed to efficiently treat such [&hellip;]<\/p>","protected":false},"author":1,"featured_media":0,"parent":474,"menu_order":0,"comment_status":"closed","ping_status":"closed","template":"","meta":{"_et_pb_use_builder":"on","_et_pb_old_content":"","_et_gb_content_width":"","footnotes":""},"class_list":["post-1284","page","type-page","status-publish","hentry"],"_links":{"self":[{"href":"https:\/\/regenerative-thermal-oxidation.com\/de_at\/wp-json\/wp\/v2\/pages\/1284","targetHints":{"allow":["GET"]}}],"collection":[{"href":"https:\/\/regenerative-thermal-oxidation.com\/de_at\/wp-json\/wp\/v2\/pages"}],"about":[{"href":"https:\/\/regenerative-thermal-oxidation.com\/de_at\/wp-json\/wp\/v2\/types\/page"}],"author":[{"embeddable":true,"href":"https:\/\/regenerative-thermal-oxidation.com\/de_at\/wp-json\/wp\/v2\/users\/1"}],"replies":[{"embeddable":true,"href":"https:\/\/regenerative-thermal-oxidation.com\/de_at\/wp-json\/wp\/v2\/comments?post=1284"}],"version-history":[{"count":16,"href":"https:\/\/regenerative-thermal-oxidation.com\/de_at\/wp-json\/wp\/v2\/pages\/1284\/revisions"}],"predecessor-version":[{"id":1353,"href":"https:\/\/regenerative-thermal-oxidation.com\/de_at\/wp-json\/wp\/v2\/pages\/1284\/revisions\/1353"}],"up":[{"embeddable":true,"href":"https:\/\/regenerative-thermal-oxidation.com\/de_at\/wp-json\/wp\/v2\/pages\/474"}],"wp:attachment":[{"href":"https:\/\/regenerative-thermal-oxidation.com\/de_at\/wp-json\/wp\/v2\/media?parent=1284"}],"curies":[{"name":"wp","href":"https:\/\/api.w.org\/{rel}","templated":true}]}}