{"id":346,"date":"2025-08-22T06:24:11","date_gmt":"2025-08-22T06:24:11","guid":{"rendered":"https:\/\/regenerative-thermal-oxidation.com\/?post_type=product&#038;p=346"},"modified":"2025-08-25T06:12:17","modified_gmt":"2025-08-25T06:12:17","slug":"klassisches-drehventil-rto","status":"publish","type":"product","link":"https:\/\/regenerative-thermal-oxidation.com\/de_at\/product\/klassisches-drehventil-rto\/","title":{"rendered":"Klassisches Drehventil RTO"},"content":{"rendered":"<p>Der Drehventil-RTO (Rotation Valve Regenerative Thermal Oxidator) reinigt Abgase durch Oxidation zu Oxiden und Wasser bei hohen Temperaturen. Dabei werden ein Zersetzungsgrad von \u00fcber 99,51 % (TP3T) und ein W\u00e4rmer\u00fcckgewinnungsgrad von \u00fcber 971 % (TP3T) erreicht. Er besteht aus einer Brennkammer, einem Keramik-F\u00fcllk\u00f6rper und einem Drehventil, das zur effizienten Gasverteilung in zw\u00f6lf Kammern unterteilt ist. Das motorbetriebene Ventil dreht sich kontinuierlich und steuert so den Abgasstrom. Bei hoher Abgaskonzentration kann ein Abw\u00e4rmekessel das Abgas in wertvolle Ressourcen wie Hei\u00dfluft, Hei\u00dfwasser, Dampf oder Thermo\u00f6l umwandeln.<\/p>\n<p><img loading=\"lazy\" decoding=\"async\" class=\"aligncenter wp-image-199 size-large\" src=\"https:\/\/regenerative-thermal-oxidation.com\/wp-content\/uploads\/2025\/08\/Classic-Rotary-Valve-RTO-3-1024x1024.webp\" alt=\"Klassisches Drehventil RTO-3\" width=\"1024\" height=\"1024\" srcset=\"https:\/\/regenerative-thermal-oxidation.com\/wp-content\/uploads\/2025\/08\/Classic-Rotary-Valve-RTO-3-1024x1024.webp 1024w, https:\/\/regenerative-thermal-oxidation.com\/wp-content\/uploads\/2025\/08\/Classic-Rotary-Valve-RTO-3-980x980.webp 980w, https:\/\/regenerative-thermal-oxidation.com\/wp-content\/uploads\/2025\/08\/Classic-Rotary-Valve-RTO-3-480x480.webp 480w\" sizes=\"(min-width: 0px) and (max-width: 480px) 480px, (min-width: 481px) and (max-width: 980px) 980px, (min-width: 981px) 1024px, 100vw\" \/><\/p>\n<h2><strong>Leistungsparametervergleich zweier Typen von RTO-Schaltventilen mit hoher Kapazit\u00e4t<\/strong><\/h2>\n<div style=\"overflow-x: auto;\">\n<table style=\"max-width: 100%; overflow-x: auto;\" border=\"1\">\n<tbody>\n<tr style=\"height: 14.40pt;\">\n<td class=\"et2\" style=\"height: 14.4pt; width: 183pt; text-align: center;\" width=\"305\" height=\"24\"><strong>Leistungsparameter<\/strong><\/td>\n<td class=\"et2\" style=\"width: 183pt; text-align: center;\" width=\"305\"><strong>Drehventil RTO<\/strong><\/td>\n<td class=\"et2\" style=\"width: 183pt; text-align: center;\" width=\"305\"><strong>Tellerventil RTO<\/strong><\/td>\n<\/tr>\n<tr style=\"height: 14.40pt;\">\n<td class=\"et2\" style=\"height: 14.4pt; width: 183pt; text-align: center;\" width=\"305\" height=\"24\">Verarbeitungskapazit\u00e4t<\/td>\n<td class=\"et2\" style=\"width: 183pt; text-align: center;\" width=\"305\">300000 Nm\u00b3\/h<\/td>\n<td class=\"et2\" style=\"width: 183pt; text-align: center;\" width=\"305\">300000 Nm\u00b3\/h<\/td>\n<\/tr>\n<tr style=\"height: 14.40pt;\">\n<td class=\"et2\" style=\"height: 14.4pt; width: 183pt; text-align: center;\" width=\"305\" height=\"24\">Ventilstruktur<\/td>\n<td class=\"et2\" style=\"width: 183pt; text-align: center;\" width=\"305\">Drehventil<\/td>\n<td class=\"et2\" style=\"width: 183pt; text-align: center;\" width=\"305\">Tellerventil\/Absperrklappe<\/td>\n<\/tr>\n<tr style=\"height: 14.40pt;\">\n<td class=\"et2\" style=\"height: 14.4pt; width: 183pt; text-align: center;\" width=\"305\" height=\"24\">Anzahl der Ventile<\/td>\n<td class=\"et2\" style=\"width: 183pt; text-align: center;\" width=\"305\">3<\/td>\n<td class=\"et2\" style=\"width: 183pt; text-align: center;\" width=\"305\">27<\/td>\n<\/tr>\n<tr style=\"height: 28.80pt;\">\n<td class=\"et2\" style=\"height: 28.8pt; width: 183pt; text-align: center;\" width=\"305\" height=\"48\">H\u00e4ufigkeit der Ventilumschaltung<\/td>\n<td class=\"et2\" style=\"width: 183pt; text-align: center;\" width=\"305\">Kontinuierlicher Betrieb ohne Sto\u00df<\/td>\n<td class=\"et2\" style=\"width: 183pt; text-align: center;\" width=\"305\">6,48 Millionen Mal\/Jahr<\/td>\n<\/tr>\n<tr style=\"height: 14.40pt;\">\n<td class=\"et2\" style=\"height: 14.4pt; width: 183pt; text-align: center;\" width=\"305\" height=\"24\">Anzahl der Regenerativbeete<\/td>\n<td class=\"et2\" style=\"width: 183pt; text-align: center;\" width=\"305\">36<\/td>\n<td class=\"et2\" style=\"width: 183pt; text-align: center;\" width=\"305\">9<\/td>\n<\/tr>\n<tr style=\"height: 14.40pt;\">\n<td class=\"et2\" style=\"height: 14.4pt; width: 183pt; text-align: center;\" width=\"305\" height=\"24\">Luftvolumen pro Kammer<\/td>\n<td class=\"et2\" style=\"width: 183pt; text-align: center;\" width=\"305\">20000 Nm\u00b3\/h<\/td>\n<td class=\"et2\" style=\"width: 183pt; text-align: center;\" width=\"305\">75000 Nm\u00b3\/h<\/td>\n<\/tr>\n<tr style=\"height: 28.80pt;\">\n<td class=\"et2\" style=\"height: 28.8pt; width: 183pt; text-align: center;\" width=\"305\" height=\"48\">Durchflussquerschnittsfl\u00e4che pro Regenerativkammer<\/td>\n<td class=\"et2\" style=\"width: 183pt; text-align: center;\" width=\"305\">3300 kg<\/td>\n<td class=\"et2\" style=\"width: 183pt; text-align: center;\" width=\"305\">15600 kg<\/td>\n<\/tr>\n<tr style=\"height: 14.40pt;\">\n<td class=\"et2\" style=\"height: 14.4pt; width: 183pt; text-align: center;\" width=\"305\" height=\"24\">Anzahl der Brenner<\/td>\n<td class=\"et2\" style=\"width: 183pt; text-align: center;\" width=\"305\">3<\/td>\n<td class=\"et2\" style=\"width: 183pt; text-align: center;\" width=\"305\">5<\/td>\n<\/tr>\n<tr style=\"height: 14.40pt;\">\n<td class=\"et2\" style=\"height: 14.4pt; width: 183pt; text-align: center;\" width=\"305\" height=\"24\">Grundfl\u00e4che (L\u00e4nge \u00d7 Breite)<\/td>\n<td class=\"et2\" style=\"width: 183pt; text-align: center;\" width=\"305\">26 m \u00d7 8 m<\/td>\n<td class=\"et2\" style=\"width: 183pt; text-align: center;\" width=\"305\">48 m \u00d7 5 m<\/td>\n<\/tr>\n<tr>\n<td style=\"width: 183pt; text-align: center;\">Grafik<\/td>\n<td style=\"width: 183pt; text-align: center;\"><img loading=\"lazy\" decoding=\"async\" class=\"alignnone size-medium wp-image-421\" src=\"https:\/\/regenerative-thermal-oxidation.com\/wp-content\/uploads\/2025\/08\/Performance-Parameter-Comparison-of-Two-Types-of-Large-Capacity-RTO-Switching-Valves-Rotary-Valve-RTO-300x179.webp\" alt=\"Leistungsparametervergleich zweier Typen von RTO-Schaltventilen mit hoher Kapazit\u00e4t \u2013 Drehschieber-RTO\" width=\"300\" height=\"179\" srcset=\"https:\/\/regenerative-thermal-oxidation.com\/wp-content\/uploads\/2025\/08\/Performance-Parameter-Comparison-of-Two-Types-of-Large-Capacity-RTO-Switching-Valves-Rotary-Valve-RTO-300x179.webp 300w, https:\/\/regenerative-thermal-oxidation.com\/wp-content\/uploads\/2025\/08\/Performance-Parameter-Comparison-of-Two-Types-of-Large-Capacity-RTO-Switching-Valves-Rotary-Valve-RTO.webp 347w\" sizes=\"(max-width: 300px) 100vw, 300px\" \/><\/td>\n<td style=\"width: 183pt; text-align: center;\"><img loading=\"lazy\" decoding=\"async\" class=\"alignnone size-medium wp-image-420\" src=\"https:\/\/regenerative-thermal-oxidation.com\/wp-content\/uploads\/2025\/08\/Performance-Parameter-Comparison-of-Two-Types-of-Large-Capacity-RTO-Switching-Valves-Poppet-Valve-RTO-300x119.webp\" alt=\"Leistungsparametervergleich zweier Typen von RTO-Schaltventilen mit gro\u00dfer Kapazit\u00e4t \u2013 Tellerventil-RTO\" width=\"300\" height=\"119\" srcset=\"https:\/\/regenerative-thermal-oxidation.com\/wp-content\/uploads\/2025\/08\/Performance-Parameter-Comparison-of-Two-Types-of-Large-Capacity-RTO-Switching-Valves-Poppet-Valve-RTO-300x119.webp 300w, https:\/\/regenerative-thermal-oxidation.com\/wp-content\/uploads\/2025\/08\/Performance-Parameter-Comparison-of-Two-Types-of-Large-Capacity-RTO-Switching-Valves-Poppet-Valve-RTO.webp 415w\" sizes=\"(max-width: 300px) 100vw, 300px\" \/><\/td>\n<\/tr>\n<\/tbody>\n<\/table>\n<\/div>\n<h2><\/h2>\n<h2><strong>Klassische Drehventil-RTO-Merkmale<\/strong><\/h2>\n<ul>\n<li><strong>Kompaktes, platzsparendes Design<\/strong><br \/>\nDieses System zeichnet sich durch eine hochintegrierte Struktur mit minimalem Platzbedarf aus. Die innovative Drehventilkonfiguration macht mehrere herk\u00f6mmliche Ventile und komplexe Rohrleitungsanordnungen \u00fcberfl\u00fcssig. Das optimierte Layout sorgt f\u00fcr maximale Raumausnutzung ohne Kompromisse bei der Funktionalit\u00e4t. Dank seiner kompakten Bauweise eignet es sich ideal f\u00fcr Installationen mit begrenztem Platzangebot.<\/li>\n<li><strong>Reibungsloser und stabiler Betrieb<\/strong><br \/>\nDie kontinuierliche Rotationsbewegung gew\u00e4hrleistet eine gleichbleibende Leistung ohne Druckschwankungen. Dank des Verzichts auf abrupte Schaltvorg\u00e4nge arbeitet das System mit au\u00dfergew\u00f6hnlicher Stabilit\u00e4t. Der sanfte \u00dcbergang zwischen den Zyklen sorgt f\u00fcr einen gleichm\u00e4\u00dfigen Luftstrom und eine pr\u00e4zise Temperaturregelung. Diese Betriebsstabilit\u00e4t tr\u00e4gt zu geringerer mechanischer Belastung und einer gleichbleibenden Behandlungseffizienz bei.<\/li>\n<li><strong>Verl\u00e4ngerte Lebensdauer kritischer Komponenten<\/strong><br \/>\nDie wichtigsten Elemente werden aus hochwertigen, verschlei\u00dffesten Materialien gefertigt, die speziell f\u00fcr Langlebigkeit entwickelt wurden. Der Rotationsmechanismus reduziert die Sto\u00dfkr\u00e4fte im Vergleich zu herk\u00f6mmlichen Schaltsystemen deutlich. Dieser Konstruktionsansatz minimiert den Verschlei\u00df an Dichtfl\u00e4chen und beweglichen Teilen. Die erh\u00f6hte Langlebigkeit f\u00fchrt zu l\u00e4ngeren Wartungsintervallen und einem geringeren Wartungsaufwand.<\/li>\n<li><strong>Reduzierte Betriebskomplexit\u00e4t<\/strong><br \/>\nDie vereinfachte mechanische Konstruktion weist weniger bewegliche Teile als herk\u00f6mmliche Systeme auf. Diese Konfiguration erfordert einen geringeren Hilfsenergieverbrauch bei gleichzeitig voller Funktionalit\u00e4t. Das System arbeitet unter verschiedenen Lastbedingungen effizient und ohne Leistungseinbu\u00dfen. Diese Effizienz tr\u00e4gt zu niedrigeren Betriebskosten und einem vereinfachten Systemmanagement bei.<\/li>\n<li><strong>\u00dcberlegene Leistungseffizienz<\/strong><br \/>\nEin fortschrittliches W\u00e4rmemanagement gew\u00e4hrleistet herausragende Reinigungsleistung und Energier\u00fcckgewinnung. Die optimierte Durchflussverteilung sorgt f\u00fcr eine exzellente Zerst\u00f6rungseffizienz \u00fcber alle Betriebszyklen hinweg. Das effektive W\u00e4rmer\u00fcckgewinnungssystem maximiert die W\u00e4rmer\u00fcckgewinnung bei minimalem Brennstoffverbrauch. Diese kombinierten Eigenschaften erm\u00f6glichen eine au\u00dfergew\u00f6hnliche Umweltvertr\u00e4glichkeit bei gleichzeitig hoher Wirtschaftlichkeit.<img loading=\"lazy\" decoding=\"async\" class=\"wp-image-358 aligncenter\" src=\"https:\/\/regenerative-thermal-oxidation.com\/wp-content\/uploads\/2025\/08\/Classic-Rotary-Valve-RTO-2.webp\" alt=\"\" width=\"800\" height=\"800\" \/><\/li>\n<\/ul>\n<h2><strong>Wie funktioniert ein regenerativer thermischer Oxidator?<\/strong><\/h2>\n<p>Regenerative thermische Oxidationsanlagen (RTOs) arbeiten, indem sie schadstoffhaltige Luft mithilfe eines Ventilators durch ein Peroxidsystem leiten. Der Luftstrom im RTO wird durch ein Ventil gesteuert, das ihn in einen von zwei W\u00e4rmetauschern mit keramischen dielektrischen Schichten leitet. Das System umfasst mindestens zwei keramische dielektrische Schichten (entweder Sattelplatten oder strukturierte Bl\u00f6cke) als W\u00e4rmetauscher. Beim Durchstr\u00f6men der ersten Schicht nimmt die kontaminierte Luft W\u00e4rme vom hei\u00dfen Keramikmaterial auf, bevor sie in die Brennkammer gelangt.<\/p>\n<p>In der Brennkammer wird die Luft f\u00fcr eine Verweilzeit von \u00fcber 5 Sekunden auf einer Temperatur von \u00fcber 815 \u00b0C gehalten, wodurch VOCs und HAPs zu Kohlendioxid und Wasserdampf oxidiert werden. Die hei\u00dfe, saubere Luft str\u00f6mt anschlie\u00dfend in das zweite Keramikbett, um W\u00e4rme f\u00fcr die Wiederverwendung zur\u00fcckzugewinnen. Die abgek\u00fchlte, saubere Luft wird danach in die Atmosph\u00e4re abgegeben. Das Ventil \u00e4ndert alle paar Minuten die Richtung und wechselt so den Luftstrom, um den W\u00e4rmeaustausch zwischen den beiden Keramikbetten zu optimieren. Dieser Mechanismus tr\u00e4gt zur hohen Brennstoffeffizienz und den niedrigen Betriebskosten von RTOs bei und macht sie zu einer effektiven L\u00f6sung zur VOC-Reduzierung.<\/p>\n<p><img loading=\"lazy\" decoding=\"async\" class=\"aligncenter wp-image-225 size-full\" src=\"https:\/\/regenerative-thermal-oxidation.com\/wp-content\/uploads\/2025\/08\/regenerative-thermal-oxidiser-working-principle.webp\" alt=\"Funktionsprinzip des regenerativen thermischen Oxidators\" width=\"1010\" height=\"678\" srcset=\"https:\/\/regenerative-thermal-oxidation.com\/wp-content\/uploads\/2025\/08\/regenerative-thermal-oxidiser-working-principle.webp 1010w, https:\/\/regenerative-thermal-oxidation.com\/wp-content\/uploads\/2025\/08\/regenerative-thermal-oxidiser-working-principle-980x658.webp 980w, https:\/\/regenerative-thermal-oxidation.com\/wp-content\/uploads\/2025\/08\/regenerative-thermal-oxidiser-working-principle-480x322.webp 480w\" sizes=\"(min-width: 0px) and (max-width: 480px) 480px, (min-width: 481px) and (max-width: 980px) 980px, (min-width: 981px) 1010px, 100vw\" \/><\/p>\n<h2><strong>Herstellungsprozess eines regenerativen thermischen Oxidators<\/strong><\/h2>\n<p>Alle Produkte werden im eigenen Haus gefertigt, beginnend mit dem Laserschneiden und automatisierten Kugelstrahlen der Stahlplatten. Die Komponenten und der Hauptk\u00f6rper des RTO werden sorgf\u00e4ltig verschwei\u00dft, gefolgt von der Vormontage und kontrollierten Trocknungsprozessen. In jeder Phase wird ein strenges, mehrstufiges Pr\u00fcfsystem implementiert, um Produktqualit\u00e4t und -konsistenz zu gew\u00e4hrleisten. Der gesamte Prozess wird durch integrierte SAP-Software und eine App mit Echtzeit-Fortschrittsanzeige unterst\u00fctzt, was vollst\u00e4ndige R\u00fcckverfolgbarkeit und effizientes Workflow-Management sicherstellt. Dieser digitalisierte Ansatz erm\u00f6glicht eine schnelle Produktlieferung bei gleichzeitig hohen Fertigungsstandards w\u00e4hrend des gesamten Produktionszyklus.<\/p>\n<p><img loading=\"lazy\" decoding=\"async\" class=\"aligncenter wp-image-426 size-full\" src=\"https:\/\/regenerative-thermal-oxidation.com\/wp-content\/uploads\/2025\/08\/regenerative-thermal-oxidiser-Manufacturing-capability.webp\" alt=\"Fertigungskapazit\u00e4t f\u00fcr regenerative thermische Oxidationsmittel\" width=\"1154\" height=\"530\" srcset=\"https:\/\/regenerative-thermal-oxidation.com\/wp-content\/uploads\/2025\/08\/regenerative-thermal-oxidiser-Manufacturing-capability.webp 1154w, https:\/\/regenerative-thermal-oxidation.com\/wp-content\/uploads\/2025\/08\/regenerative-thermal-oxidiser-Manufacturing-capability-980x450.webp 980w, https:\/\/regenerative-thermal-oxidation.com\/wp-content\/uploads\/2025\/08\/regenerative-thermal-oxidiser-Manufacturing-capability-480x220.webp 480w\" sizes=\"(min-width: 0px) and (max-width: 480px) 480px, (min-width: 481px) and (max-width: 980px) 980px, (min-width: 981px) 1154px, 100vw\" \/><\/p>","protected":false},"excerpt":{"rendered":"<p>Der Drehventil-RTO (Rotation Valve Regenerative Thermal Oxidator) reinigt Abgase durch Oxidation zu Oxiden und Wasser bei hohen Temperaturen. Dabei werden ein Zersetzungsgrad von \u00fcber 99,51 % (TP3T) und ein W\u00e4rmer\u00fcckgewinnungsgrad von \u00fcber 971 % (TP3T) erreicht. Er besteht aus einer Brennkammer, einem Keramik-F\u00fcllk\u00f6rper und einem Drehventil, das zur effizienten Gasverteilung in zw\u00f6lf Kammern unterteilt ist. Das motorbetriebene Ventil dreht sich kontinuierlich und steuert so den Abgasstrom. Bei hoher Abgaskonzentration kann ein Abw\u00e4rmekessel das Abgas in wertvolle Ressourcen wie Hei\u00dfluft, Hei\u00dfwasser, Dampf oder Thermo\u00f6l umwandeln.<\/p>","protected":false},"featured_media":199,"comment_status":"open","ping_status":"closed","template":"","meta":{"_et_pb_use_builder":"","_et_pb_old_content":"","_et_gb_content_width":""},"product_brand":[],"product_cat":[19],"product_tag":[],"class_list":{"0":"post-346","1":"product","2":"type-product","3":"status-publish","4":"has-post-thumbnail","6":"product_cat-regenerative-thermal-oxidizer","8":"first","9":"instock","10":"shipping-taxable","11":"product-type-simple"},"_links":{"self":[{"href":"https:\/\/regenerative-thermal-oxidation.com\/de_at\/wp-json\/wp\/v2\/product\/346","targetHints":{"allow":["GET"]}}],"collection":[{"href":"https:\/\/regenerative-thermal-oxidation.com\/de_at\/wp-json\/wp\/v2\/product"}],"about":[{"href":"https:\/\/regenerative-thermal-oxidation.com\/de_at\/wp-json\/wp\/v2\/types\/product"}],"replies":[{"embeddable":true,"href":"https:\/\/regenerative-thermal-oxidation.com\/de_at\/wp-json\/wp\/v2\/comments?post=346"}],"wp:featuredmedia":[{"embeddable":true,"href":"https:\/\/regenerative-thermal-oxidation.com\/de_at\/wp-json\/wp\/v2\/media\/199"}],"wp:attachment":[{"href":"https:\/\/regenerative-thermal-oxidation.com\/de_at\/wp-json\/wp\/v2\/media?parent=346"}],"wp:term":[{"taxonomy":"product_brand","embeddable":true,"href":"https:\/\/regenerative-thermal-oxidation.com\/de_at\/wp-json\/wp\/v2\/product_brand?post=346"},{"taxonomy":"product_cat","embeddable":true,"href":"https:\/\/regenerative-thermal-oxidation.com\/de_at\/wp-json\/wp\/v2\/product_cat?post=346"},{"taxonomy":"product_tag","embeddable":true,"href":"https:\/\/regenerative-thermal-oxidation.com\/de_at\/wp-json\/wp\/v2\/product_tag?post=346"}],"curies":[{"name":"wp","href":"https:\/\/api.w.org\/{rel}","templated":true}]}}