{"id":65,"date":"2025-08-20T06:53:29","date_gmt":"2025-08-20T06:53:29","guid":{"rendered":"https:\/\/regenerative-thermal-oxidation.com\/?page_id=65"},"modified":"2026-03-18T09:37:23","modified_gmt":"2026-03-18T09:37:23","slug":"sobre-nosotros","status":"publish","type":"page","link":"https:\/\/regenerative-thermal-oxidation.com\/es\/sobre-nosotros\/","title":{"rendered":"Sobre nosotros"},"content":{"rendered":"<p>[et_pb_section fb_built=&#8221;1&#8243; admin_label=&#8221;Header&#8221; _builder_version=&#8221;4.27.4&#8243; _module_preset=&#8221;default&#8221; use_background_color_gradient=&#8221;on&#8221; background_color_gradient_direction=&#8221;90deg&#8221; background_color_gradient_stops=&#8221;rgba(255,255,255,0) 50%|gcid-a674551e-c023-4666-82b8-b7448e713885 50%&#8221; height=&#8221;520px&#8221; custom_padding=&#8221;||0px||false|false&#8221; background_last_edited=&#8221;on|tablet&#8221; use_background_color_gradient_tablet=&#8221;on&#8221; background_color_gradient_direction_tablet=&#8221;180deg&#8221; background_color_gradient_stops_tablet=&#8221;rgba(255,255,255,0) 75%|gcid-a674551e-c023-4666-82b8-b7448e713885 75%&#8221; collapsed=&#8221;on&#8221; global_colors_info=&#8221;{%22gcid-a674551e-c023-4666-82b8-b7448e713885%22:%91%22background_color_gradient_stops%22%93}&#8221;][et_pb_row column_structure=&#8221;1_2,1_2&#8243; make_equal=&#8221;on&#8221; _builder_version=&#8221;4.25.0&#8243; _module_preset=&#8221;default&#8221; max_width=&#8221;1280px&#8221; global_colors_info=&#8221;{}&#8221;][et_pb_column type=&#8221;1_2&#8243; _builder_version=&#8221;4.25.0&#8243; _module_preset=&#8221;default&#8221; custom_padding=&#8221;|60px|||false|false&#8221; custom_padding_tablet=&#8221;|0px|||false|false&#8221; custom_padding_phone=&#8221;&#8221; custom_padding_last_edited=&#8221;on|desktop&#8221; global_colors_info=&#8221;{}&#8221;][et_pb_heading title=&#8221;Company Profile&#8221; _builder_version=&#8221;4.27.4&#8243; _module_preset=&#8221;eb1c82fb-f999-428a-8014-d0b2202d87b3&#8243; custom_margin=&#8221;||10px||false|false&#8221; locked=&#8221;off&#8221; global_colors_info=&#8221;{}&#8221;][\/et_pb_heading][et_pb_text _builder_version=&#8221;4.27.4&#8243; _module_preset=&#8221;default&#8221; header_font=&#8221;Poppins|500|||||||&#8221; header_font_size=&#8221;90px&#8221; header_letter_spacing=&#8221;-2px&#8221; header_line_height=&#8221;-0.5em&#8221; global_colors_info=&#8221;{}&#8221;]<\/p>\n<h1>Acerca de<br \/>Industria Ever-power<\/h1>\n<p>[\/et_pb_text][et_pb_button button_url=&#8221;https:\/\/regenerative-thermal-oxidation.com\/contact-us\/&#8221; button_text=&#8221;Request A Quote&#8221; _builder_version=&#8221;4.27.4&#8243; _module_preset=&#8221;6d501b3c-0664-41b9-b632-ad7eed861200&#8243; global_colors_info=&#8221;{}&#8221;][\/et_pb_button][\/et_pb_column][et_pb_column type=&#8221;1_2&#8243; _builder_version=&#8221;4.25.0&#8243; _module_preset=&#8221;default&#8221; custom_padding=&#8221;60px||60px||true|false&#8221; custom_padding_tablet=&#8221;0px||0px||true|false&#8221; custom_padding_phone=&#8221;0px||0px||true|false&#8221; custom_padding_last_edited=&#8221;on|desktop&#8221; global_colors_info=&#8221;{}&#8221;][et_pb_image src=&#8221;https:\/\/regenerative-thermal-oxidation.com\/wp-content\/uploads\/2025\/08\/regenerative-thermal-oxidiser-4.webp&#8221; alt=&#8221;regenerative thermal oxidiser-4&#8243; title_text=&#8221;regenerative thermal oxidiser-4&#8243; _builder_version=&#8221;4.27.4&#8243; _module_preset=&#8221;default&#8221; width=&#8221;100%&#8221; module_alignment=&#8221;center&#8221; module_alignment_tablet=&#8221;left&#8221; module_alignment_phone=&#8221;left&#8221; module_alignment_last_edited=&#8221;on|tablet&#8221; global_colors_info=&#8221;{}&#8221;][\/et_pb_image][\/et_pb_column][\/et_pb_row][\/et_pb_section][et_pb_section fb_built=&#8221;1&#8243; admin_label=&#8221;About&#8221; _builder_version=&#8221;4.25.0&#8243; _module_preset=&#8221;default&#8221; custom_padding=&#8221;100px|||||&#8221; collapsed=&#8221;on&#8221; global_colors_info=&#8221;{}&#8221;][et_pb_row _builder_version=&#8221;4.25.0&#8243; _module_preset=&#8221;default&#8221; max_width=&#8221;1280px&#8221; global_colors_info=&#8221;{}&#8221;][et_pb_column type=&#8221;4_4&#8243; _builder_version=&#8221;4.25.0&#8243; _module_preset=&#8221;default&#8221; global_colors_info=&#8221;{}&#8221;][et_pb_text _builder_version=&#8221;4.27.4&#8243; _module_preset=&#8221;d7762a20-b915-4486-91cc-895d29e61818&#8243; text_font_size=&#8221;18px&#8221; custom_margin=&#8221;12px|||||&#8221; global_colors_info=&#8221;{}&#8221;]<\/p>\n<article class=\"4ever-article\"><span data-type=\"text\">Industria Ever-power Pa\u00edses Bajos <\/span>\u00a0Es especialista en adquisiciones. En el mercado actual, es estrat\u00e9gicamente importante contar con una red de proveedores de primera clase. <span data-type=\"text\">Industria Ever-power Pa\u00edses Bajos<\/span> Esta red le ofrece numerosas ventajas a la hora de adquirir piezas fabricadas y subcontratadas.<\/p>\n<p>&nbsp;<\/p>\n<p>&nbsp;<\/p>\n<article class=\"4ever-article\"><span data-type=\"text\">Industria Ever-power Pa\u00edses Bajos<\/span><span style=\"font-size: 18px;\">Como agente de ventas del grupo Ever-Power en los Pa\u00edses Bajos, podemos ayudarle a obtener precios m\u00e1s bajos. Ever-Power es una empresa de alta tecnolog\u00eda especializada en el tratamiento integral de gases residuales de compuestos org\u00e1nicos vol\u00e1tiles (COV) y en tecnolog\u00edas para la reducci\u00f3n de emisiones de carbono y el ahorro de energ\u00eda. La empresa cuenta con cuatro tecnolog\u00edas principales: energ\u00eda t\u00e9rmica, combusti\u00f3n, sellado y control autom\u00e1tico. Tambi\u00e9n dispone de capacidades de modelado y computaci\u00f3n para la simulaci\u00f3n de campos de temperatura y flujo de aire. Adem\u00e1s, cuenta con capacidades de ensayo experimental para las propiedades de los materiales cer\u00e1micos de almacenamiento t\u00e9rmico, la selecci\u00f3n de materiales de adsorci\u00f3n de tamices moleculares de zeolita y las caracter\u00edsticas de incineraci\u00f3n y oxidaci\u00f3n a alta temperatura de los COV.<\/span><\/article>\n<\/article>\n<p>[\/et_pb_text][et_pb_text _builder_version=&#8221;4.27.4&#8243; _module_preset=&#8221;d7762a20-b915-4486-91cc-895d29e61818&#8243; text_font_size=&#8221;18px&#8221; locked=&#8221;off&#8221; global_colors_info=&#8221;{}&#8221;]<\/p>\n<p>La empresa ha establecido un Centro de I+D y Dise\u00f1o Aeroespacial en Xi'an y una Base de Producci\u00f3n en Yangling, que abarcan una superficie total de 30\u00a0000 metros cuadrados. Sus productos principales incluyen incineradores rotativos de oxidaci\u00f3n t\u00e9rmica (RTO) y rotores de adsorci\u00f3n y concentraci\u00f3n de tamices moleculares de zeolita. Gracias a su experiencia en protecci\u00f3n ambiental e ingenier\u00eda de sistemas de energ\u00eda t\u00e9rmica, la empresa ofrece a sus clientes soluciones integrales para el tratamiento de gases residuales industriales y la reducci\u00f3n de emisiones de carbono mediante energ\u00eda t\u00e9rmica en diversas condiciones de operaci\u00f3n.<\/p>\n<article class=\"4ever-article\"><span data-type=\"text\">Industria Ever-power Pa\u00edses Bajos <\/span>Los productos y servicios lanzados al mercado han sido ampliamente reconocidos. <span data-type=\"text\" style=\"font-size: 18px;\">Industria Ever-power Pa\u00edses Bajos <\/span><span style=\"font-size: 18px;\">tiene muchos a\u00f1os de experiencia en este campo y trabaja en estrecha colaboraci\u00f3n con socios s\u00f3lidos en Asia y Europa del Este. A trav\u00e9s del abastecimiento estrat\u00e9gico, <span data-type=\"text\">Industria Ever-power Pa\u00edses Bajos<\/span> \u00a1Es capaz de obtener importantes beneficios en las compras manteniendo la calidad requerida!<\/span><\/article>\n<p>[\/et_pb_text][\/et_pb_column][\/et_pb_row][et_pb_row _builder_version=&#8221;4.27.4&#8243; _module_preset=&#8221;default&#8221; max_width=&#8221;1286px&#8221; custom_padding=&#8221;0px||0px|||&#8221; global_colors_info=&#8221;{}&#8221;][et_pb_column type=&#8221;4_4&#8243; _builder_version=&#8221;4.27.4&#8243; _module_preset=&#8221;default&#8221; global_colors_info=&#8221;{}&#8221;][et_pb_image src=&#8221;https:\/\/regenerative-thermal-oxidation.com\/wp-content\/uploads\/2025\/08\/ep-rto-factory-2.webp&#8221; alt=&#8221;ep-rto-factory-2&#8243; title_text=&#8221;ep-rto-factory-2&#8243; _builder_version=&#8221;4.27.4&#8243; _module_preset=&#8221;default&#8221; custom_padding=&#8221;13px|||||&#8221; global_colors_info=&#8221;{}&#8221;][\/et_pb_image][\/et_pb_column][\/et_pb_row][\/et_pb_section][et_pb_section fb_built=&#8221;1&#8243; admin_label=&#8221;About&#8221; _builder_version=&#8221;4.25.0&#8243; _module_preset=&#8221;default&#8221; collapsed=&#8221;on&#8221; global_colors_info=&#8221;{}&#8221;][et_pb_row _builder_version=&#8221;4.25.0&#8243; _module_preset=&#8221;default&#8221; max_width=&#8221;1280px&#8221; locked=&#8221;off&#8221; global_colors_info=&#8221;{}&#8221;][et_pb_column type=&#8221;4_4&#8243; _builder_version=&#8221;4.25.0&#8243; _module_preset=&#8221;default&#8221; global_colors_info=&#8221;{}&#8221;][et_pb_heading title=&#8221;Our Workshop&#8221; _builder_version=&#8221;4.27.4&#8243; _module_preset=&#8221;0b740538-8a19-4f94-943a-02157e99568f&#8221; global_colors_info=&#8221;{}&#8221;][\/et_pb_heading][\/et_pb_column][\/et_pb_row][et_pb_row column_structure=&#8221;1_4,1_4,1_4,1_4&#8243; _builder_version=&#8221;4.27.4&#8243; _module_preset=&#8221;default&#8221; max_width=&#8221;1288px&#8221; global_colors_info=&#8221;{}&#8221;][et_pb_column type=&#8221;1_4&#8243; _builder_version=&#8221;4.27.4&#8243; _module_preset=&#8221;default&#8221; global_colors_info=&#8221;{}&#8221;][et_pb_image src=&#8221;https:\/\/regenerative-thermal-oxidation.com\/wp-content\/uploads\/2025\/08\/ep-company-2.webp&#8221; alt=&#8221;ep-company-2&#8243; title_text=&#8221;ep-company-2&#8243; _builder_version=&#8221;4.27.4&#8243; _module_preset=&#8221;default&#8221; box_shadow_style=&#8221;preset4&#8243; global_colors_info=&#8221;{}&#8221;][\/et_pb_image][\/et_pb_column][et_pb_column type=&#8221;1_4&#8243; _builder_version=&#8221;4.27.4&#8243; _module_preset=&#8221;default&#8221; global_colors_info=&#8221;{}&#8221;][et_pb_image src=&#8221;https:\/\/regenerative-thermal-oxidation.com\/wp-content\/uploads\/2025\/08\/ep-company-4.webp&#8221; alt=&#8221;ep-company-4&#8243; title_text=&#8221;ep-company-4&#8243; _builder_version=&#8221;4.27.4&#8243; _module_preset=&#8221;default&#8221; box_shadow_style=&#8221;preset4&#8243; global_colors_info=&#8221;{}&#8221;][\/et_pb_image][\/et_pb_column][et_pb_column type=&#8221;1_4&#8243; _builder_version=&#8221;4.27.4&#8243; _module_preset=&#8221;default&#8221; global_colors_info=&#8221;{}&#8221;][et_pb_image src=&#8221;https:\/\/regenerative-thermal-oxidation.com\/wp-content\/uploads\/2025\/08\/ep-company-5.webp&#8221; alt=&#8221;ep-company-5&#8243; title_text=&#8221;ep-company-5&#8243; _builder_version=&#8221;4.27.4&#8243; _module_preset=&#8221;default&#8221; box_shadow_style=&#8221;preset4&#8243; global_colors_info=&#8221;{}&#8221;][\/et_pb_image][\/et_pb_column][et_pb_column type=&#8221;1_4&#8243; _builder_version=&#8221;4.27.4&#8243; _module_preset=&#8221;default&#8221; global_colors_info=&#8221;{}&#8221;][et_pb_image src=&#8221;https:\/\/regenerative-thermal-oxidation.com\/wp-content\/uploads\/2025\/08\/ep-company-7.webp&#8221; alt=&#8221;ep-company-7&#8243; title_text=&#8221;ep-company-7&#8243; _builder_version=&#8221;4.27.4&#8243; _module_preset=&#8221;default&#8221; box_shadow_style=&#8221;preset4&#8243; global_colors_info=&#8221;{}&#8221;][\/et_pb_image][\/et_pb_column][\/et_pb_row][\/et_pb_section][et_pb_section fb_built=&#8221;1&#8243; admin_label=&#8221;About&#8221; _builder_version=&#8221;4.25.0&#8243; _module_preset=&#8221;default&#8221; collapsed=&#8221;on&#8221; global_colors_info=&#8221;{}&#8221;][et_pb_row _builder_version=&#8221;4.25.0&#8243; _module_preset=&#8221;default&#8221; max_width=&#8221;1280px&#8221; locked=&#8221;off&#8221; global_colors_info=&#8221;{}&#8221;][et_pb_column type=&#8221;4_4&#8243; _builder_version=&#8221;4.25.0&#8243; _module_preset=&#8221;default&#8221; global_colors_info=&#8221;{}&#8221;][et_pb_heading title=&#8221;Expertise &#038; Qualifications&#8221; _builder_version=&#8221;4.27.4&#8243; _module_preset=&#8221;0b740538-8a19-4f94-943a-02157e99568f&#8221; global_colors_info=&#8221;{}&#8221;][\/et_pb_heading][\/et_pb_column][\/et_pb_row][et_pb_row _builder_version=&#8221;4.27.4&#8243; _module_preset=&#8221;default&#8221; max_width=&#8221;1288px&#8221; global_colors_info=&#8221;{}&#8221;][et_pb_column type=&#8221;4_4&#8243; _builder_version=&#8221;4.27.4&#8243; _module_preset=&#8221;default&#8221; global_colors_info=&#8221;{}&#8221;][et_pb_text _builder_version=&#8221;4.27.4&#8243; _module_preset=&#8221;d7762a20-b915-4486-91cc-895d29e61818&#8243; text_font_size=&#8221;18px&#8221; locked=&#8221;off&#8221; global_colors_info=&#8221;{}&#8221;]Leveraging the \u201cNational Engineering Laboratory for Volatile Organic Pollution Control Materials and Technologies-Shaanxi Branch,\u201d which we established in collaboration with the University of Science and Technology of China and Xi\u2019an Jiaotong University, we concentrate on thermal storage combustion technology and molecular sieve adsorption technology as our primary research areas. We aim to create a technology research sharing platform to foster collaborative technological advancement throughout the industry.[\/et_pb_text][et_pb_text _builder_version=&#8221;4.27.4&#8243; _module_preset=&#8221;d7762a20-b915-4486-91cc-895d29e61818&#8243; text_font_size=&#8221;18px&#8221; locked=&#8221;off&#8221; global_colors_info=&#8221;{}&#8221;]Our company has registered a total of 48 patents across various categories, which include 13 invention patents. Among them, we have secured 2 invention patents, 24 utility model patents, 5 design patents, and 4 software copyrights.[\/et_pb_text][et_pb_image src=&#8221;https:\/\/regenerative-thermal-oxidation.com\/wp-content\/uploads\/2025\/08\/ep-LABORATORY.webp&#8221; alt=&#8221;ep-LABORATORY&#8221; title_text=&#8221;ep-LABORATORY&#8221; _builder_version=&#8221;4.27.4&#8243; _module_preset=&#8221;default&#8221; global_colors_info=&#8221;{}&#8221;][\/et_pb_image][et_pb_image src=&#8221;https:\/\/regenerative-thermal-oxidation.com\/wp-content\/uploads\/2025\/08\/regenerative-thermal-oxidiser-4-1.webp&#8221; alt=&#8221;regenerative thermal oxidiser-4&#8243; title_text=&#8221;regenerative thermal oxidiser-4&#8243; _builder_version=&#8221;4.27.4&#8243; _module_preset=&#8221;default&#8221; global_colors_info=&#8221;{}&#8221;][\/et_pb_image][\/et_pb_column][\/et_pb_row][\/et_pb_section][et_pb_section fb_built=&#8221;1&#8243; admin_label=&#8221;Companies&#8221; _builder_version=&#8221;4.25.0&#8243; _module_preset=&#8221;default&#8221; locked=&#8221;off&#8221; collapsed=&#8221;on&#8221; global_colors_info=&#8221;{}&#8221;][et_pb_row _builder_version=&#8221;4.25.0&#8243; _module_preset=&#8221;default&#8221; max_width=&#8221;1280px&#8221; locked=&#8221;off&#8221; global_colors_info=&#8221;{}&#8221;][et_pb_column type=&#8221;4_4&#8243; _builder_version=&#8221;4.25.0&#8243; _module_preset=&#8221;default&#8221; global_colors_info=&#8221;{}&#8221;][et_pb_heading title=&#8221;Cooperation Brand&#8221; _builder_version=&#8221;4.27.4&#8243; _module_preset=&#8221;0b740538-8a19-4f94-943a-02157e99568f&#8221; title_text_align=&#8221;center&#8221; global_colors_info=&#8221;{}&#8221;][\/et_pb_heading][\/et_pb_column][\/et_pb_row][et_pb_row _builder_version=&#8221;4.27.4&#8243; _module_preset=&#8221;default&#8221; global_colors_info=&#8221;{}&#8221;][et_pb_column type=&#8221;4_4&#8243; _builder_version=&#8221;4.27.4&#8243; _module_preset=&#8221;default&#8221; global_colors_info=&#8221;{}&#8221;][et_pb_image src=&#8221;https:\/\/regenerative-thermal-oxidation.com\/wp-content\/uploads\/2025\/08\/ep-Corporate-Partners.webp&#8221; alt=&#8221;ep-Corporate Partners&#8221; title_text=&#8221;ep-Corporate Partners&#8221; _builder_version=&#8221;4.27.4&#8243; _module_preset=&#8221;default&#8221; global_colors_info=&#8221;{}&#8221;][\/et_pb_image][\/et_pb_column][\/et_pb_row][\/et_pb_section]<\/p>","protected":false},"excerpt":{"rendered":"<p>AboutEver-power IndustryEver-power industry Netherlands \u00a0is a specialist in procurement. In today&#8217;s market it is strategically important to have a network of first class suppliers. Ever-power industry Netherlands offers you this network, including many advantages when purchasing manufactured and outsourced parts. &nbsp; &nbsp; Ever-power industry Netherlands, as the sales agent for the Ever-Power group in the [&hellip;]<\/p>","protected":false},"author":1,"featured_media":0,"parent":0,"menu_order":0,"comment_status":"closed","ping_status":"closed","template":"","meta":{"_et_pb_use_builder":"on","_et_pb_old_content":"","_et_gb_content_width":"","footnotes":""},"class_list":["post-65","page","type-page","status-publish","hentry"],"_links":{"self":[{"href":"https:\/\/regenerative-thermal-oxidation.com\/es\/wp-json\/wp\/v2\/pages\/65","targetHints":{"allow":["GET"]}}],"collection":[{"href":"https:\/\/regenerative-thermal-oxidation.com\/es\/wp-json\/wp\/v2\/pages"}],"about":[{"href":"https:\/\/regenerative-thermal-oxidation.com\/es\/wp-json\/wp\/v2\/types\/page"}],"author":[{"embeddable":true,"href":"https:\/\/regenerative-thermal-oxidation.com\/es\/wp-json\/wp\/v2\/users\/1"}],"replies":[{"embeddable":true,"href":"https:\/\/regenerative-thermal-oxidation.com\/es\/wp-json\/wp\/v2\/comments?post=65"}],"version-history":[{"count":38,"href":"https:\/\/regenerative-thermal-oxidation.com\/es\/wp-json\/wp\/v2\/pages\/65\/revisions"}],"predecessor-version":[{"id":2424,"href":"https:\/\/regenerative-thermal-oxidation.com\/es\/wp-json\/wp\/v2\/pages\/65\/revisions\/2424"}],"wp:attachment":[{"href":"https:\/\/regenerative-thermal-oxidation.com\/es\/wp-json\/wp\/v2\/media?parent=65"}],"curies":[{"name":"wp","href":"https:\/\/api.w.org\/{rel}","templated":true}]}}