{"id":852,"date":"2025-08-28T06:00:58","date_gmt":"2025-08-28T06:00:58","guid":{"rendered":"https:\/\/regenerative-thermal-oxidation.com\/?page_id=852"},"modified":"2025-09-01T05:24:45","modified_gmt":"2025-09-01T05:24:45","slug":"soluciones-para-el-tratamiento-de-suelos-elasticos-de-pvc","status":"publish","type":"page","link":"https:\/\/regenerative-thermal-oxidation.com\/es\/solucion-de-tratamiento\/soluciones-para-el-tratamiento-de-suelos-elasticos-de-pvc\/","title":{"rendered":"Soluciones para el tratamiento de suelos el\u00e1sticos de PVC"},"content":{"rendered":"<p>[et_pb_section fb_built=&#8221;1&#8243; _builder_version=&#8221;4.25.0&#8243; _module_preset=&#8221;default&#8221; global_colors_info=&#8221;{}&#8221;][et_pb_row column_structure=&#8221;1_2,1_2&#8243; _builder_version=&#8221;4.25.0&#8243; _module_preset=&#8221;default&#8221; max_width=&#8221;1280px&#8221; global_colors_info=&#8221;{}&#8221;][et_pb_column type=&#8221;1_2&#8243; _builder_version=&#8221;4.25.0&#8243; _module_preset=&#8221;default&#8221; custom_padding=&#8221;60px||||false|false&#8221; custom_padding_tablet=&#8221;0px||||false|false&#8221; custom_padding_phone=&#8221;0px||||false|false&#8221; custom_padding_last_edited=&#8221;on|tablet&#8221; global_colors_info=&#8221;{}&#8221;][et_pb_heading title=&#8221;PVC Elastic Flooring Industry Treatment Solutions&#8221; _builder_version=&#8221;4.27.4&#8243; _module_preset=&#8221;default&#8221; title_text_color=&#8221;#000000&#8243; title_font=&#8221;Poppins||||||||&#8221; title_font_size=&#8221;72px&#8221; title_letter_spacing=&#8221;-0.05em&#8221; hover_enabled=&#8221;0&#8243; sticky_enabled=&#8221;0&#8243; custom_margin=&#8221;-59px||||false|false&#8221;][\/et_pb_heading][et_pb_text _builder_version=&#8221;4.27.4&#8243; _module_preset=&#8221;f22b2269-0e2a-49f2-8da1-c07fd74d8fc9&#8243; text_font=&#8221;Poppins|300|||||||&#8221; text_font_size=&#8221;16px&#8221; text_line_height=&#8221;1.8em&#8221; locked=&#8221;off&#8221; global_colors_info=&#8221;{}&#8221;]<\/p>\n<p>Los oxidadores t\u00e9rmicos regenerativos (RTO) ofrecen una soluci\u00f3n cr\u00edtica de tratamiento de final de proceso para la industria de pisos el\u00e1sticos de PVC. Al garantizar una alta eficiencia de destrucci\u00f3n, los sistemas RTO permiten a los fabricantes cumplir con las estrictas normativas ambientales, a la vez que minimizan los olores y la contaminaci\u00f3n secundaria. Gracias a su robusta adaptabilidad a las diferentes concentraciones de compuestos org\u00e1nicos vol\u00e1tiles (COV) y condiciones de producci\u00f3n, los RTO se han convertido en una tecnolog\u00eda indispensable para lograr un control de emisiones eficiente, escalable y conforme a las normativas en las plantas modernas de fabricaci\u00f3n de pisos.<\/p>\n<p>[\/et_pb_text][et_pb_button button_text=&#8221;Contact Us&#8221; _builder_version=&#8221;4.27.4&#8243; _module_preset=&#8221;default&#8221; custom_button=&#8221;on&#8221; button_bg_color=&#8221;#16264a&#8221; button_bg_enable_color=&#8221;on&#8221; button_text_color=&#8221;#FFFFFF&#8221; button_border_width=&#8221;0px&#8221; button_border_radius=&#8221;0px&#8221; button_font=&#8221;Poppins|600|||||||&#8221; button_text_size=&#8221;14px&#8221; custom_padding=&#8221;12px|24px|12px|24px|true|true&#8221; hover_enabled=&#8221;0&#8243; sticky_enabled=&#8221;0&#8243; button_url=&#8221;https:\/\/regenerative-thermal-oxidation.com\/contact-us\/&#8221;][\/et_pb_button][\/et_pb_column][et_pb_column type=&#8221;1_2&#8243; _builder_version=&#8221;4.25.0&#8243; _module_preset=&#8221;default&#8221; global_colors_info=&#8221;{}&#8221;][et_pb_image src=&#8221;https:\/\/regenerative-thermal-oxidation.com\/wp-content\/uploads\/2025\/08\/rto-pvc-industry-application-1.webp&#8221; alt=&#8221;rto-pvc industry-application-1&#8243; title_text=&#8221;rto-pvc industry-application-1&#8243; _builder_version=&#8221;4.27.4&#8243; _module_preset=&#8221;default&#8221; border_radii=&#8221;on|6px|6px|6px|6px&#8221; box_shadow_style=&#8221;preset1&#8243; global_colors_info=&#8221;{}&#8221;][\/et_pb_image][\/et_pb_column][\/et_pb_row][\/et_pb_section][et_pb_section fb_built=&#8221;1&#8243; _builder_version=&#8221;4.25.0&#8243; _module_preset=&#8221;default&#8221; global_colors_info=&#8221;{}&#8221;][et_pb_row _builder_version=&#8221;4.25.0&#8243; _module_preset=&#8221;default&#8221; max_width=&#8221;1280px&#8221; global_colors_info=&#8221;{}&#8221;][et_pb_column type=&#8221;4_4&#8243; _builder_version=&#8221;4.25.0&#8243; _module_preset=&#8221;default&#8221; global_colors_info=&#8221;{}&#8221;][et_pb_text _builder_version=&#8221;4.27.4&#8243; _module_preset=&#8221;f22b2269-0e2a-49f2-8da1-c07fd74d8fc9&#8243; text_font=&#8221;Poppins|300|||||||&#8221; text_font_size=&#8221;18px&#8221; text_line_height=&#8221;1.8em&#8221; locked=&#8221;off&#8221; global_colors_info=&#8221;{}&#8221;]<\/p>\n<ul>\n<li>Caracter\u00edsticas de los gases de escape: El DOTP tiene un alto punto de ebullici\u00f3n, se condensa y se lic\u00faa f\u00e1cilmente y la concentraci\u00f3n de gases de escape es baja.<\/li>\n<li>Fuente de gases de escape: Escape organizado del horno, escape no organizado del taller.<\/li>\n<li>Componentes de los gases de escape: DOTP, aceite disolvente D80.<\/li>\n<li>Soluci\u00f3n de proceso: Extracci\u00f3n y filtraci\u00f3n de aceite + calentamiento frontal + RTO rotatorio<\/li>\n<\/ul>\n<p>[\/et_pb_text][et_pb_image src=&#8221;https:\/\/regenerative-thermal-oxidation.com\/wp-content\/uploads\/2025\/08\/PVC-industry-waste-gas-treatment-solution.webp&#8221; alt=&#8221;PVC industry waste gas treatment solution&#8221; title_text=&#8221;PVC industry waste gas treatment solution&#8221; align=&#8221;center&#8221; _builder_version=&#8221;4.27.4&#8243; _module_preset=&#8221;default&#8221; global_colors_info=&#8221;{}&#8221;][\/et_pb_image][et_pb_heading title=&#8221;System diagram of VOCs treatment in PVC elastic flooring industry&#8221; _builder_version=&#8221;4.27.4&#8243; _module_preset=&#8221;06ff6e59-dfed-4a50-8917-52a61d753ddf&#8221; title_level=&#8221;h4&#8243; title_font=&#8221;Poppins|500|||||||&#8221; title_text_align=&#8221;center&#8221; title_font_size=&#8221;20px&#8221; custom_margin=&#8221;||0px||false|false&#8221; hover_enabled=&#8221;0&#8243; global_colors_info=&#8221;{}&#8221; title_text_color=&#8221;#000000&#8243; sticky_enabled=&#8221;0&#8243;][\/et_pb_heading][\/et_pb_column][\/et_pb_row][\/et_pb_section][et_pb_section fb_built=&#8221;1&#8243; _builder_version=&#8221;4.25.0&#8243; _module_preset=&#8221;default&#8221; global_colors_info=&#8221;{}&#8221;][et_pb_row _builder_version=&#8221;4.25.0&#8243; _module_preset=&#8221;default&#8221; max_width=&#8221;1280px&#8221; global_colors_info=&#8221;{}&#8221;][et_pb_column type=&#8221;4_4&#8243; _builder_version=&#8221;4.25.0&#8243; _module_preset=&#8221;default&#8221; global_colors_info=&#8221;{}&#8221;][et_pb_heading title=&#8221;PVC Elastic Flooring VOCs Waste Gas Treatment Route Selection&#8221; _builder_version=&#8221;4.27.4&#8243; _module_preset=&#8221;cd67e736-0126-4e3e-b711-2fed79c0c740&#8243; title_font=&#8221;Poppins||||||||&#8221; title_text_align=&#8221;center&#8221; hover_enabled=&#8221;0&#8243; locked=&#8221;off&#8221; global_colors_info=&#8221;{}&#8221; title_text_color=&#8221;#000000&#8243; sticky_enabled=&#8221;0&#8243;][\/et_pb_heading][\/et_pb_column][\/et_pb_row][et_pb_row column_structure=&#8221;1_2,1_2&#8243; _builder_version=&#8221;4.27.4&#8243; _module_preset=&#8221;default&#8221; global_colors_info=&#8221;{}&#8221;][et_pb_column type=&#8221;1_2&#8243; _builder_version=&#8221;4.27.4&#8243; _module_preset=&#8221;default&#8221; global_colors_info=&#8221;{}&#8221;][et_pb_image src=&#8221;https:\/\/regenerative-thermal-oxidation.com\/wp-content\/uploads\/2025\/08\/rto-PVC-Industry-VOCs-waste-gas-treatment-route-1.webp&#8221; alt=&#8221;rto-PVC Industry-VOCs waste gas treatment route-1&#8243; title_text=&#8221;rto-PVC Industry-VOCs waste gas treatment route-1&#8243; _builder_version=&#8221;4.27.4&#8243; _module_preset=&#8221;default&#8221; global_colors_info=&#8221;{}&#8221;][\/et_pb_image][et_pb_image src=&#8221;https:\/\/regenerative-thermal-oxidation.com\/wp-content\/uploads\/2025\/08\/rto-PVC-Industry-VOCs-waste-gas-treatment-route-2.webp&#8221; alt=&#8221;rto-PVC Industry-VOCs waste gas treatment route-2&#8243; title_text=&#8221;rto-PVC Industry-VOCs waste gas treatment route-2&#8243; _builder_version=&#8221;4.27.4&#8243; _module_preset=&#8221;default&#8221; global_colors_info=&#8221;{}&#8221;][\/et_pb_image][\/et_pb_column][et_pb_column type=&#8221;1_2&#8243; _builder_version=&#8221;4.27.4&#8243; _module_preset=&#8221;default&#8221; global_colors_info=&#8221;{}&#8221;][et_pb_text _builder_version=&#8221;4.27.4&#8243; _module_preset=&#8221;f22b2269-0e2a-49f2-8da1-c07fd74d8fc9&#8243; text_font=&#8221;Poppins|300|||||||&#8221; text_font_size=&#8221;18px&#8221; text_line_height=&#8221;1.8em&#8221; locked=&#8221;off&#8221; global_colors_info=&#8221;{}&#8221;]<\/p>\n<p>Esta v\u00eda de tratamiento basada en la recuperaci\u00f3n electrost\u00e1tica se est\u00e1 eliminando gradualmente del mercado. Esto se debe a tres razones:<\/p>\n<ul>\n<li>El dispositivo de recuperaci\u00f3n electrost\u00e1tica presenta una eficiencia de tratamiento deficiente, ya que las pruebas muestran una tasa de eliminaci\u00f3n de gases residuales de tan solo 60%, lo que incumple los requisitos actuales de protecci\u00f3n ambiental. Adem\u00e1s, el dispositivo es ineficaz para eliminar olores.<\/li>\n<li>El DOTP y el aceite solvente recuperados se clasifican como residuos peligrosos, con altos costos de eliminaci\u00f3n.<\/li>\n<li>La unidad de recuperaci\u00f3n electrost\u00e1tica requiere la limpieza peri\u00f3dica de sus cilindros de electrodos. Este proceso genera aguas residuales, lo que provoca contaminaci\u00f3n secundaria y requiere un tratamiento adicional.<\/li>\n<\/ul>\n<p>[\/et_pb_text][\/et_pb_column][\/et_pb_row][et_pb_row _builder_version=&#8221;4.25.0&#8243; _module_preset=&#8221;default&#8221; max_width=&#8221;1280px&#8221; global_colors_info=&#8221;{}&#8221;][et_pb_column type=&#8221;4_4&#8243; _builder_version=&#8221;4.25.0&#8243; _module_preset=&#8221;default&#8221; global_colors_info=&#8221;{}&#8221;][et_pb_heading title=&#8221;A Better Choice &#8211; Rotary Valve Regenerative Thermal Incinerator (RTO)&#8221; _builder_version=&#8221;4.27.4&#8243; _module_preset=&#8221;06ff6e59-dfed-4a50-8917-52a61d753ddf&#8221; title_level=&#8221;h3&#8243; title_font=&#8221;Poppins|500|||||||&#8221; title_text_align=&#8221;center&#8221; title_font_size=&#8221;26px&#8221; title_line_height=&#8221;1.2em&#8221; custom_margin=&#8221;||0px||false|false&#8221; hover_enabled=&#8221;0&#8243; global_colors_info=&#8221;{}&#8221; title_text_color=&#8221;#000000&#8243; sticky_enabled=&#8221;0&#8243;][\/et_pb_heading][et_pb_image src=&#8221;https:\/\/regenerative-thermal-oxidation.com\/wp-content\/uploads\/2025\/08\/rto-PVC-Industry-RTO-advantages.webp&#8221; alt=&#8221;rto-PVC Industry-RTO-advantages&#8221; title_text=&#8221;rto-PVC Industry-RTO-advantages&#8221; align=&#8221;center&#8221; _builder_version=&#8221;4.27.4&#8243; _module_preset=&#8221;default&#8221; global_colors_info=&#8221;{}&#8221;][\/et_pb_image][et_pb_text _builder_version=&#8221;4.27.4&#8243; _module_preset=&#8221;f22b2269-0e2a-49f2-8da1-c07fd74d8fc9&#8243; text_font=&#8221;Poppins|300|||||||&#8221; text_font_size=&#8221;18px&#8221; text_line_height=&#8221;1.8em&#8221; locked=&#8221;off&#8221; global_colors_info=&#8221;{}&#8221;]<\/p>\n<ol>\n<li>Alta eficiencia de tratamiento y emisiones conformes, con una eficiencia de tratamiento que alcanza hasta 99,5%;<\/li>\n<li>No se genera contaminaci\u00f3n secundaria;<\/li>\n<li>Excelente eficiencia energ\u00e9tica: cuando la concentraci\u00f3n de gases de escape es suficientemente alta, se puede configurar un sistema de recuperaci\u00f3n de calor residual, lo que resulta en un bajo consumo de energ\u00eda operativa.<\/li>\n<\/ol>\n<p>[\/et_pb_text][\/et_pb_column][\/et_pb_row][et_pb_row _builder_version=&#8221;4.25.0&#8243; _module_preset=&#8221;default&#8221; max_width=&#8221;1280px&#8221; global_colors_info=&#8221;{}&#8221;][et_pb_column type=&#8221;4_4&#8243; _builder_version=&#8221;4.25.0&#8243; _module_preset=&#8221;default&#8221; global_colors_info=&#8221;{}&#8221;][et_pb_heading title=&#8221;Total Exhaust Gas Wolume: 100,000 m\u00b3\/h&#8221; _builder_version=&#8221;4.27.4&#8243; _module_preset=&#8221;06ff6e59-dfed-4a50-8917-52a61d753ddf&#8221; title_level=&#8221;h3&#8243; title_font=&#8221;Poppins|500|||||||&#8221; title_text_align=&#8221;center&#8221; title_font_size=&#8221;26px&#8221; title_line_height=&#8221;1.2em&#8221; custom_margin=&#8221;||0px||false|false&#8221; hover_enabled=&#8221;0&#8243; global_colors_info=&#8221;{}&#8221; title_text_color=&#8221;#000000&#8243; sticky_enabled=&#8221;0&#8243;][\/et_pb_heading][et_pb_image src=&#8221;https:\/\/regenerative-thermal-oxidation.com\/wp-content\/uploads\/2025\/08\/rto-PVC-Industry-VOCs-waste-gas-treatment-route-3-1.webp&#8221; alt=&#8221;rto-PVC Industry-VOCs waste gas treatment route&#8211;3&#8243; title_text=&#8221;rto-PVC Industry-VOCs waste gas treatment route&#8211;3&#8243; align=&#8221;center&#8221; _builder_version=&#8221;4.27.4&#8243; _module_preset=&#8221;default&#8221; global_colors_info=&#8221;{}&#8221;][\/et_pb_image][et_pb_text _builder_version=&#8221;4.27.4&#8243; _module_preset=&#8221;f22b2269-0e2a-49f2-8da1-c07fd74d8fc9&#8243; text_font=&#8221;Poppins|300|||||||&#8221; text_font_size=&#8221;18px&#8221; text_line_height=&#8221;1.8em&#8221; locked=&#8221;off&#8221; global_colors_info=&#8221;{}&#8221;]<\/p>\n<p>El equipo de producci\u00f3n de pisos resilientes de PVC de 7 capas y 7 secados, con una longitud total de 260 metros, incorpora un sistema de recolecci\u00f3n de gases de escape seccional con ventiladores de extracci\u00f3n de frecuencia variable y regulaci\u00f3n de presi\u00f3n negativa. Este sistema alcanza una tasa de captura de gases de escape superior a 951 TP\u00b3T y una eficiencia de tratamiento superior a 991 TP\u00b3T.<\/p>\n<p>[\/et_pb_text][\/et_pb_column][\/et_pb_row][\/et_pb_section][et_pb_section fb_built=&#8221;1&#8243; _builder_version=&#8221;4.25.0&#8243; _module_preset=&#8221;default&#8221; global_colors_info=&#8221;{}&#8221;][et_pb_row _builder_version=&#8221;4.25.0&#8243; _module_preset=&#8221;default&#8221; max_width=&#8221;1280px&#8221; global_colors_info=&#8221;{}&#8221;][et_pb_column type=&#8221;4_4&#8243; _builder_version=&#8221;4.25.0&#8243; _module_preset=&#8221;default&#8221; custom_padding=&#8221;100px|5%||5%|false|true&#8221; custom_padding_tablet=&#8221;0px|0%||0%|false|true&#8221; custom_padding_phone=&#8221;0px|0%||0%|false|true&#8221; custom_padding_last_edited=&#8221;on|tablet&#8221; global_colors_info=&#8221;{}&#8221;][et_pb_heading title=&#8221;Waste gas treatment technology for high-boiling-point components in elastic flooring&#8221; _builder_version=&#8221;4.27.4&#8243; _module_preset=&#8221;cd67e736-0126-4e3e-b711-2fed79c0c740&#8243; title_font=&#8221;Poppins||||||||&#8221; title_text_align=&#8221;center&#8221; hover_enabled=&#8221;0&#8243; locked=&#8221;off&#8221; global_colors_info=&#8221;{}&#8221; title_text_color=&#8221;#000000&#8243; sticky_enabled=&#8221;0&#8243;][\/et_pb_heading][et_pb_image src=&#8221;https:\/\/regenerative-thermal-oxidation.com\/wp-content\/uploads\/2025\/08\/rto-PVC-Industry-Anti-high-boiling-point-clogging-technology-1.webp&#8221; alt=&#8221;rto-PVC Industry-Anti-high boiling point clogging technology-1&#8243; title_text=&#8221;rto-PVC Industry-Anti-high boiling point clogging technology-1&#8243; _builder_version=&#8221;4.27.4&#8243; _module_preset=&#8221;default&#8221; global_colors_info=&#8221;{}&#8221;][\/et_pb_image][et_pb_text _builder_version=&#8221;4.27.4&#8243; _module_preset=&#8221;f22b2269-0e2a-49f2-8da1-c07fd74d8fc9&#8243; text_font=&#8221;Poppins|300|||||||&#8221; text_font_size=&#8221;18px&#8221; text_line_height=&#8221;1.8em&#8221; header_font=&#8221;|300|||||||&#8221; locked=&#8221;off&#8221; global_colors_info=&#8221;{}&#8221;]<\/p>\n<p>RP Techniek BV desarroll\u00f3 en 2017 una tecnolog\u00eda para evitar la obstrucci\u00f3n de los ladrillos de almacenamiento de calor por puntos de ebullici\u00f3n elevados y la ha aplicado en m\u00e1s de 80 casos.<\/p>\n<p>[\/et_pb_text][et_pb_heading title=&#8221;Exhaust Gas Heating Technology&#8221; _builder_version=&#8221;4.27.4&#8243; _module_preset=&#8221;06ff6e59-dfed-4a50-8917-52a61d753ddf&#8221; title_level=&#8221;h3&#8243; title_font=&#8221;Poppins|500|||||||&#8221; title_text_align=&#8221;center&#8221; title_font_size=&#8221;26px&#8221; title_line_height=&#8221;1.2em&#8221; custom_margin=&#8221;||0px||false|false&#8221; hover_enabled=&#8221;0&#8243; global_colors_info=&#8221;{}&#8221; title_text_color=&#8221;#000000&#8243; sticky_enabled=&#8221;0&#8243;][\/et_pb_heading][et_pb_image src=&#8221;https:\/\/regenerative-thermal-oxidation.com\/wp-content\/uploads\/2025\/08\/rto-PVC-Industry-Exhaust-gas-heating-technology-1.webp&#8221; alt=&#8221;rto-PVC Industry-Exhaust gas heating technology-1&#8243; title_text=&#8221;rto-PVC Industry-Exhaust gas heating technology-1&#8243; _builder_version=&#8221;4.27.4&#8243; _module_preset=&#8221;default&#8221; global_colors_info=&#8221;{}&#8221;][\/et_pb_image][et_pb_heading title=&#8221;Thermal Storage Brick Quick Replacement Technology&#8221; _builder_version=&#8221;4.27.4&#8243; _module_preset=&#8221;06ff6e59-dfed-4a50-8917-52a61d753ddf&#8221; title_level=&#8221;h3&#8243; title_font=&#8221;Poppins|500|||||||&#8221; title_text_align=&#8221;center&#8221; title_font_size=&#8221;26px&#8221; title_line_height=&#8221;1.2em&#8221; custom_margin=&#8221;||0px||false|false&#8221; hover_enabled=&#8221;0&#8243; global_colors_info=&#8221;{}&#8221; title_text_color=&#8221;#000000&#8243; sticky_enabled=&#8221;0&#8243;][\/et_pb_heading][et_pb_image src=&#8221;https:\/\/regenerative-thermal-oxidation.com\/wp-content\/uploads\/2025\/08\/rto-PVC-Industry-Thermal-storage-brick-quick-replacement-technology-1.webp&#8221; alt=&#8221;rto-PVC Industry-Thermal storage brick quick replacement technology-1&#8243; title_text=&#8221;rto-PVC Industry-Thermal storage brick quick replacement technology-1&#8243; align=&#8221;center&#8221; _builder_version=&#8221;4.27.4&#8243; _module_preset=&#8221;default&#8221; global_colors_info=&#8221;{}&#8221;][\/et_pb_image][\/et_pb_column][\/et_pb_row][\/et_pb_section][et_pb_section fb_built=&#8221;1&#8243; _builder_version=&#8221;4.25.0&#8243; _module_preset=&#8221;default&#8221; global_colors_info=&#8221;{}&#8221;][et_pb_row _builder_version=&#8221;4.25.0&#8243; _module_preset=&#8221;default&#8221; max_width=&#8221;1280px&#8221; global_colors_info=&#8221;{}&#8221;][et_pb_column type=&#8221;4_4&#8243; _builder_version=&#8221;4.25.0&#8243; _module_preset=&#8221;default&#8221; global_colors_info=&#8221;{}&#8221;][et_pb_heading title=&#8221;Excellent Energy Efficiency&#8221; _builder_version=&#8221;4.27.4&#8243; _module_preset=&#8221;cd67e736-0126-4e3e-b711-2fed79c0c740&#8243; title_font=&#8221;Poppins||||||||&#8221; title_text_align=&#8221;center&#8221; hover_enabled=&#8221;0&#8243; locked=&#8221;off&#8221; global_colors_info=&#8221;{}&#8221; title_text_color=&#8221;#000000&#8243; sticky_enabled=&#8221;0&#8243;][\/et_pb_heading][et_pb_text _builder_version=&#8221;4.27.4&#8243; _module_preset=&#8221;f22b2269-0e2a-49f2-8da1-c07fd74d8fc9&#8243; text_font=&#8221;Poppins|300|||||||&#8221; text_font_size=&#8221;18px&#8221; text_line_height=&#8221;1.8em&#8221; locked=&#8221;off&#8221; global_colors_info=&#8221;{}&#8221;]<\/p>\n<p>El tiempo de encendido del quemador RTO representa solo 10% de su tiempo total de funcionamiento, lo que reduce los costos de tratamiento de gases de escape.<\/p>\n<p>[\/et_pb_text][\/et_pb_column][\/et_pb_row][et_pb_row _builder_version=&#8221;4.25.0&#8243; _module_preset=&#8221;default&#8221; max_width=&#8221;1280px&#8221; global_colors_info=&#8221;{}&#8221;][et_pb_column type=&#8221;4_4&#8243; _builder_version=&#8221;4.25.0&#8243; _module_preset=&#8221;default&#8221; global_colors_info=&#8221;{}&#8221;][et_pb_image src=&#8221;https:\/\/regenerative-thermal-oxidation.com\/wp-content\/uploads\/2025\/08\/rto-PVC-Industry-Energy-saving-1.webp&#8221; alt=&#8221;rto-PVC Industry-Energy saving-1&#8243; title_text=&#8221;rto-PVC Industry-Energy saving-1&#8243; _builder_version=&#8221;4.27.4&#8243; _module_preset=&#8221;default&#8221; border_radii=&#8221;on|6px|6px|6px|6px&#8221; global_colors_info=&#8221;{}&#8221;][\/et_pb_image][\/et_pb_column][\/et_pb_row][\/et_pb_section][et_pb_section fb_built=&#8221;1&#8243; _builder_version=&#8221;4.25.0&#8243; _module_preset=&#8221;default&#8221; global_colors_info=&#8221;{}&#8221;][et_pb_row _builder_version=&#8221;4.25.0&#8243; _module_preset=&#8221;default&#8221; max_width=&#8221;1280px&#8221; global_colors_info=&#8221;{}&#8221;][et_pb_column type=&#8221;4_4&#8243; _builder_version=&#8221;4.25.0&#8243; _module_preset=&#8221;default&#8221; global_colors_info=&#8221;{}&#8221;][et_pb_heading title=&#8221;Compliance with standards&#8221; _builder_version=&#8221;4.27.4&#8243; _module_preset=&#8221;cd67e736-0126-4e3e-b711-2fed79c0c740&#8243; title_font=&#8221;Poppins||||||||&#8221; title_text_align=&#8221;center&#8221; hover_enabled=&#8221;0&#8243; locked=&#8221;off&#8221; global_colors_info=&#8221;{}&#8221; title_text_color=&#8221;#000000&#8243; sticky_enabled=&#8221;0&#8243;][\/et_pb_heading][et_pb_text _builder_version=&#8221;4.27.4&#8243; _module_preset=&#8221;f22b2269-0e2a-49f2-8da1-c07fd74d8fc9&#8243; text_font=&#8221;Poppins|300|||||||&#8221; text_font_size=&#8221;18px&#8221; text_line_height=&#8221;1.8em&#8221; locked=&#8221;off&#8221; global_colors_info=&#8221;{}&#8221;]<\/p>\n<p>Seg\u00fan pruebas de terceros, la concentraci\u00f3n de COV en la salida del RTO es inferior a 30 mg\/m\u00b3, lo que cumple plenamente los requisitos de protecci\u00f3n medioambiental.<\/p>\n<p>[\/et_pb_text][\/et_pb_column][\/et_pb_row][et_pb_row _builder_version=&#8221;4.25.0&#8243; _module_preset=&#8221;default&#8221; max_width=&#8221;1280px&#8221; global_colors_info=&#8221;{}&#8221;][et_pb_column type=&#8221;4_4&#8243; _builder_version=&#8221;4.25.0&#8243; _module_preset=&#8221;default&#8221; global_colors_info=&#8221;{}&#8221;][et_pb_image src=&#8221;https:\/\/regenerative-thermal-oxidation.com\/wp-content\/uploads\/2025\/08\/rto-PVC-Industry-Compliance-with-standards-3.webp&#8221; alt=&#8221;rto-PVC Industry-Compliance with standards-3&#8243; title_text=&#8221;rto-PVC Industry-Compliance with standards-3&#8243; _builder_version=&#8221;4.27.4&#8243; _module_preset=&#8221;default&#8221; border_radii=&#8221;on|6px|6px|6px|6px&#8221; global_colors_info=&#8221;{}&#8221;][\/et_pb_image][\/et_pb_column][\/et_pb_row][\/et_pb_section][et_pb_section fb_built=&#8221;1&#8243; _builder_version=&#8221;4.25.0&#8243; _module_preset=&#8221;default&#8221; global_colors_info=&#8221;{}&#8221;][et_pb_row _builder_version=&#8221;4.25.0&#8243; _module_preset=&#8221;default&#8221; global_colors_info=&#8221;{}&#8221;][et_pb_column type=&#8221;4_4&#8243; _builder_version=&#8221;4.25.0&#8243; _module_preset=&#8221;default&#8221; global_colors_info=&#8221;{}&#8221;][et_pb_button button_text=&#8221;Case&#8221; _builder_version=&#8221;4.27.4&#8243; _module_preset=&#8221;default&#8221; custom_button=&#8221;on&#8221; button_bg_color=&#8221;#16264a&#8221; button_bg_enable_color=&#8221;on&#8221; button_text_color=&#8221;#FFFFFF&#8221; button_border_width=&#8221;0px&#8221; button_border_radius=&#8221;0px&#8221; button_font=&#8221;Poppins|600|||||||&#8221; button_text_size=&#8221;14px&#8221; custom_padding=&#8221;12px|24px|12px|24px|true|true&#8221; hover_enabled=&#8221;0&#8243; sticky_enabled=&#8221;0&#8243; button_alignment=&#8221;center&#8221; button_icon=&#8221;&#x45;||divi||400&#8243;][\/et_pb_button][\/et_pb_column][\/et_pb_row][\/et_pb_section]<\/p>","protected":false},"excerpt":{"rendered":"<p>Regenerative Thermal Oxidizers (RTOs) provide a critical end-of-pipe treatment solution for the PVC elastic flooring industry. By ensuring high destruction efficiency, RTO systems enable manufacturers to meet stringent environmental regulations while minimizing odor and secondary pollution. With robust adaptability to varying volatile organic compound (VOCs) concentrations and production conditions, RTOs have become an indispensable technology [&hellip;]<\/p>","protected":false},"author":1,"featured_media":0,"parent":474,"menu_order":0,"comment_status":"closed","ping_status":"closed","template":"","meta":{"_et_pb_use_builder":"on","_et_pb_old_content":"","_et_gb_content_width":"","footnotes":""},"class_list":["post-852","page","type-page","status-publish","hentry"],"_links":{"self":[{"href":"https:\/\/regenerative-thermal-oxidation.com\/es\/wp-json\/wp\/v2\/pages\/852","targetHints":{"allow":["GET"]}}],"collection":[{"href":"https:\/\/regenerative-thermal-oxidation.com\/es\/wp-json\/wp\/v2\/pages"}],"about":[{"href":"https:\/\/regenerative-thermal-oxidation.com\/es\/wp-json\/wp\/v2\/types\/page"}],"author":[{"embeddable":true,"href":"https:\/\/regenerative-thermal-oxidation.com\/es\/wp-json\/wp\/v2\/users\/1"}],"replies":[{"embeddable":true,"href":"https:\/\/regenerative-thermal-oxidation.com\/es\/wp-json\/wp\/v2\/comments?post=852"}],"version-history":[{"count":30,"href":"https:\/\/regenerative-thermal-oxidation.com\/es\/wp-json\/wp\/v2\/pages\/852\/revisions"}],"predecessor-version":[{"id":1058,"href":"https:\/\/regenerative-thermal-oxidation.com\/es\/wp-json\/wp\/v2\/pages\/852\/revisions\/1058"}],"up":[{"embeddable":true,"href":"https:\/\/regenerative-thermal-oxidation.com\/es\/wp-json\/wp\/v2\/pages\/474"}],"wp:attachment":[{"href":"https:\/\/regenerative-thermal-oxidation.com\/es\/wp-json\/wp\/v2\/media?parent=852"}],"curies":[{"name":"wp","href":"https:\/\/api.w.org\/{rel}","templated":true}]}}