{"id":346,"date":"2025-08-22T06:24:11","date_gmt":"2025-08-22T06:24:11","guid":{"rendered":"https:\/\/regenerative-thermal-oxidation.com\/?post_type=product&#038;p=346"},"modified":"2025-08-25T06:12:17","modified_gmt":"2025-08-25T06:12:17","slug":"valvula-rotativa-clasica-rto","status":"publish","type":"product","link":"https:\/\/regenerative-thermal-oxidation.com\/es\/product\/valvula-rotativa-clasica-rto\/","title":{"rendered":"V\u00e1lvula rotativa cl\u00e1sica RTO"},"content":{"rendered":"<p>El oxidador t\u00e9rmico regenerativo de v\u00e1lvula rotativa (RTO) purifica los gases residuales mediante su oxidaci\u00f3n en \u00f3xidos y agua a altas temperaturas, logrando una eficiencia de descomposici\u00f3n superior al 99,51 TP\u00b3T y una eficiencia de recuperaci\u00f3n de calor superior al 971 TP\u00b3T. Consta de una c\u00e1mara de combusti\u00f3n, un lecho cer\u00e1mico y una v\u00e1lvula rotativa, dividida en 12 c\u00e1maras para una distribuci\u00f3n eficiente del gas. La v\u00e1lvula motorizada gira continuamente, gestionando el flujo de gases de escape. Adem\u00e1s, cuando la concentraci\u00f3n de gases de escape es alta, una caldera de recuperaci\u00f3n de calor residual puede convertir los gases residuales en recursos valiosos como aire caliente, agua caliente, vapor o aceite t\u00e9rmico.<\/p>\n<p><img loading=\"lazy\" decoding=\"async\" class=\"aligncenter wp-image-199 size-large\" src=\"https:\/\/regenerative-thermal-oxidation.com\/wp-content\/uploads\/2025\/08\/Classic-Rotary-Valve-RTO-3-1024x1024.webp\" alt=\"V\u00e1lvula rotativa cl\u00e1sica RTO-3\" width=\"1024\" height=\"1024\" srcset=\"https:\/\/regenerative-thermal-oxidation.com\/wp-content\/uploads\/2025\/08\/Classic-Rotary-Valve-RTO-3-1024x1024.webp 1024w, https:\/\/regenerative-thermal-oxidation.com\/wp-content\/uploads\/2025\/08\/Classic-Rotary-Valve-RTO-3-980x980.webp 980w, https:\/\/regenerative-thermal-oxidation.com\/wp-content\/uploads\/2025\/08\/Classic-Rotary-Valve-RTO-3-480x480.webp 480w\" sizes=\"(min-width: 0px) and (max-width: 480px) 480px, (min-width: 481px) and (max-width: 980px) 980px, (min-width: 981px) 1024px, 100vw\" \/><\/p>\n<h2><strong>Comparaci\u00f3n de par\u00e1metros de rendimiento de dos tipos de v\u00e1lvulas de conmutaci\u00f3n RTO de gran capacidad<\/strong><\/h2>\n<div style=\"overflow-x: auto;\">\n<table style=\"max-width: 100%; overflow-x: auto;\" border=\"1\">\n<tbody>\n<tr style=\"height: 14.40pt;\">\n<td class=\"et2\" style=\"height: 14.4pt; width: 183pt; text-align: center;\" width=\"305\" height=\"24\"><strong>Par\u00e1metro de rendimiento<\/strong><\/td>\n<td class=\"et2\" style=\"width: 183pt; text-align: center;\" width=\"305\"><strong>V\u00e1lvula rotativa RTO<\/strong><\/td>\n<td class=\"et2\" style=\"width: 183pt; text-align: center;\" width=\"305\"><strong>V\u00e1lvula de asiento RTO<\/strong><\/td>\n<\/tr>\n<tr style=\"height: 14.40pt;\">\n<td class=\"et2\" style=\"height: 14.4pt; width: 183pt; text-align: center;\" width=\"305\" height=\"24\">Capacidad de procesamiento<\/td>\n<td class=\"et2\" style=\"width: 183pt; text-align: center;\" width=\"305\">300000 Nm\u00b3\/h<\/td>\n<td class=\"et2\" style=\"width: 183pt; text-align: center;\" width=\"305\">300000 Nm\u00b3\/h<\/td>\n<\/tr>\n<tr style=\"height: 14.40pt;\">\n<td class=\"et2\" style=\"height: 14.4pt; width: 183pt; text-align: center;\" width=\"305\" height=\"24\">Estructura de la v\u00e1lvula<\/td>\n<td class=\"et2\" style=\"width: 183pt; text-align: center;\" width=\"305\">V\u00e1lvula rotativa<\/td>\n<td class=\"et2\" style=\"width: 183pt; text-align: center;\" width=\"305\">V\u00e1lvula de asiento\/v\u00e1lvula de mariposa<\/td>\n<\/tr>\n<tr style=\"height: 14.40pt;\">\n<td class=\"et2\" style=\"height: 14.4pt; width: 183pt; text-align: center;\" width=\"305\" height=\"24\">N\u00famero de v\u00e1lvulas<\/td>\n<td class=\"et2\" style=\"width: 183pt; text-align: center;\" width=\"305\">3<\/td>\n<td class=\"et2\" style=\"width: 183pt; text-align: center;\" width=\"305\">27<\/td>\n<\/tr>\n<tr style=\"height: 28.80pt;\">\n<td class=\"et2\" style=\"height: 28.8pt; width: 183pt; text-align: center;\" width=\"305\" height=\"48\">Frecuencia de impacto de conmutaci\u00f3n de v\u00e1lvulas<\/td>\n<td class=\"et2\" style=\"width: 183pt; text-align: center;\" width=\"305\">Funcionamiento continuo sin impacto<\/td>\n<td class=\"et2\" style=\"width: 183pt; text-align: center;\" width=\"305\">6,48 millones de veces al a\u00f1o<\/td>\n<\/tr>\n<tr style=\"height: 14.40pt;\">\n<td class=\"et2\" style=\"height: 14.4pt; width: 183pt; text-align: center;\" width=\"305\" height=\"24\">N\u00famero de camas regenerativas<\/td>\n<td class=\"et2\" style=\"width: 183pt; text-align: center;\" width=\"305\">36<\/td>\n<td class=\"et2\" style=\"width: 183pt; text-align: center;\" width=\"305\">9<\/td>\n<\/tr>\n<tr style=\"height: 14.40pt;\">\n<td class=\"et2\" style=\"height: 14.4pt; width: 183pt; text-align: center;\" width=\"305\" height=\"24\">Volumen de aire por c\u00e1mara<\/td>\n<td class=\"et2\" style=\"width: 183pt; text-align: center;\" width=\"305\">20000 Nm\u00b3\/h<\/td>\n<td class=\"et2\" style=\"width: 183pt; text-align: center;\" width=\"305\">75000 Nm\u00b3\/h<\/td>\n<\/tr>\n<tr style=\"height: 28.80pt;\">\n<td class=\"et2\" style=\"height: 28.8pt; width: 183pt; text-align: center;\" width=\"305\" height=\"48\">\u00c1rea de secci\u00f3n transversal de flujo por c\u00e1mara regenerativa<\/td>\n<td class=\"et2\" style=\"width: 183pt; text-align: center;\" width=\"305\">3300 kilogramos<\/td>\n<td class=\"et2\" style=\"width: 183pt; text-align: center;\" width=\"305\">15600 kilogramos<\/td>\n<\/tr>\n<tr style=\"height: 14.40pt;\">\n<td class=\"et2\" style=\"height: 14.4pt; width: 183pt; text-align: center;\" width=\"305\" height=\"24\">N\u00famero de quemadores<\/td>\n<td class=\"et2\" style=\"width: 183pt; text-align: center;\" width=\"305\">3<\/td>\n<td class=\"et2\" style=\"width: 183pt; text-align: center;\" width=\"305\">5<\/td>\n<\/tr>\n<tr style=\"height: 14.40pt;\">\n<td class=\"et2\" style=\"height: 14.4pt; width: 183pt; text-align: center;\" width=\"305\" height=\"24\">Huella (Largo \u00d7 Ancho)<\/td>\n<td class=\"et2\" style=\"width: 183pt; text-align: center;\" width=\"305\">26 m \u00d7 8 m<\/td>\n<td class=\"et2\" style=\"width: 183pt; text-align: center;\" width=\"305\">48 m \u00d7 5 m<\/td>\n<\/tr>\n<tr>\n<td style=\"width: 183pt; text-align: center;\">Gr\u00e1fico<\/td>\n<td style=\"width: 183pt; text-align: center;\"><img loading=\"lazy\" decoding=\"async\" class=\"alignnone size-medium wp-image-421\" src=\"https:\/\/regenerative-thermal-oxidation.com\/wp-content\/uploads\/2025\/08\/Performance-Parameter-Comparison-of-Two-Types-of-Large-Capacity-RTO-Switching-Valves-Rotary-Valve-RTO-300x179.webp\" alt=\"Comparaci\u00f3n de par\u00e1metros de rendimiento de dos tipos de v\u00e1lvulas de conmutaci\u00f3n RTO de gran capacidad: v\u00e1lvula rotativa RTO\" width=\"300\" height=\"179\" srcset=\"https:\/\/regenerative-thermal-oxidation.com\/wp-content\/uploads\/2025\/08\/Performance-Parameter-Comparison-of-Two-Types-of-Large-Capacity-RTO-Switching-Valves-Rotary-Valve-RTO-300x179.webp 300w, https:\/\/regenerative-thermal-oxidation.com\/wp-content\/uploads\/2025\/08\/Performance-Parameter-Comparison-of-Two-Types-of-Large-Capacity-RTO-Switching-Valves-Rotary-Valve-RTO.webp 347w\" sizes=\"(max-width: 300px) 100vw, 300px\" \/><\/td>\n<td style=\"width: 183pt; text-align: center;\"><img loading=\"lazy\" decoding=\"async\" class=\"alignnone size-medium wp-image-420\" src=\"https:\/\/regenerative-thermal-oxidation.com\/wp-content\/uploads\/2025\/08\/Performance-Parameter-Comparison-of-Two-Types-of-Large-Capacity-RTO-Switching-Valves-Poppet-Valve-RTO-300x119.webp\" alt=\"Comparaci\u00f3n de par\u00e1metros de rendimiento de dos tipos de v\u00e1lvulas de conmutaci\u00f3n RTO de gran capacidad: v\u00e1lvula de asiento RTO\" width=\"300\" height=\"119\" srcset=\"https:\/\/regenerative-thermal-oxidation.com\/wp-content\/uploads\/2025\/08\/Performance-Parameter-Comparison-of-Two-Types-of-Large-Capacity-RTO-Switching-Valves-Poppet-Valve-RTO-300x119.webp 300w, https:\/\/regenerative-thermal-oxidation.com\/wp-content\/uploads\/2025\/08\/Performance-Parameter-Comparison-of-Two-Types-of-Large-Capacity-RTO-Switching-Valves-Poppet-Valve-RTO.webp 415w\" sizes=\"(max-width: 300px) 100vw, 300px\" \/><\/td>\n<\/tr>\n<\/tbody>\n<\/table>\n<\/div>\n<h2><\/h2>\n<h2><strong>Caracter\u00edsticas de la v\u00e1lvula rotativa cl\u00e1sica RTO<\/strong><\/h2>\n<ul>\n<li><strong>Dise\u00f1o compacto que ahorra espacio<\/strong><br \/>\nEste sistema presenta una estructura altamente integrada que ocupa muy poco espacio. La innovadora configuraci\u00f3n de v\u00e1lvulas rotativas elimina la necesidad de m\u00faltiples v\u00e1lvulas tradicionales y complejas configuraciones de tuber\u00edas. Su dise\u00f1o optimizado optimiza el uso del espacio sin comprometer la funcionalidad. Su dise\u00f1o compacto lo hace ideal para instalaciones con espacio limitado.<\/li>\n<li><strong>Funcionamiento suave y estable<\/strong><br \/>\nEl movimiento rotatorio continuo garantiza un rendimiento constante sin fluctuaciones de presi\u00f3n. Este sistema funciona con una estabilidad excepcional gracias a la ausencia de cambios bruscos de presi\u00f3n. La transici\u00f3n fluida entre ciclos mantiene un flujo de aire constante y el control de la temperatura. Esta estabilidad operativa contribuye a una menor tensi\u00f3n mec\u00e1nica y a una eficiencia de tratamiento constante.<\/li>\n<li><strong>Vida \u00fatil prolongada de los componentes cr\u00edticos<\/strong><br \/>\nLos elementos clave se fabrican con materiales de primera calidad resistentes al desgaste, dise\u00f1ados espec\u00edficamente para una mayor durabilidad. El mecanismo de rotaci\u00f3n reduce significativamente las fuerzas de impacto en comparaci\u00f3n con los sistemas de conmutaci\u00f3n convencionales. Este dise\u00f1o minimiza el desgaste de las superficies de sellado y las piezas m\u00f3viles. La mayor durabilidad se traduce en intervalos de servicio m\u00e1s largos y menores requisitos de mantenimiento.<\/li>\n<li><strong>Reducci\u00f3n de la complejidad operativa<\/strong><br \/>\nEl dise\u00f1o mec\u00e1nico simplificado incorpora menos piezas m\u00f3viles que los sistemas convencionales. Esta configuraci\u00f3n requiere un menor consumo de energ\u00eda auxiliar, manteniendo al mismo tiempo la funcionalidad completa. El sistema funciona eficazmente en condiciones de carga variables sin comprometer el rendimiento. Esta eficiencia contribuye a reducir los costos operativos y simplifica la gesti\u00f3n del sistema.<\/li>\n<li><strong>Eficiencia de rendimiento superior<\/strong><br \/>\nLa gesti\u00f3n t\u00e9rmica avanzada garantiza un rendimiento de purificaci\u00f3n y recuperaci\u00f3n de energ\u00eda excepcionales. La distribuci\u00f3n optimizada del flujo mantiene una excelente eficiencia de destrucci\u00f3n en todos los ciclos operativos. El eficaz sistema de regeneraci\u00f3n de calor maximiza la recuperaci\u00f3n t\u00e9rmica y minimiza el consumo de combustible. Estas caracter\u00edsticas combinadas ofrecen un rendimiento ambiental excepcional y una econom\u00eda operativa.<img loading=\"lazy\" decoding=\"async\" class=\"wp-image-358 aligncenter\" src=\"https:\/\/regenerative-thermal-oxidation.com\/wp-content\/uploads\/2025\/08\/Classic-Rotary-Valve-RTO-2.webp\" alt=\"\" width=\"800\" height=\"800\" \/><\/li>\n<\/ul>\n<h2><strong>\u00bfC\u00f3mo funciona un oxidante t\u00e9rmico regenerativo?<\/strong><\/h2>\n<p>Los oxidadores t\u00e9rmicos regenerativos (RTO) funcionan dirigiendo el aire contaminado a trav\u00e9s de un sistema de per\u00f3xido, generalmente con la ayuda de un ventilador. El flujo de aire a trav\u00e9s del RTO se gestiona mediante una v\u00e1lvula que lo canaliza hacia uno de dos intercambiadores de calor, que contienen lechos diel\u00e9ctricos cer\u00e1micos. El sistema incluye al menos dos lechos diel\u00e9ctricos cer\u00e1micos (de silla de montar o de bloques estructurados) como intercambiadores de calor. A medida que el aire contaminado fluye a trav\u00e9s del primer lecho, absorbe calor del material cer\u00e1mico caliente antes de entrar en la c\u00e1mara de combusti\u00f3n.<\/p>\n<p>En la c\u00e1mara de combusti\u00f3n, el aire se mantiene a una temperatura superior a 1500 \u00b0F durante un tiempo de residencia espec\u00edfico de m\u00e1s de 5 segundos, lo que permite la oxidaci\u00f3n de COV y HAP en di\u00f3xido de carbono y vapor de agua. El aire caliente y limpio pasa al segundo lecho cer\u00e1mico para recuperar calor y reutilizarlo. El aire limpio enfriado se libera posteriormente a la atm\u00f3sfera. La v\u00e1lvula invierte la direcci\u00f3n cada pocos minutos, alternando el flujo de aire para facilitar la transferencia de calor entre los dos lechos cer\u00e1micos. Este mecanismo contribuye a la alta eficiencia de combustible y a los bajos costos operativos de los RTO, lo que los convierte en una soluci\u00f3n eficaz para la reducci\u00f3n de COV.<\/p>\n<p><img loading=\"lazy\" decoding=\"async\" class=\"aligncenter wp-image-225 size-full\" src=\"https:\/\/regenerative-thermal-oxidation.com\/wp-content\/uploads\/2025\/08\/regenerative-thermal-oxidiser-working-principle.webp\" alt=\"Principio de funcionamiento del oxidante t\u00e9rmico regenerativo\" width=\"1010\" height=\"678\" srcset=\"https:\/\/regenerative-thermal-oxidation.com\/wp-content\/uploads\/2025\/08\/regenerative-thermal-oxidiser-working-principle.webp 1010w, https:\/\/regenerative-thermal-oxidation.com\/wp-content\/uploads\/2025\/08\/regenerative-thermal-oxidiser-working-principle-980x658.webp 980w, https:\/\/regenerative-thermal-oxidation.com\/wp-content\/uploads\/2025\/08\/regenerative-thermal-oxidiser-working-principle-480x322.webp 480w\" sizes=\"(min-width: 0px) and (max-width: 480px) 480px, (min-width: 481px) and (max-width: 980px) 980px, (min-width: 981px) 1010px, 100vw\" \/><\/p>\n<h2><strong>Proceso de producci\u00f3n de oxidantes t\u00e9rmicos regenerativos<\/strong><\/h2>\n<p>Todos los productos se fabrican internamente, comenzando con el corte por l\u00e1ser y el granallado automatizado de placas de acero. Los componentes y el cuerpo principal del RTO se sueldan meticulosamente, seguidos de procesos de premontaje y secado controlado. Se implementa un estricto sistema de inspecci\u00f3n multietapa en cada fase para garantizar la calidad y consistencia del producto. Toda la operaci\u00f3n est\u00e1 respaldada por el software SAP integrado y una aplicaci\u00f3n de panel de progreso en tiempo real, lo que garantiza una trazabilidad completa y una gesti\u00f3n eficiente del flujo de trabajo. Este enfoque digitalizado permite una entrega r\u00e1pida de productos, manteniendo altos est\u00e1ndares de fabricaci\u00f3n durante todo el ciclo de producci\u00f3n.<\/p>\n<p><img loading=\"lazy\" decoding=\"async\" class=\"aligncenter wp-image-426 size-full\" src=\"https:\/\/regenerative-thermal-oxidation.com\/wp-content\/uploads\/2025\/08\/regenerative-thermal-oxidiser-Manufacturing-capability.webp\" alt=\"Capacidad de fabricaci\u00f3n de oxidadores t\u00e9rmicos regenerativos\" width=\"1154\" height=\"530\" srcset=\"https:\/\/regenerative-thermal-oxidation.com\/wp-content\/uploads\/2025\/08\/regenerative-thermal-oxidiser-Manufacturing-capability.webp 1154w, https:\/\/regenerative-thermal-oxidation.com\/wp-content\/uploads\/2025\/08\/regenerative-thermal-oxidiser-Manufacturing-capability-980x450.webp 980w, https:\/\/regenerative-thermal-oxidation.com\/wp-content\/uploads\/2025\/08\/regenerative-thermal-oxidiser-Manufacturing-capability-480x220.webp 480w\" sizes=\"(min-width: 0px) and (max-width: 480px) 480px, (min-width: 481px) and (max-width: 980px) 980px, (min-width: 981px) 1154px, 100vw\" \/><\/p>","protected":false},"excerpt":{"rendered":"<p>El oxidador t\u00e9rmico regenerativo de v\u00e1lvula rotativa (RTO) purifica los gases residuales mediante su oxidaci\u00f3n en \u00f3xidos y agua a altas temperaturas, logrando una eficiencia de descomposici\u00f3n superior al 99,51 TP\u00b3T y una eficiencia de recuperaci\u00f3n de calor superior al 971 TP\u00b3T. Consta de una c\u00e1mara de combusti\u00f3n, un lecho cer\u00e1mico y una v\u00e1lvula rotativa, dividida en 12 c\u00e1maras para una distribuci\u00f3n eficiente del gas. La v\u00e1lvula motorizada gira continuamente, gestionando el flujo de gases de escape. Adem\u00e1s, cuando la concentraci\u00f3n de gases de escape es alta, una caldera de recuperaci\u00f3n de calor residual puede convertir los gases residuales en recursos valiosos como aire caliente, agua caliente, vapor o aceite t\u00e9rmico.<\/p>","protected":false},"featured_media":199,"comment_status":"open","ping_status":"closed","template":"","meta":{"_et_pb_use_builder":"","_et_pb_old_content":"","_et_gb_content_width":""},"product_brand":[],"product_cat":[19],"product_tag":[],"class_list":{"0":"post-346","1":"product","2":"type-product","3":"status-publish","4":"has-post-thumbnail","6":"product_cat-regenerative-thermal-oxidizer","8":"first","9":"instock","10":"shipping-taxable","11":"product-type-simple"},"_links":{"self":[{"href":"https:\/\/regenerative-thermal-oxidation.com\/es\/wp-json\/wp\/v2\/product\/346","targetHints":{"allow":["GET"]}}],"collection":[{"href":"https:\/\/regenerative-thermal-oxidation.com\/es\/wp-json\/wp\/v2\/product"}],"about":[{"href":"https:\/\/regenerative-thermal-oxidation.com\/es\/wp-json\/wp\/v2\/types\/product"}],"replies":[{"embeddable":true,"href":"https:\/\/regenerative-thermal-oxidation.com\/es\/wp-json\/wp\/v2\/comments?post=346"}],"wp:featuredmedia":[{"embeddable":true,"href":"https:\/\/regenerative-thermal-oxidation.com\/es\/wp-json\/wp\/v2\/media\/199"}],"wp:attachment":[{"href":"https:\/\/regenerative-thermal-oxidation.com\/es\/wp-json\/wp\/v2\/media?parent=346"}],"wp:term":[{"taxonomy":"product_brand","embeddable":true,"href":"https:\/\/regenerative-thermal-oxidation.com\/es\/wp-json\/wp\/v2\/product_brand?post=346"},{"taxonomy":"product_cat","embeddable":true,"href":"https:\/\/regenerative-thermal-oxidation.com\/es\/wp-json\/wp\/v2\/product_cat?post=346"},{"taxonomy":"product_tag","embeddable":true,"href":"https:\/\/regenerative-thermal-oxidation.com\/es\/wp-json\/wp\/v2\/product_tag?post=346"}],"curies":[{"name":"wp","href":"https:\/\/api.w.org\/{rel}","templated":true}]}}