{"id":1284,"date":"2025-09-04T05:26:08","date_gmt":"2025-09-04T05:26:08","guid":{"rendered":"https:\/\/regenerative-thermal-oxidation.com\/?page_id=1284"},"modified":"2025-09-04T07:40:40","modified_gmt":"2025-09-04T07:40:40","slug":"solutions-de-traitement-pour-fours-industriels","status":"publish","type":"page","link":"https:\/\/regenerative-thermal-oxidation.com\/fr\/solution-de-traitement\/solutions-de-traitement-pour-fours-industriels\/","title":{"rendered":"Solutions de traitement pour fours industriels"},"content":{"rendered":"<p>[et_pb_section fb_built=&#8221;1&#8243; _builder_version=&#8221;4.25.0&#8243; _module_preset=&#8221;default&#8221; global_colors_info=&#8221;{}&#8221;][et_pb_row column_structure=&#8221;1_2,1_2&#8243; _builder_version=&#8221;4.25.0&#8243; _module_preset=&#8221;default&#8221; max_width=&#8221;1280px&#8221; global_colors_info=&#8221;{}&#8221;][et_pb_column type=&#8221;1_2&#8243; _builder_version=&#8221;4.25.0&#8243; _module_preset=&#8221;default&#8221; custom_padding=&#8221;60px||||false|false&#8221; custom_padding_tablet=&#8221;0px||||false|false&#8221; custom_padding_phone=&#8221;0px||||false|false&#8221; custom_padding_last_edited=&#8221;on|tablet&#8221; global_colors_info=&#8221;{}&#8221;][et_pb_heading title=&#8221;Industrial Kiln Treatment Solutions&#8221; _builder_version=&#8221;4.27.4&#8243; _module_preset=&#8221;default&#8221; title_font=&#8221;Poppins||||||||&#8221; title_text_color=&#8221;#000000&#8243; title_font_size=&#8221;72px&#8221; title_letter_spacing=&#8221;-0.05em&#8221; custom_margin=&#8221;-59px|||||&#8221; global_colors_info=&#8221;{}&#8221;][\/et_pb_heading][et_pb_text _builder_version=&#8221;4.27.4&#8243; _module_preset=&#8221;ac35aa0b-5a2e-486a-a595-14d48c4d8f3b&#8221; text_font=&#8221;Poppins|300|||||||&#8221; hover_enabled=&#8221;0&#8243; global_colors_info=&#8221;{}&#8221; sticky_enabled=&#8221;0&#8243;]<\/p>\n<p>Les \u00e9missions des fours industriels pr\u00e9sentent des d\u00e9fis de traitement sp\u00e9cifiques en raison de leur faible teneur en oxyg\u00e8ne, qui nuit \u00e0 l'efficacit\u00e9 de la combustion, et de leurs fortes concentrations de monoxyde de carbone (CO), un polluant toxique exigeant un contr\u00f4le rigoureux. Un traitement efficace est indispensable pour respecter les normes environnementales et prot\u00e9ger la sant\u00e9 publique. RP Techniek BV propose des solutions robustes et personnalis\u00e9es, con\u00e7ues pour traiter efficacement ces gaz difficiles \u00e0 ma\u00eetriser, garantissant ainsi une conformit\u00e9 r\u00e9glementaire et une s\u00e9curit\u00e9 d'exploitation optimales.<\/p>\n<p>[\/et_pb_text][et_pb_button button_url=&#8221;https:\/\/regenerative-thermal-oxidation.com\/contact-us\/&#8221; button_text=&#8221;Contact Us&#8221; _builder_version=&#8221;4.27.4&#8243; _module_preset=&#8221;ff3c135b-8227-4e2c-9020-1c11d79cecd6&#8243; global_colors_info=&#8221;{}&#8221;][\/et_pb_button][\/et_pb_column][et_pb_column type=&#8221;1_2&#8243; _builder_version=&#8221;4.25.0&#8243; _module_preset=&#8221;default&#8221; global_colors_info=&#8221;{}&#8221;][et_pb_image src=&#8221;https:\/\/regenerative-thermal-oxidation.com\/wp-content\/uploads\/2025\/08\/regenerative-thermal-oxidiser-application-Industrial-kilns.webp&#8221; alt=&#8221;regenerative thermal oxidiser-application-Industrial kilns&#8221; title_text=&#8221;regenerative thermal oxidiser-application-Industrial kilns&#8221; align=&#8221;center&#8221; _builder_version=&#8221;4.27.4&#8243; _module_preset=&#8221;default&#8221; border_radii=&#8221;on|6px|6px|6px|6px&#8221; box_shadow_style=&#8221;preset1&#8243; global_colors_info=&#8221;{}&#8221;][\/et_pb_image][\/et_pb_column][\/et_pb_row][\/et_pb_section][et_pb_section fb_built=&#8221;1&#8243; _builder_version=&#8221;4.25.0&#8243; _module_preset=&#8221;default&#8221; global_colors_info=&#8221;{}&#8221;][et_pb_row _builder_version=&#8221;4.25.0&#8243; _module_preset=&#8221;default&#8221; max_width=&#8221;1280px&#8221; global_colors_info=&#8221;{}&#8221;][et_pb_column type=&#8221;4_4&#8243; _builder_version=&#8221;4.25.0&#8243; _module_preset=&#8221;default&#8221; global_colors_info=&#8221;{}&#8221;][et_pb_text _builder_version=&#8221;4.27.4&#8243; _module_preset=&#8221;38f50334-bf28-4757-ae48-c018c9c8983d&#8221; text_font=&#8221;Poppins|300|||||||&#8221; text_font_size=&#8221;18px&#8221; text_line_height=&#8221;1.8em&#8221; locked=&#8221;off&#8221; global_colors_info=&#8221;{}&#8221;]<\/p>\n<ul>\n<li>Caract\u00e9ristiques des gaz d'\u00e9chappement\u00a0: faible teneur en oxyg\u00e8ne, forte concentration en monoxyde de carbone.<\/li>\n<li>Composants des gaz d'\u00e9chappement : Monoxyde de carbone.<\/li>\n<li>Solution de proc\u00e9d\u00e9 : Syst\u00e8me de distribution d'air + RTO rotatif + r\u00e9cup\u00e9ration de chaleur r\u00e9siduelle (vapeur, eau chaude, huile thermique)<\/li>\n<\/ul>\n<p>[\/et_pb_text][\/et_pb_column][\/et_pb_row][et_pb_row column_structure=&#8221;1_2,1_2&#8243; _builder_version=&#8221;4.25.0&#8243; _module_preset=&#8221;default&#8221; max_width=&#8221;1280px&#8221; global_colors_info=&#8221;{}&#8221;][et_pb_column type=&#8221;1_2&#8243; _builder_version=&#8221;4.25.0&#8243; _module_preset=&#8221;default&#8221; global_colors_info=&#8221;{}&#8221;][et_pb_image src=&#8221;https:\/\/regenerative-thermal-oxidation.com\/wp-content\/uploads\/2025\/09\/rto-for-industrial-kiln-1.webp&#8221; alt=&#8221;rto for industrial kiln-1&#8243; title_text=&#8221;rto for industrial kiln-1&#8243; align=&#8221;center&#8221; _builder_version=&#8221;4.27.4&#8243; _module_preset=&#8221;default&#8221; custom_margin=&#8221;||52px|||&#8221; global_colors_info=&#8221;{}&#8221;][\/et_pb_image][et_pb_heading title=&#8221;Steel plant exhaust gas treatment&#8221; _builder_version=&#8221;4.27.4&#8243; _module_preset=&#8221;a3a8b03b-7432-4cf8-8eaf-99fc2659aa8d&#8221; title_font=&#8221;Poppins||||||||&#8221; title_text_align=&#8221;center&#8221; title_text_color=&#8221;#000000&#8243; title_font_size=&#8221;20px&#8221; custom_margin=&#8221;||0px||false|false&#8221; global_colors_info=&#8221;{}&#8221;][\/et_pb_heading][\/et_pb_column][et_pb_column type=&#8221;1_2&#8243; _builder_version=&#8221;4.25.0&#8243; _module_preset=&#8221;default&#8221; global_colors_info=&#8221;{}&#8221;][et_pb_image src=&#8221;https:\/\/regenerative-thermal-oxidation.com\/wp-content\/uploads\/2025\/09\/rto-for-industrial-kiln-2.webp&#8221; alt=&#8221;rto for industrial kiln-2&#8243; title_text=&#8221;rto for industrial kiln-2&#8243; align=&#8221;center&#8221; _builder_version=&#8221;4.27.4&#8243; _module_preset=&#8221;default&#8221; global_colors_info=&#8221;{}&#8221;][\/et_pb_image][et_pb_heading title=&#8221;Lime kiln exhaust gas treatment&#8221; _builder_version=&#8221;4.27.4&#8243; _module_preset=&#8221;a3a8b03b-7432-4cf8-8eaf-99fc2659aa8d&#8221; title_font=&#8221;Poppins||||||||&#8221; title_text_align=&#8221;center&#8221; title_text_color=&#8221;#000000&#8243; title_font_size=&#8221;20px&#8221; custom_margin=&#8221;||0px||false|false&#8221; global_colors_info=&#8221;{}&#8221;][\/et_pb_heading][\/et_pb_column][\/et_pb_row][\/et_pb_section][et_pb_section fb_built=&#8221;1&#8243; _builder_version=&#8221;4.25.0&#8243; _module_preset=&#8221;default&#8221; global_colors_info=&#8221;{}&#8221;][et_pb_row _builder_version=&#8221;4.25.0&#8243; _module_preset=&#8221;default&#8221; max_width=&#8221;1280px&#8221; global_colors_info=&#8221;{}&#8221;][et_pb_column type=&#8221;4_4&#8243; _builder_version=&#8221;4.25.0&#8243; _module_preset=&#8221;default&#8221; global_colors_info=&#8221;{}&#8221;][et_pb_heading title=&#8221;Process Scheme&#8221; _builder_version=&#8221;4.27.4&#8243; _module_preset=&#8221;default&#8221; title_font=&#8221;Poppins||||||||&#8221; title_text_color=&#8221;#000000&#8243; global_colors_info=&#8221;{}&#8221;][\/et_pb_heading][et_pb_text _builder_version=&#8221;4.27.4&#8243; _module_preset=&#8221;38f50334-bf28-4757-ae48-c018c9c8983d&#8221; text_font=&#8221;Poppins|300|||||||&#8221; text_font_size=&#8221;18px&#8221; text_line_height=&#8221;1.8em&#8221; locked=&#8221;off&#8221; global_colors_info=&#8221;{}&#8221;]<\/p>\n<p>Pour relever efficacement ces d\u00e9fis, le syst\u00e8me de traitement des gaz r\u00e9siduaires propos\u00e9 int\u00e8gre les composants de base suivants\u00a0:<\/p>\n<p>[\/et_pb_text][et_pb_text _builder_version=&#8221;4.27.4&#8243; _module_preset=&#8221;38f50334-bf28-4757-ae48-c018c9c8983d&#8221; text_font=&#8221;Poppins|300|||||||&#8221; text_font_size=&#8221;18px&#8221; text_line_height=&#8221;1.8em&#8221; locked=&#8221;off&#8221; global_colors_info=&#8221;{}&#8221;]<\/p>\n<p>1. Syst\u00e8me de distribution d'air<br \/>\nLe syst\u00e8me de distribution d'air est essentiel pour am\u00e9liorer l'efficacit\u00e9 de la combustion en introduisant de l'oxyg\u00e8ne suppl\u00e9mentaire dans le flux de gaz d'\u00e9chappement. Ceci favorise l'oxydation compl\u00e8te du CO en dioxyde de carbone (CO\u2082), moins nocif. Une distribution uniforme de l'air dans la chambre de combustion contribue \u00e0 minimiser la formation de CO et \u00e0 am\u00e9liorer la stabilit\u00e9 de la temp\u00e9rature, ce qui permet un fonctionnement plus stable et plus efficace.<\/p>\n<p>[\/et_pb_text][et_pb_text _builder_version=&#8221;4.27.4&#8243; _module_preset=&#8221;38f50334-bf28-4757-ae48-c018c9c8983d&#8221; text_font=&#8221;Poppins|300|||||||&#8221; text_font_size=&#8221;18px&#8221; text_line_height=&#8221;1.8em&#8221; locked=&#8221;off&#8221; global_colors_info=&#8221;{}&#8221;]<\/p>\n<p>2. Oxydateur thermique r\u00e9g\u00e9n\u00e9ratif (RTO)<br \/>\nL'unit\u00e9 RTO constitue le c\u0153ur du traitement des gaz d'\u00e9chappement, permettant l'\u00e9limination des compos\u00e9s organiques volatils (COV) et du monoxyde de carbone (CO). Fonctionnant entre 750 \u00b0C et 900 \u00b0C, elle oxyde le CO en CO\u2082. L'un de ses principaux atouts r\u00e9side dans sa capacit\u00e9 \u00e0 r\u00e9cup\u00e9rer et r\u00e9utiliser la chaleur des gaz trait\u00e9s pour pr\u00e9chauffer les \u00e9missions entrantes, am\u00e9liorant ainsi consid\u00e9rablement l'efficacit\u00e9 \u00e9nerg\u00e9tique.<\/p>\n<p>[\/et_pb_text][et_pb_text _builder_version=&#8221;4.27.4&#8243; _module_preset=&#8221;38f50334-bf28-4757-ae48-c018c9c8983d&#8221; text_font=&#8221;Poppins|300|||||||&#8221; text_font_size=&#8221;18px&#8221; text_line_height=&#8221;1.8em&#8221; locked=&#8221;off&#8221; global_colors_info=&#8221;{}&#8221;]<\/p>\n<p>3. R\u00e9cup\u00e9ration de chaleur r\u00e9siduelle<br \/>Afin d'optimiser l'utilisation de l'\u00e9nergie et de r\u00e9duire les co\u00fbts d'exploitation, le syst\u00e8me int\u00e8gre une unit\u00e9 de r\u00e9cup\u00e9ration de chaleur r\u00e9siduelle qui capte l'\u00e9nergie thermique r\u00e9siduelle des gaz \u00e9pur\u00e9s. Cette \u00e9nergie est r\u00e9utilis\u00e9e sous trois formes principales\u00a0:<\/p>\n<ul>\n<li>R\u00e9cup\u00e9ration de vapeur : G\u00e9n\u00e8re de la vapeur pour les proc\u00e9d\u00e9s de chauffage, de s\u00e9chage ou de production d'\u00e9nergie.<\/li>\n<li>R\u00e9cup\u00e9ration d'eau chaude : Produit de l'eau chaude adapt\u00e9e au chauffage des locaux, au nettoyage ou \u00e0 d'autres applications thermiques.<\/li>\n<li>R\u00e9cup\u00e9ration d'huile thermique : Huile de transfert de chaleur pour les applications industrielles \u00e0 haute temp\u00e9rature n\u00e9cessitant un apport de chaleur constant.<\/li>\n<\/ul>\n<p>[\/et_pb_text][et_pb_text _builder_version=&#8221;4.27.4&#8243; _module_preset=&#8221;38f50334-bf28-4757-ae48-c018c9c8983d&#8221; text_font=&#8221;Poppins|300|||||||&#8221; text_font_size=&#8221;18px&#8221; text_line_height=&#8221;1.8em&#8221; locked=&#8221;off&#8221; global_colors_info=&#8221;{}&#8221;]<\/p>\n<p>En int\u00e9grant ces \u00e9l\u00e9ments, le syst\u00e8me de traitement r\u00e9duit efficacement les \u00e9missions de CO\u2082 tout en am\u00e9liorant l'efficacit\u00e9 \u00e9nerg\u00e9tique et en diminuant les co\u00fbts d'exploitation. Cette approche int\u00e9gr\u00e9e favorise \u00e0 la fois les objectifs environnementaux et la p\u00e9rennit\u00e9 des activit\u00e9s industrielles.<\/p>\n<p>[\/et_pb_text][\/et_pb_column][\/et_pb_row][et_pb_row column_structure=&#8221;1_2,1_2&#8243; _builder_version=&#8221;4.27.4&#8243; _module_preset=&#8221;default&#8221; max_width=&#8221;1280px&#8221; global_colors_info=&#8221;{}&#8221;][et_pb_column type=&#8221;1_2&#8243; _builder_version=&#8221;4.27.4&#8243; _module_preset=&#8221;default&#8221; global_colors_info=&#8221;{}&#8221;][et_pb_image src=&#8221;https:\/\/regenerative-thermal-oxidation.com\/wp-content\/uploads\/2025\/09\/rto-for-industrial-kiln-3.webp&#8221; alt=&#8221;rto for industrial kiln-3&#8243; title_text=&#8221;rto for industrial kiln-3&#8243; align=&#8221;center&#8221; _builder_version=&#8221;4.27.4&#8243; _module_preset=&#8221;default&#8221; global_colors_info=&#8221;{}&#8221;][\/et_pb_image][\/et_pb_column][et_pb_column type=&#8221;1_2&#8243; _builder_version=&#8221;4.27.4&#8243; _module_preset=&#8221;default&#8221; global_colors_info=&#8221;{}&#8221;][et_pb_image src=&#8221;https:\/\/regenerative-thermal-oxidation.com\/wp-content\/uploads\/2025\/09\/rto-for-industrial-kiln-4.webp&#8221; alt=&#8221;rto for industrial kiln-4&#8243; title_text=&#8221;rto for industrial kiln-4&#8243; align=&#8221;center&#8221; _builder_version=&#8221;4.27.4&#8243; _module_preset=&#8221;default&#8221; global_colors_info=&#8221;{}&#8221;][\/et_pb_image][\/et_pb_column][\/et_pb_row][\/et_pb_section][et_pb_section fb_built=&#8221;1&#8243; _builder_version=&#8221;4.25.0&#8243; _module_preset=&#8221;default&#8221; global_colors_info=&#8221;{}&#8221;][et_pb_row _builder_version=&#8221;4.25.0&#8243; _module_preset=&#8221;default&#8221; global_colors_info=&#8221;{}&#8221;][et_pb_column type=&#8221;4_4&#8243; _builder_version=&#8221;4.25.0&#8243; _module_preset=&#8221;default&#8221; global_colors_info=&#8221;{}&#8221;][et_pb_button button_text=&#8221;Case&#8221; button_alignment=&#8221;center&#8221; _builder_version=&#8221;4.27.4&#8243; _module_preset=&#8221;ff3c135b-8227-4e2c-9020-1c11d79cecd6&#8243; button_icon=&#8221;&#x45;||divi||400&#8243; global_colors_info=&#8221;{}&#8221;][\/et_pb_button][\/et_pb_column][\/et_pb_row][\/et_pb_section]<\/p>","protected":false},"excerpt":{"rendered":"<p>Emissions from industrial furnaces present distinct treatment challenges due to their characteristic low oxygen content, which hinders combustion efficiency, and high concentrations of carbon monoxide (CO)\u2014a toxic pollutant requiring strict control. Effective abatement is essential to meet environmental standards and protect public health. RP Techniek BV offers robust, customized solutions designed to efficiently treat such [&hellip;]<\/p>","protected":false},"author":1,"featured_media":0,"parent":474,"menu_order":0,"comment_status":"closed","ping_status":"closed","template":"","meta":{"_et_pb_use_builder":"on","_et_pb_old_content":"","_et_gb_content_width":"","footnotes":""},"class_list":["post-1284","page","type-page","status-publish","hentry"],"_links":{"self":[{"href":"https:\/\/regenerative-thermal-oxidation.com\/fr\/wp-json\/wp\/v2\/pages\/1284","targetHints":{"allow":["GET"]}}],"collection":[{"href":"https:\/\/regenerative-thermal-oxidation.com\/fr\/wp-json\/wp\/v2\/pages"}],"about":[{"href":"https:\/\/regenerative-thermal-oxidation.com\/fr\/wp-json\/wp\/v2\/types\/page"}],"author":[{"embeddable":true,"href":"https:\/\/regenerative-thermal-oxidation.com\/fr\/wp-json\/wp\/v2\/users\/1"}],"replies":[{"embeddable":true,"href":"https:\/\/regenerative-thermal-oxidation.com\/fr\/wp-json\/wp\/v2\/comments?post=1284"}],"version-history":[{"count":16,"href":"https:\/\/regenerative-thermal-oxidation.com\/fr\/wp-json\/wp\/v2\/pages\/1284\/revisions"}],"predecessor-version":[{"id":1353,"href":"https:\/\/regenerative-thermal-oxidation.com\/fr\/wp-json\/wp\/v2\/pages\/1284\/revisions\/1353"}],"up":[{"embeddable":true,"href":"https:\/\/regenerative-thermal-oxidation.com\/fr\/wp-json\/wp\/v2\/pages\/474"}],"wp:attachment":[{"href":"https:\/\/regenerative-thermal-oxidation.com\/fr\/wp-json\/wp\/v2\/media?parent=1284"}],"curies":[{"name":"wp","href":"https:\/\/api.w.org\/{rel}","templated":true}]}}