{"id":698,"date":"2025-08-27T06:44:30","date_gmt":"2025-08-27T06:44:30","guid":{"rendered":"https:\/\/regenerative-thermal-oxidation.com\/?page_id=698"},"modified":"2025-09-04T05:43:36","modified_gmt":"2025-09-04T05:43:36","slug":"solutions-de-traitement-pour-lindustrie-du-revetement","status":"publish","type":"page","link":"https:\/\/regenerative-thermal-oxidation.com\/fr\/solution-de-traitement\/solutions-de-traitement-pour-lindustrie-du-revetement\/","title":{"rendered":"Solutions de traitement pour l'industrie du rev\u00eatement"},"content":{"rendered":"<p>[et_pb_section fb_built=&#8221;1&#8243; _builder_version=&#8221;4.25.0&#8243; _module_preset=&#8221;default&#8221; global_colors_info=&#8221;{}&#8221;][et_pb_row column_structure=&#8221;1_2,1_2&#8243; _builder_version=&#8221;4.25.0&#8243; _module_preset=&#8221;default&#8221; max_width=&#8221;1280px&#8221; global_colors_info=&#8221;{}&#8221;][et_pb_column type=&#8221;1_2&#8243; _builder_version=&#8221;4.25.0&#8243; _module_preset=&#8221;default&#8221; custom_padding=&#8221;60px||||false|false&#8221; custom_padding_tablet=&#8221;0px||||false|false&#8221; custom_padding_phone=&#8221;0px||||false|false&#8221; custom_padding_last_edited=&#8221;on|tablet&#8221; global_colors_info=&#8221;{}&#8221;][et_pb_heading title=&#8221;Coating Industry Treatment Solutions&#8221; _builder_version=&#8221;4.27.4&#8243; _module_preset=&#8221;9f513e84-bfe2-4055-b13c-75702a7a1870&#8243; global_colors_info=&#8221;{}&#8221;][\/et_pb_heading][et_pb_text _builder_version=&#8221;4.27.4&#8243; _module_preset=&#8221;7d917f61-6e8f-4787-b108-03165370d16d&#8221; text_font=&#8221;Poppins|300|||||||&#8221; global_colors_info=&#8221;{}&#8221;]<\/p>\n<p><span data-metadata=\"&lt;!--(figmeta)eyJmaWxlS2V5IjoiTTBrMlA1dUh0Sjh5NEFma3ZBRDFCWiIsInBhc3RlSUQiOjkyODMyOTMzMywiZGF0YVR5cGUiOiJzY2VuZSJ9Cg==(\/figmeta)--&gt;\"><\/span>S\u2019appuyant sur le succ\u00e8s av\u00e9r\u00e9 de la technologie RTO rotative de RP Techniek BV \u2014 d\u00e9j\u00e0 largement adopt\u00e9e dans la gestion des COV pour les op\u00e9rations de rev\u00eatement et de peinture de surface automobile \u2014 nos solutions offrent un contr\u00f4le des \u00e9missions robuste et efficace pour l\u2019industrie du rev\u00eatement.\u00a0<\/p>\n<p>[\/et_pb_text][et_pb_button button_url=&#8221;https:\/\/regenerative-thermal-oxidation.com\/contact-us\/&#8221; button_text=&#8221;Contact Us&#8221; _builder_version=&#8221;4.27.4&#8243; _module_preset=&#8221;d1efb939-aabd-4484-9468-8e86942117b2&#8243; global_colors_info=&#8221;{}&#8221;][\/et_pb_button][\/et_pb_column][et_pb_column type=&#8221;1_2&#8243; _builder_version=&#8221;4.25.0&#8243; _module_preset=&#8221;default&#8221; global_colors_info=&#8221;{}&#8221;][et_pb_image src=&#8221;https:\/\/regenerative-thermal-oxidation.com\/wp-content\/uploads\/2025\/08\/regenerative-thermal-oxidiser-application-Coating-industry.webp&#8221; alt=&#8221;regenerative thermal oxidiser-application-Coating industry&#8221; title_text=&#8221;regenerative thermal oxidiser-application-Coating industry&#8221; _builder_version=&#8221;4.27.4&#8243; _module_preset=&#8221;default&#8221; border_radii=&#8221;on|6px|6px|6px|6px&#8221; box_shadow_style=&#8221;preset1&#8243; global_colors_info=&#8221;{}&#8221;][\/et_pb_image][\/et_pb_column][\/et_pb_row][\/et_pb_section][et_pb_section fb_built=&#8221;1&#8243; _builder_version=&#8221;4.25.0&#8243; _module_preset=&#8221;default&#8221; global_colors_info=&#8221;{}&#8221;][et_pb_row _builder_version=&#8221;4.25.0&#8243; _module_preset=&#8221;default&#8221; max_width=&#8221;1280px&#8221; global_colors_info=&#8221;{}&#8221;][et_pb_column type=&#8221;4_4&#8243; _builder_version=&#8221;4.25.0&#8243; _module_preset=&#8221;default&#8221; global_colors_info=&#8221;{}&#8221;][et_pb_text _builder_version=&#8221;4.27.4&#8243; _module_preset=&#8221;ebdda1fb-62ed-47ed-bf93-8f0a18277a9c&#8221; text_font=&#8221;Poppins|300|||||||&#8221; text_font_size=&#8221;18px&#8221; text_line_height=&#8221;1.8em&#8221; locked=&#8221;off&#8221; global_colors_info=&#8221;{}&#8221;]<\/p>\n<p><span data-metadata=\"&lt;!--(figmeta)eyJmaWxlS2V5IjoiTTBrMlA1dUh0Sjh5NEFma3ZBRDFCWiIsInBhc3RlSUQiOjkyODMyOTMzMywiZGF0YVR5cGUiOiJzY2VuZSJ9Cg==(\/figmeta)--&gt;\"><\/span><span>\u00c0 l'heure actuelle, l'extracteur rotatif RTO de RP Techniek BV est largement utilis\u00e9 dans la gestion des COV dans les rev\u00eatements automobiles, la peinture de surface et d'autres secteurs.<\/span><\/p>\n<p><span><\/span><\/p>\n<ul>\n<li>Caract\u00e9ristiques des gaz r\u00e9siduaires : volume d'air important et faible concentration<\/li>\n<li>Composants des gaz r\u00e9siduaires\u00a0: tolu\u00e8ne, xyl\u00e8ne, butanol, naphta aromatique, m\u00e9thylisobutylc\u00e9tone, ac\u00e9tate de butyle, \u00e9ther butylique d\u2019\u00e9thyl\u00e8ne glycol, \u00e9thylbenz\u00e8ne, ac\u00e9tone<\/li>\n<li>Sch\u00e9ma de proc\u00e9d\u00e9\u00a0: filtration + concentration par rotor de z\u00e9olite + RTO rotatif<\/li>\n<li>Concentration des gaz r\u00e9siduaires : 200 mg\/m\u00b3 \u00e0 400 mg\/m\u00b3<\/li>\n<li>Limite d'\u00e9mission : NMHC \u2264 50 mg\/m\u00b3<\/li>\n<\/ul>\n<p>[\/et_pb_text][et_pb_image src=&#8221;https:\/\/regenerative-thermal-oxidation.com\/wp-content\/uploads\/2025\/08\/coating-industry-governance-solutions-1.webp&#8221; alt=&#8221;coating industry governance solutions-1&#8243; title_text=&#8221;coating industry governance solutions-1&#8243; align=&#8221;center&#8221; _builder_version=&#8221;4.27.4&#8243; _module_preset=&#8221;default&#8221; border_radii=&#8221;on|6px|6px|6px|6px&#8221; global_colors_info=&#8221;{}&#8221;][\/et_pb_image][et_pb_heading title=&#8221;Coating Industry 3D drawing&#8221; _builder_version=&#8221;4.27.4&#8243; _module_preset=&#8221;1f11cea6-d4f9-4b9c-9940-13d4a89f0f7f&#8221; title_level=&#8221;h4&#8243; title_font=&#8221;Poppins|500|||||||&#8221; title_text_align=&#8221;center&#8221; title_font_size=&#8221;20px&#8221; custom_margin=&#8221;||0px||false|false&#8221; global_colors_info=&#8221;{}&#8221;][\/et_pb_heading][et_pb_image src=&#8221;https:\/\/regenerative-thermal-oxidation.com\/wp-content\/uploads\/2025\/09\/flow-chart-of-vocs-treatment-in-coating-industry-scaled.webp&#8221; alt=&#8221;flow-chart-of-vocs-treatment-in-coating-industry&#8221; title_text=&#8221;flow-chart-of-vocs-treatment-in-coating-industry&#8221; align=&#8221;center&#8221; _builder_version=&#8221;4.27.4&#8243; _module_preset=&#8221;default&#8221; hover_enabled=&#8221;0&#8243; border_radii=&#8221;on|6px|6px|6px|6px&#8221; global_colors_info=&#8221;{}&#8221; sticky_enabled=&#8221;0&#8243;][\/et_pb_image][et_pb_heading title=&#8221;System diagram of VOCs treatment and waste heat recycling in coating industry&#8221; _builder_version=&#8221;4.27.4&#8243; _module_preset=&#8221;1f11cea6-d4f9-4b9c-9940-13d4a89f0f7f&#8221; title_level=&#8221;h4&#8243; title_font=&#8221;Poppins|500|||||||&#8221; title_text_align=&#8221;center&#8221; title_font_size=&#8221;20px&#8221; custom_margin=&#8221;||0px||false|false&#8221; global_colors_info=&#8221;{}&#8221;][\/et_pb_heading][\/et_pb_column][\/et_pb_row][et_pb_row _builder_version=&#8221;4.25.0&#8243; _module_preset=&#8221;default&#8221; max_width=&#8221;1280px&#8221; global_colors_info=&#8221;{}&#8221; column_structure=&#8221;1_2,1_2&#8243;][et_pb_column type=&#8221;1_2&#8243; _builder_version=&#8221;4.25.0&#8243; _module_preset=&#8221;default&#8221; global_colors_info=&#8221;{}&#8221;][et_pb_heading title=&#8221;Process Design for Efficient Treatment&#8221; _builder_version=&#8221;4.27.4&#8243; _module_preset=&#8221;default&#8221; title_font=&#8221;Poppins||||||||&#8221; title_level=&#8221;h3&#8243; title_text_color=&#8221;#000000&#8243; title_line_height=&#8221;1.2em&#8221; hover_enabled=&#8221;0&#8243; sticky_enabled=&#8221;0&#8243;][\/et_pb_heading][et_pb_text _builder_version=&#8221;4.27.4&#8243; _module_preset=&#8221;ebdda1fb-62ed-47ed-bf93-8f0a18277a9c&#8221; text_font=&#8221;Poppins|300|||||||&#8221; text_font_size=&#8221;18px&#8221; text_line_height=&#8221;1.8em&#8221; hover_enabled=&#8221;0&#8243; locked=&#8221;off&#8221; global_colors_info=&#8221;{}&#8221; sticky_enabled=&#8221;0&#8243;]<\/p>\n<p>Pour contr\u00f4ler efficacement ces polluants, le syst\u00e8me de traitement propos\u00e9 utilise une approche multi-\u00e9tapes visant \u00e0 optimiser les performances et \u00e0 respecter les r\u00e9glementations en mati\u00e8re d'\u00e9missions\u00a0:<\/p>\n<ol>\n<li>\u00c9tape de filtration\u00a0: Le processus d\u00e9bute par la filtration des gaz r\u00e9siduaires afin d\u2019\u00e9liminer les particules et les contaminants de plus grande taille. Cette phase initiale est essentielle pour prot\u00e9ger les \u00e9quipements en aval et am\u00e9liorer les performances globales du syst\u00e8me.<\/li>\n<li>Concentration par rotor \u00e0 z\u00e9olite\u00a0: En raison de la faible concentration de COV, un concentrateur \u00e0 rotor \u00e0 z\u00e9olite est utilis\u00e9 pour adsorber et concentrer ces compos\u00e9s. Les z\u00e9olites constituent des adsorbants tr\u00e8s efficaces qui capturent s\u00e9lectivement les COV, augmentant ainsi leur concentration pour un traitement plus efficace lors des \u00e9tapes ult\u00e9rieures.<\/li>\n<li>Traitement par oxydation thermique r\u00e9g\u00e9n\u00e9rative (RTO)\u00a0: Les COV concentr\u00e9s sont ensuite trait\u00e9s dans un oxydateur thermique r\u00e9g\u00e9n\u00e9ratif (RTO), o\u00f9 ils sont oxyd\u00e9s thermiquement \u00e0 haute temp\u00e9rature. Ce traitement d\u00e9compose efficacement les COV en substances inoffensives telles que le dioxyde de carbone et la vapeur d\u2019eau, r\u00e9duisant ainsi consid\u00e9rablement les \u00e9missions polluantes.<\/li>\n<\/ol>\n<p>[\/et_pb_text][\/et_pb_column][et_pb_column type=&#8221;1_2&#8243; _builder_version=&#8221;4.25.0&#8243; _module_preset=&#8221;default&#8221; global_colors_info=&#8221;{}&#8221;][et_pb_image src=&#8221;https:\/\/regenerative-thermal-oxidation.com\/wp-content\/uploads\/2025\/08\/rto-coating-industry-application-1.webp&#8221; alt=&#8221;rto-coating industry-application-1&#8243; title_text=&#8221;rto-coating industry-application-1&#8243; align=&#8221;center&#8221; _builder_version=&#8221;4.27.4&#8243; _module_preset=&#8221;default&#8221; border_radii=&#8221;on|6px|6px|6px|6px&#8221; global_colors_info=&#8221;{}&#8221;][\/et_pb_image][\/et_pb_column][\/et_pb_row][et_pb_row _builder_version=&#8221;4.25.0&#8243; _module_preset=&#8221;default&#8221; max_width=&#8221;1280px&#8221; global_colors_info=&#8221;{}&#8221;][et_pb_column type=&#8221;4_4&#8243; _builder_version=&#8221;4.25.0&#8243; _module_preset=&#8221;default&#8221; global_colors_info=&#8221;{}&#8221;][et_pb_heading title=&#8221;Emission Standards and Compliance&#8221; _builder_version=&#8221;4.27.4&#8243; _module_preset=&#8221;default&#8221; title_font=&#8221;Poppins||||||||&#8221; title_level=&#8221;h3&#8243; title_text_color=&#8221;#000000&#8243; title_line_height=&#8221;1.2em&#8221; hover_enabled=&#8221;0&#8243; sticky_enabled=&#8221;0&#8243;][\/et_pb_heading][et_pb_text _builder_version=&#8221;4.27.4&#8243; _module_preset=&#8221;ebdda1fb-62ed-47ed-bf93-8f0a18277a9c&#8221; text_font=&#8221;Poppins|300|||||||&#8221; text_font_size=&#8221;18px&#8221; text_line_height=&#8221;1.8em&#8221; hover_enabled=&#8221;0&#8243; locked=&#8221;off&#8221; global_colors_info=&#8221;{}&#8221; sticky_enabled=&#8221;0&#8243;]<\/p>\n<p>La r\u00e9glementation environnementale impose des limites strictes aux \u00e9missions d'hydrocarbures non m\u00e9thaniques (HCNM), avec un seuil typique de \u2264 50 mg\/m\u00b3. Le syst\u00e8me RTO rotatif Yurcent est con\u00e7u pour non seulement respecter, mais souvent d\u00e9passer ces exigences, garantissant ainsi une conformit\u00e9 totale aux normes environnementales.<\/p>\n<p>La mise en \u0153uvre du syst\u00e8me rotatif RTO Yurcent permet aux industries de r\u00e9duire efficacement leurs \u00e9missions de COV, de diminuer leur impact environnemental et de se conformer aux exigences r\u00e9glementaires. Cette strat\u00e9gie int\u00e9gr\u00e9e r\u00e9pond aux enjeux imm\u00e9diats li\u00e9s aux \u00e9missions tout en contribuant aux objectifs de d\u00e9veloppement durable plus larges du secteur des rev\u00eatements.<\/p>\n<p>[\/et_pb_text][\/et_pb_column][\/et_pb_row][\/et_pb_section][et_pb_section fb_built=&#8221;1&#8243; _builder_version=&#8221;4.25.0&#8243; _module_preset=&#8221;default&#8221; global_colors_info=&#8221;{}&#8221;][et_pb_row _builder_version=&#8221;4.25.0&#8243; _module_preset=&#8221;default&#8221; global_colors_info=&#8221;{}&#8221;][et_pb_column type=&#8221;4_4&#8243; _builder_version=&#8221;4.25.0&#8243; _module_preset=&#8221;default&#8221; global_colors_info=&#8221;{}&#8221;][et_pb_button button_text=&#8221;Case&#8221; button_alignment=&#8221;center&#8221; _builder_version=&#8221;4.27.4&#8243; _module_preset=&#8221;d1efb939-aabd-4484-9468-8e86942117b2&#8243; button_icon=&#8221;&#x44;||divi||400&#8243; button_icon_placement=&#8221;left&#8221; global_colors_info=&#8221;{}&#8221;][\/et_pb_button][\/et_pb_column][\/et_pb_row][\/et_pb_section]<\/p>","protected":false},"excerpt":{"rendered":"<p>Building on the proven success of RP Techniek BV&#8217;s rotary RTO technology\u2014already widely adopted in VOC management for automotive coating and surface painting operations\u2014our solutions deliver robust and efficient emissions control for the coating industry.\u00a0 At present, RP Techniek BV rotary RTO has been widely used in VOCs management of automobile coating, surface painting and [&hellip;]<\/p>","protected":false},"author":1,"featured_media":0,"parent":474,"menu_order":0,"comment_status":"closed","ping_status":"closed","template":"","meta":{"_et_pb_use_builder":"on","_et_pb_old_content":"","_et_gb_content_width":"","footnotes":""},"class_list":["post-698","page","type-page","status-publish","hentry"],"_links":{"self":[{"href":"https:\/\/regenerative-thermal-oxidation.com\/fr\/wp-json\/wp\/v2\/pages\/698","targetHints":{"allow":["GET"]}}],"collection":[{"href":"https:\/\/regenerative-thermal-oxidation.com\/fr\/wp-json\/wp\/v2\/pages"}],"about":[{"href":"https:\/\/regenerative-thermal-oxidation.com\/fr\/wp-json\/wp\/v2\/types\/page"}],"author":[{"embeddable":true,"href":"https:\/\/regenerative-thermal-oxidation.com\/fr\/wp-json\/wp\/v2\/users\/1"}],"replies":[{"embeddable":true,"href":"https:\/\/regenerative-thermal-oxidation.com\/fr\/wp-json\/wp\/v2\/comments?post=698"}],"version-history":[{"count":22,"href":"https:\/\/regenerative-thermal-oxidation.com\/fr\/wp-json\/wp\/v2\/pages\/698\/revisions"}],"predecessor-version":[{"id":1314,"href":"https:\/\/regenerative-thermal-oxidation.com\/fr\/wp-json\/wp\/v2\/pages\/698\/revisions\/1314"}],"up":[{"embeddable":true,"href":"https:\/\/regenerative-thermal-oxidation.com\/fr\/wp-json\/wp\/v2\/pages\/474"}],"wp:attachment":[{"href":"https:\/\/regenerative-thermal-oxidation.com\/fr\/wp-json\/wp\/v2\/media?parent=698"}],"curies":[{"name":"wp","href":"https:\/\/api.w.org\/{rel}","templated":true}]}}