{"id":437,"date":"2025-08-25T07:46:02","date_gmt":"2025-08-25T07:46:02","guid":{"rendered":"https:\/\/regenerative-thermal-oxidation.com\/?post_type=product&#038;p=437"},"modified":"2026-03-18T09:52:50","modified_gmt":"2026-03-18T09:52:50","slug":"vanne-rotative-carree-rto","status":"publish","type":"product","link":"https:\/\/regenerative-thermal-oxidation.com\/fr\/produit\/vanne-rotative-carree-rto\/","title":{"rendered":"Vanne rotative carr\u00e9e RTO"},"content":{"rendered":"<p>L'oxydant thermique r\u00e9g\u00e9n\u00e9ratif rotatif (RTO) fonctionne en oxydant les gaz d'\u00e9chappement combustibles en oxydes et en eau \u00e0 haute temp\u00e9rature, purifiant ainsi efficacement les gaz et r\u00e9cup\u00e9rant la chaleur d\u00e9gag\u00e9e lors de la d\u00e9composition. Il atteint un rendement de d\u00e9composition sup\u00e9rieur \u00e0 99,51 % TPE\/3 TPE et un rendement de r\u00e9cup\u00e9ration de chaleur sup\u00e9rieur \u00e0 971 % TPE\/3 TPE. Le syst\u00e8me se compose d'une chambre de combustion, d'un garnissage en c\u00e9ramique et d'une vanne rotative, divis\u00e9s en 12 chambres\u00a0: cinq d'admission, cinq d'\u00e9chappement, une de nettoyage et une d'isolation. La vanne de distribution des gaz d'\u00e9chappement, entra\u00een\u00e9e par un moteur, tourne de mani\u00e8re continue et uniforme, permettant une circulation fluide des gaz entre les chambres.<\/p>\n<p>Pour les concentrations \u00e9lev\u00e9es d'air d'\u00e9chappement, un \u00e9changeur suppl\u00e9mentaire peut \u00eatre configur\u00e9 pour le convertir en combustible, avec des options de r\u00e9cup\u00e9ration de chaleur telles que l'air chaud, l'eau chaude, la vapeur et l'huile. Ce RTO \u00e0 vanne rotative carr\u00e9e est adapt\u00e9 au traitement des COV dans diverses industries et est reconnu pour sa conception compacte, son fonctionnement stable et son rendement \u00e9lev\u00e9. Il peut traiter entre 5\u00a0000 m\u00b3\/h et 100\u00a0000 m\u00b3\/h et a fait ses preuves dans des secteurs tels que l'imprimerie, le couchage de films et la chimie, recevant des retours positifs de la part des clients.<\/p>\n<p><img loading=\"lazy\" decoding=\"async\" class=\"aligncenter wp-image-200 size-full\" src=\"https:\/\/regenerative-thermal-oxidation.com\/wp-content\/uploads\/2025\/08\/Square-Rotary-Valve-RTO-1.webp\" alt=\"Vanne rotative carr\u00e9e RTO-1\" width=\"1200\" height=\"1200\" srcset=\"https:\/\/regenerative-thermal-oxidation.com\/wp-content\/uploads\/2025\/08\/Square-Rotary-Valve-RTO-1.webp 1200w, https:\/\/regenerative-thermal-oxidation.com\/wp-content\/uploads\/2025\/08\/Square-Rotary-Valve-RTO-1-980x980.webp 980w, https:\/\/regenerative-thermal-oxidation.com\/wp-content\/uploads\/2025\/08\/Square-Rotary-Valve-RTO-1-480x480.webp 480w\" sizes=\"(min-width: 0px) and (max-width: 480px) 480px, (min-width: 481px) and (max-width: 980px) 980px, (min-width: 981px) 1200px, 100vw\" \/><\/p>\n<h2><strong>Vanne rotative carr\u00e9e RTO \u00e0 vendre<\/strong><\/h2>\n<ol>\n<li><strong>Purification fiable et efficacit\u00e9 \u00e9nerg\u00e9tique<\/strong><br \/>\nLa structure de la vanne rotative carr\u00e9e RTO garantit une purification performante, constante et fiable, tout en pr\u00e9servant une efficacit\u00e9 \u00e9nerg\u00e9tique \u00e9lev\u00e9e. Sa conception innovante minimise la consommation d'\u00e9nergie gr\u00e2ce \u00e0 une r\u00e9cup\u00e9ration et une distribution optimis\u00e9es de la chaleur. Le syst\u00e8me affiche une efficacit\u00e9 op\u00e9rationnelle stable quelles que soient les conditions de charge et les exigences de traitement. Cette combinaison d'une capacit\u00e9 de destruction fiable et d'\u00e9conomies d'\u00e9nergie en fait une solution avantageuse sur les plans environnemental et \u00e9conomique.<\/li>\n<li><strong>R\u00e9partition uniforme de la temp\u00e9rature<\/strong><br \/>\nPlusieurs chambres de r\u00e9g\u00e9n\u00e9ration dispos\u00e9es en configuration de champ assurent une uniformit\u00e9 de temp\u00e9rature exceptionnelle dans l'ensemble du syst\u00e8me. Cette configuration favorise un \u00e9change thermique \u00e9quilibr\u00e9 et des performances thermiques constantes durant toutes les phases de fonctionnement. L'agencement organis\u00e9 des chambres pr\u00e9vient les points chauds localis\u00e9s et garantit une r\u00e9partition homog\u00e8ne de la chaleur. Cette gestion uniforme de la temp\u00e9rature am\u00e9liore l'efficacit\u00e9 globale du syst\u00e8me et la fiabilit\u00e9 du traitement.<\/li>\n<li><strong>Couverture compl\u00e8te du transfert de chaleur<\/strong><br \/>\nLa conception \u00e0 chambre carr\u00e9e, avec ses \u00e9l\u00e9ments c\u00e9ramiques \u00e9troitement agenc\u00e9s, permet un stockage et une restitution de chaleur optimaux, sans zones mortes. La configuration compacte du garnissage c\u00e9ramique maximise la surface d'\u00e9change thermique. Cette disposition garantit la pleine participation de chaque section au processus de transfert de chaleur, \u00e9liminant ainsi les zones inefficaces. Il en r\u00e9sulte une efficacit\u00e9 thermique maximale et des performances constantes dans l'ensemble du syst\u00e8me.<\/li>\n<li><strong>Accessibilit\u00e9 de la vanne externe<\/strong><br \/>\nDot\u00e9 d'une vanne rotative externe, ce syst\u00e8me offre une grande facilit\u00e9 d'installation et de maintenance. Son emplacement strat\u00e9gique permet un acc\u00e8s direct pour les inspections et les interventions de routine, sans interruption du fonctionnement interne. Cette conception simplifie le remplacement des composants et r\u00e9duit les temps d'arr\u00eat lors des op\u00e9rations de maintenance. Cette accessibilit\u00e9 accrue am\u00e9liore significativement la facilit\u00e9 d'entretien et la continuit\u00e9 de fonctionnement du syst\u00e8me.<\/li>\n<li><strong>Besoins r\u00e9duits en ressources op\u00e9rationnelles<\/strong><br \/>\nCe syst\u00e8me pr\u00e9sente un faible encombrement tout en minimisant les pertes de chaleur. Sa conception optimis\u00e9e permet de r\u00e9duire la consommation d'\u00e9nergie en mode autonome. Ses dimensions compactes contribuent \u00e0 un gain de place sans compromettre la capacit\u00e9 ni les performances de traitement. L'ensemble de ces caract\u00e9ristiques se traduit par des co\u00fbts d'exploitation r\u00e9duits et une am\u00e9lioration des indicateurs de durabilit\u00e9.<\/li>\n<li><strong>Flexibilit\u00e9 de configuration personnalis\u00e9e<\/strong><br \/>\nLes dimensions des \u00e9quipements peuvent \u00eatre adapt\u00e9es aux conditions r\u00e9elles du site et aux contraintes spatiales sp\u00e9cifiques. Cette adaptabilit\u00e9 permet une int\u00e9gration optimale dans les installations existantes et diverses configurations industrielles. La flexibilit\u00e9 de conception garantit une utilisation efficace de l'espace tout en r\u00e9pondant \u00e0 toutes les exigences op\u00e9rationnelles. Les possibilit\u00e9s de personnalisation offrent des solutions qui correspondent pr\u00e9cis\u00e9ment aux sp\u00e9cifications et aux limitations de chaque projet.<\/li>\n<\/ol>\n<p><img loading=\"lazy\" decoding=\"async\" class=\"aligncenter wp-image-439 size-full\" src=\"https:\/\/regenerative-thermal-oxidation.com\/wp-content\/uploads\/2025\/08\/Square-Rotary-Valve-RTO-3.webp\" alt=\"Vanne rotative carr\u00e9e RTO-3\" width=\"761\" height=\"532\" srcset=\"https:\/\/regenerative-thermal-oxidation.com\/wp-content\/uploads\/2025\/08\/Square-Rotary-Valve-RTO-3.webp 761w, https:\/\/regenerative-thermal-oxidation.com\/wp-content\/uploads\/2025\/08\/Square-Rotary-Valve-RTO-3-480x336.webp 480w\" sizes=\"(min-width: 0px) and (max-width: 480px) 480px, (min-width: 481px) 761px, 100vw\" \/><\/p>\n<h2><strong>Comment fonctionne un oxydant thermique r\u00e9g\u00e9n\u00e9ratif\u00a0?<\/strong><\/h2>\n<p class=\"ds-markdown-paragraph\">Les oxydateurs thermiques r\u00e9g\u00e9n\u00e9ratifs fonctionnent en \u00e9liminant les compos\u00e9s organiques volatils (COV) des gaz d'\u00e9chappement par oxydation \u00e0 haute temp\u00e9rature, les d\u00e9composant efficacement en dioxyde de carbone et en vapeur d'eau \u00e0 des temp\u00e9ratures de fonctionnement d'environ 800 \u00b0C. L'une des caract\u00e9ristiques cl\u00e9s de ce syst\u00e8me est l'utilisation d'une vanne de distribution unique \u00e0 rotation continue, qui remplace le syst\u00e8me classique de vannes \u00e0 clapet. Cette configuration innovante de vanne divise horizontalement un lit cylindrique de stockage de chaleur en plusieurs secteurs ind\u00e9pendants, optimisant ainsi la gestion du flux de gaz.<\/p>\n<p class=\"ds-markdown-paragraph\">Lors de la rotation progressive de cette vanne, chaque secteur remplit cycliquement des fonctions distinctes\u00a0: pr\u00e9chauffage du gaz pollu\u00e9 entrant, r\u00e9cup\u00e9ration et stockage de l\u2019\u00e9nergie thermique de l\u2019effluent trait\u00e9, et purge. Cette rotation fluide et continue assure des transitions sans rupture entre les phases de fonctionnement, r\u00e9duisant consid\u00e9rablement les fluctuations de pression g\u00e9n\u00e9ralement rencontr\u00e9es dans les syst\u00e8mes de commutation de vannes traditionnels.<\/p>\n<p class=\"ds-markdown-paragraph\">Le processus d\u00e9bute lorsque le gaz contamin\u00e9 p\u00e9n\u00e8tre par la vanne rotative et traverse des secteurs en c\u00e9ramique pr\u00e9chauff\u00e9s, ce qui \u00e9l\u00e8ve sa temp\u00e9rature avant son entr\u00e9e dans la chambre de combustion. Dans cette derni\u00e8re, du gaz naturel et de l'air de combustion sont inject\u00e9s afin de maintenir la temp\u00e9rature \u00e9lev\u00e9e n\u00e9cessaire \u00e0 une oxydation compl\u00e8te. Apr\u00e8s traitement, le gaz purifi\u00e9 traverse des zones en c\u00e9ramique plus froides, transf\u00e9rant la chaleur au fluide caloporteur et permettant une r\u00e9cup\u00e9ration thermique tr\u00e8s efficace. Un faible flux de gaz purifi\u00e9 est \u00e9galement d\u00e9riv\u00e9 pour purger les polluants r\u00e9siduels, \u00e9vitant ainsi les fuites de gaz non trait\u00e9, tandis que des m\u00e9canismes d'\u00e9tanch\u00e9it\u00e9 sp\u00e9cifiques garantissent l'\u00e9tanch\u00e9it\u00e9 aux gaz entre les flux de traitement adjacents. Au final, cette conception rotative continue am\u00e9liore non seulement la fiabilit\u00e9 op\u00e9rationnelle et les performances thermiques, mais r\u00e9duit \u00e9galement les besoins de maintenance par rapport aux architectures de syst\u00e8mes plus anciennes.<\/p>\n<p><img loading=\"lazy\" decoding=\"async\" class=\"aligncenter wp-image-225 size-full\" src=\"https:\/\/regenerative-thermal-oxidation.com\/wp-content\/uploads\/2025\/08\/regenerative-thermal-oxidiser-working-principle.webp\" alt=\"principe de fonctionnement de l&#039;oxydant thermique r\u00e9g\u00e9n\u00e9ratif\" width=\"1010\" height=\"678\" srcset=\"https:\/\/regenerative-thermal-oxidation.com\/wp-content\/uploads\/2025\/08\/regenerative-thermal-oxidiser-working-principle.webp 1010w, https:\/\/regenerative-thermal-oxidation.com\/wp-content\/uploads\/2025\/08\/regenerative-thermal-oxidiser-working-principle-980x658.webp 980w, https:\/\/regenerative-thermal-oxidation.com\/wp-content\/uploads\/2025\/08\/regenerative-thermal-oxidiser-working-principle-480x322.webp 480w\" sizes=\"(min-width: 0px) and (max-width: 480px) 480px, (min-width: 481px) and (max-width: 980px) 980px, (min-width: 981px) 1010px, 100vw\" \/><\/p>\n<h2><strong>Votre fabricant de confiance d'oxydateurs thermiques r\u00e9g\u00e9n\u00e9ratifs \u2014 Ever-power industry Pays-Bas<\/strong><\/h2>\n<p>Ever-power industry Netherlands is a specialist in procurement. In today\u2019s market it is strategically important to have a network of first class suppliers. Ever-power industry Netherlands offers you this network, including many advantages when purchasing manufactured and outsourced parts. Ever-power industry Netherlands, as the sales agent for the Ever-Power group in the Netherlands, can help you realise lower cost prices. Ever-Power is dedicated to providing comprehensive solutions for volatile organic compounds (VOC) treatment, with a strong focus on the development of carbon reduction and energy-saving technologies. Our company operates a specialized R&#038;D center and a modern production facility capable of manufacturing a significant number of regenerative thermal oxidizers annually.<\/p>\n<p>Nous avons constitu\u00e9 un solide portefeuille de propri\u00e9t\u00e9 intellectuelle, gr\u00e2ce \u00e0 de nombreuses demandes de brevets dans nos technologies RTO cl\u00e9s, notamment plusieurs brevets d'invention. Nos innovations brevet\u00e9es couvrent la plupart des composants essentiels du syst\u00e8me, t\u00e9moignant de notre engagement envers le leadership technologique et l'excellence de nos produits. Ces r\u00e9alisations intellectuelles sont prot\u00e9g\u00e9es par des brevets d'invention, des brevets de mod\u00e8le d'utilit\u00e9, des brevets de dessin ou mod\u00e8le et des droits d'auteur sur nos logiciels. Tous nos produits sont fabriqu\u00e9s en interne, et des syst\u00e8mes de contr\u00f4le qualit\u00e9 rigoureux sont mis en \u0153uvre \u00e0 chaque \u00e9tape de la production. L'int\u00e9gration d'un logiciel SAP avanc\u00e9 et d'un tableau de bord de suivi en temps r\u00e9el de l'avancement des commandes \u00e0 l'ensemble de nos processus m\u00e9tier nous permet de garantir une qualit\u00e9 de produit \u00e9lev\u00e9e et une livraison efficace des commandes.<\/p>\n<p>Ever-Power serves as a regenerative thermal oxidizer supplier, integrating R&#038;D, design, manufacturing, engineering, and after-sales support into a seamless service. In addition to our RTO systems, we also produce a considerable quantity of zeolite rotor concentrators each year, further supporting our customers&#8217; emission control needs. Our operations are certified under the ISO9001 quality management system, featuring standardized production processes and batch manufacturing of core components. With a professional team handling engineering delivery, commissioning, and after-sales service, we offer end-to-end reliability and customer satisfaction. Ever-power industry Netherlands launches products and services have been widely recognized by the market. Ever-power industry Netherlands has many years of experience in this field and works closely with strong partners in Asia and Eastern Europe. Through strategic sourcing, Ever-power industry Netherlands is able to achieve considerable purchasing benefits while maintaining the required quality!<\/p>\n<p><img loading=\"lazy\" decoding=\"async\" class=\"aligncenter wp-image-142 size-full\" src=\"https:\/\/regenerative-thermal-oxidation.com\/wp-content\/uploads\/2025\/08\/ep-company.webp\" alt=\"soci\u00e9t\u00e9 ep\" width=\"1260\" height=\"732\" srcset=\"https:\/\/regenerative-thermal-oxidation.com\/wp-content\/uploads\/2025\/08\/ep-company.webp 1260w, https:\/\/regenerative-thermal-oxidation.com\/wp-content\/uploads\/2025\/08\/ep-company-980x569.webp 980w, https:\/\/regenerative-thermal-oxidation.com\/wp-content\/uploads\/2025\/08\/ep-company-480x279.webp 480w\" sizes=\"(min-width: 0px) and (max-width: 480px) 480px, (min-width: 481px) and (max-width: 980px) 980px, (min-width: 981px) 1260px, 100vw\" \/><\/p>","protected":false},"excerpt":{"rendered":"<p>L'oxydant thermique r\u00e9g\u00e9n\u00e9ratif rotatif (RTO) fonctionne en oxydant les gaz d'\u00e9chappement combustibles en oxydes et en eau \u00e0 haute temp\u00e9rature, purifiant ainsi efficacement les gaz et r\u00e9cup\u00e9rant la chaleur d\u00e9gag\u00e9e lors de la d\u00e9composition. Il atteint un rendement de d\u00e9composition sup\u00e9rieur \u00e0 99,51 % TPE\/3 TPE et un rendement de r\u00e9cup\u00e9ration de chaleur sup\u00e9rieur \u00e0 971 % TPE\/3 TPE. Le syst\u00e8me se compose d'une chambre de combustion, d'un garnissage en c\u00e9ramique et d'une vanne rotative, divis\u00e9s en 12 chambres\u00a0: cinq d'admission, cinq d'\u00e9chappement, une de nettoyage et une d'isolation. La vanne de distribution des gaz d'\u00e9chappement, entra\u00een\u00e9e par un moteur, tourne de mani\u00e8re continue et uniforme, permettant une circulation fluide des gaz entre les chambres.<\/p>","protected":false},"featured_media":200,"comment_status":"open","ping_status":"closed","template":"","meta":{"_et_pb_use_builder":"","_et_pb_old_content":"","_et_gb_content_width":""},"product_brand":[],"product_cat":[19],"product_tag":[],"class_list":{"0":"post-437","1":"product","2":"type-product","3":"status-publish","4":"has-post-thumbnail","6":"product_cat-regenerative-thermal-oxidizer","8":"first","9":"instock","10":"shipping-taxable","11":"product-type-simple"},"_links":{"self":[{"href":"https:\/\/regenerative-thermal-oxidation.com\/fr\/wp-json\/wp\/v2\/product\/437","targetHints":{"allow":["GET"]}}],"collection":[{"href":"https:\/\/regenerative-thermal-oxidation.com\/fr\/wp-json\/wp\/v2\/product"}],"about":[{"href":"https:\/\/regenerative-thermal-oxidation.com\/fr\/wp-json\/wp\/v2\/types\/product"}],"replies":[{"embeddable":true,"href":"https:\/\/regenerative-thermal-oxidation.com\/fr\/wp-json\/wp\/v2\/comments?post=437"}],"wp:featuredmedia":[{"embeddable":true,"href":"https:\/\/regenerative-thermal-oxidation.com\/fr\/wp-json\/wp\/v2\/media\/200"}],"wp:attachment":[{"href":"https:\/\/regenerative-thermal-oxidation.com\/fr\/wp-json\/wp\/v2\/media?parent=437"}],"wp:term":[{"taxonomy":"product_brand","embeddable":true,"href":"https:\/\/regenerative-thermal-oxidation.com\/fr\/wp-json\/wp\/v2\/product_brand?post=437"},{"taxonomy":"product_cat","embeddable":true,"href":"https:\/\/regenerative-thermal-oxidation.com\/fr\/wp-json\/wp\/v2\/product_cat?post=437"},{"taxonomy":"product_tag","embeddable":true,"href":"https:\/\/regenerative-thermal-oxidation.com\/fr\/wp-json\/wp\/v2\/product_tag?post=437"}],"curies":[{"name":"wp","href":"https:\/\/api.w.org\/{rel}","templated":true}]}}