{"id":437,"date":"2025-08-25T07:46:02","date_gmt":"2025-08-25T07:46:02","guid":{"rendered":"https:\/\/regenerative-thermal-oxidation.com\/?post_type=product&#038;p=437"},"modified":"2026-03-18T09:52:50","modified_gmt":"2026-03-18T09:52:50","slug":"valvola-rotativa-quadrata-rto","status":"publish","type":"product","link":"https:\/\/regenerative-thermal-oxidation.com\/it\/prodotto\/valvola-rotativa-quadrata-rto\/","title":{"rendered":"Valvola rotativa quadrata RTO"},"content":{"rendered":"<p>L'RTO rotativo, o ossidatore termico rigenerativo rotativo, funziona ossidando l'aria di scarico combustibile in ossidi e acqua ad alte temperature, purificando efficacemente i gas di scarico e riciclando il calore rilasciato durante la decomposizione. Raggiunge un'efficienza di decomposizione superiore a 99,51 TP3T e un'efficienza di recupero del calore superiore a 971 TP3T. Il sistema \u00e8 costituito da una camera di combustione, un letto di riempimento ceramico e una valvola rotativa, suddivisa in 12 camere: cinque per l'ingresso, cinque per l'uscita, una per la pulizia e una per l'isolamento. La valvola di distribuzione dei gas di scarico, azionata da un motore, ruota in modo continuo e uniforme, consentendo ai gas di scarico di passare agevolmente da una camera all'altra.<\/p>\n<p>Per elevate concentrazioni di aria di scarico, \u00e8 possibile configurare uno scambiatore aggiuntivo per convertirla in combustibile, con opzioni di recupero del calore che includono aria calda, acqua calda, vapore e olio. Questa valvola rotativa quadrata RTO \u00e8 adatta al trattamento dei COV in vari settori, nota per il suo design compatto, il funzionamento stabile e l'elevata efficienza. Pu\u00f2 trattare portate comprese tra 5.000 m\u00b3\/h e 100.000 m\u00b3\/h e si \u00e8 dimostrata efficace in settori come la stampa, il rivestimento di film e i prodotti chimici, ottenendo feedback positivi dai clienti.<\/p>\n<p><img loading=\"lazy\" decoding=\"async\" class=\"aligncenter wp-image-200 size-full\" src=\"https:\/\/regenerative-thermal-oxidation.com\/wp-content\/uploads\/2025\/08\/Square-Rotary-Valve-RTO-1.webp\" alt=\"Valvola rotativa quadrata RTO-1\" width=\"1200\" height=\"1200\" srcset=\"https:\/\/regenerative-thermal-oxidation.com\/wp-content\/uploads\/2025\/08\/Square-Rotary-Valve-RTO-1.webp 1200w, https:\/\/regenerative-thermal-oxidation.com\/wp-content\/uploads\/2025\/08\/Square-Rotary-Valve-RTO-1-980x980.webp 980w, https:\/\/regenerative-thermal-oxidation.com\/wp-content\/uploads\/2025\/08\/Square-Rotary-Valve-RTO-1-480x480.webp 480w\" sizes=\"(min-width: 0px) and (max-width: 480px) 480px, (min-width: 481px) and (max-width: 980px) 980px, (min-width: 981px) 1200px, 100vw\" \/><\/p>\n<h2><strong>Valvola rotativa quadrata RTO in vendita<\/strong><\/h2>\n<ol>\n<li><strong>Purificazione affidabile ed efficienza energetica<\/strong><br \/>\nLa struttura della valvola rotativa quadrata (RTO) garantisce prestazioni di purificazione costanti e affidabili, mantenendo al contempo un'elevata efficienza energetica. Il suo design innovativo riduce al minimo il consumo energetico grazie all'ottimizzazione del recupero e della distribuzione del calore. Il sistema dimostra un'efficienza operativa stabile in diverse condizioni di carico e requisiti di processo. Questa combinazione di affidabile capacit\u00e0 di distruzione e risparmio energetico lo rende una soluzione vantaggiosa dal punto di vista ambientale ed economico.<\/li>\n<li><strong>Distribuzione uniforme della temperatura<\/strong><br \/>\nLe camere di rigenerazione multiple disposte secondo un layout a campo aperto garantiscono un'eccezionale uniformit\u00e0 di temperatura in tutto il sistema. Questa configurazione favorisce uno scambio termico bilanciato e prestazioni termiche costanti in tutte le fasi operative. La disposizione ordinata delle camere previene la formazione di punti caldi localizzati e garantisce una distribuzione completa del calore. Questa gestione uniforme della temperatura migliora l'efficienza complessiva del sistema e l'affidabilit\u00e0 del trattamento.<\/li>\n<li><strong>Copertura completa del trasferimento di calore<\/strong><br \/>\nIl design a camera quadrata con elementi ceramici disposti ravvicinati consente un accumulo e un rilascio di calore completi, senza angoli morti. La configurazione compatta del pacco ceramico massimizza la superficie per uno scambio termico efficiente. Questa disposizione garantisce che ogni sezione partecipi pienamente al processo di trasferimento del calore, eliminando le zone inefficaci. Il risultato \u00e8 la massima efficienza termica e prestazioni costanti in tutto il sistema.<\/li>\n<li><strong>Accessibilit\u00e0 della valvola esterna<\/strong><br \/>\nDotato di una valvola rotativa montata esternamente, il sistema offre un'eccezionale praticit\u00e0 per le attivit\u00e0 di installazione e manutenzione. Questa posizione strategica consente un accesso diretto per le ispezioni di routine e le procedure di manutenzione, senza interruzioni interne al sistema. Il design semplifica la sostituzione dei componenti e riduce i tempi di fermo durante le operazioni di manutenzione. Questa caratteristica di accessibilit\u00e0 migliora significativamente la manutenibilit\u00e0 complessiva del sistema e la continuit\u00e0 operativa.<\/li>\n<li><strong>Riduzione dei requisiti di risorse operative<\/strong><br \/>\nIl sistema presenta requisiti di volume fisico ridotti, pur mantenendo caratteristiche di dispersione termica minime. Il suo design efficiente consente di ridurre il consumo energetico durante le modalit\u00e0 operative autosufficienti. Le dimensioni compatte contribuiscono al risparmio di spazio senza compromettere la capacit\u00e0 di trattamento o le prestazioni. Queste caratteristiche combinate si traducono in costi operativi inferiori e migliori parametri di sostenibilit\u00e0.<\/li>\n<li><strong>Flessibilit\u00e0 di configurazione personalizzata<\/strong><br \/>\nLe dimensioni delle apparecchiature possono essere personalizzate in base alle condizioni effettive del sito e a specifici vincoli spaziali. Questa adattabilit\u00e0 consente un'integrazione ottimale in strutture esistenti e in diversi layout industriali. La flessibilit\u00e0 progettuale garantisce un utilizzo efficiente dello spazio, soddisfacendo al contempo tutti i requisiti operativi. Le capacit\u00e0 di personalizzazione forniscono soluzioni che soddisfano esattamente le specifiche e i limiti di ogni singolo progetto.<\/li>\n<\/ol>\n<p><img loading=\"lazy\" decoding=\"async\" class=\"aligncenter wp-image-439 size-full\" src=\"https:\/\/regenerative-thermal-oxidation.com\/wp-content\/uploads\/2025\/08\/Square-Rotary-Valve-RTO-3.webp\" alt=\"Valvola rotativa quadrata RTO-3\" width=\"761\" height=\"532\" srcset=\"https:\/\/regenerative-thermal-oxidation.com\/wp-content\/uploads\/2025\/08\/Square-Rotary-Valve-RTO-3.webp 761w, https:\/\/regenerative-thermal-oxidation.com\/wp-content\/uploads\/2025\/08\/Square-Rotary-Valve-RTO-3-480x336.webp 480w\" sizes=\"(min-width: 0px) and (max-width: 480px) 480px, (min-width: 481px) 761px, 100vw\" \/><\/p>\n<h2><strong>Come funziona un ossidatore termico rigenerativo?<\/strong><\/h2>\n<p class=\"ds-markdown-paragraph\">Gli ossidatori termici rigenerativi funzionano eliminando i composti organici volatili (COV) dai flussi di scarico attraverso l'ossidazione ad alta temperatura, scomponendoli efficacemente in anidride carbonica e vapore acqueo a temperature operative di circa 800 \u00b0C. Una caratteristica fondamentale di questo sistema \u00e8 l'utilizzo di un'unica valvola di distribuzione a rotazione continua, che sostituisce la tradizionale serie di valvole a fungo. Questa innovativa configurazione delle valvole suddivide orizzontalmente un letto cilindrico di accumulo termico in diversi settori indipendenti, semplificando cos\u00ec la gestione del flusso di gas.<\/p>\n<p class=\"ds-markdown-paragraph\">Man mano che questa valvola ruota gradualmente, ogni settore svolge ciclicamente funzioni distinte: preriscalda il gas inquinato in ingresso, recupera e immagazzina l'energia termica dall'effluente depurato e viene sottoposto a un processo di spurgo. Questa rotazione fluida e ininterrotta garantisce transizioni fluide tra le fasi operative, riducendo significativamente le fluttuazioni di pressione comunemente riscontrate nei tradizionali sistemi di commutazione delle valvole.<\/p>\n<p class=\"ds-markdown-paragraph\">Il processo inizia quando il gas contaminato entra attraverso la valvola rotativa e si muove attraverso settori ceramici preriscaldati, aumentando la propria temperatura prima di entrare nella camera di combustione. Qui, vengono introdotti gas naturale e aria di combustione per mantenere l'elevata temperatura necessaria per la completa ossidazione. Dopo il trattamento, il gas purificato passa attraverso zone ceramiche pi\u00f9 fredde, trasferendo calore al mezzo e consentendo un recupero termico altamente efficiente. Un piccolo flusso di gas purificato viene inoltre deviato per eliminare gli inquinanti residui, prevenendo perdite di gas non trattato, mentre meccanismi di tenuta specializzati garantiscono la tenuta del gas tra flussi di processo adiacenti. Nel complesso, questo design rotativo continuo non solo aumenta l'affidabilit\u00e0 operativa e le prestazioni termiche, ma riduce anche le esigenze di manutenzione rispetto alle architetture di sistema pi\u00f9 vecchie.<\/p>\n<p><img loading=\"lazy\" decoding=\"async\" class=\"aligncenter wp-image-225 size-full\" src=\"https:\/\/regenerative-thermal-oxidation.com\/wp-content\/uploads\/2025\/08\/regenerative-thermal-oxidiser-working-principle.webp\" alt=\"principio di funzionamento dell&#039;ossidatore termico rigenerativo\" width=\"1010\" height=\"678\" srcset=\"https:\/\/regenerative-thermal-oxidation.com\/wp-content\/uploads\/2025\/08\/regenerative-thermal-oxidiser-working-principle.webp 1010w, https:\/\/regenerative-thermal-oxidation.com\/wp-content\/uploads\/2025\/08\/regenerative-thermal-oxidiser-working-principle-980x658.webp 980w, https:\/\/regenerative-thermal-oxidation.com\/wp-content\/uploads\/2025\/08\/regenerative-thermal-oxidiser-working-principle-480x322.webp 480w\" sizes=\"(min-width: 0px) and (max-width: 480px) 480px, (min-width: 481px) and (max-width: 980px) 980px, (min-width: 981px) 1010px, 100vw\" \/><\/p>\n<h2><strong>Il vostro produttore di fiducia di ossidatori termici rigenerativi: Ever-power industry Paesi Bassi<\/strong><\/h2>\n<p>Ever-power industry Netherlands is a specialist in procurement. In today\u2019s market it is strategically important to have a network of first class suppliers. Ever-power industry Netherlands offers you this network, including many advantages when purchasing manufactured and outsourced parts. Ever-power industry Netherlands, as the sales agent for the Ever-Power group in the Netherlands, can help you realise lower cost prices. Ever-Power is dedicated to providing comprehensive solutions for volatile organic compounds (VOC) treatment, with a strong focus on the development of carbon reduction and energy-saving technologies. Our company operates a specialized R&#038;D center and a modern production facility capable of manufacturing a significant number of regenerative thermal oxidizers annually.<\/p>\n<p>Abbiamo costruito un solido portafoglio di propriet\u00e0 intellettuale, avendo depositato numerose domande di brevetto per le principali tecnologie RTO, inclusi diversi brevetti d'invenzione. Le nostre innovazioni brevettate coprono la maggior parte dei componenti chiave del sistema, a dimostrazione del nostro impegno per la leadership tecnologica e l'eccellenza del prodotto. Questi risultati intellettuali sono supportati da brevetti d'invenzione autorizzati, brevetti per modelli di utilit\u00e0, brevetti di design e copyright sul software. Tutti i nostri prodotti sono realizzati internamente, con rigorosi sistemi di controllo qualit\u00e0 implementati in ogni fase della produzione. Integrando un software SAP avanzato e un'applicazione di dashboard di avanzamento in tempo reale in tutti i nostri processi aziendali, garantiamo un'elevata qualit\u00e0 del prodotto e un'evasione efficiente degli ordini.<\/p>\n<p>Ever-Power serves as a regenerative thermal oxidizer supplier, integrating R&#038;D, design, manufacturing, engineering, and after-sales support into a seamless service. In addition to our RTO systems, we also produce a considerable quantity of zeolite rotor concentrators each year, further supporting our customers&#8217; emission control needs. Our operations are certified under the ISO9001 quality management system, featuring standardized production processes and batch manufacturing of core components. With a professional team handling engineering delivery, commissioning, and after-sales service, we offer end-to-end reliability and customer satisfaction. Ever-power industry Netherlands launches products and services have been widely recognized by the market. Ever-power industry Netherlands has many years of experience in this field and works closely with strong partners in Asia and Eastern Europe. Through strategic sourcing, Ever-power industry Netherlands is able to achieve considerable purchasing benefits while maintaining the required quality!<\/p>\n<p><img loading=\"lazy\" decoding=\"async\" class=\"aligncenter wp-image-142 size-full\" src=\"https:\/\/regenerative-thermal-oxidation.com\/wp-content\/uploads\/2025\/08\/ep-company.webp\" alt=\"ep-company\" width=\"1260\" height=\"732\" srcset=\"https:\/\/regenerative-thermal-oxidation.com\/wp-content\/uploads\/2025\/08\/ep-company.webp 1260w, https:\/\/regenerative-thermal-oxidation.com\/wp-content\/uploads\/2025\/08\/ep-company-980x569.webp 980w, https:\/\/regenerative-thermal-oxidation.com\/wp-content\/uploads\/2025\/08\/ep-company-480x279.webp 480w\" sizes=\"(min-width: 0px) and (max-width: 480px) 480px, (min-width: 481px) and (max-width: 980px) 980px, (min-width: 981px) 1260px, 100vw\" \/><\/p>","protected":false},"excerpt":{"rendered":"<p>L'RTO rotativo, o ossidatore termico rigenerativo rotativo, funziona ossidando l'aria di scarico combustibile in ossidi e acqua ad alte temperature, purificando efficacemente i gas di scarico e riciclando il calore rilasciato durante la decomposizione. Raggiunge un'efficienza di decomposizione superiore a 99,51 TP3T e un'efficienza di recupero del calore superiore a 971 TP3T. Il sistema \u00e8 costituito da una camera di combustione, un letto di riempimento ceramico e una valvola rotativa, suddivisa in 12 camere: cinque per l'ingresso, cinque per l'uscita, una per la pulizia e una per l'isolamento. La valvola di distribuzione dei gas di scarico, azionata da un motore, ruota in modo continuo e uniforme, consentendo ai gas di scarico di passare agevolmente da una camera all'altra.<\/p>","protected":false},"featured_media":200,"comment_status":"open","ping_status":"closed","template":"","meta":{"_et_pb_use_builder":"","_et_pb_old_content":"","_et_gb_content_width":""},"product_brand":[],"product_cat":[19],"product_tag":[],"class_list":{"0":"post-437","1":"product","2":"type-product","3":"status-publish","4":"has-post-thumbnail","6":"product_cat-regenerative-thermal-oxidizer","8":"first","9":"instock","10":"shipping-taxable","11":"product-type-simple"},"_links":{"self":[{"href":"https:\/\/regenerative-thermal-oxidation.com\/it\/wp-json\/wp\/v2\/product\/437","targetHints":{"allow":["GET"]}}],"collection":[{"href":"https:\/\/regenerative-thermal-oxidation.com\/it\/wp-json\/wp\/v2\/product"}],"about":[{"href":"https:\/\/regenerative-thermal-oxidation.com\/it\/wp-json\/wp\/v2\/types\/product"}],"replies":[{"embeddable":true,"href":"https:\/\/regenerative-thermal-oxidation.com\/it\/wp-json\/wp\/v2\/comments?post=437"}],"wp:featuredmedia":[{"embeddable":true,"href":"https:\/\/regenerative-thermal-oxidation.com\/it\/wp-json\/wp\/v2\/media\/200"}],"wp:attachment":[{"href":"https:\/\/regenerative-thermal-oxidation.com\/it\/wp-json\/wp\/v2\/media?parent=437"}],"wp:term":[{"taxonomy":"product_brand","embeddable":true,"href":"https:\/\/regenerative-thermal-oxidation.com\/it\/wp-json\/wp\/v2\/product_brand?post=437"},{"taxonomy":"product_cat","embeddable":true,"href":"https:\/\/regenerative-thermal-oxidation.com\/it\/wp-json\/wp\/v2\/product_cat?post=437"},{"taxonomy":"product_tag","embeddable":true,"href":"https:\/\/regenerative-thermal-oxidation.com\/it\/wp-json\/wp\/v2\/product_tag?post=437"}],"curies":[{"name":"wp","href":"https:\/\/api.w.org\/{rel}","templated":true}]}}