{"id":698,"date":"2025-08-27T06:44:30","date_gmt":"2025-08-27T06:44:30","guid":{"rendered":"https:\/\/regenerative-thermal-oxidation.com\/?page_id=698"},"modified":"2025-09-04T05:43:36","modified_gmt":"2025-09-04T05:43:36","slug":"behandlingslosninger-for-beleggindustrien","status":"publish","type":"page","link":"https:\/\/regenerative-thermal-oxidation.com\/nb\/behandlingslosning\/behandlingslosninger-for-beleggindustrien\/","title":{"rendered":"Behandlingsl\u00f8sninger for beleggindustrien"},"content":{"rendered":"<p>[et_pb_section fb_built=&#8221;1&#8243; _builder_version=&#8221;4.25.0&#8243; _module_preset=&#8221;default&#8221; global_colors_info=&#8221;{}&#8221;][et_pb_row column_structure=&#8221;1_2,1_2&#8243; _builder_version=&#8221;4.25.0&#8243; _module_preset=&#8221;default&#8221; max_width=&#8221;1280px&#8221; global_colors_info=&#8221;{}&#8221;][et_pb_column type=&#8221;1_2&#8243; _builder_version=&#8221;4.25.0&#8243; _module_preset=&#8221;default&#8221; custom_padding=&#8221;60px||||false|false&#8221; custom_padding_tablet=&#8221;0px||||false|false&#8221; custom_padding_phone=&#8221;0px||||false|false&#8221; custom_padding_last_edited=&#8221;on|tablet&#8221; global_colors_info=&#8221;{}&#8221;][et_pb_heading title=&#8221;Coating Industry Treatment Solutions&#8221; _builder_version=&#8221;4.27.4&#8243; _module_preset=&#8221;9f513e84-bfe2-4055-b13c-75702a7a1870&#8243; global_colors_info=&#8221;{}&#8221;][\/et_pb_heading][et_pb_text _builder_version=&#8221;4.27.4&#8243; _module_preset=&#8221;7d917f61-6e8f-4787-b108-03165370d16d&#8221; text_font=&#8221;Poppins|300|||||||&#8221; global_colors_info=&#8221;{}&#8221;]<\/p>\n<p><span data-metadata=\"&lt;!--(figmeta)eyJmaWxlS2V5IjoiTTBrMlA1dUh0Sjh5NEFma3ZBRDFCWiIsInBhc3RlSUQiOjkyODMyOTMzMywiZGF0YVR5cGUiOiJzY2VuZSJ9Cg==(\/figmeta)--&gt;\"><\/span>Byggende p\u00e5 den dokumenterte suksessen til RP Techniek BVs roterende RTO-teknologi \u2013 som allerede er bredt tatt i bruk i VOC-h\u00e5ndtering for billakkering og overflatelakkering \u2013 leverer l\u00f8sningene v\u00e5re robust og effektiv utslippskontroll for lakkeringsindustrien.\u00a0<\/p>\n<p>[\/et_pb_text][et_pb_button button_url=&#8221;https:\/\/regenerative-thermal-oxidation.com\/contact-us\/&#8221; button_text=&#8221;Contact Us&#8221; _builder_version=&#8221;4.27.4&#8243; _module_preset=&#8221;d1efb939-aabd-4484-9468-8e86942117b2&#8243; global_colors_info=&#8221;{}&#8221;][\/et_pb_button][\/et_pb_column][et_pb_column type=&#8221;1_2&#8243; _builder_version=&#8221;4.25.0&#8243; _module_preset=&#8221;default&#8221; global_colors_info=&#8221;{}&#8221;][et_pb_image src=&#8221;https:\/\/regenerative-thermal-oxidation.com\/wp-content\/uploads\/2025\/08\/regenerative-thermal-oxidiser-application-Coating-industry.webp&#8221; alt=&#8221;regenerative thermal oxidiser-application-Coating industry&#8221; title_text=&#8221;regenerative thermal oxidiser-application-Coating industry&#8221; _builder_version=&#8221;4.27.4&#8243; _module_preset=&#8221;default&#8221; border_radii=&#8221;on|6px|6px|6px|6px&#8221; box_shadow_style=&#8221;preset1&#8243; global_colors_info=&#8221;{}&#8221;][\/et_pb_image][\/et_pb_column][\/et_pb_row][\/et_pb_section][et_pb_section fb_built=&#8221;1&#8243; _builder_version=&#8221;4.25.0&#8243; _module_preset=&#8221;default&#8221; global_colors_info=&#8221;{}&#8221;][et_pb_row _builder_version=&#8221;4.25.0&#8243; _module_preset=&#8221;default&#8221; max_width=&#8221;1280px&#8221; global_colors_info=&#8221;{}&#8221;][et_pb_column type=&#8221;4_4&#8243; _builder_version=&#8221;4.25.0&#8243; _module_preset=&#8221;default&#8221; global_colors_info=&#8221;{}&#8221;][et_pb_text _builder_version=&#8221;4.27.4&#8243; _module_preset=&#8221;ebdda1fb-62ed-47ed-bf93-8f0a18277a9c&#8221; text_font=&#8221;Poppins|300|||||||&#8221; text_font_size=&#8221;18px&#8221; text_line_height=&#8221;1.8em&#8221; locked=&#8221;off&#8221; global_colors_info=&#8221;{}&#8221;]<\/p>\n<p><span data-metadata=\"&lt;!--(figmeta)eyJmaWxlS2V5IjoiTTBrMlA1dUh0Sjh5NEFma3ZBRDFCWiIsInBhc3RlSUQiOjkyODMyOTMzMywiZGF0YVR5cGUiOiJzY2VuZSJ9Cg==(\/figmeta)--&gt;\"><\/span><span>For tiden har RP Techniek BV roterende RTO blitt mye brukt i h\u00e5ndtering av flyktige organiske forbindelser (VOC) i billakkering, overflatelakkering og andre virksomheter.<\/span><\/p>\n<p><span><\/span><\/p>\n<ul>\n<li>Kjennetegn p\u00e5 avgass: stort luftvolum og lav konsentrasjon<\/li>\n<li>Avgasskomponenter: toluen, xylen, butanol, aromatisk nafta, metylisobutylketon, butylacetat, etylenglykolbutyleter, etylbenzen, aceton<\/li>\n<li>Prosessskjema: filtrering + zeolitt-rotorkonsentrasjon + roterende RTO<\/li>\n<li>Avgasskonsentrasjon: 200 mg\/m\u00b3\uff5e400 mg\/m\u00b3<\/li>\n<li>Utslippsgrense: NMHC\u226450 mg\/m\u00b3<\/li>\n<\/ul>\n<p>[\/et_pb_text][et_pb_image src=&#8221;https:\/\/regenerative-thermal-oxidation.com\/wp-content\/uploads\/2025\/08\/coating-industry-governance-solutions-1.webp&#8221; alt=&#8221;coating industry governance solutions-1&#8243; title_text=&#8221;coating industry governance solutions-1&#8243; align=&#8221;center&#8221; _builder_version=&#8221;4.27.4&#8243; _module_preset=&#8221;default&#8221; border_radii=&#8221;on|6px|6px|6px|6px&#8221; global_colors_info=&#8221;{}&#8221;][\/et_pb_image][et_pb_heading title=&#8221;Coating Industry 3D drawing&#8221; _builder_version=&#8221;4.27.4&#8243; _module_preset=&#8221;1f11cea6-d4f9-4b9c-9940-13d4a89f0f7f&#8221; title_level=&#8221;h4&#8243; title_font=&#8221;Poppins|500|||||||&#8221; title_text_align=&#8221;center&#8221; title_font_size=&#8221;20px&#8221; custom_margin=&#8221;||0px||false|false&#8221; global_colors_info=&#8221;{}&#8221;][\/et_pb_heading][et_pb_image src=&#8221;https:\/\/regenerative-thermal-oxidation.com\/wp-content\/uploads\/2025\/09\/flow-chart-of-vocs-treatment-in-coating-industry-scaled.webp&#8221; alt=&#8221;flow-chart-of-vocs-treatment-in-coating-industry&#8221; title_text=&#8221;flow-chart-of-vocs-treatment-in-coating-industry&#8221; align=&#8221;center&#8221; _builder_version=&#8221;4.27.4&#8243; _module_preset=&#8221;default&#8221; hover_enabled=&#8221;0&#8243; border_radii=&#8221;on|6px|6px|6px|6px&#8221; global_colors_info=&#8221;{}&#8221; sticky_enabled=&#8221;0&#8243;][\/et_pb_image][et_pb_heading title=&#8221;System diagram of VOCs treatment and waste heat recycling in coating industry&#8221; _builder_version=&#8221;4.27.4&#8243; _module_preset=&#8221;1f11cea6-d4f9-4b9c-9940-13d4a89f0f7f&#8221; title_level=&#8221;h4&#8243; title_font=&#8221;Poppins|500|||||||&#8221; title_text_align=&#8221;center&#8221; title_font_size=&#8221;20px&#8221; custom_margin=&#8221;||0px||false|false&#8221; global_colors_info=&#8221;{}&#8221;][\/et_pb_heading][\/et_pb_column][\/et_pb_row][et_pb_row _builder_version=&#8221;4.25.0&#8243; _module_preset=&#8221;default&#8221; max_width=&#8221;1280px&#8221; global_colors_info=&#8221;{}&#8221; column_structure=&#8221;1_2,1_2&#8243;][et_pb_column type=&#8221;1_2&#8243; _builder_version=&#8221;4.25.0&#8243; _module_preset=&#8221;default&#8221; global_colors_info=&#8221;{}&#8221;][et_pb_heading title=&#8221;Process Design for Efficient Treatment&#8221; _builder_version=&#8221;4.27.4&#8243; _module_preset=&#8221;default&#8221; title_font=&#8221;Poppins||||||||&#8221; title_level=&#8221;h3&#8243; title_text_color=&#8221;#000000&#8243; title_line_height=&#8221;1.2em&#8221; hover_enabled=&#8221;0&#8243; sticky_enabled=&#8221;0&#8243;][\/et_pb_heading][et_pb_text _builder_version=&#8221;4.27.4&#8243; _module_preset=&#8221;ebdda1fb-62ed-47ed-bf93-8f0a18277a9c&#8221; text_font=&#8221;Poppins|300|||||||&#8221; text_font_size=&#8221;18px&#8221; text_line_height=&#8221;1.8em&#8221; hover_enabled=&#8221;0&#8243; locked=&#8221;off&#8221; global_colors_info=&#8221;{}&#8221; sticky_enabled=&#8221;0&#8243;]<\/p>\n<p>For \u00e5 effektivt kontrollere disse forurensningene, benytter det foresl\u00e5tte behandlingssystemet en flertrinns tiln\u00e6rming som tar sikte p\u00e5 \u00e5 optimalisere ytelsen og overholde utslippsforskrifter:<\/p>\n<ol>\n<li>Filtreringsfase: Prosessen begynner med \u00e5 filtrere avgassen for \u00e5 eliminere partikler og st\u00f8rre forurensninger. Denne innledende fasen er viktig for \u00e5 beskytte nedstr\u00f8msutstyr og forbedre den generelle systemytelsen.<\/li>\n<li>Zeolitt-rotorkonsentrasjon: P\u00e5 grunn av den lave konsentrasjonen av flyktige organiske forbindelser (VOC) brukes en zeolitt-rotorkonsentrator til \u00e5 adsorbere og konsentrere disse forbindelsene. Zeolitter fungerer som sv\u00e6rt effektive adsorbenter som selektivt fanger opp flyktige organiske forbindelser, og \u00f8ker konsentrasjonen for mer effektiv behandling i senere stadier.<\/li>\n<li>Roterende RTO-behandling: De konsentrerte VOC-ene behandles deretter i en regenerativ termisk oksidator (RTO), hvor de termisk oksideres ved forh\u00f8yede temperaturer. Denne behandlingen dekomponerer effektivt VOC-er til ufarlige utstr\u00f8mninger som karbondioksid og vanndamp, noe som minimerer milj\u00f8utslippene betydelig.<\/li>\n<\/ol>\n<p>[\/et_pb_text][\/et_pb_column][et_pb_column type=&#8221;1_2&#8243; _builder_version=&#8221;4.25.0&#8243; _module_preset=&#8221;default&#8221; global_colors_info=&#8221;{}&#8221;][et_pb_image src=&#8221;https:\/\/regenerative-thermal-oxidation.com\/wp-content\/uploads\/2025\/08\/rto-coating-industry-application-1.webp&#8221; alt=&#8221;rto-coating industry-application-1&#8243; title_text=&#8221;rto-coating industry-application-1&#8243; align=&#8221;center&#8221; _builder_version=&#8221;4.27.4&#8243; _module_preset=&#8221;default&#8221; border_radii=&#8221;on|6px|6px|6px|6px&#8221; global_colors_info=&#8221;{}&#8221;][\/et_pb_image][\/et_pb_column][\/et_pb_row][et_pb_row _builder_version=&#8221;4.25.0&#8243; _module_preset=&#8221;default&#8221; max_width=&#8221;1280px&#8221; global_colors_info=&#8221;{}&#8221;][et_pb_column type=&#8221;4_4&#8243; _builder_version=&#8221;4.25.0&#8243; _module_preset=&#8221;default&#8221; global_colors_info=&#8221;{}&#8221;][et_pb_heading title=&#8221;Emission Standards and Compliance&#8221; _builder_version=&#8221;4.27.4&#8243; _module_preset=&#8221;default&#8221; title_font=&#8221;Poppins||||||||&#8221; title_level=&#8221;h3&#8243; title_text_color=&#8221;#000000&#8243; title_line_height=&#8221;1.2em&#8221; hover_enabled=&#8221;0&#8243; sticky_enabled=&#8221;0&#8243;][\/et_pb_heading][et_pb_text _builder_version=&#8221;4.27.4&#8243; _module_preset=&#8221;ebdda1fb-62ed-47ed-bf93-8f0a18277a9c&#8221; text_font=&#8221;Poppins|300|||||||&#8221; text_font_size=&#8221;18px&#8221; text_line_height=&#8221;1.8em&#8221; hover_enabled=&#8221;0&#8243; locked=&#8221;off&#8221; global_colors_info=&#8221;{}&#8221; sticky_enabled=&#8221;0&#8243;]<\/p>\n<p>Milj\u00f8forskrifter setter strenge grenser for utslipp av ikke-metanhydrokarboner (NMHC), med en typisk terskelverdi p\u00e5 \u226450 mg\/m\u00b3. Yurcents roterende RTO-system er konstruert for ikke bare \u00e5 oppfylle, men ofte overg\u00e5, disse kravene, noe som sikrer full samsvar med milj\u00f8standarder.<\/p>\n<p>Ved \u00e5 implementere Yurcents roterende RTO-system kan industrielle operasjoner effektivt redusere VOC-utslipp, redusere milj\u00f8p\u00e5virkningen og konsekvent overholde regulatoriske krav. Denne integrerte strategien adresserer umiddelbare utslippsutfordringer samtidig som den st\u00f8tter bredere b\u00e6rekraftsm\u00e5l innen beleggsektoren.<\/p>\n<p>[\/et_pb_text][\/et_pb_column][\/et_pb_row][\/et_pb_section][et_pb_section fb_built=&#8221;1&#8243; _builder_version=&#8221;4.25.0&#8243; _module_preset=&#8221;default&#8221; global_colors_info=&#8221;{}&#8221;][et_pb_row _builder_version=&#8221;4.25.0&#8243; _module_preset=&#8221;default&#8221; global_colors_info=&#8221;{}&#8221;][et_pb_column type=&#8221;4_4&#8243; _builder_version=&#8221;4.25.0&#8243; _module_preset=&#8221;default&#8221; global_colors_info=&#8221;{}&#8221;][et_pb_button button_text=&#8221;Case&#8221; button_alignment=&#8221;center&#8221; _builder_version=&#8221;4.27.4&#8243; _module_preset=&#8221;d1efb939-aabd-4484-9468-8e86942117b2&#8243; button_icon=&#8221;&#x44;||divi||400&#8243; button_icon_placement=&#8221;left&#8221; global_colors_info=&#8221;{}&#8221;][\/et_pb_button][\/et_pb_column][\/et_pb_row][\/et_pb_section]<\/p>","protected":false},"excerpt":{"rendered":"<p>Building on the proven success of RP Techniek BV&#8217;s rotary RTO technology\u2014already widely adopted in VOC management for automotive coating and surface painting operations\u2014our solutions deliver robust and efficient emissions control for the coating industry.\u00a0 At present, RP Techniek BV rotary RTO has been widely used in VOCs management of automobile coating, surface painting and [&hellip;]<\/p>","protected":false},"author":1,"featured_media":0,"parent":474,"menu_order":0,"comment_status":"closed","ping_status":"closed","template":"","meta":{"_et_pb_use_builder":"on","_et_pb_old_content":"","_et_gb_content_width":"","footnotes":""},"class_list":["post-698","page","type-page","status-publish","hentry"],"_links":{"self":[{"href":"https:\/\/regenerative-thermal-oxidation.com\/nb\/wp-json\/wp\/v2\/pages\/698","targetHints":{"allow":["GET"]}}],"collection":[{"href":"https:\/\/regenerative-thermal-oxidation.com\/nb\/wp-json\/wp\/v2\/pages"}],"about":[{"href":"https:\/\/regenerative-thermal-oxidation.com\/nb\/wp-json\/wp\/v2\/types\/page"}],"author":[{"embeddable":true,"href":"https:\/\/regenerative-thermal-oxidation.com\/nb\/wp-json\/wp\/v2\/users\/1"}],"replies":[{"embeddable":true,"href":"https:\/\/regenerative-thermal-oxidation.com\/nb\/wp-json\/wp\/v2\/comments?post=698"}],"version-history":[{"count":22,"href":"https:\/\/regenerative-thermal-oxidation.com\/nb\/wp-json\/wp\/v2\/pages\/698\/revisions"}],"predecessor-version":[{"id":1314,"href":"https:\/\/regenerative-thermal-oxidation.com\/nb\/wp-json\/wp\/v2\/pages\/698\/revisions\/1314"}],"up":[{"embeddable":true,"href":"https:\/\/regenerative-thermal-oxidation.com\/nb\/wp-json\/wp\/v2\/pages\/474"}],"wp:attachment":[{"href":"https:\/\/regenerative-thermal-oxidation.com\/nb\/wp-json\/wp\/v2\/media?parent=698"}],"curies":[{"name":"wp","href":"https:\/\/api.w.org\/{rel}","templated":true}]}}