{"id":437,"date":"2025-08-25T07:46:02","date_gmt":"2025-08-25T07:46:02","guid":{"rendered":"https:\/\/regenerative-thermal-oxidation.com\/?post_type=product&#038;p=437"},"modified":"2026-03-18T09:52:50","modified_gmt":"2026-03-18T09:52:50","slug":"firkantet-rotasjonsventil-rto","status":"publish","type":"product","link":"https:\/\/regenerative-thermal-oxidation.com\/nb\/produkt\/firkantet-rotasjonsventil-rto\/","title":{"rendered":"Firkantet rotasjonsventil RTO"},"content":{"rendered":"<p>Den roterende RTO-en, eller roterende regenerativ termisk oksidator, fungerer ved \u00e5 oksidere brennbar avgassluft til oksider og vann ved h\u00f8ye temperaturer, og dermed effektivt rense avgassene og resirkulere varmen som frigj\u00f8res under nedbrytningen. Den oppn\u00e5r en nedbrytningseffektivitet p\u00e5 over 99,5% og en varmegjenvinningseffektivitet p\u00e5 over 97%. Systemet best\u00e5r av et forbrenningskammer, et keramisk pakningsbed og en roterende ventil, delt inn i 12 kamre: fem for innl\u00f8p, fem for utl\u00f8p, ett for rengj\u00f8ring og ett for isolering. Avgassfordelingsventilen, som drives av en motor, roterer kontinuerlig og jevnt, slik at avgassen kan veksle jevnt mellom kamrene.<\/p>\n<p>For h\u00f8ye konsentrasjoner av avtrekksluft kan en ekstra veksler konfigureres for \u00e5 omdanne den til drivstoff, med varmegjenvinningsalternativer som varmluft, varmtvann, damp og olje. Denne firkantede roterende ventilen RTO er egnet for behandling av flyktige organiske forbindelser (VOC) i ulike bransjer, kjent for sin kompakte design, stabile drift og h\u00f8ye effektivitet. Den kan behandle mellom 5000 m\u00b3\/t og 100 000 m\u00b3\/t og har vist seg \u00e5 v\u00e6re vellykket i bransjer som trykking, filmbelegg og kjemikalier, med positive tilbakemeldinger fra kunder.<\/p>\n<p><img loading=\"lazy\" decoding=\"async\" class=\"aligncenter wp-image-200 size-full\" src=\"https:\/\/regenerative-thermal-oxidation.com\/wp-content\/uploads\/2025\/08\/Square-Rotary-Valve-RTO-1.webp\" alt=\"Firkantet rotasjonsventil RTO-1\" width=\"1200\" height=\"1200\" srcset=\"https:\/\/regenerative-thermal-oxidation.com\/wp-content\/uploads\/2025\/08\/Square-Rotary-Valve-RTO-1.webp 1200w, https:\/\/regenerative-thermal-oxidation.com\/wp-content\/uploads\/2025\/08\/Square-Rotary-Valve-RTO-1-980x980.webp 980w, https:\/\/regenerative-thermal-oxidation.com\/wp-content\/uploads\/2025\/08\/Square-Rotary-Valve-RTO-1-480x480.webp 480w\" sizes=\"(min-width: 0px) and (max-width: 480px) 480px, (min-width: 481px) and (max-width: 980px) 980px, (min-width: 981px) 1200px, 100vw\" \/><\/p>\n<h2><strong>Firkantet rotasjonsventil RTO til salgs<\/strong><\/h2>\n<ol>\n<li><strong>P\u00e5litelig rensing og energieffektivitet<\/strong><br \/>\nDen firkantede roterende ventilens RTO-struktur sikrer jevn og p\u00e5litelig renseytelse samtidig som den opprettholder h\u00f8y energieffektivitet. Den innovative designen minimerer energiforbruket gjennom optimalisert varmegjenvinning og -distribusjon. Systemet viser stabil driftseffektivitet under varierende belastningsforhold og prosesseringskrav. Denne kombinasjonen av p\u00e5litelig destruksjonsevne og energibesparelse gj\u00f8r det til en milj\u00f8messig og \u00f8konomisk gunstig l\u00f8sning.<\/li>\n<li><strong>Jevn temperaturfordeling<\/strong><br \/>\nFlere regenerative kamre arrangert i et feltformatoppsett oppn\u00e5r eksepsjonell temperaturjevnhet i hele systemet. Denne konfigurasjonen fremmer balansert varmeveksling og konsistent termisk ytelse p\u00e5 tvers av alle driftsfaser. Det organiserte kammerarrangementet forhindrer lokale varmepunkter og sikrer omfattende varmefordeling. Denne jevne temperaturstyringen forbedrer den generelle systemeffektiviteten og behandlingens p\u00e5litelighet.<\/li>\n<li><strong>Fullstendig dekning av varmeoverf\u00f8ring<\/strong><br \/>\nFirkantet kammerdesign med tett plasserte keramiske elementer muliggj\u00f8r omfattende varmelagring og -frigj\u00f8ring uten d\u00f8de vinkler. Den kompakte keramiske pakningskonfigurasjonen maksimerer overflatearealet for effektiv varmeutveksling. Denne utformingen sikrer at hver seksjon deltar fullt ut i varmeoverf\u00f8ringsprosessen, og eliminerer ineffektive soner. Resultatet er maksimert termisk effektivitet og jevn ytelse i hele systemet.<\/li>\n<li><strong>Tilgjengelighet for ekstern ventil<\/strong><br \/>\nSystemet har en eksternt montert rotasjonsventil, og gir eksepsjonell bekvemmelighet for installasjon og vedlikehold. Denne strategiske plasseringen gir enkel tilgang til rutinemessig inspeksjon og serviceprosedyrer uten interne systemforstyrrelser. Designet forenkler utskifting av komponenter og reduserer nedetid under vedlikeholdsoperasjoner. Denne tilgjengelighetsfunksjonen forbedrer systemets generelle servicevennlighet og driftskontinuitet betydelig.<\/li>\n<li><strong>Reduserte krav til driftsressurser<\/strong><br \/>\nSystemet har lave krav til fysisk volum samtidig som det opprettholder minimale varmetapskarakteristikker. Den effektive designen oppn\u00e5r redusert str\u00f8mforbruk under selvopprettholdende driftsmoduser. Kompakte dimensjoner bidrar til plassbesparelser uten at det g\u00e5r p\u00e5 bekostning av behandlingskapasitet eller ytelse. Disse kombinerte funksjonene resulterer i lavere driftskostnader og forbedrede b\u00e6rekraftsm\u00e5l.<\/li>\n<li><strong>Tilpasset konfigurasjonsfleksibilitet<\/strong><br \/>\nUtstyrsdimensjonene kan skreddersys i henhold til faktiske forhold p\u00e5 stedet og spesifikke romlige begrensninger. Denne tilpasningsevnen muliggj\u00f8r optimal integrering i eksisterende anlegg og ulike industrielle oppsett. Designfleksibiliteten sikrer effektiv plassutnyttelse samtidig som alle driftskrav oppfylles. Tilpasningsmuligheter gir l\u00f8sninger som n\u00f8yaktig samsvarer med individuelle prosjektspesifikasjoner og begrensninger.<\/li>\n<\/ol>\n<p><img loading=\"lazy\" decoding=\"async\" class=\"aligncenter wp-image-439 size-full\" src=\"https:\/\/regenerative-thermal-oxidation.com\/wp-content\/uploads\/2025\/08\/Square-Rotary-Valve-RTO-3.webp\" alt=\"Firkantet rotasjonsventil RTO-3\" width=\"761\" height=\"532\" srcset=\"https:\/\/regenerative-thermal-oxidation.com\/wp-content\/uploads\/2025\/08\/Square-Rotary-Valve-RTO-3.webp 761w, https:\/\/regenerative-thermal-oxidation.com\/wp-content\/uploads\/2025\/08\/Square-Rotary-Valve-RTO-3-480x336.webp 480w\" sizes=\"(min-width: 0px) and (max-width: 480px) 480px, (min-width: 481px) 761px, 100vw\" \/><\/p>\n<h2><strong>Hvordan fungerer en regenerativ termisk oksidasjonsmiddel?<\/strong><\/h2>\n<p class=\"ds-markdown-paragraph\">Regenerative termiske oksidasjonsmidler fungerer ved \u00e5 eliminere flyktige organiske forbindelser (VOC) fra eksosstr\u00f8mmer gjennom h\u00f8ytemperaturoksidasjon \u2013 og bryter dem effektivt ned til karbondioksid og vanndamp ved driftstemperaturer p\u00e5 omtrent 800 \u00b0C. En viktig funksjon ved dette systemet er bruken av en enkelt, kontinuerlig roterende fordelingsventil, som erstatter den konvensjonelle oppstillingen av tallerkenventiler. Denne innovative ventilkonfigurasjonen deler et sylindrisk varmelagringssjikt horisontalt inn i flere uavhengige sektorer, og effektiviserer dermed gassflyth\u00e5ndteringen.<\/p>\n<p class=\"ds-markdown-paragraph\">Etter hvert som denne ventilen gradvis roterer, utf\u00f8rer hver sektor syklisk forskjellige funksjoner: forvarming av den innkommende forurensede gassen, gjenvinning og lagring av termisk energi fra det rensede avl\u00f8psvannet, og gjennomgang av en spyleprosess. Denne jevne, uavbrutte rotasjonen sikrer s\u00f8ml\u00f8se overganger mellom driftstrinn, noe som reduserer trykksvingninger som vanligvis forekommer i tradisjonelle ventilkoblingssystemer betydelig.<\/p>\n<p class=\"ds-markdown-paragraph\">Prosessen starter n\u00e5r forurenset gass kommer inn gjennom rotasjonsventilen og beveger seg gjennom forvarmede keramiske sektorer, noe som hever temperaturen f\u00f8r den kommer inn i forbrenningskammeret. Der f\u00f8res naturgass og forbrenningsluft inn for \u00e5 opprettholde den h\u00f8ye temperaturen som er n\u00f8dvendig for fullstendig oksidasjon. Etter behandlingen passerer den rensede gassen gjennom kj\u00f8ligere keramiske soner, overf\u00f8rer varme til mediet og muliggj\u00f8r sv\u00e6rt effektiv termisk gjenvinning. En liten str\u00f8m av renset gass omdirigeres ogs\u00e5 for \u00e5 fjerne gjenv\u00e6rende forurensninger, noe som forhindrer lekkasje av ubehandlet gass, mens spesialiserte tetningsmekanismer sikrer gasstetthet mellom tilst\u00f8tende prosessstr\u00f8mmer. Samlet sett \u00f8ker denne kontinuerlige rotasjonskonstruksjonen ikke bare driftssikkerheten og termisk ytelse, men reduserer ogs\u00e5 vedlikeholdsbehovet sammenlignet med eldre systemarkitekturer.<\/p>\n<p><img loading=\"lazy\" decoding=\"async\" class=\"aligncenter wp-image-225 size-full\" src=\"https:\/\/regenerative-thermal-oxidation.com\/wp-content\/uploads\/2025\/08\/regenerative-thermal-oxidiser-working-principle.webp\" alt=\"regenerativ termisk oksidasjonsprinsipp\" width=\"1010\" height=\"678\" srcset=\"https:\/\/regenerative-thermal-oxidation.com\/wp-content\/uploads\/2025\/08\/regenerative-thermal-oxidiser-working-principle.webp 1010w, https:\/\/regenerative-thermal-oxidation.com\/wp-content\/uploads\/2025\/08\/regenerative-thermal-oxidiser-working-principle-980x658.webp 980w, https:\/\/regenerative-thermal-oxidation.com\/wp-content\/uploads\/2025\/08\/regenerative-thermal-oxidiser-working-principle-480x322.webp 480w\" sizes=\"(min-width: 0px) and (max-width: 480px) 480px, (min-width: 481px) and (max-width: 980px) 980px, (min-width: 981px) 1010px, 100vw\" \/><\/p>\n<h2><strong>Din p\u00e5litelige produsent av regenerative termiske oksidasjonsmidler \u2014 Ever-power industry Nederland<\/strong><\/h2>\n<p>Ever-power industry Netherlands is a specialist in procurement. In today\u2019s market it is strategically important to have a network of first class suppliers. Ever-power industry Netherlands offers you this network, including many advantages when purchasing manufactured and outsourced parts. Ever-power industry Netherlands, as the sales agent for the Ever-Power group in the Netherlands, can help you realise lower cost prices. Ever-Power is dedicated to providing comprehensive solutions for volatile organic compounds (VOC) treatment, with a strong focus on the development of carbon reduction and energy-saving technologies. Our company operates a specialized R&#038;D center and a modern production facility capable of manufacturing a significant number of regenerative thermal oxidizers annually.<\/p>\n<p>Vi har bygget en robust portef\u00f8lje av immaterielle rettigheter, etter \u00e5 ha s\u00f8kt om en rekke patenter innen sentrale RTO-teknologier, inkludert flere oppfinnelsespatenter. V\u00e5re patenterte innovasjoner dekker de fleste n\u00f8kkelkomponentene i systemet, noe som gjenspeiler v\u00e5r forpliktelse til teknologisk lederskap og produktkvalitet. Disse intellektuelle prestasjonene st\u00f8ttes av autoriserte oppfinnelsespatenter, bruksmodellpatenter, designpatenter og programvareopphavsrett. Alle produktene v\u00e5re produseres internt, med strenge kvalitetsinspeksjonssystemer implementert i alle produksjonsledd. Ved \u00e5 integrere avansert SAP-programvare og et sanntids fremdriftsdashboardprogram p\u00e5 tvers av hele forretningsprosessen v\u00e5r, sikrer vi b\u00e5de h\u00f8y produktkvalitet og effektiv ordrelevering.<\/p>\n<p>Ever-Power serves as a regenerative thermal oxidizer supplier, integrating R&#038;D, design, manufacturing, engineering, and after-sales support into a seamless service. In addition to our RTO systems, we also produce a considerable quantity of zeolite rotor concentrators each year, further supporting our customers&#8217; emission control needs. Our operations are certified under the ISO9001 quality management system, featuring standardized production processes and batch manufacturing of core components. With a professional team handling engineering delivery, commissioning, and after-sales service, we offer end-to-end reliability and customer satisfaction. Ever-power industry Netherlands launches products and services have been widely recognized by the market. Ever-power industry Netherlands has many years of experience in this field and works closely with strong partners in Asia and Eastern Europe. Through strategic sourcing, Ever-power industry Netherlands is able to achieve considerable purchasing benefits while maintaining the required quality!<\/p>\n<p><img loading=\"lazy\" decoding=\"async\" class=\"aligncenter wp-image-142 size-full\" src=\"https:\/\/regenerative-thermal-oxidation.com\/wp-content\/uploads\/2025\/08\/ep-company.webp\" alt=\"ep-selskap\" width=\"1260\" height=\"732\" srcset=\"https:\/\/regenerative-thermal-oxidation.com\/wp-content\/uploads\/2025\/08\/ep-company.webp 1260w, https:\/\/regenerative-thermal-oxidation.com\/wp-content\/uploads\/2025\/08\/ep-company-980x569.webp 980w, https:\/\/regenerative-thermal-oxidation.com\/wp-content\/uploads\/2025\/08\/ep-company-480x279.webp 480w\" sizes=\"(min-width: 0px) and (max-width: 480px) 480px, (min-width: 481px) and (max-width: 980px) 980px, (min-width: 981px) 1260px, 100vw\" \/><\/p>","protected":false},"excerpt":{"rendered":"<p>Den roterende RTO-en, eller roterende regenerativ termisk oksidator, fungerer ved \u00e5 oksidere brennbar avgassluft til oksider og vann ved h\u00f8ye temperaturer, og dermed effektivt rense avgassene og resirkulere varmen som frigj\u00f8res under nedbrytningen. Den oppn\u00e5r en nedbrytningseffektivitet p\u00e5 over 99,5% og en varmegjenvinningseffektivitet p\u00e5 over 97%. Systemet best\u00e5r av et forbrenningskammer, et keramisk pakningsbed og en roterende ventil, delt inn i 12 kamre: fem for innl\u00f8p, fem for utl\u00f8p, ett for rengj\u00f8ring og ett for isolering. Avgassfordelingsventilen, som drives av en motor, roterer kontinuerlig og jevnt, slik at avgassen kan veksle jevnt mellom kamrene.<\/p>","protected":false},"featured_media":200,"comment_status":"open","ping_status":"closed","template":"","meta":{"_et_pb_use_builder":"","_et_pb_old_content":"","_et_gb_content_width":""},"product_brand":[],"product_cat":[19],"product_tag":[],"class_list":{"0":"post-437","1":"product","2":"type-product","3":"status-publish","4":"has-post-thumbnail","6":"product_cat-regenerative-thermal-oxidizer","8":"first","9":"instock","10":"shipping-taxable","11":"product-type-simple"},"_links":{"self":[{"href":"https:\/\/regenerative-thermal-oxidation.com\/nb\/wp-json\/wp\/v2\/product\/437","targetHints":{"allow":["GET"]}}],"collection":[{"href":"https:\/\/regenerative-thermal-oxidation.com\/nb\/wp-json\/wp\/v2\/product"}],"about":[{"href":"https:\/\/regenerative-thermal-oxidation.com\/nb\/wp-json\/wp\/v2\/types\/product"}],"replies":[{"embeddable":true,"href":"https:\/\/regenerative-thermal-oxidation.com\/nb\/wp-json\/wp\/v2\/comments?post=437"}],"wp:featuredmedia":[{"embeddable":true,"href":"https:\/\/regenerative-thermal-oxidation.com\/nb\/wp-json\/wp\/v2\/media\/200"}],"wp:attachment":[{"href":"https:\/\/regenerative-thermal-oxidation.com\/nb\/wp-json\/wp\/v2\/media?parent=437"}],"wp:term":[{"taxonomy":"product_brand","embeddable":true,"href":"https:\/\/regenerative-thermal-oxidation.com\/nb\/wp-json\/wp\/v2\/product_brand?post=437"},{"taxonomy":"product_cat","embeddable":true,"href":"https:\/\/regenerative-thermal-oxidation.com\/nb\/wp-json\/wp\/v2\/product_cat?post=437"},{"taxonomy":"product_tag","embeddable":true,"href":"https:\/\/regenerative-thermal-oxidation.com\/nb\/wp-json\/wp\/v2\/product_tag?post=437"}],"curies":[{"name":"wp","href":"https:\/\/api.w.org\/{rel}","templated":true}]}}