{"id":1284,"date":"2025-09-04T05:26:08","date_gmt":"2025-09-04T05:26:08","guid":{"rendered":"https:\/\/regenerative-thermal-oxidation.com\/?page_id=1284"},"modified":"2025-09-04T07:40:40","modified_gmt":"2025-09-04T07:40:40","slug":"industriele-ovenbehandelingsoplossingen","status":"publish","type":"page","link":"https:\/\/regenerative-thermal-oxidation.com\/nl_be\/behandelingsoplossing\/industriele-ovenbehandelingsoplossingen\/","title":{"rendered":"Oplossingen voor de behandeling van industri\u00eble ovens"},"content":{"rendered":"<p>[et_pb_section fb_built=&#8221;1&#8243; _builder_version=&#8221;4.25.0&#8243; _module_preset=&#8221;default&#8221; global_colors_info=&#8221;{}&#8221;][et_pb_row column_structure=&#8221;1_2,1_2&#8243; _builder_version=&#8221;4.25.0&#8243; _module_preset=&#8221;default&#8221; max_width=&#8221;1280px&#8221; global_colors_info=&#8221;{}&#8221;][et_pb_column type=&#8221;1_2&#8243; _builder_version=&#8221;4.25.0&#8243; _module_preset=&#8221;default&#8221; custom_padding=&#8221;60px||||false|false&#8221; custom_padding_tablet=&#8221;0px||||false|false&#8221; custom_padding_phone=&#8221;0px||||false|false&#8221; custom_padding_last_edited=&#8221;on|tablet&#8221; global_colors_info=&#8221;{}&#8221;][et_pb_heading title=&#8221;Industrial Kiln Treatment Solutions&#8221; _builder_version=&#8221;4.27.4&#8243; _module_preset=&#8221;default&#8221; title_font=&#8221;Poppins||||||||&#8221; title_text_color=&#8221;#000000&#8243; title_font_size=&#8221;72px&#8221; title_letter_spacing=&#8221;-0.05em&#8221; custom_margin=&#8221;-59px|||||&#8221; global_colors_info=&#8221;{}&#8221;][\/et_pb_heading][et_pb_text _builder_version=&#8221;4.27.4&#8243; _module_preset=&#8221;ac35aa0b-5a2e-486a-a595-14d48c4d8f3b&#8221; text_font=&#8221;Poppins|300|||||||&#8221; hover_enabled=&#8221;0&#8243; global_colors_info=&#8221;{}&#8221; sticky_enabled=&#8221;0&#8243;]<\/p>\n<p>Emissies van industri\u00eble ovens brengen specifieke uitdagingen met zich mee op het gebied van behandeling, vanwege hun kenmerkend lage zuurstofgehalte, wat de verbrandingseffici\u00ebntie belemmert, en hoge concentraties koolmonoxide (CO) \u2013 een giftige verontreinigende stof die strikte controle vereist. Effectieve emissiereductie is essentieel om te voldoen aan milieunormen en de volksgezondheid te beschermen. RP Techniek BV biedt robuuste, op maat gemaakte oplossingen die zijn ontworpen om dergelijke moeilijk te hanteren gassen effici\u00ebnt te behandelen, waardoor betrouwbare naleving en operationele veiligheid worden gegarandeerd.<\/p>\n<p>[\/et_pb_text][et_pb_button button_url=&#8221;https:\/\/regenerative-thermal-oxidation.com\/contact-us\/&#8221; button_text=&#8221;Contact Us&#8221; _builder_version=&#8221;4.27.4&#8243; _module_preset=&#8221;ff3c135b-8227-4e2c-9020-1c11d79cecd6&#8243; global_colors_info=&#8221;{}&#8221;][\/et_pb_button][\/et_pb_column][et_pb_column type=&#8221;1_2&#8243; _builder_version=&#8221;4.25.0&#8243; _module_preset=&#8221;default&#8221; global_colors_info=&#8221;{}&#8221;][et_pb_image src=&#8221;https:\/\/regenerative-thermal-oxidation.com\/wp-content\/uploads\/2025\/08\/regenerative-thermal-oxidiser-application-Industrial-kilns.webp&#8221; alt=&#8221;regenerative thermal oxidiser-application-Industrial kilns&#8221; title_text=&#8221;regenerative thermal oxidiser-application-Industrial kilns&#8221; align=&#8221;center&#8221; _builder_version=&#8221;4.27.4&#8243; _module_preset=&#8221;default&#8221; border_radii=&#8221;on|6px|6px|6px|6px&#8221; box_shadow_style=&#8221;preset1&#8243; global_colors_info=&#8221;{}&#8221;][\/et_pb_image][\/et_pb_column][\/et_pb_row][\/et_pb_section][et_pb_section fb_built=&#8221;1&#8243; _builder_version=&#8221;4.25.0&#8243; _module_preset=&#8221;default&#8221; global_colors_info=&#8221;{}&#8221;][et_pb_row _builder_version=&#8221;4.25.0&#8243; _module_preset=&#8221;default&#8221; max_width=&#8221;1280px&#8221; global_colors_info=&#8221;{}&#8221;][et_pb_column type=&#8221;4_4&#8243; _builder_version=&#8221;4.25.0&#8243; _module_preset=&#8221;default&#8221; global_colors_info=&#8221;{}&#8221;][et_pb_text _builder_version=&#8221;4.27.4&#8243; _module_preset=&#8221;38f50334-bf28-4757-ae48-c018c9c8983d&#8221; text_font=&#8221;Poppins|300|||||||&#8221; text_font_size=&#8221;18px&#8221; text_line_height=&#8221;1.8em&#8221; locked=&#8221;off&#8221; global_colors_info=&#8221;{}&#8221;]<\/p>\n<ul>\n<li>Uitlaatgaseigenschappen: Laag zuurstofgehalte, hoge koolmonoxideconcentratie.<\/li>\n<li>Uitlaatgasbestanddelen: Koolmonoxide.<\/li>\n<li>Procesoplossing: Luchtverdeelsysteem + roterende RTO + terugwinning van restwarmte (stoom, heet water, thermische olie)<\/li>\n<\/ul>\n<p>[\/et_pb_text][\/et_pb_column][\/et_pb_row][et_pb_row column_structure=&#8221;1_2,1_2&#8243; _builder_version=&#8221;4.25.0&#8243; _module_preset=&#8221;default&#8221; max_width=&#8221;1280px&#8221; global_colors_info=&#8221;{}&#8221;][et_pb_column type=&#8221;1_2&#8243; _builder_version=&#8221;4.25.0&#8243; _module_preset=&#8221;default&#8221; global_colors_info=&#8221;{}&#8221;][et_pb_image src=&#8221;https:\/\/regenerative-thermal-oxidation.com\/wp-content\/uploads\/2025\/09\/rto-for-industrial-kiln-1.webp&#8221; alt=&#8221;rto for industrial kiln-1&#8243; title_text=&#8221;rto for industrial kiln-1&#8243; align=&#8221;center&#8221; _builder_version=&#8221;4.27.4&#8243; _module_preset=&#8221;default&#8221; custom_margin=&#8221;||52px|||&#8221; global_colors_info=&#8221;{}&#8221;][\/et_pb_image][et_pb_heading title=&#8221;Steel plant exhaust gas treatment&#8221; _builder_version=&#8221;4.27.4&#8243; _module_preset=&#8221;a3a8b03b-7432-4cf8-8eaf-99fc2659aa8d&#8221; title_font=&#8221;Poppins||||||||&#8221; title_text_align=&#8221;center&#8221; title_text_color=&#8221;#000000&#8243; title_font_size=&#8221;20px&#8221; custom_margin=&#8221;||0px||false|false&#8221; global_colors_info=&#8221;{}&#8221;][\/et_pb_heading][\/et_pb_column][et_pb_column type=&#8221;1_2&#8243; _builder_version=&#8221;4.25.0&#8243; _module_preset=&#8221;default&#8221; global_colors_info=&#8221;{}&#8221;][et_pb_image src=&#8221;https:\/\/regenerative-thermal-oxidation.com\/wp-content\/uploads\/2025\/09\/rto-for-industrial-kiln-2.webp&#8221; alt=&#8221;rto for industrial kiln-2&#8243; title_text=&#8221;rto for industrial kiln-2&#8243; align=&#8221;center&#8221; _builder_version=&#8221;4.27.4&#8243; _module_preset=&#8221;default&#8221; global_colors_info=&#8221;{}&#8221;][\/et_pb_image][et_pb_heading title=&#8221;Lime kiln exhaust gas treatment&#8221; _builder_version=&#8221;4.27.4&#8243; _module_preset=&#8221;a3a8b03b-7432-4cf8-8eaf-99fc2659aa8d&#8221; title_font=&#8221;Poppins||||||||&#8221; title_text_align=&#8221;center&#8221; title_text_color=&#8221;#000000&#8243; title_font_size=&#8221;20px&#8221; custom_margin=&#8221;||0px||false|false&#8221; global_colors_info=&#8221;{}&#8221;][\/et_pb_heading][\/et_pb_column][\/et_pb_row][\/et_pb_section][et_pb_section fb_built=&#8221;1&#8243; _builder_version=&#8221;4.25.0&#8243; _module_preset=&#8221;default&#8221; global_colors_info=&#8221;{}&#8221;][et_pb_row _builder_version=&#8221;4.25.0&#8243; _module_preset=&#8221;default&#8221; max_width=&#8221;1280px&#8221; global_colors_info=&#8221;{}&#8221;][et_pb_column type=&#8221;4_4&#8243; _builder_version=&#8221;4.25.0&#8243; _module_preset=&#8221;default&#8221; global_colors_info=&#8221;{}&#8221;][et_pb_heading title=&#8221;Process Scheme&#8221; _builder_version=&#8221;4.27.4&#8243; _module_preset=&#8221;default&#8221; title_font=&#8221;Poppins||||||||&#8221; title_text_color=&#8221;#000000&#8243; global_colors_info=&#8221;{}&#8221;][\/et_pb_heading][et_pb_text _builder_version=&#8221;4.27.4&#8243; _module_preset=&#8221;38f50334-bf28-4757-ae48-c018c9c8983d&#8221; text_font=&#8221;Poppins|300|||||||&#8221; text_font_size=&#8221;18px&#8221; text_line_height=&#8221;1.8em&#8221; locked=&#8221;off&#8221; global_colors_info=&#8221;{}&#8221;]<\/p>\n<p>Om deze uitdagingen effectief aan te pakken, integreert het voorgestelde afvalgasbehandelingssysteem de volgende kerncomponenten:<\/p>\n<p>[\/et_pb_text][et_pb_text _builder_version=&#8221;4.27.4&#8243; _module_preset=&#8221;38f50334-bf28-4757-ae48-c018c9c8983d&#8221; text_font=&#8221;Poppins|300|||||||&#8221; text_font_size=&#8221;18px&#8221; text_line_height=&#8221;1.8em&#8221; locked=&#8221;off&#8221; global_colors_info=&#8221;{}&#8221;]<\/p>\n<p>1. Luchtverdeelsysteem<br \/>\nHet luchtverdeelsysteem is essentieel voor het verbeteren van de verbrandingseffici\u00ebntie door extra zuurstof aan de afvalgasstroom toe te voegen. Dit bevordert de volledige oxidatie van CO tot het minder schadelijke koolstofdioxide (CO\u2082). Een uniforme luchtverdeling in de verbrandingskamer minimaliseert de vorming van CO en verbetert de temperatuurconsistentie, wat leidt tot een stabielere en effici\u00ebntere werking.<\/p>\n<p>[\/et_pb_text][et_pb_text _builder_version=&#8221;4.27.4&#8243; _module_preset=&#8221;38f50334-bf28-4757-ae48-c018c9c8983d&#8221; text_font=&#8221;Poppins|300|||||||&#8221; text_font_size=&#8221;18px&#8221; text_line_height=&#8221;1.8em&#8221; locked=&#8221;off&#8221; global_colors_info=&#8221;{}&#8221;]<\/p>\n<p>2. Regeneratieve thermische oxidator (RTO)<br \/>\nDe RTO fungeert als de kernbehandelingseenheid voor het verwijderen van vluchtige organische stoffen (VOC's) en koolmonoxide (CO). Werkend binnen een temperatuurbereik van 750 \u00b0C tot 900 \u00b0C, maakt het de oxidatie van CO tot CO\u2082 mogelijk. Een belangrijk kenmerk van de RTO is het vermogen om warmte uit het behandelde gas terug te winnen en te hergebruiken om de binnenkomende emissies voor te verwarmen, waardoor de energie-effici\u00ebntie aanzienlijk wordt verbeterd.<\/p>\n<p>[\/et_pb_text][et_pb_text _builder_version=&#8221;4.27.4&#8243; _module_preset=&#8221;38f50334-bf28-4757-ae48-c018c9c8983d&#8221; text_font=&#8221;Poppins|300|||||||&#8221; text_font_size=&#8221;18px&#8221; text_line_height=&#8221;1.8em&#8221; locked=&#8221;off&#8221; global_colors_info=&#8221;{}&#8221;]<\/p>\n<p>3. Terugwinning van restwarmte<br \/>Om het energieverbruik te optimaliseren en de bedrijfskosten te verlagen, is het systeem voorzien van een warmteterugwinningsunit die de resterende thermische energie uit het gezuiverde gas opvangt. Deze energie wordt op drie manieren hergebruikt:<\/p>\n<ul>\n<li>Stoomterugwinning: Hiermee wordt stoom opgewekt voor gebruik bij verwarmings-, droog- of energieopwekkingsprocessen.<\/li>\n<li>Warmwaterterugwinning: produceert warm water dat geschikt is voor ruimteverwarming, schoonmaak of andere thermische toepassingen.<\/li>\n<li>Thermische olieterugwinning: Warmteoverdrachtsolie voor industri\u00eble toepassingen bij hoge temperaturen die een constante warmtetoevoer vereisen.<\/li>\n<\/ul>\n<p>[\/et_pb_text][et_pb_text _builder_version=&#8221;4.27.4&#8243; _module_preset=&#8221;38f50334-bf28-4757-ae48-c018c9c8983d&#8221; text_font=&#8221;Poppins|300|||||||&#8221; text_font_size=&#8221;18px&#8221; text_line_height=&#8221;1.8em&#8221; locked=&#8221;off&#8221; global_colors_info=&#8221;{}&#8221;]<\/p>\n<p>Door deze elementen te integreren, reduceert het behandelingssysteem effectief de CO\u2082-uitstoot, terwijl tegelijkertijd de energie-effici\u00ebntie wordt verhoogd en de operationele kosten worden verlaagd. Deze ge\u00efntegreerde aanpak ondersteunt zowel milieudoelstellingen als de duurzaamheid van industri\u00eble activiteiten op de lange termijn.<\/p>\n<p>[\/et_pb_text][\/et_pb_column][\/et_pb_row][et_pb_row column_structure=&#8221;1_2,1_2&#8243; _builder_version=&#8221;4.27.4&#8243; _module_preset=&#8221;default&#8221; max_width=&#8221;1280px&#8221; global_colors_info=&#8221;{}&#8221;][et_pb_column type=&#8221;1_2&#8243; _builder_version=&#8221;4.27.4&#8243; _module_preset=&#8221;default&#8221; global_colors_info=&#8221;{}&#8221;][et_pb_image src=&#8221;https:\/\/regenerative-thermal-oxidation.com\/wp-content\/uploads\/2025\/09\/rto-for-industrial-kiln-3.webp&#8221; alt=&#8221;rto for industrial kiln-3&#8243; title_text=&#8221;rto for industrial kiln-3&#8243; align=&#8221;center&#8221; _builder_version=&#8221;4.27.4&#8243; _module_preset=&#8221;default&#8221; global_colors_info=&#8221;{}&#8221;][\/et_pb_image][\/et_pb_column][et_pb_column type=&#8221;1_2&#8243; _builder_version=&#8221;4.27.4&#8243; _module_preset=&#8221;default&#8221; global_colors_info=&#8221;{}&#8221;][et_pb_image src=&#8221;https:\/\/regenerative-thermal-oxidation.com\/wp-content\/uploads\/2025\/09\/rto-for-industrial-kiln-4.webp&#8221; alt=&#8221;rto for industrial kiln-4&#8243; title_text=&#8221;rto for industrial kiln-4&#8243; align=&#8221;center&#8221; _builder_version=&#8221;4.27.4&#8243; _module_preset=&#8221;default&#8221; global_colors_info=&#8221;{}&#8221;][\/et_pb_image][\/et_pb_column][\/et_pb_row][\/et_pb_section][et_pb_section fb_built=&#8221;1&#8243; _builder_version=&#8221;4.25.0&#8243; _module_preset=&#8221;default&#8221; global_colors_info=&#8221;{}&#8221;][et_pb_row _builder_version=&#8221;4.25.0&#8243; _module_preset=&#8221;default&#8221; global_colors_info=&#8221;{}&#8221;][et_pb_column type=&#8221;4_4&#8243; _builder_version=&#8221;4.25.0&#8243; _module_preset=&#8221;default&#8221; global_colors_info=&#8221;{}&#8221;][et_pb_button button_text=&#8221;Case&#8221; button_alignment=&#8221;center&#8221; _builder_version=&#8221;4.27.4&#8243; _module_preset=&#8221;ff3c135b-8227-4e2c-9020-1c11d79cecd6&#8243; button_icon=&#8221;&#x45;||divi||400&#8243; global_colors_info=&#8221;{}&#8221;][\/et_pb_button][\/et_pb_column][\/et_pb_row][\/et_pb_section]<\/p>","protected":false},"excerpt":{"rendered":"<p>Emissions from industrial furnaces present distinct treatment challenges due to their characteristic low oxygen content, which hinders combustion efficiency, and high concentrations of carbon monoxide (CO)\u2014a toxic pollutant requiring strict control. Effective abatement is essential to meet environmental standards and protect public health. RP Techniek BV offers robust, customized solutions designed to efficiently treat such [&hellip;]<\/p>","protected":false},"author":1,"featured_media":0,"parent":474,"menu_order":0,"comment_status":"closed","ping_status":"closed","template":"","meta":{"_et_pb_use_builder":"on","_et_pb_old_content":"","_et_gb_content_width":"","footnotes":""},"class_list":["post-1284","page","type-page","status-publish","hentry"],"_links":{"self":[{"href":"https:\/\/regenerative-thermal-oxidation.com\/nl_be\/wp-json\/wp\/v2\/pages\/1284","targetHints":{"allow":["GET"]}}],"collection":[{"href":"https:\/\/regenerative-thermal-oxidation.com\/nl_be\/wp-json\/wp\/v2\/pages"}],"about":[{"href":"https:\/\/regenerative-thermal-oxidation.com\/nl_be\/wp-json\/wp\/v2\/types\/page"}],"author":[{"embeddable":true,"href":"https:\/\/regenerative-thermal-oxidation.com\/nl_be\/wp-json\/wp\/v2\/users\/1"}],"replies":[{"embeddable":true,"href":"https:\/\/regenerative-thermal-oxidation.com\/nl_be\/wp-json\/wp\/v2\/comments?post=1284"}],"version-history":[{"count":16,"href":"https:\/\/regenerative-thermal-oxidation.com\/nl_be\/wp-json\/wp\/v2\/pages\/1284\/revisions"}],"predecessor-version":[{"id":1353,"href":"https:\/\/regenerative-thermal-oxidation.com\/nl_be\/wp-json\/wp\/v2\/pages\/1284\/revisions\/1353"}],"up":[{"embeddable":true,"href":"https:\/\/regenerative-thermal-oxidation.com\/nl_be\/wp-json\/wp\/v2\/pages\/474"}],"wp:attachment":[{"href":"https:\/\/regenerative-thermal-oxidation.com\/nl_be\/wp-json\/wp\/v2\/media?parent=1284"}],"curies":[{"name":"wp","href":"https:\/\/api.w.org\/{rel}","templated":true}]}}