{"id":65,"date":"2025-08-20T06:53:29","date_gmt":"2025-08-20T06:53:29","guid":{"rendered":"https:\/\/regenerative-thermal-oxidation.com\/?page_id=65"},"modified":"2026-03-18T09:37:23","modified_gmt":"2026-03-18T09:37:23","slug":"sobre-nos","status":"publish","type":"page","link":"https:\/\/regenerative-thermal-oxidation.com\/pt\/sobre-nos\/","title":{"rendered":"Sobre n\u00f3s"},"content":{"rendered":"<p>[et_pb_section fb_built=&#8221;1&#8243; admin_label=&#8221;Header&#8221; _builder_version=&#8221;4.27.4&#8243; _module_preset=&#8221;default&#8221; use_background_color_gradient=&#8221;on&#8221; background_color_gradient_direction=&#8221;90deg&#8221; background_color_gradient_stops=&#8221;rgba(255,255,255,0) 50%|gcid-a674551e-c023-4666-82b8-b7448e713885 50%&#8221; height=&#8221;520px&#8221; custom_padding=&#8221;||0px||false|false&#8221; background_last_edited=&#8221;on|tablet&#8221; use_background_color_gradient_tablet=&#8221;on&#8221; background_color_gradient_direction_tablet=&#8221;180deg&#8221; background_color_gradient_stops_tablet=&#8221;rgba(255,255,255,0) 75%|gcid-a674551e-c023-4666-82b8-b7448e713885 75%&#8221; collapsed=&#8221;on&#8221; global_colors_info=&#8221;{%22gcid-a674551e-c023-4666-82b8-b7448e713885%22:%91%22background_color_gradient_stops%22%93}&#8221;][et_pb_row column_structure=&#8221;1_2,1_2&#8243; make_equal=&#8221;on&#8221; _builder_version=&#8221;4.25.0&#8243; _module_preset=&#8221;default&#8221; max_width=&#8221;1280px&#8221; global_colors_info=&#8221;{}&#8221;][et_pb_column type=&#8221;1_2&#8243; _builder_version=&#8221;4.25.0&#8243; _module_preset=&#8221;default&#8221; custom_padding=&#8221;|60px|||false|false&#8221; custom_padding_tablet=&#8221;|0px|||false|false&#8221; custom_padding_phone=&#8221;&#8221; custom_padding_last_edited=&#8221;on|desktop&#8221; global_colors_info=&#8221;{}&#8221;][et_pb_heading title=&#8221;Company Profile&#8221; _builder_version=&#8221;4.27.4&#8243; _module_preset=&#8221;eb1c82fb-f999-428a-8014-d0b2202d87b3&#8243; custom_margin=&#8221;||10px||false|false&#8221; locked=&#8221;off&#8221; global_colors_info=&#8221;{}&#8221;][\/et_pb_heading][et_pb_text _builder_version=&#8221;4.27.4&#8243; _module_preset=&#8221;default&#8221; header_font=&#8221;Poppins|500|||||||&#8221; header_font_size=&#8221;90px&#8221; header_letter_spacing=&#8221;-2px&#8221; header_line_height=&#8221;-0.5em&#8221; global_colors_info=&#8221;{}&#8221;]<\/p>\n<h1>Sobre<br \/>Ind\u00fastria Ever-Power<\/h1>\n<p>[\/et_pb_text][et_pb_button button_url=&#8221;https:\/\/regenerative-thermal-oxidation.com\/contact-us\/&#8221; button_text=&#8221;Request A Quote&#8221; _builder_version=&#8221;4.27.4&#8243; _module_preset=&#8221;6d501b3c-0664-41b9-b632-ad7eed861200&#8243; global_colors_info=&#8221;{}&#8221;][\/et_pb_button][\/et_pb_column][et_pb_column type=&#8221;1_2&#8243; _builder_version=&#8221;4.25.0&#8243; _module_preset=&#8221;default&#8221; custom_padding=&#8221;60px||60px||true|false&#8221; custom_padding_tablet=&#8221;0px||0px||true|false&#8221; custom_padding_phone=&#8221;0px||0px||true|false&#8221; custom_padding_last_edited=&#8221;on|desktop&#8221; global_colors_info=&#8221;{}&#8221;][et_pb_image src=&#8221;https:\/\/regenerative-thermal-oxidation.com\/wp-content\/uploads\/2025\/08\/regenerative-thermal-oxidiser-4.webp&#8221; alt=&#8221;regenerative thermal oxidiser-4&#8243; title_text=&#8221;regenerative thermal oxidiser-4&#8243; _builder_version=&#8221;4.27.4&#8243; _module_preset=&#8221;default&#8221; width=&#8221;100%&#8221; module_alignment=&#8221;center&#8221; module_alignment_tablet=&#8221;left&#8221; module_alignment_phone=&#8221;left&#8221; module_alignment_last_edited=&#8221;on|tablet&#8221; global_colors_info=&#8221;{}&#8221;][\/et_pb_image][\/et_pb_column][\/et_pb_row][\/et_pb_section][et_pb_section fb_built=&#8221;1&#8243; admin_label=&#8221;About&#8221; _builder_version=&#8221;4.25.0&#8243; _module_preset=&#8221;default&#8221; custom_padding=&#8221;100px|||||&#8221; collapsed=&#8221;on&#8221; global_colors_info=&#8221;{}&#8221;][et_pb_row _builder_version=&#8221;4.25.0&#8243; _module_preset=&#8221;default&#8221; max_width=&#8221;1280px&#8221; global_colors_info=&#8221;{}&#8221;][et_pb_column type=&#8221;4_4&#8243; _builder_version=&#8221;4.25.0&#8243; _module_preset=&#8221;default&#8221; global_colors_info=&#8221;{}&#8221;][et_pb_text _builder_version=&#8221;4.27.4&#8243; _module_preset=&#8221;d7762a20-b915-4486-91cc-895d29e61818&#8243; text_font_size=&#8221;18px&#8221; custom_margin=&#8221;12px|||||&#8221; global_colors_info=&#8221;{}&#8221;]<\/p>\n<article class=\"4ever-article\"><span data-type=\"text\">Ind\u00fastria Ever-Power Holanda <\/span>\u00a0\u00e9 especialista em compras. No mercado atual, \u00e9 estrategicamente importante ter uma rede de fornecedores de primeira linha. <span data-type=\"text\">Ind\u00fastria Ever-Power Holanda<\/span> Oferece-lhe esta rede, incluindo muitas vantagens na compra de pe\u00e7as fabricadas e terceirizadas.<\/p>\n<p>&nbsp;<\/p>\n<p>&nbsp;<\/p>\n<article class=\"4ever-article\"><span data-type=\"text\">Ind\u00fastria Ever-Power Holanda<\/span><span style=\"font-size: 18px;\">Como agente de vendas do grupo Ever-Power na Holanda, podemos ajud\u00e1-lo a obter pre\u00e7os mais baixos. A Ever-Power \u00e9 uma empresa de alta tecnologia especializada no tratamento abrangente de gases residuais contendo compostos org\u00e2nicos vol\u00e1teis (COVs), na redu\u00e7\u00e3o das emiss\u00f5es de carbono e em tecnologias de economia de energia. A empresa possui quatro tecnologias principais: energia t\u00e9rmica, combust\u00e3o, veda\u00e7\u00e3o e controle autom\u00e1tico. Al\u00e9m disso, possui capacidade computacional e de modelagem para simula\u00e7\u00e3o de campos de temperatura e fluxo de ar. Tamb\u00e9m disp\u00f5e de capacidade para testes experimentais das propriedades de materiais cer\u00e2micos de armazenamento t\u00e9rmico, sele\u00e7\u00e3o de materiais de adsor\u00e7\u00e3o de peneiras moleculares de ze\u00f3lita e caracter\u00edsticas de incinera\u00e7\u00e3o e oxida\u00e7\u00e3o de COVs em altas temperaturas.<\/span><\/article>\n<\/article>\n<p>[\/et_pb_text][et_pb_text _builder_version=&#8221;4.27.4&#8243; _module_preset=&#8221;d7762a20-b915-4486-91cc-895d29e61818&#8243; text_font_size=&#8221;18px&#8221; locked=&#8221;off&#8221; global_colors_info=&#8221;{}&#8221;]<\/p>\n<p>A empresa estabeleceu um Centro de P&amp;D e Design Aeroespacial em Xi'an e uma Base de Produ\u00e7\u00e3o em Yangling, abrangendo uma \u00e1rea total de 30.000 metros quadrados. Os principais produtos da empresa incluem incineradores rotativos de oxida\u00e7\u00e3o t\u00e9rmica (RTO) e rotores de adsor\u00e7\u00e3o e concentra\u00e7\u00e3o com peneira molecular de ze\u00f3lita. Combinando sua experi\u00eancia em prote\u00e7\u00e3o ambiental e engenharia de sistemas de energia t\u00e9rmica, a empresa fornece aos clientes solu\u00e7\u00f5es abrangentes para o tratamento de gases residuais industriais e redu\u00e7\u00e3o de emiss\u00f5es de carbono utilizando energia t\u00e9rmica em diversas condi\u00e7\u00f5es operacionais.<\/p>\n<article class=\"4ever-article\"><span data-type=\"text\">Ind\u00fastria Ever-Power Holanda <\/span>Os produtos e servi\u00e7os lan\u00e7ados pela empresa t\u00eam sido amplamente reconhecidos pelo mercado. <span data-type=\"text\" style=\"font-size: 18px;\">Ind\u00fastria Ever-Power Holanda <\/span><span style=\"font-size: 18px;\">Possui muitos anos de experi\u00eancia nesta \u00e1rea e trabalha em estreita colabora\u00e7\u00e3o com parceiros s\u00f3lidos na \u00c1sia e na Europa Oriental. Atrav\u00e9s de sourcing estrat\u00e9gico, <span data-type=\"text\">Ind\u00fastria Ever-Power Holanda<\/span> \u00e9 capaz de obter benef\u00edcios consider\u00e1veis \u200b\u200bnas compras, mantendo a qualidade exigida!<\/span><\/article>\n<p>[\/et_pb_text][\/et_pb_column][\/et_pb_row][et_pb_row _builder_version=&#8221;4.27.4&#8243; _module_preset=&#8221;default&#8221; max_width=&#8221;1286px&#8221; custom_padding=&#8221;0px||0px|||&#8221; global_colors_info=&#8221;{}&#8221;][et_pb_column type=&#8221;4_4&#8243; _builder_version=&#8221;4.27.4&#8243; _module_preset=&#8221;default&#8221; global_colors_info=&#8221;{}&#8221;][et_pb_image src=&#8221;https:\/\/regenerative-thermal-oxidation.com\/wp-content\/uploads\/2025\/08\/ep-rto-factory-2.webp&#8221; alt=&#8221;ep-rto-factory-2&#8243; title_text=&#8221;ep-rto-factory-2&#8243; _builder_version=&#8221;4.27.4&#8243; _module_preset=&#8221;default&#8221; custom_padding=&#8221;13px|||||&#8221; global_colors_info=&#8221;{}&#8221;][\/et_pb_image][\/et_pb_column][\/et_pb_row][\/et_pb_section][et_pb_section fb_built=&#8221;1&#8243; admin_label=&#8221;About&#8221; _builder_version=&#8221;4.25.0&#8243; _module_preset=&#8221;default&#8221; collapsed=&#8221;on&#8221; global_colors_info=&#8221;{}&#8221;][et_pb_row _builder_version=&#8221;4.25.0&#8243; _module_preset=&#8221;default&#8221; max_width=&#8221;1280px&#8221; locked=&#8221;off&#8221; global_colors_info=&#8221;{}&#8221;][et_pb_column type=&#8221;4_4&#8243; _builder_version=&#8221;4.25.0&#8243; _module_preset=&#8221;default&#8221; global_colors_info=&#8221;{}&#8221;][et_pb_heading title=&#8221;Our Workshop&#8221; _builder_version=&#8221;4.27.4&#8243; _module_preset=&#8221;0b740538-8a19-4f94-943a-02157e99568f&#8221; global_colors_info=&#8221;{}&#8221;][\/et_pb_heading][\/et_pb_column][\/et_pb_row][et_pb_row column_structure=&#8221;1_4,1_4,1_4,1_4&#8243; _builder_version=&#8221;4.27.4&#8243; _module_preset=&#8221;default&#8221; max_width=&#8221;1288px&#8221; global_colors_info=&#8221;{}&#8221;][et_pb_column type=&#8221;1_4&#8243; _builder_version=&#8221;4.27.4&#8243; _module_preset=&#8221;default&#8221; global_colors_info=&#8221;{}&#8221;][et_pb_image src=&#8221;https:\/\/regenerative-thermal-oxidation.com\/wp-content\/uploads\/2025\/08\/ep-company-2.webp&#8221; alt=&#8221;ep-company-2&#8243; title_text=&#8221;ep-company-2&#8243; _builder_version=&#8221;4.27.4&#8243; _module_preset=&#8221;default&#8221; box_shadow_style=&#8221;preset4&#8243; global_colors_info=&#8221;{}&#8221;][\/et_pb_image][\/et_pb_column][et_pb_column type=&#8221;1_4&#8243; _builder_version=&#8221;4.27.4&#8243; _module_preset=&#8221;default&#8221; global_colors_info=&#8221;{}&#8221;][et_pb_image src=&#8221;https:\/\/regenerative-thermal-oxidation.com\/wp-content\/uploads\/2025\/08\/ep-company-4.webp&#8221; alt=&#8221;ep-company-4&#8243; title_text=&#8221;ep-company-4&#8243; _builder_version=&#8221;4.27.4&#8243; _module_preset=&#8221;default&#8221; box_shadow_style=&#8221;preset4&#8243; global_colors_info=&#8221;{}&#8221;][\/et_pb_image][\/et_pb_column][et_pb_column type=&#8221;1_4&#8243; _builder_version=&#8221;4.27.4&#8243; _module_preset=&#8221;default&#8221; global_colors_info=&#8221;{}&#8221;][et_pb_image src=&#8221;https:\/\/regenerative-thermal-oxidation.com\/wp-content\/uploads\/2025\/08\/ep-company-5.webp&#8221; alt=&#8221;ep-company-5&#8243; title_text=&#8221;ep-company-5&#8243; _builder_version=&#8221;4.27.4&#8243; _module_preset=&#8221;default&#8221; box_shadow_style=&#8221;preset4&#8243; global_colors_info=&#8221;{}&#8221;][\/et_pb_image][\/et_pb_column][et_pb_column type=&#8221;1_4&#8243; _builder_version=&#8221;4.27.4&#8243; _module_preset=&#8221;default&#8221; global_colors_info=&#8221;{}&#8221;][et_pb_image src=&#8221;https:\/\/regenerative-thermal-oxidation.com\/wp-content\/uploads\/2025\/08\/ep-company-7.webp&#8221; alt=&#8221;ep-company-7&#8243; title_text=&#8221;ep-company-7&#8243; _builder_version=&#8221;4.27.4&#8243; _module_preset=&#8221;default&#8221; box_shadow_style=&#8221;preset4&#8243; global_colors_info=&#8221;{}&#8221;][\/et_pb_image][\/et_pb_column][\/et_pb_row][\/et_pb_section][et_pb_section fb_built=&#8221;1&#8243; admin_label=&#8221;About&#8221; _builder_version=&#8221;4.25.0&#8243; _module_preset=&#8221;default&#8221; collapsed=&#8221;on&#8221; global_colors_info=&#8221;{}&#8221;][et_pb_row _builder_version=&#8221;4.25.0&#8243; _module_preset=&#8221;default&#8221; max_width=&#8221;1280px&#8221; locked=&#8221;off&#8221; global_colors_info=&#8221;{}&#8221;][et_pb_column type=&#8221;4_4&#8243; _builder_version=&#8221;4.25.0&#8243; _module_preset=&#8221;default&#8221; global_colors_info=&#8221;{}&#8221;][et_pb_heading title=&#8221;Expertise &#038; Qualifications&#8221; _builder_version=&#8221;4.27.4&#8243; _module_preset=&#8221;0b740538-8a19-4f94-943a-02157e99568f&#8221; global_colors_info=&#8221;{}&#8221;][\/et_pb_heading][\/et_pb_column][\/et_pb_row][et_pb_row _builder_version=&#8221;4.27.4&#8243; _module_preset=&#8221;default&#8221; max_width=&#8221;1288px&#8221; global_colors_info=&#8221;{}&#8221;][et_pb_column type=&#8221;4_4&#8243; _builder_version=&#8221;4.27.4&#8243; _module_preset=&#8221;default&#8221; global_colors_info=&#8221;{}&#8221;][et_pb_text _builder_version=&#8221;4.27.4&#8243; _module_preset=&#8221;d7762a20-b915-4486-91cc-895d29e61818&#8243; text_font_size=&#8221;18px&#8221; locked=&#8221;off&#8221; global_colors_info=&#8221;{}&#8221;]Leveraging the \u201cNational Engineering Laboratory for Volatile Organic Pollution Control Materials and Technologies-Shaanxi Branch,\u201d which we established in collaboration with the University of Science and Technology of China and Xi\u2019an Jiaotong University, we concentrate on thermal storage combustion technology and molecular sieve adsorption technology as our primary research areas. We aim to create a technology research sharing platform to foster collaborative technological advancement throughout the industry.[\/et_pb_text][et_pb_text _builder_version=&#8221;4.27.4&#8243; _module_preset=&#8221;d7762a20-b915-4486-91cc-895d29e61818&#8243; text_font_size=&#8221;18px&#8221; locked=&#8221;off&#8221; global_colors_info=&#8221;{}&#8221;]Our company has registered a total of 48 patents across various categories, which include 13 invention patents. Among them, we have secured 2 invention patents, 24 utility model patents, 5 design patents, and 4 software copyrights.[\/et_pb_text][et_pb_image src=&#8221;https:\/\/regenerative-thermal-oxidation.com\/wp-content\/uploads\/2025\/08\/ep-LABORATORY.webp&#8221; alt=&#8221;ep-LABORATORY&#8221; title_text=&#8221;ep-LABORATORY&#8221; _builder_version=&#8221;4.27.4&#8243; _module_preset=&#8221;default&#8221; global_colors_info=&#8221;{}&#8221;][\/et_pb_image][et_pb_image src=&#8221;https:\/\/regenerative-thermal-oxidation.com\/wp-content\/uploads\/2025\/08\/regenerative-thermal-oxidiser-4-1.webp&#8221; alt=&#8221;regenerative thermal oxidiser-4&#8243; title_text=&#8221;regenerative thermal oxidiser-4&#8243; _builder_version=&#8221;4.27.4&#8243; _module_preset=&#8221;default&#8221; global_colors_info=&#8221;{}&#8221;][\/et_pb_image][\/et_pb_column][\/et_pb_row][\/et_pb_section][et_pb_section fb_built=&#8221;1&#8243; admin_label=&#8221;Companies&#8221; _builder_version=&#8221;4.25.0&#8243; _module_preset=&#8221;default&#8221; locked=&#8221;off&#8221; collapsed=&#8221;on&#8221; global_colors_info=&#8221;{}&#8221;][et_pb_row _builder_version=&#8221;4.25.0&#8243; _module_preset=&#8221;default&#8221; max_width=&#8221;1280px&#8221; locked=&#8221;off&#8221; global_colors_info=&#8221;{}&#8221;][et_pb_column type=&#8221;4_4&#8243; _builder_version=&#8221;4.25.0&#8243; _module_preset=&#8221;default&#8221; global_colors_info=&#8221;{}&#8221;][et_pb_heading title=&#8221;Cooperation Brand&#8221; _builder_version=&#8221;4.27.4&#8243; _module_preset=&#8221;0b740538-8a19-4f94-943a-02157e99568f&#8221; title_text_align=&#8221;center&#8221; global_colors_info=&#8221;{}&#8221;][\/et_pb_heading][\/et_pb_column][\/et_pb_row][et_pb_row _builder_version=&#8221;4.27.4&#8243; _module_preset=&#8221;default&#8221; global_colors_info=&#8221;{}&#8221;][et_pb_column type=&#8221;4_4&#8243; _builder_version=&#8221;4.27.4&#8243; _module_preset=&#8221;default&#8221; global_colors_info=&#8221;{}&#8221;][et_pb_image src=&#8221;https:\/\/regenerative-thermal-oxidation.com\/wp-content\/uploads\/2025\/08\/ep-Corporate-Partners.webp&#8221; alt=&#8221;ep-Corporate Partners&#8221; title_text=&#8221;ep-Corporate Partners&#8221; _builder_version=&#8221;4.27.4&#8243; _module_preset=&#8221;default&#8221; global_colors_info=&#8221;{}&#8221;][\/et_pb_image][\/et_pb_column][\/et_pb_row][\/et_pb_section]<\/p>","protected":false},"excerpt":{"rendered":"<p>AboutEver-power IndustryEver-power industry Netherlands \u00a0is a specialist in procurement. In today&#8217;s market it is strategically important to have a network of first class suppliers. Ever-power industry Netherlands offers you this network, including many advantages when purchasing manufactured and outsourced parts. &nbsp; &nbsp; Ever-power industry Netherlands, as the sales agent for the Ever-Power group in the [&hellip;]<\/p>","protected":false},"author":1,"featured_media":0,"parent":0,"menu_order":0,"comment_status":"closed","ping_status":"closed","template":"","meta":{"_et_pb_use_builder":"on","_et_pb_old_content":"","_et_gb_content_width":"","footnotes":""},"class_list":["post-65","page","type-page","status-publish","hentry"],"_links":{"self":[{"href":"https:\/\/regenerative-thermal-oxidation.com\/pt\/wp-json\/wp\/v2\/pages\/65","targetHints":{"allow":["GET"]}}],"collection":[{"href":"https:\/\/regenerative-thermal-oxidation.com\/pt\/wp-json\/wp\/v2\/pages"}],"about":[{"href":"https:\/\/regenerative-thermal-oxidation.com\/pt\/wp-json\/wp\/v2\/types\/page"}],"author":[{"embeddable":true,"href":"https:\/\/regenerative-thermal-oxidation.com\/pt\/wp-json\/wp\/v2\/users\/1"}],"replies":[{"embeddable":true,"href":"https:\/\/regenerative-thermal-oxidation.com\/pt\/wp-json\/wp\/v2\/comments?post=65"}],"version-history":[{"count":38,"href":"https:\/\/regenerative-thermal-oxidation.com\/pt\/wp-json\/wp\/v2\/pages\/65\/revisions"}],"predecessor-version":[{"id":2424,"href":"https:\/\/regenerative-thermal-oxidation.com\/pt\/wp-json\/wp\/v2\/pages\/65\/revisions\/2424"}],"wp:attachment":[{"href":"https:\/\/regenerative-thermal-oxidation.com\/pt\/wp-json\/wp\/v2\/media?parent=65"}],"curies":[{"name":"wp","href":"https:\/\/api.w.org\/{rel}","templated":true}]}}