{"id":755,"date":"2025-08-27T08:57:39","date_gmt":"2025-08-27T08:57:39","guid":{"rendered":"https:\/\/regenerative-thermal-oxidation.com\/?page_id=755"},"modified":"2025-08-29T01:17:01","modified_gmt":"2025-08-29T01:17:01","slug":"solucoes-de-tratamento-da-industria-sbs","status":"publish","type":"page","link":"https:\/\/regenerative-thermal-oxidation.com\/pt\/solucao-de-tratamento\/solucoes-de-tratamento-da-industria-sbs\/","title":{"rendered":"Solu\u00e7\u00f5es de tratamento industrial SBS"},"content":{"rendered":"<p>[et_pb_section fb_built=&#8221;1&#8243; _builder_version=&#8221;4.25.0&#8243; _module_preset=&#8221;default&#8221; global_colors_info=&#8221;{}&#8221;][et_pb_row column_structure=&#8221;1_2,1_2&#8243; _builder_version=&#8221;4.25.0&#8243; _module_preset=&#8221;default&#8221; max_width=&#8221;1280px&#8221; global_colors_info=&#8221;{}&#8221;][et_pb_column type=&#8221;1_2&#8243; _builder_version=&#8221;4.25.0&#8243; _module_preset=&#8221;default&#8221; custom_padding=&#8221;60px||||false|false&#8221; custom_padding_tablet=&#8221;0px||||false|false&#8221; custom_padding_phone=&#8221;0px||||false|false&#8221; custom_padding_last_edited=&#8221;on|tablet&#8221; global_colors_info=&#8221;{}&#8221;][et_pb_heading title=&#8221;SBS Industry Treatment Solutions&#8221; _builder_version=&#8221;4.27.4&#8243; _module_preset=&#8221;4e40c051-8a00-4310-8c8c-9a958749a299&#8243; title_font=&#8221;Poppins||||||||&#8221; custom_margin=&#8221;-50px||||false|false&#8221; global_colors_info=&#8221;{}&#8221;][\/et_pb_heading][et_pb_text _builder_version=&#8221;4.27.4&#8243; _module_preset=&#8221;18635145-b8f6-42e3-bfc6-8dbae4ea1637&#8243; text_font=&#8221;Poppins|300|||||||&#8221; global_colors_info=&#8221;{}&#8221;]RP Techniek BV Rotary RTO has been extensively adopted for waste gas treatment in the production of SBS asphalt waterproof coiled materials and related products. Its robust design ensures efficient destruction of volatile organic compounds (VOCs) and odorous emissions generated during asphalt processing. With high thermal efficiency and stable operation under variable load conditions, this system not only meets stringent environmental regulations but also reduces operational costs through energy recovery. [\/et_pb_text][et_pb_button button_url=&#8221;https:\/\/regenerative-thermal-oxidation.com\/contact-us\/&#8221; button_text=&#8221;Contact Us&#8221; _builder_version=&#8221;4.27.4&#8243; _module_preset=&#8221;23033796-2c37-41e8-a857-808c942dd3c4&#8243; global_colors_info=&#8221;{}&#8221;][\/et_pb_button][\/et_pb_column][et_pb_column type=&#8221;1_2&#8243; _builder_version=&#8221;4.25.0&#8243; _module_preset=&#8221;default&#8221; global_colors_info=&#8221;{}&#8221;][et_pb_image src=&#8221;https:\/\/regenerative-thermal-oxidation.com\/wp-content\/uploads\/2025\/08\/regenerative-thermal-oxidiser-application-Waterproof-membrane-industry.webp&#8221; alt=&#8221;regenerative thermal oxidiser-application-Waterproof membrane industry&#8221; title_text=&#8221;regenerative thermal oxidiser-application-Waterproof membrane industry&#8221; _builder_version=&#8221;4.27.4&#8243; _module_preset=&#8221;default&#8221; border_radii=&#8221;on|6px|6px|6px|6px&#8221; box_shadow_style=&#8221;preset1&#8243; global_colors_info=&#8221;{}&#8221;][\/et_pb_image][\/et_pb_column][\/et_pb_row][\/et_pb_section][et_pb_section fb_built=&#8221;1&#8243; _builder_version=&#8221;4.25.0&#8243; _module_preset=&#8221;default&#8221; global_colors_info=&#8221;{}&#8221;][et_pb_row _builder_version=&#8221;4.27.4&#8243; _module_preset=&#8221;default&#8221; max_width=&#8221;1280px&#8221; global_colors_info=&#8221;{}&#8221;][et_pb_column type=&#8221;4_4&#8243; _builder_version=&#8221;4.25.0&#8243; _module_preset=&#8221;default&#8221; global_colors_info=&#8221;{}&#8221;][et_pb_text _builder_version=&#8221;4.27.4&#8243; _module_preset=&#8221;66105bd2-a1ce-4a22-856c-a9745ec6ff36&#8243; text_font=&#8221;Poppins|300|||||||&#8221; text_font_size=&#8221;18px&#8221; text_line_height=&#8221;1.8em&#8221; locked=&#8221;off&#8221; global_colors_info=&#8221;{}&#8221;]<\/p>\n<ul>\n<li>Caracter\u00edsticas dos gases residuais: grande volume de ar, composi\u00e7\u00e3o complexa, \u00f3leo e material particulado.<\/li>\n<li>Fonte de gases residuais: gases residuais do reator de dosagem, gases residuais da \u00e1rea do tanque de armazenamento de asfalto, gases residuais do tanque de revestimento de \u00f3leo da linha de forma\u00e7\u00e3o de asfalto e leito de \u00e1gua.<\/li>\n<li>Componentes dos gases residuais: mais de 80 tipos de hidrocarbonetos arom\u00e1ticos polic\u00edclicos, como benzopireno, benzoantraceno, carbazol, etc.<\/li>\n<li>Esquema do processo: captura de gases residuais + transporte por dutos + sistema de prote\u00e7\u00e3o contra inc\u00eandio em dutos + remo\u00e7\u00e3o de \u00f3leo por ciclone + filtra\u00e7\u00e3o em torre + aquecimento por tra\u00e7agem + RTO rotativo<\/li>\n<li>Concentra\u00e7\u00e3o de gases residuais: 200 mg\/m\u00b3 a 400 mg\/m\u00b3<\/li>\n<li>Limite de emiss\u00e3o: NMHC\u226410mg\/m\u00b3<\/li>\n<\/ul>\n<p>[\/et_pb_text][et_pb_image src=&#8221;https:\/\/regenerative-thermal-oxidation.com\/wp-content\/uploads\/2025\/08\/SBS-industry-governance-solutions-1.webp&#8221; alt=&#8221;SBS industry governance solutions-1&#8243; title_text=&#8221;SBS industry governance solutions-1&#8243; align=&#8221;center&#8221; _builder_version=&#8221;4.27.4&#8243; _module_preset=&#8221;default&#8221; global_colors_info=&#8221;{}&#8221;][\/et_pb_image][et_pb_heading title=&#8221;Waterproofing membranes 3D drawing&#8221; _builder_version=&#8221;4.27.4&#8243; _module_preset=&#8221;304f88d8-e377-429d-8ae2-fdc59119bd96&#8243; title_level=&#8221;h4&#8243; title_font=&#8221;Poppins||||||||&#8221; title_text_align=&#8221;center&#8221; title_font_size=&#8221;20px&#8221; custom_margin=&#8221;||0px||false|false&#8221; locked=&#8221;off&#8221; global_colors_info=&#8221;{}&#8221;][\/et_pb_heading][et_pb_image src=&#8221;https:\/\/regenerative-thermal-oxidation.com\/wp-content\/uploads\/2025\/08\/SBS-industry-solutions-2.webp&#8221; alt=&#8221;SBS industry solutions-2&#8243; title_text=&#8221;SBS industry solutions-2&#8243; align=&#8221;center&#8221; _builder_version=&#8221;4.27.4&#8243; _module_preset=&#8221;default&#8221; global_colors_info=&#8221;{}&#8221;][\/et_pb_image][et_pb_heading title=&#8221;Process flow chart of Waterproofing membranes &#8221; _builder_version=&#8221;4.27.4&#8243; _module_preset=&#8221;304f88d8-e377-429d-8ae2-fdc59119bd96&#8243; title_level=&#8221;h4&#8243; title_font=&#8221;Poppins||||||||&#8221; title_text_align=&#8221;center&#8221; title_font_size=&#8221;20px&#8221; custom_margin=&#8221;||0px||false|false&#8221; locked=&#8221;off&#8221; global_colors_info=&#8221;{}&#8221;][\/et_pb_heading][et_pb_heading _builder_version=&#8221;4.25.0&#8243; _module_preset=&#8221;304f88d8-e377-429d-8ae2-fdc59119bd96&#8243; custom_margin=&#8221;||0px||false|false&#8221; global_colors_info=&#8221;{}&#8221;][\/et_pb_heading][\/et_pb_column][\/et_pb_row][\/et_pb_section][et_pb_section fb_built=&#8221;1&#8243; _builder_version=&#8221;4.25.0&#8243; _module_preset=&#8221;default&#8221; global_colors_info=&#8221;{}&#8221;][et_pb_row _builder_version=&#8221;4.27.4&#8243; _module_preset=&#8221;default&#8221; max_width=&#8221;1280px&#8221; global_colors_info=&#8221;{}&#8221;][et_pb_column type=&#8221;4_4&#8243; _builder_version=&#8221;4.27.4&#8243; _module_preset=&#8221;default&#8221; global_colors_info=&#8221;{}&#8221;][et_pb_heading title=&#8221;Exhaust Gas Pretreatment&#8221; _builder_version=&#8221;4.27.4&#8243; _module_preset=&#8221;3198072b-890b-48d9-9b97-388c6e2ca353&#8243; title_font=&#8221;Poppins||||||||&#8221; title_text_align=&#8221;center&#8221; width=&#8221;100%&#8221; locked=&#8221;off&#8221; global_colors_info=&#8221;{}&#8221;][\/et_pb_heading][et_pb_text _builder_version=&#8221;4.27.4&#8243; _module_preset=&#8221;66105bd2-a1ce-4a22-856c-a9745ec6ff36&#8243; text_font=&#8221;Poppins|300|||||||&#8221; text_font_size=&#8221;18px&#8221; text_line_height=&#8221;1.8em&#8221; locked=&#8221;off&#8221; global_colors_info=&#8221;{}&#8221;]<\/p>\n<p>Os gases de combust\u00e3o do asfalto passam por um processo de filtragem em 4 est\u00e1gios e remo\u00e7\u00e3o de \u00f3leo antes de entrarem no RTO (reator de \u00f3leo residual), com uma efici\u00eancia de separa\u00e7\u00e3o de \u00f3leo e g\u00e1s de at\u00e9 90%.<\/p>\n<p>[\/et_pb_text][et_pb_image src=&#8221;https:\/\/regenerative-thermal-oxidation.com\/wp-content\/uploads\/2025\/08\/rto-SBS-Industry-exhaust-gas-collection-1.webp&#8221; alt=&#8221;rto-SBS Industry-exhaust gas collection-1&#8243; title_text=&#8221;rto-SBS Industry-exhaust gas collection-1&#8243; align=&#8221;center&#8221; _builder_version=&#8221;4.27.4&#8243; _module_preset=&#8221;default&#8221; border_radii=&#8221;on|6px|6px|6px|6px&#8221; global_colors_info=&#8221;{}&#8221;][\/et_pb_image][\/et_pb_column][\/et_pb_row][et_pb_row _builder_version=&#8221;4.27.4&#8243; _module_preset=&#8221;default&#8221; max_width=&#8221;1280px&#8221; global_colors_info=&#8221;{}&#8221;][et_pb_column type=&#8221;4_4&#8243; _builder_version=&#8221;4.27.4&#8243; _module_preset=&#8221;default&#8221; global_colors_info=&#8221;{}&#8221;][et_pb_heading title=&#8221;Exhaust Gas Collection&#8221; _builder_version=&#8221;4.27.4&#8243; _module_preset=&#8221;3198072b-890b-48d9-9b97-388c6e2ca353&#8243; title_font=&#8221;Poppins||||||||&#8221; title_text_align=&#8221;center&#8221; width=&#8221;100%&#8221; locked=&#8221;off&#8221; global_colors_info=&#8221;{}&#8221;][\/et_pb_heading][\/et_pb_column][\/et_pb_row][et_pb_row column_structure=&#8221;1_2,1_2&#8243; _builder_version=&#8221;4.27.4&#8243; _module_preset=&#8221;default&#8221; max_width=&#8221;1280px&#8221; global_colors_info=&#8221;{}&#8221;][et_pb_column type=&#8221;1_2&#8243; _builder_version=&#8221;4.27.4&#8243; _module_preset=&#8221;default&#8221; global_colors_info=&#8221;{}&#8221;][et_pb_image src=&#8221;https:\/\/regenerative-thermal-oxidation.com\/wp-content\/uploads\/2025\/08\/rto-SBS-Industry-exhaust-gas-collection-exhaust-gas-collection-1.webp&#8221; alt=&#8221;rto-SBS Industry-exhaust gas collection-exhaust gas collection-1&#8243; title_text=&#8221;rto-SBS Industry-exhaust gas collection-exhaust gas collection-1&#8243; align=&#8221;center&#8221; _builder_version=&#8221;4.27.4&#8243; _module_preset=&#8221;default&#8221; border_radii=&#8221;on|6px|6px|6px|6px&#8221; global_colors_info=&#8221;{}&#8221;][\/et_pb_image][\/et_pb_column][et_pb_column type=&#8221;1_2&#8243; _builder_version=&#8221;4.27.4&#8243; _module_preset=&#8221;default&#8221; global_colors_info=&#8221;{}&#8221;][et_pb_text _builder_version=&#8221;4.27.4&#8243; _module_preset=&#8221;66105bd2-a1ce-4a22-856c-a9745ec6ff36&#8243; text_font=&#8221;Poppins|300|||||||&#8221; text_font_size=&#8221;18px&#8221; text_line_height=&#8221;1.8em&#8221; locked=&#8221;off&#8221; global_colors_info=&#8221;{}&#8221;]<\/p>\n<p>O corta-fogo, a v\u00e1lvula proporcional e a v\u00e1lvula de regula\u00e7\u00e3o manual para coifas de gases s\u00e3o essenciais para garantir seguran\u00e7a, controle preciso e flexibilidade operacional em sistemas de ventila\u00e7\u00e3o industrial e gerenciamento de gases de exaust\u00e3o. O corta-fogo fecha automaticamente em resposta a altas temperaturas, impedindo a propaga\u00e7\u00e3o do fogo pela tubula\u00e7\u00e3o. A v\u00e1lvula proporcional permite o ajuste preciso das vaz\u00f5es de g\u00e1s ou ar, favorecendo a combust\u00e3o eficiente e o controle do processo. A v\u00e1lvula de regula\u00e7\u00e3o manual na coifa permite que os operadores ajustem com precis\u00e3o o volume de ar de exaust\u00e3o com base nas necessidades de produ\u00e7\u00e3o em tempo real, garantindo efici\u00eancia de captura e uso de energia ideais. Juntos, esses componentes aprimoram a seguran\u00e7a, o desempenho e a adaptabilidade do sistema.<\/p>\n<p>[\/et_pb_text][\/et_pb_column][\/et_pb_row][et_pb_row _builder_version=&#8221;4.27.4&#8243; _module_preset=&#8221;default&#8221; max_width=&#8221;1280px&#8221; global_colors_info=&#8221;{}&#8221;][et_pb_column type=&#8221;4_4&#8243; _builder_version=&#8221;4.27.4&#8243; _module_preset=&#8221;default&#8221; global_colors_info=&#8221;{}&#8221;][et_pb_heading title=&#8221;Exhaust Gas Collection and Low-point Oil Drainage&#8221; _builder_version=&#8221;4.27.4&#8243; _module_preset=&#8221;3198072b-890b-48d9-9b97-388c6e2ca353&#8243; title_font=&#8221;Poppins||||||||&#8221; title_text_align=&#8221;center&#8221; locked=&#8221;off&#8221; global_colors_info=&#8221;{}&#8221;][\/et_pb_heading][\/et_pb_column][\/et_pb_row][et_pb_row _builder_version=&#8221;4.27.4&#8243; _module_preset=&#8221;default&#8221; max_width=&#8221;1280px&#8221; global_colors_info=&#8221;{}&#8221;][et_pb_column type=&#8221;4_4&#8243; _builder_version=&#8221;4.27.4&#8243; _module_preset=&#8221;default&#8221; global_colors_info=&#8221;{}&#8221;][et_pb_text _builder_version=&#8221;4.27.4&#8243; _module_preset=&#8221;66105bd2-a1ce-4a22-856c-a9745ec6ff36&#8243; text_font=&#8221;Poppins|300|||||||&#8221; text_font_size=&#8221;18px&#8221; text_line_height=&#8221;1.8em&#8221; locked=&#8221;off&#8221; global_colors_info=&#8221;{}&#8221;]<\/p>\n<p>O \u00e2ngulo de inclina\u00e7\u00e3o da tubula\u00e7\u00e3o facilita a coleta do l\u00edquido; um dreno est\u00e1 localizado no ponto mais baixo.<\/p>\n<p>[\/et_pb_text][et_pb_image src=&#8221;https:\/\/regenerative-thermal-oxidation.com\/wp-content\/uploads\/2025\/08\/rto-SBS-Industry-exhaust-gas-collection-and-low-point-oil-discharge-1.webp&#8221; alt=&#8221;rto-SBS Industry-exhaust gas collection and low-point oil discharge-1&#8243; title_text=&#8221;rto-SBS Industry-exhaust gas collection and low-point oil discharge-1&#8243; align=&#8221;center&#8221; _builder_version=&#8221;4.27.4&#8243; _module_preset=&#8221;default&#8221; border_radii=&#8221;on|6px|6px|6px|6px&#8221; global_colors_info=&#8221;{}&#8221;][\/et_pb_image][\/et_pb_column][\/et_pb_row][et_pb_row _builder_version=&#8221;4.27.4&#8243; _module_preset=&#8221;default&#8221; max_width=&#8221;1280px&#8221; global_colors_info=&#8221;{}&#8221;][et_pb_column type=&#8221;4_4&#8243; _builder_version=&#8221;4.27.4&#8243; _module_preset=&#8221;default&#8221; global_colors_info=&#8221;{}&#8221;][et_pb_heading title=&#8221;Exhaust Duct Maintenance Platform and Duct Access Cleaning Openings&#8221; _builder_version=&#8221;4.27.4&#8243; _module_preset=&#8221;3198072b-890b-48d9-9b97-388c6e2ca353&#8243; title_font=&#8221;Poppins||||||||&#8221; title_text_align=&#8221;center&#8221; locked=&#8221;off&#8221; global_colors_info=&#8221;{}&#8221;][\/et_pb_heading][et_pb_image src=&#8221;https:\/\/regenerative-thermal-oxidation.com\/wp-content\/uploads\/2025\/08\/rto-SBS-Industry-exhaust-pipe-1.webp&#8221; alt=&#8221;rto-SBS Industry-exhaust pipe-1&#8243; title_text=&#8221;rto-SBS Industry-exhaust pipe-1&#8243; align=&#8221;center&#8221; _builder_version=&#8221;4.27.4&#8243; _module_preset=&#8221;default&#8221; border_radii=&#8221;on|6px|6px|6px|6px&#8221; global_colors_info=&#8221;{}&#8221;][\/et_pb_image][\/et_pb_column][\/et_pb_row][\/et_pb_section][et_pb_section fb_built=&#8221;1&#8243; _builder_version=&#8221;4.27.4&#8243; _module_preset=&#8221;default&#8221; global_colors_info=&#8221;{}&#8221;][et_pb_row _builder_version=&#8221;4.27.4&#8243; _module_preset=&#8221;default&#8221; max_width=&#8221;1280px&#8221; global_colors_info=&#8221;{}&#8221;][et_pb_column type=&#8221;4_4&#8243; _builder_version=&#8221;4.27.4&#8243; _module_preset=&#8221;default&#8221; global_colors_info=&#8221;{}&#8221;][et_pb_heading title=&#8221;RTO Oil Drainage Structure Design&#8221; _builder_version=&#8221;4.27.4&#8243; _module_preset=&#8221;3198072b-890b-48d9-9b97-388c6e2ca353&#8243; title_font=&#8221;Poppins||||||||&#8221; title_text_align=&#8221;center&#8221; locked=&#8221;off&#8221; global_colors_info=&#8221;{}&#8221;][\/et_pb_heading][\/et_pb_column][\/et_pb_row][et_pb_row _builder_version=&#8221;4.27.4&#8243; _module_preset=&#8221;default&#8221; max_width=&#8221;1280px&#8221; global_colors_info=&#8221;{}&#8221;][et_pb_column type=&#8221;4_4&#8243; _builder_version=&#8221;4.27.4&#8243; _module_preset=&#8221;default&#8221; global_colors_info=&#8221;{}&#8221;][et_pb_image src=&#8221;https:\/\/regenerative-thermal-oxidation.com\/wp-content\/uploads\/2025\/08\/rto-SBS-Industry-RTO-oil-discharge-structure-design-1.webp&#8221; alt=&#8221;rto-SBS Industry-RTO oil discharge structure design-1&#8243; title_text=&#8221;rto-SBS Industry-RTO oil discharge structure design-1&#8243; align=&#8221;center&#8221; _builder_version=&#8221;4.27.4&#8243; _module_preset=&#8221;default&#8221; border_radii=&#8221;on|6px|6px|6px|6px&#8221; global_colors_info=&#8221;{}&#8221;][\/et_pb_image][et_pb_heading title=&#8221;Furnace Base Oil Drainage Design&#8221; _builder_version=&#8221;4.27.4&#8243; _module_preset=&#8221;304f88d8-e377-429d-8ae2-fdc59119bd96&#8243; title_level=&#8221;h3&#8243; title_font=&#8221;Poppins||||||||&#8221; title_text_align=&#8221;center&#8221; title_font_size=&#8221;26px&#8221; title_line_height=&#8221;1.2em&#8221; custom_margin=&#8221;||0px||false|false&#8221; locked=&#8221;off&#8221; global_colors_info=&#8221;{}&#8221;][\/et_pb_heading][et_pb_image src=&#8221;https:\/\/regenerative-thermal-oxidation.com\/wp-content\/uploads\/2025\/08\/rto-SBS-Industry-furnace-bottom-oil-drainage-design-1.webp&#8221; alt=&#8221;rto-SBS Industry-furnace bottom oil drainage design-1&#8243; title_text=&#8221;rto-SBS Industry-furnace bottom oil drainage design-1&#8243; align=&#8221;center&#8221; _builder_version=&#8221;4.27.4&#8243; _module_preset=&#8221;default&#8221; border_radii=&#8221;on|6px|6px|6px|6px&#8221; global_colors_info=&#8221;{}&#8221;][\/et_pb_image][et_pb_text _builder_version=&#8221;4.27.4&#8243; _module_preset=&#8221;66105bd2-a1ce-4a22-856c-a9745ec6ff36&#8243; text_font=&#8221;Poppins|300|||||||&#8221; text_font_size=&#8221;18px&#8221; text_line_height=&#8221;1.8em&#8221; locked=&#8221;off&#8221; global_colors_info=&#8221;{}&#8221;]<\/p>\n<p>A base do forno RTO com v\u00e1lvula rotativa \u00e9 elevada a 2 metros do solo, com uma estrutura interna de drenagem de \u00f3leo. Comparado aos fornos RTO de leito fixo, este projeto aumenta significativamente a efici\u00eancia da drenagem de \u00f3leo, evitando o ac\u00famulo de \u00f3leo dentro do forno e eliminando o risco de inc\u00eandio causado pela reten\u00e7\u00e3o e reaquecimento do \u00f3leo na base, comuns nos fornos RTO de leito fixo.<\/p>\n<p>[\/et_pb_text][\/et_pb_column][\/et_pb_row][et_pb_row column_structure=&#8221;1_2,1_2&#8243; _builder_version=&#8221;4.27.4&#8243; _module_preset=&#8221;default&#8221; max_width=&#8221;1280px&#8221; global_colors_info=&#8221;{}&#8221;][et_pb_column type=&#8221;1_2&#8243; _builder_version=&#8221;4.27.4&#8243; _module_preset=&#8221;default&#8221; global_colors_info=&#8221;{}&#8221;][et_pb_image src=&#8221;https:\/\/regenerative-thermal-oxidation.com\/wp-content\/uploads\/2025\/08\/rto-SBS-Industry-Advantages-of-Rotary-Valve-RTO-1.webp&#8221; alt=&#8221;rto-SBS Industry-Advantages of Rotary Valve RTO-1&#8243; title_text=&#8221;rto-SBS Industry-Advantages of Rotary Valve RTO-1&#8243; align=&#8221;center&#8221; _builder_version=&#8221;4.27.4&#8243; _module_preset=&#8221;default&#8221; border_radii=&#8221;on|6px|6px|6px|6px&#8221; global_colors_info=&#8221;{}&#8221;][\/et_pb_image][\/et_pb_column][et_pb_column type=&#8221;1_2&#8243; _builder_version=&#8221;4.27.4&#8243; _module_preset=&#8221;default&#8221; global_colors_info=&#8221;{}&#8221;][et_pb_image src=&#8221;https:\/\/regenerative-thermal-oxidation.com\/wp-content\/uploads\/2025\/08\/rto-SBS-Industry-Advantages-of-Rotary-Valve-RTO-2.webp&#8221; alt=&#8221;rto-SBS Industry-Advantages of Rotary Valve RTO-2&#8243; title_text=&#8221;rto-SBS Industry-Advantages of Rotary Valve RTO-2&#8243; align=&#8221;center&#8221; _builder_version=&#8221;4.27.4&#8243; _module_preset=&#8221;default&#8221; border_radii=&#8221;on|6px|6px|6px|6px&#8221; global_colors_info=&#8221;{}&#8221;][\/et_pb_image][\/et_pb_column][\/et_pb_row][\/et_pb_section][et_pb_section fb_built=&#8221;1&#8243; _builder_version=&#8221;4.27.4&#8243; _module_preset=&#8221;default&#8221; global_colors_info=&#8221;{}&#8221;][et_pb_row _builder_version=&#8221;4.27.4&#8243; _module_preset=&#8221;default&#8221; max_width=&#8221;1280px&#8221; global_colors_info=&#8221;{}&#8221;][et_pb_column type=&#8221;4_4&#8243; _builder_version=&#8221;4.27.4&#8243; _module_preset=&#8221;default&#8221; global_colors_info=&#8221;{}&#8221;][et_pb_heading title=&#8221;Energy Efficiency Advantages of Rotary Valve RTO&#8221; _builder_version=&#8221;4.27.4&#8243; _module_preset=&#8221;3198072b-890b-48d9-9b97-388c6e2ca353&#8243; title_font=&#8221;Poppins||||||||&#8221; title_text_align=&#8221;center&#8221; locked=&#8221;off&#8221; global_colors_info=&#8221;{}&#8221;][\/et_pb_heading][\/et_pb_column][\/et_pb_row][et_pb_row column_structure=&#8221;1_2,1_2&#8243; _builder_version=&#8221;4.27.4&#8243; _module_preset=&#8221;default&#8221; max_width=&#8221;1280px&#8221; custom_padding=&#8221;||50px|||&#8221; global_colors_info=&#8221;{}&#8221;][et_pb_column type=&#8221;1_2&#8243; _builder_version=&#8221;4.27.4&#8243; _module_preset=&#8221;default&#8221; global_colors_info=&#8221;{}&#8221;][et_pb_image src=&#8221;https:\/\/regenerative-thermal-oxidation.com\/wp-content\/uploads\/2025\/08\/rto-SBS-Industry-Energy-saving-advantages-of-rotary-valve-RTO-three-bed-RTO.webp&#8221; alt=&#8221;rto-SBS Industry-Energy-saving advantages of rotary valve RTO &#8211; three-bed RTO&#8221; title_text=&#8221;rto-SBS Industry-Energy-saving advantages of rotary valve RTO &#8211; three-bed RTO&#8221; align=&#8221;center&#8221; _builder_version=&#8221;4.27.4&#8243; _module_preset=&#8221;default&#8221; border_radii=&#8221;on|6px|6px|6px|6px&#8221; global_colors_info=&#8221;{}&#8221;][\/et_pb_image][\/et_pb_column][et_pb_column type=&#8221;1_2&#8243; _builder_version=&#8221;4.27.4&#8243; _module_preset=&#8221;default&#8221; global_colors_info=&#8221;{}&#8221;][et_pb_image src=&#8221;https:\/\/regenerative-thermal-oxidation.com\/wp-content\/uploads\/2025\/08\/rto-SBS-Industry-Energy-saving-advantages-of-rotary-valve-RTO-rotary-valve-RTO.webp&#8221; alt=&#8221;rto-SBS Industry-Energy-saving advantages of rotary valve RTO &#8211; rotary valve RTO&#8221; title_text=&#8221;rto-SBS Industry-Energy-saving advantages of rotary valve RTO &#8211; rotary valve RTO&#8221; _builder_version=&#8221;4.27.4&#8243; _module_preset=&#8221;default&#8221; global_colors_info=&#8221;{}&#8221;][\/et_pb_image][\/et_pb_column][\/et_pb_row][et_pb_row _builder_version=&#8221;4.27.4&#8243; _module_preset=&#8221;default&#8221; max_width=&#8221;1280px&#8221; global_colors_info=&#8221;{}&#8221;][et_pb_column type=&#8221;4_4&#8243; _builder_version=&#8221;4.27.4&#8243; _module_preset=&#8221;default&#8221; global_colors_info=&#8221;{}&#8221;][et_pb_heading title=&#8221;Comparison of Actual Operation of the Same Customer Factory in Shandong&#8221; _builder_version=&#8221;4.27.4&#8243; _module_preset=&#8221;304f88d8-e377-429d-8ae2-fdc59119bd96&#8243; title_level=&#8221;h3&#8243; title_font=&#8221;Poppins||||||||&#8221; title_text_align=&#8221;center&#8221; title_font_size=&#8221;26px&#8221; title_line_height=&#8221;1.2em&#8221; custom_margin=&#8221;||0px||false|false&#8221; locked=&#8221;off&#8221; global_colors_info=&#8221;{}&#8221;][\/et_pb_heading][et_pb_image src=&#8221;https:\/\/regenerative-thermal-oxidation.com\/wp-content\/uploads\/2025\/08\/rto-SBS-Industry-Comparison-of-actual-operation-of-the-same-customer-factory-in-Shandong.webp&#8221; alt=&#8221;rto-SBS Industry-Comparison of actual operation of the same customer factory in Shandong&#8221; title_text=&#8221;rto-SBS Industry-Comparison of actual operation of the same customer factory in Shandong&#8221; align=&#8221;center&#8221; _builder_version=&#8221;4.27.4&#8243; _module_preset=&#8221;default&#8221; global_colors_info=&#8221;{}&#8221;][\/et_pb_image][\/et_pb_column][\/et_pb_row][\/et_pb_section][et_pb_section fb_built=&#8221;1&#8243; _builder_version=&#8221;4.25.0&#8243; _module_preset=&#8221;default&#8221; global_colors_info=&#8221;{}&#8221;][et_pb_row _builder_version=&#8221;4.25.0&#8243; _module_preset=&#8221;default&#8221; global_colors_info=&#8221;{}&#8221;][et_pb_column type=&#8221;4_4&#8243; _builder_version=&#8221;4.25.0&#8243; _module_preset=&#8221;default&#8221; global_colors_info=&#8221;{}&#8221;][et_pb_button button_text=&#8221;Case&#8221; button_alignment=&#8221;center&#8221; _builder_version=&#8221;4.27.4&#8243; _module_preset=&#8221;23033796-2c37-41e8-a857-808c942dd3c4&#8243; button_icon=&#8221;&#x45;||divi||400&#8243; button_icon_placement=&#8221;left&#8221; global_colors_info=&#8221;{}&#8221;][\/et_pb_button][\/et_pb_column][\/et_pb_row][\/et_pb_section]<\/p>","protected":false},"excerpt":{"rendered":"<p>RP Techniek BV Rotary RTO has been extensively adopted for waste gas treatment in the production of SBS asphalt waterproof coiled materials and related products. Its robust design ensures efficient destruction of volatile organic compounds (VOCs) and odorous emissions generated during asphalt processing. With high thermal efficiency and stable operation under variable load conditions, this [&hellip;]<\/p>","protected":false},"author":1,"featured_media":0,"parent":474,"menu_order":0,"comment_status":"closed","ping_status":"closed","template":"","meta":{"_et_pb_use_builder":"on","_et_pb_old_content":"","_et_gb_content_width":"","footnotes":""},"class_list":["post-755","page","type-page","status-publish","hentry"],"_links":{"self":[{"href":"https:\/\/regenerative-thermal-oxidation.com\/pt\/wp-json\/wp\/v2\/pages\/755","targetHints":{"allow":["GET"]}}],"collection":[{"href":"https:\/\/regenerative-thermal-oxidation.com\/pt\/wp-json\/wp\/v2\/pages"}],"about":[{"href":"https:\/\/regenerative-thermal-oxidation.com\/pt\/wp-json\/wp\/v2\/types\/page"}],"author":[{"embeddable":true,"href":"https:\/\/regenerative-thermal-oxidation.com\/pt\/wp-json\/wp\/v2\/users\/1"}],"replies":[{"embeddable":true,"href":"https:\/\/regenerative-thermal-oxidation.com\/pt\/wp-json\/wp\/v2\/comments?post=755"}],"version-history":[{"count":37,"href":"https:\/\/regenerative-thermal-oxidation.com\/pt\/wp-json\/wp\/v2\/pages\/755\/revisions"}],"predecessor-version":[{"id":943,"href":"https:\/\/regenerative-thermal-oxidation.com\/pt\/wp-json\/wp\/v2\/pages\/755\/revisions\/943"}],"up":[{"embeddable":true,"href":"https:\/\/regenerative-thermal-oxidation.com\/pt\/wp-json\/wp\/v2\/pages\/474"}],"wp:attachment":[{"href":"https:\/\/regenerative-thermal-oxidation.com\/pt\/wp-json\/wp\/v2\/media?parent=755"}],"curies":[{"name":"wp","href":"https:\/\/api.w.org\/{rel}","templated":true}]}}