{"id":346,"date":"2025-08-22T06:24:11","date_gmt":"2025-08-22T06:24:11","guid":{"rendered":"https:\/\/regenerative-thermal-oxidation.com\/?post_type=product&#038;p=346"},"modified":"2025-08-25T06:12:17","modified_gmt":"2025-08-25T06:12:17","slug":"valvula-rotativa-classica-rto","status":"publish","type":"product","link":"https:\/\/regenerative-thermal-oxidation.com\/pt\/produto\/valvula-rotativa-classica-rto\/","title":{"rendered":"V\u00e1lvula Rotativa Cl\u00e1ssica RTO"},"content":{"rendered":"<p>O oxidante t\u00e9rmico regenerativo de v\u00e1lvula rotativa (RTO) purifica gases residuais oxidando-os em \u00f3xidos e \u00e1gua a altas temperaturas, atingindo uma efici\u00eancia de decomposi\u00e7\u00e3o superior a 99,51 TP3T e uma efici\u00eancia de recupera\u00e7\u00e3o de calor superior a 971 TP3T. Consiste em uma c\u00e2mara de combust\u00e3o, um leito de enchimento cer\u00e2mico e uma v\u00e1lvula rotativa, dividida em 12 c\u00e2maras para uma distribui\u00e7\u00e3o eficiente dos gases. A v\u00e1lvula, acionada por motor, gira continuamente, controlando o fluxo de gases de exaust\u00e3o. Al\u00e9m disso, quando a concentra\u00e7\u00e3o de gases de exaust\u00e3o \u00e9 alta, uma caldeira de recupera\u00e7\u00e3o de calor residual pode converter esses gases em recursos valiosos como ar quente, \u00e1gua quente, vapor ou \u00f3leo t\u00e9rmico.<\/p>\n<p><img loading=\"lazy\" decoding=\"async\" class=\"aligncenter wp-image-199 size-large\" src=\"https:\/\/regenerative-thermal-oxidation.com\/wp-content\/uploads\/2025\/08\/Classic-Rotary-Valve-RTO-3-1024x1024.webp\" alt=\"V\u00e1lvula Rotativa Cl\u00e1ssica RTO-3\" width=\"1024\" height=\"1024\" srcset=\"https:\/\/regenerative-thermal-oxidation.com\/wp-content\/uploads\/2025\/08\/Classic-Rotary-Valve-RTO-3-1024x1024.webp 1024w, https:\/\/regenerative-thermal-oxidation.com\/wp-content\/uploads\/2025\/08\/Classic-Rotary-Valve-RTO-3-980x980.webp 980w, https:\/\/regenerative-thermal-oxidation.com\/wp-content\/uploads\/2025\/08\/Classic-Rotary-Valve-RTO-3-480x480.webp 480w\" sizes=\"(min-width: 0px) and (max-width: 480px) 480px, (min-width: 481px) and (max-width: 980px) 980px, (min-width: 981px) 1024px, 100vw\" \/><\/p>\n<h2><strong>Compara\u00e7\u00e3o dos par\u00e2metros de desempenho de dois tipos de v\u00e1lvulas de comuta\u00e7\u00e3o RTO de grande capacidade<\/strong><\/h2>\n<div style=\"overflow-x: auto;\">\n<table style=\"max-width: 100%; overflow-x: auto;\" border=\"1\">\n<tbody>\n<tr style=\"height: 14.40pt;\">\n<td class=\"et2\" style=\"height: 14.4pt; width: 183pt; text-align: center;\" width=\"305\" height=\"24\"><strong>Par\u00e2metro de desempenho<\/strong><\/td>\n<td class=\"et2\" style=\"width: 183pt; text-align: center;\" width=\"305\"><strong>V\u00e1lvula Rotativa RTO<\/strong><\/td>\n<td class=\"et2\" style=\"width: 183pt; text-align: center;\" width=\"305\"><strong>V\u00e1lvula de assento RTO<\/strong><\/td>\n<\/tr>\n<tr style=\"height: 14.40pt;\">\n<td class=\"et2\" style=\"height: 14.4pt; width: 183pt; text-align: center;\" width=\"305\" height=\"24\">Capacidade de processamento<\/td>\n<td class=\"et2\" style=\"width: 183pt; text-align: center;\" width=\"305\">300000 Nm\u00b3\/h<\/td>\n<td class=\"et2\" style=\"width: 183pt; text-align: center;\" width=\"305\">300000 Nm\u00b3\/h<\/td>\n<\/tr>\n<tr style=\"height: 14.40pt;\">\n<td class=\"et2\" style=\"height: 14.4pt; width: 183pt; text-align: center;\" width=\"305\" height=\"24\">Estrutura da v\u00e1lvula<\/td>\n<td class=\"et2\" style=\"width: 183pt; text-align: center;\" width=\"305\">V\u00e1lvula rotativa<\/td>\n<td class=\"et2\" style=\"width: 183pt; text-align: center;\" width=\"305\">V\u00e1lvula de assento\/V\u00e1lvula borboleta<\/td>\n<\/tr>\n<tr style=\"height: 14.40pt;\">\n<td class=\"et2\" style=\"height: 14.4pt; width: 183pt; text-align: center;\" width=\"305\" height=\"24\">N\u00famero de v\u00e1lvulas<\/td>\n<td class=\"et2\" style=\"width: 183pt; text-align: center;\" width=\"305\">3<\/td>\n<td class=\"et2\" style=\"width: 183pt; text-align: center;\" width=\"305\">27<\/td>\n<\/tr>\n<tr style=\"height: 28.80pt;\">\n<td class=\"et2\" style=\"height: 28.8pt; width: 183pt; text-align: center;\" width=\"305\" height=\"48\">Frequ\u00eancia de impacto da comuta\u00e7\u00e3o da v\u00e1lvula<\/td>\n<td class=\"et2\" style=\"width: 183pt; text-align: center;\" width=\"305\">Opera\u00e7\u00e3o cont\u00ednua sem impacto<\/td>\n<td class=\"et2\" style=\"width: 183pt; text-align: center;\" width=\"305\">6,48 milh\u00f5es de vezes por ano<\/td>\n<\/tr>\n<tr style=\"height: 14.40pt;\">\n<td class=\"et2\" style=\"height: 14.4pt; width: 183pt; text-align: center;\" width=\"305\" height=\"24\">N\u00famero de leitos regenerativos<\/td>\n<td class=\"et2\" style=\"width: 183pt; text-align: center;\" width=\"305\">36<\/td>\n<td class=\"et2\" style=\"width: 183pt; text-align: center;\" width=\"305\">9<\/td>\n<\/tr>\n<tr style=\"height: 14.40pt;\">\n<td class=\"et2\" style=\"height: 14.4pt; width: 183pt; text-align: center;\" width=\"305\" height=\"24\">Volume de ar por c\u00e2mara<\/td>\n<td class=\"et2\" style=\"width: 183pt; text-align: center;\" width=\"305\">20000 Nm\u00b3\/h<\/td>\n<td class=\"et2\" style=\"width: 183pt; text-align: center;\" width=\"305\">75000 Nm\u00b3\/h<\/td>\n<\/tr>\n<tr style=\"height: 28.80pt;\">\n<td class=\"et2\" style=\"height: 28.8pt; width: 183pt; text-align: center;\" width=\"305\" height=\"48\">\u00c1rea da se\u00e7\u00e3o transversal do fluxo por c\u00e2mara regenerativa<\/td>\n<td class=\"et2\" style=\"width: 183pt; text-align: center;\" width=\"305\">3300 kg<\/td>\n<td class=\"et2\" style=\"width: 183pt; text-align: center;\" width=\"305\">15600 kg<\/td>\n<\/tr>\n<tr style=\"height: 14.40pt;\">\n<td class=\"et2\" style=\"height: 14.4pt; width: 183pt; text-align: center;\" width=\"305\" height=\"24\">N\u00famero de queimadores<\/td>\n<td class=\"et2\" style=\"width: 183pt; text-align: center;\" width=\"305\">3<\/td>\n<td class=\"et2\" style=\"width: 183pt; text-align: center;\" width=\"305\">5<\/td>\n<\/tr>\n<tr style=\"height: 14.40pt;\">\n<td class=\"et2\" style=\"height: 14.4pt; width: 183pt; text-align: center;\" width=\"305\" height=\"24\">Dimens\u00f5es da \u00e1rea ocupada (Comprimento \u00d7 Largura)<\/td>\n<td class=\"et2\" style=\"width: 183pt; text-align: center;\" width=\"305\">26m \u00d7 8m<\/td>\n<td class=\"et2\" style=\"width: 183pt; text-align: center;\" width=\"305\">48m \u00d7 5m<\/td>\n<\/tr>\n<tr>\n<td style=\"width: 183pt; text-align: center;\">Gr\u00e1fico<\/td>\n<td style=\"width: 183pt; text-align: center;\"><img loading=\"lazy\" decoding=\"async\" class=\"alignnone size-medium wp-image-421\" src=\"https:\/\/regenerative-thermal-oxidation.com\/wp-content\/uploads\/2025\/08\/Performance-Parameter-Comparison-of-Two-Types-of-Large-Capacity-RTO-Switching-Valves-Rotary-Valve-RTO-300x179.webp\" alt=\"Compara\u00e7\u00e3o dos par\u00e2metros de desempenho de dois tipos de v\u00e1lvulas de comuta\u00e7\u00e3o RTO de grande capacidade - V\u00e1lvula rotativa RTO\" width=\"300\" height=\"179\" srcset=\"https:\/\/regenerative-thermal-oxidation.com\/wp-content\/uploads\/2025\/08\/Performance-Parameter-Comparison-of-Two-Types-of-Large-Capacity-RTO-Switching-Valves-Rotary-Valve-RTO-300x179.webp 300w, https:\/\/regenerative-thermal-oxidation.com\/wp-content\/uploads\/2025\/08\/Performance-Parameter-Comparison-of-Two-Types-of-Large-Capacity-RTO-Switching-Valves-Rotary-Valve-RTO.webp 347w\" sizes=\"(max-width: 300px) 100vw, 300px\" \/><\/td>\n<td style=\"width: 183pt; text-align: center;\"><img loading=\"lazy\" decoding=\"async\" class=\"alignnone size-medium wp-image-420\" src=\"https:\/\/regenerative-thermal-oxidation.com\/wp-content\/uploads\/2025\/08\/Performance-Parameter-Comparison-of-Two-Types-of-Large-Capacity-RTO-Switching-Valves-Poppet-Valve-RTO-300x119.webp\" alt=\"Compara\u00e7\u00e3o dos par\u00e2metros de desempenho de dois tipos de v\u00e1lvulas de comuta\u00e7\u00e3o RTO de grande capacidade - V\u00e1lvula de assento RTO\" width=\"300\" height=\"119\" srcset=\"https:\/\/regenerative-thermal-oxidation.com\/wp-content\/uploads\/2025\/08\/Performance-Parameter-Comparison-of-Two-Types-of-Large-Capacity-RTO-Switching-Valves-Poppet-Valve-RTO-300x119.webp 300w, https:\/\/regenerative-thermal-oxidation.com\/wp-content\/uploads\/2025\/08\/Performance-Parameter-Comparison-of-Two-Types-of-Large-Capacity-RTO-Switching-Valves-Poppet-Valve-RTO.webp 415w\" sizes=\"(max-width: 300px) 100vw, 300px\" \/><\/td>\n<\/tr>\n<\/tbody>\n<\/table>\n<\/div>\n<h2><\/h2>\n<h2><strong>Caracter\u00edsticas da v\u00e1lvula rotativa cl\u00e1ssica RTO<\/strong><\/h2>\n<ul>\n<li><strong>Design compacto que economiza espa\u00e7o<\/strong><br \/>\nEste sistema apresenta uma estrutura altamente integrada com requisitos m\u00ednimos de espa\u00e7o. A configura\u00e7\u00e3o inovadora da v\u00e1lvula rotativa elimina m\u00faltiplas v\u00e1lvulas tradicionais e arranjos complexos de tubula\u00e7\u00e3o. Seu layout simplificado otimiza o uso do espa\u00e7o sem comprometer a funcionalidade. O design compacto o torna adequado para instala\u00e7\u00f5es com espa\u00e7o limitado.<\/li>\n<li><strong>Opera\u00e7\u00e3o suave e est\u00e1vel<\/strong><br \/>\nO movimento rotacional cont\u00ednuo garante um desempenho consistente, sem flutua\u00e7\u00f5es de press\u00e3o. Este sistema opera com estabilidade excepcional devido \u00e0 aus\u00eancia de mudan\u00e7as abruptas de regime. A transi\u00e7\u00e3o suave entre os ciclos mant\u00e9m o fluxo de ar constante e o controle de temperatura. Essa estabilidade operacional contribui para a redu\u00e7\u00e3o do estresse mec\u00e2nico e para uma efici\u00eancia de tratamento consistente.<\/li>\n<li><strong>Prolongar a vida \u00fatil dos componentes cr\u00edticos<\/strong><br \/>\nOs principais componentes s\u00e3o fabricados com materiais premium resistentes ao desgaste, projetados especificamente para garantir durabilidade. O mecanismo rotacional reduz significativamente as for\u00e7as de impacto em compara\u00e7\u00e3o com os sistemas de comuta\u00e7\u00e3o convencionais. Essa abordagem de projeto minimiza o desgaste nas superf\u00edcies de veda\u00e7\u00e3o e nas pe\u00e7as m\u00f3veis. A maior durabilidade resulta em intervalos de servi\u00e7o mais longos e menores necessidades de manuten\u00e7\u00e3o.<\/li>\n<li><strong>Complexidade operacional reduzida<\/strong><br \/>\nO projeto mec\u00e2nico simplificado incorpora menos pe\u00e7as m\u00f3veis do que os sistemas convencionais. Essa configura\u00e7\u00e3o exige menor consumo de energia auxiliar, mantendo a funcionalidade completa. O sistema opera com efici\u00eancia em diversas condi\u00e7\u00f5es de carga, sem comprometer o desempenho. Essa efici\u00eancia contribui para a redu\u00e7\u00e3o dos custos operacionais e a simplifica\u00e7\u00e3o da gest\u00e3o do sistema.<\/li>\n<li><strong>Efici\u00eancia de desempenho superior<\/strong><br \/>\nO gerenciamento t\u00e9rmico avan\u00e7ado garante um desempenho de purifica\u00e7\u00e3o excepcional e recupera\u00e7\u00e3o de energia. A distribui\u00e7\u00e3o de fluxo otimizada mant\u00e9m uma excelente efici\u00eancia de destrui\u00e7\u00e3o ao longo dos ciclos operacionais. O sistema eficaz de regenera\u00e7\u00e3o de calor maximiza a recupera\u00e7\u00e3o t\u00e9rmica e minimiza o consumo de combust\u00edvel. Essas caracter\u00edsticas combinadas proporcionam um desempenho ambiental excepcional com economia operacional.<img loading=\"lazy\" decoding=\"async\" class=\"wp-image-358 aligncenter\" src=\"https:\/\/regenerative-thermal-oxidation.com\/wp-content\/uploads\/2025\/08\/Classic-Rotary-Valve-RTO-2.webp\" alt=\"\" width=\"800\" height=\"800\" \/><\/li>\n<\/ul>\n<h2><strong>Como funciona um oxidante t\u00e9rmico regenerativo?<\/strong><\/h2>\n<p>Os oxidadores t\u00e9rmicos regenerativos (RTOs) funcionam direcionando o ar contendo poluentes atrav\u00e9s de um sistema de per\u00f3xido, geralmente com o aux\u00edlio de um ventilador. O fluxo de ar atrav\u00e9s do RTO \u00e9 controlado por uma v\u00e1lvula que o canaliza para um dos dois trocadores de calor, que cont\u00eam leitos diel\u00e9tricos de cer\u00e2mica. O sistema inclui pelo menos dois leitos diel\u00e9tricos de cer\u00e2mica (sejam eles em forma de sela ou blocos estruturados) como trocadores de calor. \u00c0 medida que o ar contaminado flui atrav\u00e9s do primeiro leito, ele absorve o calor do material cer\u00e2mico quente antes de entrar na c\u00e2mara de combust\u00e3o.<\/p>\n<p>Na c\u00e2mara de combust\u00e3o, o ar \u00e9 mantido a uma temperatura superior a 815 \u00b0C (1500 \u00b0F) por um tempo de resid\u00eancia espec\u00edfico de mais de 5 segundos, permitindo a oxida\u00e7\u00e3o de COVs e HAPs em di\u00f3xido de carbono e vapor de \u00e1gua. O ar quente e limpo passa ent\u00e3o para o segundo leito cer\u00e2mico para recuperar o calor para reutiliza\u00e7\u00e3o. O ar limpo e resfriado \u00e9 posteriormente liberado na atmosfera. A v\u00e1lvula inverte a dire\u00e7\u00e3o a cada poucos minutos, alternando o fluxo de ar para facilitar a transfer\u00eancia de calor entre os dois leitos cer\u00e2micos. Esse mecanismo contribui para a alta efici\u00eancia de combust\u00edvel e os baixos custos operacionais dos RTOs, tornando-os uma solu\u00e7\u00e3o eficaz para a redu\u00e7\u00e3o de COVs.<\/p>\n<p><img loading=\"lazy\" decoding=\"async\" class=\"aligncenter wp-image-225 size-full\" src=\"https:\/\/regenerative-thermal-oxidation.com\/wp-content\/uploads\/2025\/08\/regenerative-thermal-oxidiser-working-principle.webp\" alt=\"princ\u00edpio de funcionamento do oxidante t\u00e9rmico regenerativo\" width=\"1010\" height=\"678\" srcset=\"https:\/\/regenerative-thermal-oxidation.com\/wp-content\/uploads\/2025\/08\/regenerative-thermal-oxidiser-working-principle.webp 1010w, https:\/\/regenerative-thermal-oxidation.com\/wp-content\/uploads\/2025\/08\/regenerative-thermal-oxidiser-working-principle-980x658.webp 980w, https:\/\/regenerative-thermal-oxidation.com\/wp-content\/uploads\/2025\/08\/regenerative-thermal-oxidiser-working-principle-480x322.webp 480w\" sizes=\"(min-width: 0px) and (max-width: 480px) 480px, (min-width: 481px) and (max-width: 980px) 980px, (min-width: 981px) 1010px, 100vw\" \/><\/p>\n<h2><strong>Processo de Produ\u00e7\u00e3o de Oxidador T\u00e9rmico Regenerativo<\/strong><\/h2>\n<p>Todos os produtos s\u00e3o fabricados internamente, come\u00e7ando com o corte a laser e jateamento automatizado de chapas de a\u00e7o. Os componentes e o corpo principal do RTO s\u00e3o meticulosamente soldados, seguidos por pr\u00e9-montagem e processos de secagem controlada. Um rigoroso sistema de inspe\u00e7\u00e3o em v\u00e1rias etapas \u00e9 implementado em cada fase para garantir a qualidade e a consist\u00eancia do produto. Toda a opera\u00e7\u00e3o \u00e9 suportada por um software SAP integrado e um aplicativo de painel de controle de progresso em tempo real, garantindo rastreabilidade completa e gerenciamento eficiente do fluxo de trabalho. Essa abordagem digitalizada permite a entrega r\u00e1pida do produto, mantendo altos padr\u00f5es de fabrica\u00e7\u00e3o ao longo de todo o ciclo de produ\u00e7\u00e3o.<\/p>\n<p><img loading=\"lazy\" decoding=\"async\" class=\"aligncenter wp-image-426 size-full\" src=\"https:\/\/regenerative-thermal-oxidation.com\/wp-content\/uploads\/2025\/08\/regenerative-thermal-oxidiser-Manufacturing-capability.webp\" alt=\"Oxidante t\u00e9rmico regenerativo - Capacidade de fabrica\u00e7\u00e3o\" width=\"1154\" height=\"530\" srcset=\"https:\/\/regenerative-thermal-oxidation.com\/wp-content\/uploads\/2025\/08\/regenerative-thermal-oxidiser-Manufacturing-capability.webp 1154w, https:\/\/regenerative-thermal-oxidation.com\/wp-content\/uploads\/2025\/08\/regenerative-thermal-oxidiser-Manufacturing-capability-980x450.webp 980w, https:\/\/regenerative-thermal-oxidation.com\/wp-content\/uploads\/2025\/08\/regenerative-thermal-oxidiser-Manufacturing-capability-480x220.webp 480w\" sizes=\"(min-width: 0px) and (max-width: 480px) 480px, (min-width: 481px) and (max-width: 980px) 980px, (min-width: 981px) 1154px, 100vw\" \/><\/p>","protected":false},"excerpt":{"rendered":"<p>O oxidante t\u00e9rmico regenerativo de v\u00e1lvula rotativa (RTO) purifica gases residuais oxidando-os em \u00f3xidos e \u00e1gua a altas temperaturas, atingindo uma efici\u00eancia de decomposi\u00e7\u00e3o superior a 99,51 TP3T e uma efici\u00eancia de recupera\u00e7\u00e3o de calor superior a 971 TP3T. Consiste em uma c\u00e2mara de combust\u00e3o, um leito de enchimento cer\u00e2mico e uma v\u00e1lvula rotativa, dividida em 12 c\u00e2maras para uma distribui\u00e7\u00e3o eficiente dos gases. A v\u00e1lvula, acionada por motor, gira continuamente, controlando o fluxo de gases de exaust\u00e3o. Al\u00e9m disso, quando a concentra\u00e7\u00e3o de gases de exaust\u00e3o \u00e9 alta, uma caldeira de recupera\u00e7\u00e3o de calor residual pode converter esses gases em recursos valiosos como ar quente, \u00e1gua quente, vapor ou \u00f3leo t\u00e9rmico.<\/p>","protected":false},"featured_media":199,"comment_status":"open","ping_status":"closed","template":"","meta":{"_et_pb_use_builder":"","_et_pb_old_content":"","_et_gb_content_width":""},"product_brand":[],"product_cat":[19],"product_tag":[],"class_list":{"0":"post-346","1":"product","2":"type-product","3":"status-publish","4":"has-post-thumbnail","6":"product_cat-regenerative-thermal-oxidizer","8":"first","9":"instock","10":"shipping-taxable","11":"product-type-simple"},"_links":{"self":[{"href":"https:\/\/regenerative-thermal-oxidation.com\/pt\/wp-json\/wp\/v2\/product\/346","targetHints":{"allow":["GET"]}}],"collection":[{"href":"https:\/\/regenerative-thermal-oxidation.com\/pt\/wp-json\/wp\/v2\/product"}],"about":[{"href":"https:\/\/regenerative-thermal-oxidation.com\/pt\/wp-json\/wp\/v2\/types\/product"}],"replies":[{"embeddable":true,"href":"https:\/\/regenerative-thermal-oxidation.com\/pt\/wp-json\/wp\/v2\/comments?post=346"}],"wp:featuredmedia":[{"embeddable":true,"href":"https:\/\/regenerative-thermal-oxidation.com\/pt\/wp-json\/wp\/v2\/media\/199"}],"wp:attachment":[{"href":"https:\/\/regenerative-thermal-oxidation.com\/pt\/wp-json\/wp\/v2\/media?parent=346"}],"wp:term":[{"taxonomy":"product_brand","embeddable":true,"href":"https:\/\/regenerative-thermal-oxidation.com\/pt\/wp-json\/wp\/v2\/product_brand?post=346"},{"taxonomy":"product_cat","embeddable":true,"href":"https:\/\/regenerative-thermal-oxidation.com\/pt\/wp-json\/wp\/v2\/product_cat?post=346"},{"taxonomy":"product_tag","embeddable":true,"href":"https:\/\/regenerative-thermal-oxidation.com\/pt\/wp-json\/wp\/v2\/product_tag?post=346"}],"curies":[{"name":"wp","href":"https:\/\/api.w.org\/{rel}","templated":true}]}}