{"id":346,"date":"2025-08-22T06:24:11","date_gmt":"2025-08-22T06:24:11","guid":{"rendered":"https:\/\/regenerative-thermal-oxidation.com\/?post_type=product&#038;p=346"},"modified":"2025-08-25T06:12:17","modified_gmt":"2025-08-25T06:12:17","slug":"klasik-doner-vana-rto","status":"publish","type":"product","link":"https:\/\/regenerative-thermal-oxidation.com\/tr\/urun\/klasik-doner-vana-rto\/","title":{"rendered":"Klasik D\u00f6ner Vana RTO"},"content":{"rendered":"<p>D\u00f6ner vanal\u0131 rejeneratif termal oksitleyici (RTO), at\u0131k gaz\u0131 y\u00fcksek s\u0131cakl\u0131klarda oksitlere ve suya d\u00f6n\u00fc\u015ft\u00fcrerek ar\u0131nd\u0131r\u0131r ve ,51 TP3T'nin \u00fczerinde ayr\u0131\u015fma verimlili\u011fi ve 1 TP3T'nin \u00fczerinde \u0131s\u0131 geri kazan\u0131m verimlili\u011fi elde eder. Verimli gaz da\u011f\u0131t\u0131m\u0131 i\u00e7in 12 b\u00f6lmeye ayr\u0131lm\u0131\u015f bir yanma odas\u0131, seramik dolgu yata\u011f\u0131 ve d\u00f6ner vanadan olu\u015fur. Motor tahrikli vana s\u00fcrekli d\u00f6nerek egzoz gaz\u0131 ak\u0131\u015f\u0131n\u0131 y\u00f6netir. Ayr\u0131ca, egzoz gaz\u0131 konsantrasyonu y\u00fcksek oldu\u011funda, at\u0131k \u0131s\u0131 geri kazan\u0131m kazan\u0131 at\u0131k gaz\u0131 s\u0131cak hava, s\u0131cak su, buhar veya termal ya\u011f gibi de\u011ferli kaynaklara d\u00f6n\u00fc\u015ft\u00fcrebilir.<\/p>\n<p><img loading=\"lazy\" decoding=\"async\" class=\"aligncenter wp-image-199 size-large\" src=\"https:\/\/regenerative-thermal-oxidation.com\/wp-content\/uploads\/2025\/08\/Classic-Rotary-Valve-RTO-3-1024x1024.webp\" alt=\"Klasik D\u00f6ner Vana RTO-3\" width=\"1024\" height=\"1024\" srcset=\"https:\/\/regenerative-thermal-oxidation.com\/wp-content\/uploads\/2025\/08\/Classic-Rotary-Valve-RTO-3-1024x1024.webp 1024w, https:\/\/regenerative-thermal-oxidation.com\/wp-content\/uploads\/2025\/08\/Classic-Rotary-Valve-RTO-3-980x980.webp 980w, https:\/\/regenerative-thermal-oxidation.com\/wp-content\/uploads\/2025\/08\/Classic-Rotary-Valve-RTO-3-480x480.webp 480w\" sizes=\"(min-width: 0px) and (max-width: 480px) 480px, (min-width: 481px) and (max-width: 980px) 980px, (min-width: 981px) 1024px, 100vw\" \/><\/p>\n<h2><strong>\u0130ki Tip B\u00fcy\u00fck Kapasiteli RTO Anahtarlama Vanas\u0131n\u0131n Performans Parametrelerinin Kar\u015f\u0131la\u015ft\u0131r\u0131lmas\u0131<\/strong><\/h2>\n<div style=\"overflow-x: auto;\">\n<table style=\"max-width: 100%; overflow-x: auto;\" border=\"1\">\n<tbody>\n<tr style=\"height: 14.40pt;\">\n<td class=\"et2\" style=\"height: 14.4pt; width: 183pt; text-align: center;\" width=\"305\" height=\"24\"><strong>Performans Parametresi<\/strong><\/td>\n<td class=\"et2\" style=\"width: 183pt; text-align: center;\" width=\"305\"><strong>D\u00f6ner Vana RTO<\/strong><\/td>\n<td class=\"et2\" style=\"width: 183pt; text-align: center;\" width=\"305\"><strong>Poppet Valf RTO<\/strong><\/td>\n<\/tr>\n<tr style=\"height: 14.40pt;\">\n<td class=\"et2\" style=\"height: 14.4pt; width: 183pt; text-align: center;\" width=\"305\" height=\"24\">\u0130\u015fleme Kapasitesi<\/td>\n<td class=\"et2\" style=\"width: 183pt; text-align: center;\" width=\"305\">300000 Nm\u00b3\/h<\/td>\n<td class=\"et2\" style=\"width: 183pt; text-align: center;\" width=\"305\">300000 Nm\u00b3\/h<\/td>\n<\/tr>\n<tr style=\"height: 14.40pt;\">\n<td class=\"et2\" style=\"height: 14.4pt; width: 183pt; text-align: center;\" width=\"305\" height=\"24\">Valf Yap\u0131s\u0131<\/td>\n<td class=\"et2\" style=\"width: 183pt; text-align: center;\" width=\"305\">D\u00f6ner Vana<\/td>\n<td class=\"et2\" style=\"width: 183pt; text-align: center;\" width=\"305\">Poppet Vana\/Kelebek Vana<\/td>\n<\/tr>\n<tr style=\"height: 14.40pt;\">\n<td class=\"et2\" style=\"height: 14.4pt; width: 183pt; text-align: center;\" width=\"305\" height=\"24\">Vana Say\u0131s\u0131<\/td>\n<td class=\"et2\" style=\"width: 183pt; text-align: center;\" width=\"305\">3<\/td>\n<td class=\"et2\" style=\"width: 183pt; text-align: center;\" width=\"305\">27<\/td>\n<\/tr>\n<tr style=\"height: 28.80pt;\">\n<td class=\"et2\" style=\"height: 28.8pt; width: 183pt; text-align: center;\" width=\"305\" height=\"48\">Valf De\u011fi\u015ftirme Darbe Frekans\u0131<\/td>\n<td class=\"et2\" style=\"width: 183pt; text-align: center;\" width=\"305\">Kesintisiz \u00e7al\u0131\u015fma<\/td>\n<td class=\"et2\" style=\"width: 183pt; text-align: center;\" width=\"305\">y\u0131lda 6,48 milyon kez<\/td>\n<\/tr>\n<tr style=\"height: 14.40pt;\">\n<td class=\"et2\" style=\"height: 14.4pt; width: 183pt; text-align: center;\" width=\"305\" height=\"24\">Yenileyici Yatak Say\u0131s\u0131<\/td>\n<td class=\"et2\" style=\"width: 183pt; text-align: center;\" width=\"305\">36<\/td>\n<td class=\"et2\" style=\"width: 183pt; text-align: center;\" width=\"305\">9<\/td>\n<\/tr>\n<tr style=\"height: 14.40pt;\">\n<td class=\"et2\" style=\"height: 14.4pt; width: 183pt; text-align: center;\" width=\"305\" height=\"24\">Oda ba\u015f\u0131na hava hacmi<\/td>\n<td class=\"et2\" style=\"width: 183pt; text-align: center;\" width=\"305\">20000 Nm\u00b3\/h<\/td>\n<td class=\"et2\" style=\"width: 183pt; text-align: center;\" width=\"305\">75000 Nm\u00b3\/h<\/td>\n<\/tr>\n<tr style=\"height: 28.80pt;\">\n<td class=\"et2\" style=\"height: 28.8pt; width: 183pt; text-align: center;\" width=\"305\" height=\"48\">Rejeneratif Oda Ba\u015f\u0131na Ak\u0131\u015f Kesit Alan\u0131<\/td>\n<td class=\"et2\" style=\"width: 183pt; text-align: center;\" width=\"305\">3300 kg<\/td>\n<td class=\"et2\" style=\"width: 183pt; text-align: center;\" width=\"305\">15600 kg<\/td>\n<\/tr>\n<tr style=\"height: 14.40pt;\">\n<td class=\"et2\" style=\"height: 14.4pt; width: 183pt; text-align: center;\" width=\"305\" height=\"24\">Br\u00fcl\u00f6r Say\u0131s\u0131<\/td>\n<td class=\"et2\" style=\"width: 183pt; text-align: center;\" width=\"305\">3<\/td>\n<td class=\"et2\" style=\"width: 183pt; text-align: center;\" width=\"305\">5<\/td>\n<\/tr>\n<tr style=\"height: 14.40pt;\">\n<td class=\"et2\" style=\"height: 14.4pt; width: 183pt; text-align: center;\" width=\"305\" height=\"24\">Ayak \u0130zi (Uzunluk \u00d7 Geni\u015flik)<\/td>\n<td class=\"et2\" style=\"width: 183pt; text-align: center;\" width=\"305\">26m \u00d7 8m<\/td>\n<td class=\"et2\" style=\"width: 183pt; text-align: center;\" width=\"305\">48m \u00d7 5m<\/td>\n<\/tr>\n<tr>\n<td style=\"width: 183pt; text-align: center;\">Grafik<\/td>\n<td style=\"width: 183pt; text-align: center;\"><img loading=\"lazy\" decoding=\"async\" class=\"alignnone size-medium wp-image-421\" src=\"https:\/\/regenerative-thermal-oxidation.com\/wp-content\/uploads\/2025\/08\/Performance-Parameter-Comparison-of-Two-Types-of-Large-Capacity-RTO-Switching-Valves-Rotary-Valve-RTO-300x179.webp\" alt=\"\u0130ki Tip B\u00fcy\u00fck Kapasiteli RTO Anahtarlama Vanas\u0131n\u0131n Performans Parametrelerinin Kar\u015f\u0131la\u015ft\u0131r\u0131lmas\u0131 - D\u00f6ner Vana RTO\" width=\"300\" height=\"179\" srcset=\"https:\/\/regenerative-thermal-oxidation.com\/wp-content\/uploads\/2025\/08\/Performance-Parameter-Comparison-of-Two-Types-of-Large-Capacity-RTO-Switching-Valves-Rotary-Valve-RTO-300x179.webp 300w, https:\/\/regenerative-thermal-oxidation.com\/wp-content\/uploads\/2025\/08\/Performance-Parameter-Comparison-of-Two-Types-of-Large-Capacity-RTO-Switching-Valves-Rotary-Valve-RTO.webp 347w\" sizes=\"(max-width: 300px) 100vw, 300px\" \/><\/td>\n<td style=\"width: 183pt; text-align: center;\"><img loading=\"lazy\" decoding=\"async\" class=\"alignnone size-medium wp-image-420\" src=\"https:\/\/regenerative-thermal-oxidation.com\/wp-content\/uploads\/2025\/08\/Performance-Parameter-Comparison-of-Two-Types-of-Large-Capacity-RTO-Switching-Valves-Poppet-Valve-RTO-300x119.webp\" alt=\"\u0130ki Tip B\u00fcy\u00fck Kapasiteli RTO Anahtarlama Vanas\u0131n\u0131n Performans Parametrelerinin Kar\u015f\u0131la\u015ft\u0131r\u0131lmas\u0131 - Pistonlu Vana RTO\" width=\"300\" height=\"119\" srcset=\"https:\/\/regenerative-thermal-oxidation.com\/wp-content\/uploads\/2025\/08\/Performance-Parameter-Comparison-of-Two-Types-of-Large-Capacity-RTO-Switching-Valves-Poppet-Valve-RTO-300x119.webp 300w, https:\/\/regenerative-thermal-oxidation.com\/wp-content\/uploads\/2025\/08\/Performance-Parameter-Comparison-of-Two-Types-of-Large-Capacity-RTO-Switching-Valves-Poppet-Valve-RTO.webp 415w\" sizes=\"(max-width: 300px) 100vw, 300px\" \/><\/td>\n<\/tr>\n<\/tbody>\n<\/table>\n<\/div>\n<h2><\/h2>\n<h2><strong>Klasik D\u00f6ner Vana (RTO) \u00d6zellikleri<\/strong><\/h2>\n<ul>\n<li><strong>Kompakt ve Yerden Tasarruf Sa\u011flayan Tasar\u0131m<\/strong><br \/>\nBu sistem, minimum alan gereksinimiyle son derece entegre bir yap\u0131ya sahiptir. Yenilik\u00e7i d\u00f6ner vana konfig\u00fcrasyonu, \u00e7ok say\u0131da geleneksel vanay\u0131 ve karma\u015f\u0131k boru d\u00fczenlemelerini ortadan kald\u0131r\u0131r. Ak\u0131c\u0131 yerle\u015fimi, i\u015flevsellikten \u00f6d\u00fcn vermeden alan kullan\u0131m\u0131n\u0131 optimize eder. Kompakt tasar\u0131m\u0131, mevcut alan\u0131n s\u0131n\u0131rl\u0131 oldu\u011fu kurulumlar i\u00e7in uygundur.<\/li>\n<li><strong>Sorunsuz ve \u0130stikrarl\u0131 \u00c7al\u0131\u015fma<\/strong><br \/>\nS\u00fcrekli d\u00f6nme hareketi, bas\u0131n\u00e7 dalgalanmalar\u0131 olmadan tutarl\u0131 performans sa\u011flar. Ani ge\u00e7i\u015f hareketlerinin olmamas\u0131 nedeniyle bu sistem ola\u011fan\u00fcst\u00fc bir kararl\u0131l\u0131kla \u00e7al\u0131\u015f\u0131r. D\u00f6ng\u00fcler aras\u0131ndaki yumu\u015fak ge\u00e7i\u015f, istikrarl\u0131 hava ak\u0131\u015f\u0131 ve s\u0131cakl\u0131k kontrol\u00fcn\u00fc korur. Bu \u00e7al\u0131\u015fma kararl\u0131l\u0131\u011f\u0131, mekanik stresi azaltmaya ve tutarl\u0131 tedavi verimlili\u011fine katk\u0131da bulunur.<\/li>\n<li><strong>Kritik Bile\u015fenlerin \u00d6mr\u00fcn\u00fcn Uzat\u0131lmas\u0131<\/strong><br \/>\nAna bile\u015fenler, dayan\u0131kl\u0131l\u0131k i\u00e7in \u00f6zel olarak tasarlanm\u0131\u015f, birinci s\u0131n\u0131f a\u015f\u0131nmaya dayan\u0131kl\u0131 malzemelerden \u00fcretilmi\u015ftir. D\u00f6ner mekanizma, geleneksel anahtarlama sistemlerine k\u0131yasla darbe kuvvetlerini \u00f6nemli \u00f6l\u00e7\u00fcde azalt\u0131r. Bu tasar\u0131m yakla\u015f\u0131m\u0131, s\u0131zd\u0131rmazl\u0131k y\u00fczeylerinde ve hareketli par\u00e7alarda a\u015f\u0131nmay\u0131 en aza indirir. Geli\u015ftirilmi\u015f dayan\u0131kl\u0131l\u0131k, daha uzun servis aral\u0131klar\u0131 ve daha d\u00fc\u015f\u00fck bak\u0131m gereksinimleri anlam\u0131na gelir.<\/li>\n<li><strong>Operasyonel Karma\u015f\u0131kl\u0131\u011f\u0131n Azalt\u0131lmas\u0131<\/strong><br \/>\nBasitle\u015ftirilmi\u015f mekanik tasar\u0131m, geleneksel sistemlere g\u00f6re daha az hareketli par\u00e7a i\u00e7erir. Bu yap\u0131land\u0131rma, tam i\u015flevselli\u011fi korurken daha d\u00fc\u015f\u00fck yard\u0131mc\u0131 g\u00fc\u00e7 t\u00fcketimi gerektirir. Sistem, performanstan \u00f6d\u00fcn vermeden de\u011fi\u015fen y\u00fck ko\u015fullar\u0131nda etkili bir \u015fekilde \u00e7al\u0131\u015f\u0131r. Bu verimlilik, daha d\u00fc\u015f\u00fck i\u015fletme maliyetlerine ve basitle\u015ftirilmi\u015f sistem y\u00f6netimine katk\u0131da bulunur.<\/li>\n<li><strong>\u00dcst\u00fcn Performans Verimlili\u011fi<\/strong><br \/>\nGeli\u015fmi\u015f termal y\u00f6netim, ola\u011fan\u00fcst\u00fc ar\u0131tma performans\u0131 ve enerji geri kazan\u0131m\u0131 sa\u011flar. Optimize edilmi\u015f ak\u0131\u015f da\u011f\u0131l\u0131m\u0131, \u00e7al\u0131\u015fma d\u00f6ng\u00fcleri boyunca m\u00fckemmel imha verimlili\u011fini korur. Etkin \u0131s\u0131 geri kazan\u0131m sistemi, yak\u0131t t\u00fcketimini en aza indirirken termal geri kazan\u0131m\u0131 en \u00fcst d\u00fczeye \u00e7\u0131kar\u0131r. Bu birle\u015fik \u00f6zellikler, i\u015fletme ekonomisiyle birlikte ola\u011fan\u00fcst\u00fc \u00e7evresel performans sunar.<img loading=\"lazy\" decoding=\"async\" class=\"wp-image-358 aligncenter\" src=\"https:\/\/regenerative-thermal-oxidation.com\/wp-content\/uploads\/2025\/08\/Classic-Rotary-Valve-RTO-2.webp\" alt=\"\" width=\"800\" height=\"800\" \/><\/li>\n<\/ul>\n<h2><strong>Rejeneratif Termal Oksitleyici Nas\u0131l \u00c7al\u0131\u015f\u0131r?<\/strong><\/h2>\n<p>Rejeneratif termal oksitleyiciler (RTO'lar), kirleticiler i\u00e7eren havay\u0131 genellikle bir fan yard\u0131m\u0131yla bir peroksit sisteminden ge\u00e7irerek \u00e7al\u0131\u015f\u0131r. RTO'dan ge\u00e7en hava ak\u0131\u015f\u0131, onu seramik dielektrik yataklar i\u00e7eren iki \u0131s\u0131 e\u015fanj\u00f6r\u00fcnden birine y\u00f6nlendiren bir valf taraf\u0131ndan y\u00f6netilir. Sistem, \u0131s\u0131 e\u015fanj\u00f6r\u00fc olarak en az iki seramik dielektrik yatak (ya eyer \u015feklinde ya da yap\u0131land\u0131r\u0131lm\u0131\u015f blok) i\u00e7erir. Kirlenmi\u015f hava ilk yataktan ge\u00e7erken, yanma odas\u0131na girmeden \u00f6nce s\u0131cak seramik malzemeden \u0131s\u0131y\u0131 emer.<\/p>\n<p>Yanma odas\u0131nda, hava 5 saniyeden uzun bir s\u00fcre boyunca 1500\u00b0F'nin \u00fczerinde bir s\u0131cakl\u0131kta tutulur; bu da VOC'lerin ve HAP'lerin karbondioksit ve su buhar\u0131na oksitlenmesini sa\u011flar. S\u0131cak ve temiz hava daha sonra \u0131s\u0131y\u0131 geri kazanmak ve yeniden kullanmak i\u00e7in ikinci seramik ortam yata\u011f\u0131na ge\u00e7er. So\u011futulmu\u015f temiz hava daha sonra atmosfere sal\u0131n\u0131r. Valf, iki seramik yatak aras\u0131nda \u0131s\u0131 transferini kolayla\u015ft\u0131rmak i\u00e7in hava ak\u0131\u015f\u0131n\u0131 de\u011fi\u015ftirmek \u00fczere birka\u00e7 dakikada bir y\u00f6n de\u011fi\u015ftirir. Bu mekanizma, RTO'lar\u0131n y\u00fcksek yak\u0131t verimlili\u011fine ve d\u00fc\u015f\u00fck i\u015fletme maliyetlerine katk\u0131da bulunarak onlar\u0131 VOC azalt\u0131m\u0131 i\u00e7in etkili bir \u00e7\u00f6z\u00fcm haline getirir.<\/p>\n<p><img loading=\"lazy\" decoding=\"async\" class=\"aligncenter wp-image-225 size-full\" src=\"https:\/\/regenerative-thermal-oxidation.com\/wp-content\/uploads\/2025\/08\/regenerative-thermal-oxidiser-working-principle.webp\" alt=\"rejeneratif termal oksitleyici - \u00e7al\u0131\u015fma prensibi\" width=\"1010\" height=\"678\" srcset=\"https:\/\/regenerative-thermal-oxidation.com\/wp-content\/uploads\/2025\/08\/regenerative-thermal-oxidiser-working-principle.webp 1010w, https:\/\/regenerative-thermal-oxidation.com\/wp-content\/uploads\/2025\/08\/regenerative-thermal-oxidiser-working-principle-980x658.webp 980w, https:\/\/regenerative-thermal-oxidation.com\/wp-content\/uploads\/2025\/08\/regenerative-thermal-oxidiser-working-principle-480x322.webp 480w\" sizes=\"(min-width: 0px) and (max-width: 480px) 480px, (min-width: 481px) and (max-width: 980px) 980px, (min-width: 981px) 1010px, 100vw\" \/><\/p>\n<h2><strong>Rejeneratif Termal Oksitleyici \u00dcretim S\u00fcreci<\/strong><\/h2>\n<p>T\u00fcm \u00fcr\u00fcnler, \u00e7elik levhalar\u0131n lazer kesimi ve otomatik kumlama i\u015flemleriyle ba\u015flayarak \u015firket i\u00e7inde \u00fcretilmektedir. Bile\u015fenler ve ana RTO g\u00f6vdesi titizlikle kaynakland\u0131ktan sonra \u00f6n montaj ve kontroll\u00fc kurutma i\u015flemleri ger\u00e7ekle\u015ftirilir. \u00dcr\u00fcn kalitesini ve tutarl\u0131l\u0131\u011f\u0131n\u0131 garanti alt\u0131na almak i\u00e7in her a\u015famada s\u0131k\u0131 bir \u00e7ok a\u015famal\u0131 denetim sistemi uygulanmaktad\u0131r. T\u00fcm i\u015flem, entegre SAP yaz\u0131l\u0131m\u0131 ve ger\u00e7ek zamanl\u0131 ilerleme g\u00f6sterge paneli uygulamas\u0131yla desteklenerek tam izlenebilirlik ve verimli i\u015f ak\u0131\u015f\u0131 y\u00f6netimi sa\u011flanmaktad\u0131r. Bu dijitalle\u015ftirilmi\u015f yakla\u015f\u0131m, \u00fcretim d\u00f6ng\u00fcs\u00fc boyunca y\u00fcksek \u00fcretim standartlar\u0131n\u0131 korurken h\u0131zl\u0131 \u00fcr\u00fcn teslimat\u0131na olanak tan\u0131r.<\/p>\n<p><img loading=\"lazy\" decoding=\"async\" class=\"aligncenter wp-image-426 size-full\" src=\"https:\/\/regenerative-thermal-oxidation.com\/wp-content\/uploads\/2025\/08\/regenerative-thermal-oxidiser-Manufacturing-capability.webp\" alt=\"rejeneratif termal oksitleyici - \u00dcretim kapasitesi\" width=\"1154\" height=\"530\" srcset=\"https:\/\/regenerative-thermal-oxidation.com\/wp-content\/uploads\/2025\/08\/regenerative-thermal-oxidiser-Manufacturing-capability.webp 1154w, https:\/\/regenerative-thermal-oxidation.com\/wp-content\/uploads\/2025\/08\/regenerative-thermal-oxidiser-Manufacturing-capability-980x450.webp 980w, https:\/\/regenerative-thermal-oxidation.com\/wp-content\/uploads\/2025\/08\/regenerative-thermal-oxidiser-Manufacturing-capability-480x220.webp 480w\" sizes=\"(min-width: 0px) and (max-width: 480px) 480px, (min-width: 481px) and (max-width: 980px) 980px, (min-width: 981px) 1154px, 100vw\" \/><\/p>","protected":false},"excerpt":{"rendered":"<p>D\u00f6ner vanal\u0131 rejeneratif termal oksitleyici (RTO), at\u0131k gaz\u0131 y\u00fcksek s\u0131cakl\u0131klarda oksitlere ve suya d\u00f6n\u00fc\u015ft\u00fcrerek ar\u0131nd\u0131r\u0131r ve ,51 TP3T'nin \u00fczerinde ayr\u0131\u015fma verimlili\u011fi ve 1 TP3T'nin \u00fczerinde \u0131s\u0131 geri kazan\u0131m verimlili\u011fi elde eder. Verimli gaz da\u011f\u0131t\u0131m\u0131 i\u00e7in 12 b\u00f6lmeye ayr\u0131lm\u0131\u015f bir yanma odas\u0131, seramik dolgu yata\u011f\u0131 ve d\u00f6ner vanadan olu\u015fur. Motor tahrikli vana s\u00fcrekli d\u00f6nerek egzoz gaz\u0131 ak\u0131\u015f\u0131n\u0131 y\u00f6netir. Ayr\u0131ca, egzoz gaz\u0131 konsantrasyonu y\u00fcksek oldu\u011funda, at\u0131k \u0131s\u0131 geri kazan\u0131m kazan\u0131 at\u0131k gaz\u0131 s\u0131cak hava, s\u0131cak su, buhar veya termal ya\u011f gibi de\u011ferli kaynaklara d\u00f6n\u00fc\u015ft\u00fcrebilir.<\/p>","protected":false},"featured_media":199,"comment_status":"open","ping_status":"closed","template":"","meta":{"_et_pb_use_builder":"","_et_pb_old_content":"","_et_gb_content_width":""},"product_brand":[],"product_cat":[19],"product_tag":[],"class_list":{"0":"post-346","1":"product","2":"type-product","3":"status-publish","4":"has-post-thumbnail","6":"product_cat-regenerative-thermal-oxidizer","8":"first","9":"instock","10":"shipping-taxable","11":"product-type-simple"},"_links":{"self":[{"href":"https:\/\/regenerative-thermal-oxidation.com\/tr\/wp-json\/wp\/v2\/product\/346","targetHints":{"allow":["GET"]}}],"collection":[{"href":"https:\/\/regenerative-thermal-oxidation.com\/tr\/wp-json\/wp\/v2\/product"}],"about":[{"href":"https:\/\/regenerative-thermal-oxidation.com\/tr\/wp-json\/wp\/v2\/types\/product"}],"replies":[{"embeddable":true,"href":"https:\/\/regenerative-thermal-oxidation.com\/tr\/wp-json\/wp\/v2\/comments?post=346"}],"wp:featuredmedia":[{"embeddable":true,"href":"https:\/\/regenerative-thermal-oxidation.com\/tr\/wp-json\/wp\/v2\/media\/199"}],"wp:attachment":[{"href":"https:\/\/regenerative-thermal-oxidation.com\/tr\/wp-json\/wp\/v2\/media?parent=346"}],"wp:term":[{"taxonomy":"product_brand","embeddable":true,"href":"https:\/\/regenerative-thermal-oxidation.com\/tr\/wp-json\/wp\/v2\/product_brand?post=346"},{"taxonomy":"product_cat","embeddable":true,"href":"https:\/\/regenerative-thermal-oxidation.com\/tr\/wp-json\/wp\/v2\/product_cat?post=346"},{"taxonomy":"product_tag","embeddable":true,"href":"https:\/\/regenerative-thermal-oxidation.com\/tr\/wp-json\/wp\/v2\/product_tag?post=346"}],"curies":[{"name":"wp","href":"https:\/\/api.w.org\/{rel}","templated":true}]}}