{"id":428,"date":"2025-08-25T06:21:58","date_gmt":"2025-08-25T06:21:58","guid":{"rendered":"https:\/\/regenerative-thermal-oxidation.com\/?post_type=product&#038;p=428"},"modified":"2025-08-25T09:14:06","modified_gmt":"2025-08-25T09:14:06","slug":"yatak-rto","status":"publish","type":"product","link":"https:\/\/regenerative-thermal-oxidation.com\/tr\/urun\/yatak-rto\/","title":{"rendered":"Yatak RTO"},"content":{"rendered":"<p>Yatakl\u0131 RTO, yan\u0131c\u0131 at\u0131k gazlar\u0131 y\u00fcksek s\u0131cakl\u0131klarda oksit ve suya ayr\u0131\u015ft\u0131rarak, egzoz gaz\u0131n\u0131 etkili bir \u015fekilde ar\u0131nd\u0131rma ve bu i\u015flem s\u0131ras\u0131nda a\u00e7\u0131\u011fa \u00e7\u0131kan enerjiyi geri kazanma prensibiyle \u00e7al\u0131\u015f\u0131r. Yatakl\u0131 RTO, tipik olarak \u00fc\u00e7 rejeneratif odaya sahip geleneksel bir RTO t\u00fcr\u00fcd\u00fcr. Bununla birlikte, egzoz gaz\u0131 hacmi \u00f6nemliyse, be\u015f veya yedi rejeneratif oda ile de donat\u0131labilir.<\/p>\n<p>Motorla tahrik edilen egzoz gaz\u0131 da\u011f\u0131t\u0131m vanas\u0131 s\u00fcrekli ve d\u00fczg\u00fcn bir \u015fekilde d\u00f6nerek at\u0131k gaz\u0131n farkl\u0131 b\u00f6lmeler aras\u0131nda dola\u015fmas\u0131n\u0131 sa\u011flar. Ayr\u0131ca, egzoz gaz\u0131 konsantrasyonu y\u00fckseldi\u011finde, at\u0131k gaz\u0131 yak\u0131t olarak kullanmak \u00fczere bir at\u0131k \u0131s\u0131 geri kazan\u0131m kazan\u0131 entegre edilebilir ve at\u0131k, s\u0131cak hava, s\u0131cak su, buhar ve termal ya\u011f gibi geri kazan\u0131m se\u00e7enekleriyle de\u011ferli kaynaklara d\u00f6n\u00fc\u015ft\u00fcr\u00fclebilir.<\/p>\n<p><img loading=\"lazy\" decoding=\"async\" class=\"aligncenter wp-image-431 size-full\" src=\"https:\/\/regenerative-thermal-oxidation.com\/wp-content\/uploads\/2025\/08\/Bed-RTO-2.webp\" alt=\"Yatak RTO-2\" width=\"1252\" height=\"1252\" srcset=\"https:\/\/regenerative-thermal-oxidation.com\/wp-content\/uploads\/2025\/08\/Bed-RTO-2.webp 1252w, https:\/\/regenerative-thermal-oxidation.com\/wp-content\/uploads\/2025\/08\/Bed-RTO-2-980x980.webp 980w, https:\/\/regenerative-thermal-oxidation.com\/wp-content\/uploads\/2025\/08\/Bed-RTO-2-480x480.webp 480w\" sizes=\"(min-width: 0px) and (max-width: 480px) 480px, (min-width: 481px) and (max-width: 980px) 980px, (min-width: 981px) 1252px, 100vw\" \/><\/p>\n<h2><strong>Yatak RTO Rejeneratif Termal Oksitleyici \u00d6zellikleri<\/strong><\/h2>\n<p>Yatak tipi RTO'lar\u0131n \u00f6zellikleri modele g\u00f6re de\u011fi\u015fmekle birlikte, tipik parametreler aras\u0131nda 5.000 ila 500.000 SCFM (yakla\u015f\u0131k 4.815 ila 802.500 Nm\u00b3\/saat) aras\u0131nda de\u011fi\u015fen i\u015flem ak\u0131\u015f h\u0131zlar\u0131 ve 0 ila 25% LEL aras\u0131nda de\u011fi\u015fen konsantrasyon seviyeleri yer almaktad\u0131r. Yok etme verimlilikleri 99%'yi a\u015fabilirken, termal verimlilikler tipik olarak 95% ile 97% aras\u0131nda de\u011fi\u015fmektedir. Yanma odas\u0131 s\u0131cakl\u0131klar\u0131 genellikle 1500\u00b0F ila 2000\u00b0F (815\u00b0C ila 1093\u00b0C) aras\u0131nda de\u011fi\u015fmekte ve kal\u0131\u015f s\u00fcreleri 0,5 ila 1,0 saniye aras\u0131nda olmaktad\u0131r.<\/p>\n<p>Seramik ortam yataklar\u0131n\u0131n y\u00fckseklikleri 1600 mm ile 2500 mm aras\u0131nda de\u011fi\u015fmekte olup, petek seramik veya sele tipi dolgu gibi malzemeler kullan\u0131lmakta ve bas\u0131n\u00e7 d\u00fc\u015f\u00fc\u015f\u00fc 20%'ye kadar ula\u015fmaktad\u0131r. Sistem i\u00e7in gereken g\u00fc\u00e7 kaynaklar\u0131 aras\u0131nda 15 kW'l\u0131k ana fan, 5,5 kW'l\u0131k temizleme fan\u0131 ve LNG veya do\u011fal gazla \u00e7al\u0131\u015fan 100.000 kcal\/saat kapasiteli bir br\u00fcl\u00f6r bulunmaktad\u0131r.<\/p>\n<p>Boyut referans\u0131 olarak, yanma odas\u0131n\u0131n d\u0131\u015f \u00e7ap\u0131 2530 mm ve y\u00fcksekli\u011fi 1875 mm'dir ve yuvarlak veya kare \u015fekillerde \u00fcretilebilir. Yatakl\u0131 RTO ekipman\u0131 ISO 9001 standartlar\u0131na uygundur ve 10.000 ile 40.000 m\u00b3\/h aras\u0131ndaki ak\u0131\u015f h\u0131zlar\u0131 i\u00e7in tasarlanm\u0131\u015ft\u0131r. Ayr\u0131ca, entegre PLC ve Edge-IoT sistemleri, g\u00fcvenli \u00e7al\u0131\u015fma sa\u011flamak i\u00e7in ger\u00e7ek zamanl\u0131 izleme ve ar\u0131za tahmini sunar.<\/p>\n<p><img loading=\"lazy\" decoding=\"async\" class=\"aligncenter wp-image-430 size-full\" src=\"https:\/\/regenerative-thermal-oxidation.com\/wp-content\/uploads\/2025\/08\/Bed-RTO-1.webp\" alt=\"Yatak RTO-1\" width=\"1160\" height=\"592\" srcset=\"https:\/\/regenerative-thermal-oxidation.com\/wp-content\/uploads\/2025\/08\/Bed-RTO-1.webp 1160w, https:\/\/regenerative-thermal-oxidation.com\/wp-content\/uploads\/2025\/08\/Bed-RTO-1-980x500.webp 980w, https:\/\/regenerative-thermal-oxidation.com\/wp-content\/uploads\/2025\/08\/Bed-RTO-1-480x245.webp 480w\" sizes=\"(min-width: 0px) and (max-width: 480px) 480px, (min-width: 481px) and (max-width: 980px) 980px, (min-width: 981px) 1160px, 100vw\" \/><\/p>\n<h2><strong>Yatak RTO <\/strong><strong>Rejeneratif Termal Oksitleyici <\/strong><strong>\u00d6zellikler<\/strong><\/h2>\n<ol>\n<li class=\"ds-markdown-paragraph\"><strong>G\u00fcvenilir Otomatik Kontrol Sistemi<\/strong><br \/>\nBu geleneksel yap\u0131daki RTO, istikrarl\u0131 ve tutarl\u0131 \u00e7al\u0131\u015fma sa\u011flayan PLC tabanl\u0131 otomatik kontrol sistemini kullan\u0131r. Sistem, hassas bir \u015fekilde programlanm\u0131\u015f mant\u0131\u011f\u0131 ve sa\u011flam donan\u0131m bile\u015fenleri sayesinde y\u00fcksek g\u00fcvenilirlik sergiler. Otomatik izleme ve ayarlama fonksiyonlar\u0131, \u00e7e\u015fitli \u00e7al\u0131\u015fma ko\u015fullar\u0131nda optimum performans\u0131 korur. Bu tasar\u0131m yakla\u015f\u0131m\u0131, operat\u00f6rlere minimum beklenmedik ar\u0131za s\u00fcresiyle g\u00fcvenilir uzun vadeli hizmet sunar.<\/li>\n<li class=\"ds-markdown-paragraph\"><strong>Verimli Rejeneratif Is\u0131 De\u011fi\u015fimi<\/strong><br \/>\nSistem, y\u00fcksek performansl\u0131 seramik ortamlarla doldurulmu\u015f \u00e7ok say\u0131da rejeneratif odac\u0131kla yap\u0131land\u0131r\u0131lm\u0131\u015ft\u0131r. Bu seramikler, geni\u015f y\u00fczey alanlar\u0131 sayesinde gaz ak\u0131mlar\u0131yla do\u011frudan \u0131s\u0131 al\u0131\u015fveri\u015fini kolayla\u015ft\u0131r\u0131r. Bu tasar\u0131m, h\u0131zl\u0131 \u0131s\u0131tma ivmesi sa\u011flar ve ola\u011fan\u00fcst\u00fc \u0131s\u0131 transfer verimlili\u011fi g\u00f6sterir. D\u00fczenleme, yanma \u00fcr\u00fcnlerinden termal enerji geri kazan\u0131m\u0131n\u0131 en \u00fcst d\u00fczeye \u00e7\u0131kararak genel enerji verimlili\u011fini \u00f6nemli \u00f6l\u00e7\u00fcde art\u0131r\u0131r.<\/li>\n<li class=\"ds-markdown-paragraph\"><strong>Geli\u015fmi\u015f Ak\u0131\u015f Y\u00f6n\u00fc Y\u00f6netimi<\/strong><br \/>\nSistem i\u00e7indeki gaz ak\u0131\u015f y\u00f6nlerini kontrol etmek ve de\u011fi\u015ftirmek i\u00e7in birden fazla pistonlu vana kullan\u0131l\u0131r. Bu vanalar, h\u0131zl\u0131 ve hassas ge\u00e7i\u015f hareketleri sa\u011flayan silindir tahrikli mekanizmalar kullan\u0131larak \u00e7al\u0131\u015f\u0131r. Dayan\u0131kl\u0131l\u0131k i\u00e7in \u00f6zel olarak tasarlanan vanalar, y\u00fcksek s\u0131cakl\u0131k ortamlar\u0131na kar\u015f\u0131 m\u00fckemmel diren\u00e7 g\u00f6sterir. Bu yap\u0131land\u0131rma, farkl\u0131 b\u00f6lmeler aras\u0131nda \u0131s\u0131 depolama ve sal\u0131n\u0131m fonksiyonlar\u0131 aras\u0131nda etkili bir ge\u00e7i\u015f sa\u011flar.<\/li>\n<li class=\"ds-markdown-paragraph\"><strong>\u00d6zelle\u015ftirilebilir Yap\u0131land\u0131rma Esnekli\u011fi<\/strong><br \/>\nEkipman boyutlar\u0131 ve \u00f6zellikleri, ger\u00e7ek uygulama gereksinimlerine g\u00f6re tamamen \u00f6zelle\u015ftirilebilir. Mod\u00fcler tasar\u0131m yakla\u015f\u0131m\u0131, belirli mekansal k\u0131s\u0131tlamalara ve operasyonel ihtiya\u00e7lara uyum sa\u011flamaya olanak tan\u0131r. Bu esneklik, sistemin uygun sevkiyat ve kurulum i\u00e7in yap\u0131land\u0131r\u0131labildi\u011fi ta\u015f\u0131ma hususlar\u0131na da uzan\u0131r. M\u00fc\u015fteriler, tesis parametrelerine ve s\u00fcre\u00e7 taleplerine tam olarak uyan \u00f6zel \u00e7\u00f6z\u00fcmler al\u0131rlar.<\/li>\n<li class=\"ds-markdown-paragraph\"><strong>Sa\u011flam Operasyonel Uyarlanabilirlik<\/strong><br \/>\nSistem, \u00e7e\u015fitli zorlu end\u00fcstriyel ko\u015fullara kar\u015f\u0131 g\u00fc\u00e7l\u00fc bir uyum yetene\u011fi sergilemektedir. Karma\u015f\u0131k bile\u015fimlere ve y\u00fcksek konsantrasyon seviyelerine sahip egzoz gazlar\u0131n\u0131 etkili bir \u015fekilde i\u015flemektedir. Bu \u00e7ok y\u00f6nl\u00fcl\u00fck, farkl\u0131 emisyon \u00f6zelliklerine sahip \u00e7e\u015fitli end\u00fcstrilerdeki uygulamalar i\u00e7in uygun hale getirmektedir. Tasar\u0131m, konsantrasyon ve bile\u015fimleri dalgalanan gazlar\u0131 i\u015flerken bile tutarl\u0131 performans sa\u011flamaktad\u0131r.<\/li>\n<\/ol>\n<p><img loading=\"lazy\" decoding=\"async\" class=\"aligncenter wp-image-432 size-full\" src=\"https:\/\/regenerative-thermal-oxidation.com\/wp-content\/uploads\/2025\/08\/Bed-RTO-3.webp\" alt=\"Yatak RTO-3\" width=\"1200\" height=\"1200\" srcset=\"https:\/\/regenerative-thermal-oxidation.com\/wp-content\/uploads\/2025\/08\/Bed-RTO-3.webp 1200w, https:\/\/regenerative-thermal-oxidation.com\/wp-content\/uploads\/2025\/08\/Bed-RTO-3-980x980.webp 980w, https:\/\/regenerative-thermal-oxidation.com\/wp-content\/uploads\/2025\/08\/Bed-RTO-3-480x480.webp 480w\" sizes=\"(min-width: 0px) and (max-width: 480px) 480px, (min-width: 481px) and (max-width: 980px) 980px, (min-width: 981px) 1200px, 100vw\" \/><\/p>\n<h2><strong>Yatak RTO <\/strong><strong>Rejeneratif Termal Oksitleyici <\/strong><strong>Faydalar<\/strong><\/h2>\n<ul>\n<li class=\"ds-markdown-paragraph\"><strong>Kompakt ve Yerden Tasarruf Sa\u011flayan Tasar\u0131m<\/strong><br \/>\nYatak RTO sistemi, minimum alan gereksinimiyle son derece entegre bir yap\u0131ya sahiptir. Kompakt d\u00fczeni, t\u00fcm i\u015flevselli\u011fi korurken alan kullan\u0131m\u0131n\u0131 optimize eder. Ak\u0131c\u0131 tasar\u0131m\u0131, performanstan \u00f6d\u00fcn vermeden toplam kurulum alan\u0131n\u0131 azalt\u0131r. Bu da onu, s\u0131n\u0131rl\u0131 alana sahip tesisler i\u00e7in \u00f6zellikle uygun hale getirir.<\/li>\n<li class=\"ds-markdown-paragraph\"><strong>Sorunsuz ve \u0130stikrarl\u0131 \u00c7al\u0131\u015fma<\/strong><br \/>\nBu sistem, hassas bir \u015fekilde kontrol edilen operasyonel s\u00fcre\u00e7ler sayesinde ola\u011fan\u00fcst\u00fc istikrarl\u0131 bir performans sa\u011flar. Ani ge\u00e7i\u015f hareketlerinin olmamas\u0131, bas\u0131n\u00e7 dalgalanmalar\u0131n\u0131 ve mekanik darbeleri ortadan kald\u0131r\u0131r. S\u00fcrekli ve tutarl\u0131 \u00e7al\u0131\u015fma, sistem genelindeki titre\u015fimleri en aza indirir. Bu sorunsuz i\u015fleyi\u015f, ekipman \u00f6mr\u00fcn\u00fcn uzamas\u0131na ve bak\u0131m ihtiya\u00e7lar\u0131n\u0131n azalmas\u0131na katk\u0131da bulunur.<\/li>\n<li class=\"ds-markdown-paragraph\"><strong>Kritik Bile\u015fenlerin \u00d6mr\u00fcn\u00fcn Uzat\u0131lmas\u0131<\/strong><br \/>\nKey components are manufactured from premium wear-resistant materials engineered for durability. The system&#8217;s balanced operational design significantly reduces stress on critical parts. Enhanced protection mechanisms prevent premature wear and tear of essential elements. This results in longer service intervals and reduced lifecycle costs.<\/li>\n<li class=\"ds-markdown-paragraph\"><strong>Operasyonel Karma\u015f\u0131kl\u0131\u011f\u0131n Azalt\u0131lmas\u0131<\/strong><br \/>\nSistem, kararl\u0131 \u00e7al\u0131\u015fma i\u00e7in minimum reaktif g\u00fc\u00e7 deste\u011fine ihtiya\u00e7 duyar. Basitle\u015ftirilmi\u015f mekanik tasar\u0131m\u0131, verimli g\u00fc\u00e7 y\u00f6netimi \u00f6zelliklerini i\u00e7erir. Otomatik kontroller, daha d\u00fc\u015f\u00fck yard\u0131mc\u0131 enerji t\u00fcketimiyle optimum performans\u0131 korur. Bu verimlilik, i\u015fletme maliyetlerinin azalmas\u0131na ve sistem y\u00f6netiminin basitle\u015ftirilmesine katk\u0131da bulunur.<\/li>\n<li class=\"ds-markdown-paragraph\"><strong>Y\u00fcksek Verimlilik Performans\u0131<\/strong><br \/>\nGeli\u015fmi\u015f termal y\u00f6netim, standart gereksinimleri a\u015fan ola\u011fan\u00fcst\u00fc ar\u0131tma performans\u0131 sa\u011flar. Sistem, optimize edilmi\u015f \u0131s\u0131 geri kazan\u0131m\u0131 sayesinde ola\u011fan\u00fcst\u00fc kapsaml\u0131 termal verimlilik sergiler. Etkin yanma organizasyonu ve \u0131s\u0131 de\u011fi\u015fim mekanizmalar\u0131, enerji kullan\u0131m\u0131n\u0131 en \u00fcst d\u00fczeye \u00e7\u0131kar\u0131r. Bu birle\u015fik \u00f6zellikler, i\u015fletme ekonomisiyle birlikte \u00fcst\u00fcn \u00e7evresel performans sunar.<\/li>\n<li class=\"ds-markdown-paragraph\"><strong>Etkin Filtrasyon Korumas\u0131<\/strong><br \/>\nEntegre filtreleme katmanlar\u0131, egzoz ak\u0131\u015flar\u0131ndaki ya\u011f\u0131 ve viskoz maddeleri verimli bir \u015fekilde yakalar. Bu koruyucu i\u015flev, kirleticilerin kritik sistem bile\u015fenlerinde birikmesini \u00f6nler. Filtreleme sistemi, sonraki ar\u0131tma i\u015flemleri i\u00e7in optimum gaz bile\u015fimini korur. Bu iyile\u015ftirme, bak\u0131m s\u0131kl\u0131\u011f\u0131n\u0131 azalt\u0131rken tutarl\u0131 performans sa\u011flar.<\/li>\n<li class=\"ds-markdown-paragraph\"><strong>Kolay Bak\u0131m Eri\u015fimi<\/strong><br \/>\nStratejik olarak konumland\u0131r\u0131lm\u0131\u015f on iki adet muayene kap\u0131s\u0131, kapsaml\u0131 bak\u0131m eri\u015filebilirli\u011fi sa\u011flar. Bu eri\u015fim noktalar\u0131, gerekti\u011finde alttaki rejeneratif tu\u011flalar\u0131n h\u0131zl\u0131 bir \u015fekilde de\u011fi\u015ftirilmesini m\u00fcmk\u00fcn k\u0131lar. D\u00fc\u015f\u00fcnceli yerle\u015fim, b\u00fcy\u00fck sistem s\u00f6k\u00fcm\u00fcne gerek kalmadan verimli servis yap\u0131lmas\u0131n\u0131 kolayla\u015ft\u0131r\u0131r. Bu tasar\u0131m, bak\u0131m s\u00fcresini ve ilgili i\u015f\u00e7ilik maliyetlerini \u00f6nemli \u00f6l\u00e7\u00fcde azalt\u0131r.<\/li>\n<li class=\"ds-markdown-paragraph\"><strong>Geli\u015ftirilmi\u015f G\u00fcvenlik ve Drenaj<\/strong><br \/>\nD\u00fc\u015f\u00fck konumlu tahliye \u00e7\u0131k\u0131\u015flar\u0131, sistemdeki art\u0131k ya\u011f ve s\u0131v\u0131lar\u0131n tamamen uzakla\u015ft\u0131r\u0131lmas\u0131n\u0131 sa\u011flar. Bu \u00f6zellik, \u00e7al\u0131\u015fma g\u00fcvenli\u011fini tehlikeye atabilecek s\u0131v\u0131 birikimini \u00f6nler. Etkin tahliye korumas\u0131, korozyonu ve kirlenmeyi \u00f6nleyerek ekipman\u0131n kullan\u0131m \u00f6mr\u00fcn\u00fc uzat\u0131r. Tasar\u0131m, genel sistem g\u00fcvenilirli\u011fine ve uzun vadeli \u00e7al\u0131\u015fma istikrar\u0131na katk\u0131da bulunur.<\/li>\n<\/ul>\n<p><img loading=\"lazy\" decoding=\"async\" class=\"aligncenter wp-image-434 size-full\" src=\"https:\/\/regenerative-thermal-oxidation.com\/wp-content\/uploads\/2025\/08\/Bed-RTO-4.webp\" alt=\"Yatak RTO-4\" width=\"1252\" height=\"1252\" srcset=\"https:\/\/regenerative-thermal-oxidation.com\/wp-content\/uploads\/2025\/08\/Bed-RTO-4.webp 1252w, https:\/\/regenerative-thermal-oxidation.com\/wp-content\/uploads\/2025\/08\/Bed-RTO-4-980x980.webp 980w, https:\/\/regenerative-thermal-oxidation.com\/wp-content\/uploads\/2025\/08\/Bed-RTO-4-480x480.webp 480w\" sizes=\"(min-width: 0px) and (max-width: 480px) 480px, (min-width: 481px) and (max-width: 980px) 980px, (min-width: 981px) 1252px, 100vw\" \/><\/p>\n<h2><strong>Yatak RTO <\/strong><strong>Rejeneratif Termal Oksitleyici <\/strong><strong>Uygulamalar<\/strong><\/h2>\n<ol>\n<li><strong>Kimyasal \u0130\u015fleme Sanayi<\/strong><br \/>\nKimya end\u00fcstrisi i\u00e7in rejeneratif termal oksitleyici, karma\u015f\u0131k VOC emisyonlar\u0131n\u0131 i\u015fleyen \u00fcretim tesisleri i\u00e7in ideal bir \u00e7\u00f6z\u00fcmd\u00fcr. \u00c7e\u015fitli organik bile\u015fikler ve solvent buharlar\u0131 i\u00e7eren egzoz ak\u0131mlar\u0131n\u0131 etkili bir \u015fekilde i\u015flerler. Bu teknoloji, \u00f6zellikle parti proseslerinde yayg\u0131n olan aral\u0131kl\u0131 ve de\u011fi\u015fken y\u00fck ko\u015fullar\u0131n\u0131 y\u00f6netmede etkili oldu\u011funu g\u00f6stermektedir. Bu sistemler, kimyasal \u00fcretimi d\u00fczenleyen kat\u0131 \u00e7evre y\u00f6netmeliklerine g\u00fcvenilir bir \u015fekilde uyum sa\u011flar. Sa\u011flam yap\u0131lar\u0131, end\u00fcstriyel egzoz ak\u0131mlar\u0131nda bulunan agresif kimyasal bile\u015fenlere kar\u015f\u0131 dayan\u0131kl\u0131d\u0131r.<\/li>\n<li><strong>Boya ve Kaplama Uygulamalar\u0131<\/strong><br \/>\nBoyama ve kaplama i\u015flemlerini kullanan \u00fcretim tesisleri, Yatakl\u0131 RTO teknolojisinden \u00f6nemli \u00f6l\u00e7\u00fcde faydalanmaktad\u0131r. Sistemler, solvent buharlar\u0131, p\u00fcsk\u00fcrtme art\u0131klar\u0131 ve u\u00e7ucu bile\u015fenler i\u00e7eren emisyonlar\u0131 verimli bir \u015fekilde ar\u0131t\u0131r. \u00d6zel filtreleme katmanlar\u0131, kaplama i\u015flemlerinde yayg\u0131n olarak bulunan viskoz malzemeleri ve ya\u011f kal\u0131nt\u0131lar\u0131n\u0131 etkili bir \u015fekilde yakalar. Bu teknoloji, \u00fcretim d\u00f6ng\u00fcleri s\u0131ras\u0131nda solvent konsantrasyonlar\u0131ndaki dalgalanmalara ra\u011fmen tutarl\u0131 performans sa\u011flar. Termal oksidasyon i\u015flemi, karma\u015f\u0131k hidrokarbon bile\u015fiklerinin tamamen yok edilmesini sa\u011flar.<\/li>\n<li><strong>\u0130la\u00e7 \u00dcretimi<\/strong><br \/>\n\u0130la\u00e7 \u00fcretim tesislerinde, \u00e7e\u015fitli solvent bazl\u0131 i\u015flemlerin y\u00f6netimi i\u00e7in Bed RTO sistemleri kullan\u0131lmaktad\u0131r. Bu teknoloji, form\u00fclasyon, sentez ve safla\u015ft\u0131rma i\u015flemlerinden kaynaklanan emisyonlar\u0131 etkili bir \u015fekilde y\u00f6netir. Birden fazla solvent t\u00fcr\u00fc i\u00e7eren karma\u015f\u0131k egzoz bile\u015fimlerine m\u00fckemmel uyum sa\u011flar. Sistemler, hassas \u00fcretim ortamlar\u0131 i\u00e7in s\u0131k\u0131 s\u0131cakl\u0131k kontrol gereksinimlerini kar\u015f\u0131lar. G\u00fcvenilir \u00e7al\u0131\u015fmalar\u0131, ila\u00e7 end\u00fcstrisi emisyon standartlar\u0131na s\u00fcrekli uyumu sa\u011flar.<\/li>\n<li><strong>Bask\u0131 ve Ambalaj \u0130\u015flemleri<\/strong><br \/>\nBask\u0131 tesisleri ve ambalaj \u00fcreticileri, Bed RTO emisyon kontrol sistemlerinden faydalanmaktad\u0131r. Bu teknoloji, m\u00fcrekkep uygulama, kaplama ve laminasyon i\u015flemlerinden kaynaklanan solvent buharlar\u0131n\u0131 etkili bir \u015fekilde y\u00f6netir. H\u0131zl\u0131 \u00fcretim de\u011fi\u015fikliklerine ve de\u011fi\u015fen solvent kullan\u0131m\u0131na ra\u011fmen tutarl\u0131 performans sa\u011flar. Sistemler, bask\u0131 end\u00fcstrilerinde tipik olan s\u00fcrekli \u00e7al\u0131\u015fma ortamlar\u0131nda m\u00fckemmel g\u00fcvenilirlik sergiler. Kompakt tasar\u0131mlar\u0131, alan k\u0131s\u0131tlamalar\u0131 olan mevcut \u00fcretim tesislerine entegrasyona olanak tan\u0131r.<\/li>\n<\/ol>\n<table style=\"border-collapse: collapse; width: 100%;\">\n<tbody>\n<tr>\n<td style=\"width: 50%;\"><img loading=\"lazy\" decoding=\"async\" class=\"aligncenter wp-image-436 size-full\" src=\"https:\/\/regenerative-thermal-oxidation.com\/wp-content\/uploads\/2025\/08\/regenerative-thermal-oxidiser-application-industry-8.webp\" alt=\"rejeneratif termal oksitleyici-uygulama-end\u00fcstri-8\" width=\"800\" height=\"533\" srcset=\"https:\/\/regenerative-thermal-oxidation.com\/wp-content\/uploads\/2025\/08\/regenerative-thermal-oxidiser-application-industry-8.webp 800w, https:\/\/regenerative-thermal-oxidation.com\/wp-content\/uploads\/2025\/08\/regenerative-thermal-oxidiser-application-industry-8-480x320.webp 480w\" sizes=\"(min-width: 0px) and (max-width: 480px) 480px, (min-width: 481px) 800px, 100vw\" \/><\/td>\n<td style=\"width: 50%;\"><img loading=\"lazy\" decoding=\"async\" class=\"aligncenter wp-image-258\" src=\"https:\/\/regenerative-thermal-oxidation.com\/wp-content\/uploads\/2025\/08\/regenerative-thermal-oxidiser-application-industry-3.webp\" alt=\"rejeneratif termal oksitleyici-uygulama-end\u00fcstrisi-3\" width=\"800\" height=\"534\" \/><\/td>\n<\/tr>\n<tr>\n<td style=\"width: 50%;\"><img loading=\"lazy\" decoding=\"async\" class=\"aligncenter wp-image-435 size-full\" src=\"https:\/\/regenerative-thermal-oxidation.com\/wp-content\/uploads\/2025\/08\/regenerative-thermal-oxidiser-application-industry-7.webp\" alt=\"rejeneratif termal oksitleyici-uygulama-end\u00fcstri-7\" width=\"800\" height=\"533\" srcset=\"https:\/\/regenerative-thermal-oxidation.com\/wp-content\/uploads\/2025\/08\/regenerative-thermal-oxidiser-application-industry-7.webp 800w, https:\/\/regenerative-thermal-oxidation.com\/wp-content\/uploads\/2025\/08\/regenerative-thermal-oxidiser-application-industry-7-480x320.webp 480w\" sizes=\"(min-width: 0px) and (max-width: 480px) 480px, (min-width: 481px) 800px, 100vw\" \/><\/td>\n<td style=\"width: 50%;\"><img loading=\"lazy\" decoding=\"async\" class=\"aligncenter wp-image-256\" src=\"https:\/\/regenerative-thermal-oxidation.com\/wp-content\/uploads\/2025\/08\/regenerative-thermal-oxidiser-application-industry-1.webp\" alt=\"rejeneratif termal oksitleyici-uygulama-end\u00fcstrisi-1\" width=\"800\" height=\"533\" \/><\/td>\n<\/tr>\n<\/tbody>\n<\/table>","protected":false},"excerpt":{"rendered":"<p>Yatakl\u0131 RTO, yan\u0131c\u0131 at\u0131k gazlar\u0131 y\u00fcksek s\u0131cakl\u0131klarda oksitleyerek ve ayr\u0131\u015ft\u0131rarak oksitlere ve suya d\u00f6n\u00fc\u015ft\u00fcrme prensibiyle \u00e7al\u0131\u015f\u0131r; bu sayede egzoz gaz\u0131 etkili bir \u015fekilde ar\u0131t\u0131l\u0131r ve bu i\u015flem s\u0131ras\u0131nda a\u00e7\u0131\u011fa \u00e7\u0131kan enerji geri kazan\u0131l\u0131r. Yatakl\u0131 RTO, tipik olarak \u00fc\u00e7 rejeneratif odaya sahip geleneksel bir RTO t\u00fcr\u00fcd\u00fcr. Bununla birlikte, egzoz gaz\u0131 hacmi \u00f6nemliyse, be\u015f veya yedi rejeneratif oda ile de donat\u0131labilir. Bir motor taraf\u0131ndan tahrik edilen egzoz gaz\u0131 da\u011f\u0131t\u0131m vanas\u0131 s\u00fcrekli ve d\u00fczg\u00fcn bir \u015fekilde d\u00f6ner ve at\u0131k gaz\u0131n farkl\u0131 odalar aras\u0131nda dola\u015fmas\u0131n\u0131 sa\u011flar. Ayr\u0131ca, egzoz gaz\u0131 konsantrasyonu y\u00fcksek oldu\u011funda, at\u0131k gaz\u0131 yak\u0131t olarak kullanmak \u00fczere bir at\u0131k \u0131s\u0131 geri kazan\u0131m kazan\u0131 entegre edilebilir; bu sayede at\u0131k, s\u0131cak hava, s\u0131cak su, buhar ve termal ya\u011f gibi de\u011ferli kaynaklara d\u00f6n\u00fc\u015ft\u00fcr\u00fclebilir.<\/p>","protected":false},"featured_media":431,"comment_status":"open","ping_status":"closed","template":"","meta":{"_et_pb_use_builder":"","_et_pb_old_content":"","_et_gb_content_width":""},"product_brand":[],"product_cat":[19],"product_tag":[],"class_list":{"0":"post-428","1":"product","2":"type-product","3":"status-publish","4":"has-post-thumbnail","6":"product_cat-regenerative-thermal-oxidizer","8":"first","9":"instock","10":"shipping-taxable","11":"product-type-simple"},"_links":{"self":[{"href":"https:\/\/regenerative-thermal-oxidation.com\/tr\/wp-json\/wp\/v2\/product\/428","targetHints":{"allow":["GET"]}}],"collection":[{"href":"https:\/\/regenerative-thermal-oxidation.com\/tr\/wp-json\/wp\/v2\/product"}],"about":[{"href":"https:\/\/regenerative-thermal-oxidation.com\/tr\/wp-json\/wp\/v2\/types\/product"}],"replies":[{"embeddable":true,"href":"https:\/\/regenerative-thermal-oxidation.com\/tr\/wp-json\/wp\/v2\/comments?post=428"}],"wp:featuredmedia":[{"embeddable":true,"href":"https:\/\/regenerative-thermal-oxidation.com\/tr\/wp-json\/wp\/v2\/media\/431"}],"wp:attachment":[{"href":"https:\/\/regenerative-thermal-oxidation.com\/tr\/wp-json\/wp\/v2\/media?parent=428"}],"wp:term":[{"taxonomy":"product_brand","embeddable":true,"href":"https:\/\/regenerative-thermal-oxidation.com\/tr\/wp-json\/wp\/v2\/product_brand?post=428"},{"taxonomy":"product_cat","embeddable":true,"href":"https:\/\/regenerative-thermal-oxidation.com\/tr\/wp-json\/wp\/v2\/product_cat?post=428"},{"taxonomy":"product_tag","embeddable":true,"href":"https:\/\/regenerative-thermal-oxidation.com\/tr\/wp-json\/wp\/v2\/product_tag?post=428"}],"curies":[{"name":"wp","href":"https:\/\/api.w.org\/{rel}","templated":true}]}}