{"id":437,"date":"2025-08-25T07:46:02","date_gmt":"2025-08-25T07:46:02","guid":{"rendered":"https:\/\/regenerative-thermal-oxidation.com\/?post_type=product&#038;p=437"},"modified":"2026-03-18T09:52:50","modified_gmt":"2026-03-18T09:52:50","slug":"kare-doner-vana-rto","status":"publish","type":"product","link":"https:\/\/regenerative-thermal-oxidation.com\/tr\/urun\/kare-doner-vana-rto\/","title":{"rendered":"Kare D\u00f6ner Vana RTO"},"content":{"rendered":"<p>D\u00f6ner rejeneratif termal oksitleyici (RTO), yan\u0131c\u0131 egzoz havas\u0131n\u0131 y\u00fcksek s\u0131cakl\u0131klarda oksitlere ve suya d\u00f6n\u00fc\u015ft\u00fcrerek, egzozu etkili bir \u015fekilde ar\u0131nd\u0131r\u0131r ve ayr\u0131\u015fma s\u0131ras\u0131nda a\u00e7\u0131\u011fa \u00e7\u0131kan \u0131s\u0131y\u0131 geri d\u00f6n\u00fc\u015ft\u00fcr\u00fcr. ,51'in \u00fczerinde bir ayr\u0131\u015fma verimlili\u011fi ve 1'in \u00fczerinde bir \u0131s\u0131 geri kazan\u0131m verimlili\u011fi elde eder. Sistem, bir yanma odas\u0131, seramik dolgu yata\u011f\u0131 ve 12 odaya b\u00f6l\u00fcnm\u00fc\u015f d\u00f6ner bir vanadan olu\u015fur: be\u015f giri\u015f, be\u015f \u00e7\u0131k\u0131\u015f, bir temizleme ve bir izolasyon odas\u0131. Motorla tahrik edilen egzoz gaz\u0131 da\u011f\u0131t\u0131m vanas\u0131, s\u00fcrekli ve d\u00fczg\u00fcn bir \u015fekilde d\u00f6nerek egzoz gaz\u0131n\u0131n odalar aras\u0131nda sorunsuz bir \u015fekilde ge\u00e7i\u015f yapmas\u0131n\u0131 sa\u011flar.<\/p>\n<p>Y\u00fcksek egzoz havas\u0131 konsantrasyonlar\u0131 i\u00e7in, ek bir \u0131s\u0131 e\u015fanj\u00f6r\u00fc yap\u0131land\u0131r\u0131larak hava yak\u0131ta d\u00f6n\u00fc\u015ft\u00fcr\u00fclebilir; \u0131s\u0131 geri kazan\u0131m se\u00e7enekleri aras\u0131nda s\u0131cak hava, s\u0131cak su, buhar ve ya\u011f bulunur. Bu kare d\u00f6ner vanal\u0131 RTO, kompakt tasar\u0131m\u0131, istikrarl\u0131 \u00e7al\u0131\u015fmas\u0131 ve y\u00fcksek verimlili\u011fiyle bilinen, \u00e7e\u015fitli end\u00fcstrilerde VOC'lerin ar\u0131t\u0131lmas\u0131 i\u00e7in uygundur. 5.000 m\u00b3\/h ile 100.000 m\u00b3\/h aras\u0131nda i\u015flem yapabilir ve bask\u0131, film kaplama ve kimya gibi end\u00fcstrilerde ba\u015far\u0131l\u0131 oldu\u011funu kan\u0131tlayarak m\u00fc\u015fterilerden olumlu geri bildirimler alm\u0131\u015ft\u0131r.<\/p>\n<p><img loading=\"lazy\" decoding=\"async\" class=\"aligncenter wp-image-200 size-full\" src=\"https:\/\/regenerative-thermal-oxidation.com\/wp-content\/uploads\/2025\/08\/Square-Rotary-Valve-RTO-1.webp\" alt=\"Kare D\u00f6ner Vana RTO-1\" width=\"1200\" height=\"1200\" srcset=\"https:\/\/regenerative-thermal-oxidation.com\/wp-content\/uploads\/2025\/08\/Square-Rotary-Valve-RTO-1.webp 1200w, https:\/\/regenerative-thermal-oxidation.com\/wp-content\/uploads\/2025\/08\/Square-Rotary-Valve-RTO-1-980x980.webp 980w, https:\/\/regenerative-thermal-oxidation.com\/wp-content\/uploads\/2025\/08\/Square-Rotary-Valve-RTO-1-480x480.webp 480w\" sizes=\"(min-width: 0px) and (max-width: 480px) 480px, (min-width: 481px) and (max-width: 980px) 980px, (min-width: 981px) 1200px, 100vw\" \/><\/p>\n<h2><strong>Kare D\u00f6ner Vana RTO Sat\u0131l\u0131k<\/strong><\/h2>\n<ol>\n<li><strong>G\u00fcvenilir Ar\u0131tma ve Enerji Verimlili\u011fi<\/strong><br \/>\nKare D\u00f6ner Vana RTO yap\u0131s\u0131, y\u00fcksek enerji verimlili\u011fini korurken tutarl\u0131 ve g\u00fcvenilir ar\u0131tma performans\u0131 sa\u011flar. Yenilik\u00e7i tasar\u0131m\u0131, optimize edilmi\u015f \u0131s\u0131 geri kazan\u0131m\u0131 ve da\u011f\u0131t\u0131m\u0131 yoluyla enerji t\u00fcketimini en aza indirir. Sistem, de\u011fi\u015fen y\u00fck ko\u015fullar\u0131 ve i\u015fleme gereksinimlerinde istikrarl\u0131 \u00e7al\u0131\u015fma verimlili\u011fi sergiler. G\u00fcvenilir imha yetene\u011fi ve enerji tasarrufunun bu kombinasyonu, onu \u00e7evre ve ekonomi a\u00e7\u0131s\u0131ndan avantajl\u0131 bir \u00e7\u00f6z\u00fcm haline getirir.<\/li>\n<li><strong>D\u00fczg\u00fcn S\u0131cakl\u0131k Da\u011f\u0131l\u0131m\u0131<\/strong><br \/>\nAlan d\u00fczeninde yerle\u015ftirilmi\u015f \u00e7oklu rejeneratif odalar, sistem genelinde ola\u011fan\u00fcst\u00fc s\u0131cakl\u0131k homojenli\u011fi sa\u011flar. Bu yap\u0131land\u0131rma, t\u00fcm \u00e7al\u0131\u015fma a\u015famalar\u0131nda dengeli \u0131s\u0131 al\u0131\u015fveri\u015fini ve tutarl\u0131 termal performans\u0131 destekler. D\u00fczenli oda yerle\u015fimi, yerel s\u0131cak noktalar\u0131 \u00f6nler ve kapsaml\u0131 \u0131s\u0131 da\u011f\u0131l\u0131m\u0131n\u0131 sa\u011flar. Bu homojen s\u0131cakl\u0131k y\u00f6netimi, genel sistem verimlili\u011fini ve tedavi g\u00fcvenilirli\u011fini art\u0131r\u0131r.<\/li>\n<li><strong>Tam Is\u0131 Transferi Kapsam\u0131<\/strong><br \/>\nBirbirine yak\u0131n yerle\u015ftirilmi\u015f seramik elemanlardan olu\u015fan kare hazne tasar\u0131m\u0131, \u00f6l\u00fc a\u00e7\u0131lar olmadan kapsaml\u0131 \u0131s\u0131 depolama ve sal\u0131n\u0131m\u0131 sa\u011flar. Kompakt seramik dolgu konfig\u00fcrasyonu, verimli termal de\u011fi\u015fim i\u00e7in y\u00fczey alan\u0131n\u0131 en \u00fcst d\u00fczeye \u00e7\u0131kar\u0131r. Bu d\u00fczen, her b\u00f6l\u00fcm\u00fcn \u0131s\u0131 transfer s\u00fcrecine tam olarak kat\u0131lmas\u0131n\u0131 sa\u011flayarak etkisiz b\u00f6lgeleri ortadan kald\u0131r\u0131r. Sonu\u00e7 olarak, t\u00fcm sistem boyunca maksimum termal verimlilik ve tutarl\u0131 performans elde edilir.<\/li>\n<li><strong>Harici Valf Eri\u015filebilirli\u011fi<\/strong><br \/>\nSistemin d\u0131\u015f y\u00fczeyine monte edilmi\u015f d\u00f6ner vana, kurulum ve bak\u0131m faaliyetleri i\u00e7in ola\u011fan\u00fcst\u00fc kolayl\u0131k sa\u011flar. Bu stratejik yerle\u015fim, i\u00e7 sistemde herhangi bir aksama olmadan rutin inceleme ve servis i\u015flemlerine kolay eri\u015fim imkan\u0131 sunar. Tasar\u0131m, bile\u015fen de\u011fi\u015fimini basitle\u015ftirir ve bak\u0131m i\u015flemleri s\u0131ras\u0131nda ar\u0131za s\u00fcresini azalt\u0131r. Bu eri\u015filebilirlik \u00f6zelli\u011fi, genel sistem servis kolayl\u0131\u011f\u0131n\u0131 ve operasyonel s\u00fcreklili\u011fini \u00f6nemli \u00f6l\u00e7\u00fcde art\u0131r\u0131r.<\/li>\n<li><strong>Azalt\u0131lm\u0131\u015f Operasyonel Kaynak Gereksinimleri<\/strong><br \/>\nSistem, minimum \u0131s\u0131 kayb\u0131 \u00f6zelliklerini korurken d\u00fc\u015f\u00fck fiziksel hacim gereksinimlerini sergilemektedir. Verimli tasar\u0131m\u0131, kendi kendine yeten \u00e7al\u0131\u015fma modlar\u0131nda daha d\u00fc\u015f\u00fck g\u00fc\u00e7 t\u00fcketimi sa\u011flar. Kompakt boyutlar\u0131, ar\u0131tma kapasitesinden veya performanstan \u00f6d\u00fcn vermeden yerden tasarruf sa\u011flar. Bu \u00f6zelliklerin birle\u015fimi, daha d\u00fc\u015f\u00fck i\u015fletme maliyetleri ve iyile\u015ftirilmi\u015f s\u00fcrd\u00fcr\u00fclebilirlik \u00f6l\u00e7\u00fctleri ile sonu\u00e7lan\u0131r.<\/li>\n<li><strong>\u00d6zelle\u015ftirilebilir Yap\u0131land\u0131rma Esnekli\u011fi<\/strong><br \/>\nEkipman boyutlar\u0131, ger\u00e7ek saha ko\u015fullar\u0131na ve \u00f6zel alansal k\u0131s\u0131tlamalara g\u00f6re uyarlanabilir. Bu uyarlanabilirlik, mevcut tesislere ve \u00e7e\u015fitli end\u00fcstriyel d\u00fczenlere optimum entegrasyon sa\u011flar. Tasar\u0131m esnekli\u011fi, t\u00fcm operasyonel gereksinimleri kar\u015f\u0131larken verimli alan kullan\u0131m\u0131n\u0131 garanti eder. \u00d6zelle\u015ftirme yetenekleri, bireysel proje \u00f6zelliklerine ve s\u0131n\u0131rlamalar\u0131na tam olarak uyan \u00e7\u00f6z\u00fcmler sunar.<\/li>\n<\/ol>\n<p><img loading=\"lazy\" decoding=\"async\" class=\"aligncenter wp-image-439 size-full\" src=\"https:\/\/regenerative-thermal-oxidation.com\/wp-content\/uploads\/2025\/08\/Square-Rotary-Valve-RTO-3.webp\" alt=\"Kare D\u00f6ner Vana RTO-3\" width=\"761\" height=\"532\" srcset=\"https:\/\/regenerative-thermal-oxidation.com\/wp-content\/uploads\/2025\/08\/Square-Rotary-Valve-RTO-3.webp 761w, https:\/\/regenerative-thermal-oxidation.com\/wp-content\/uploads\/2025\/08\/Square-Rotary-Valve-RTO-3-480x336.webp 480w\" sizes=\"(min-width: 0px) and (max-width: 480px) 480px, (min-width: 481px) 761px, 100vw\" \/><\/p>\n<h2><strong>Rejeneratif Termal Oksitleyici Nas\u0131l \u00c7al\u0131\u015f\u0131r?<\/strong><\/h2>\n<p class=\"ds-markdown-paragraph\">Rejeneratif Termal Oksitleyiciler, y\u00fcksek s\u0131cakl\u0131kta oksidasyon yoluyla egzoz ak\u0131\u015flar\u0131ndaki u\u00e7ucu organik bile\u015fikleri (VOC'ler) ortadan kald\u0131rarak \u00e7al\u0131\u015f\u0131r; bu bile\u015fikleri yakla\u015f\u0131k 800\u00b0C \u00e7al\u0131\u015fma s\u0131cakl\u0131klar\u0131nda verimli bir \u015fekilde karbondioksit ve su buhar\u0131na d\u00f6n\u00fc\u015ft\u00fcr\u00fcr. Bu sistemin \u00f6nemli bir \u00f6zelli\u011fi, geleneksel pistonlu vanalar dizisinin yerini alan tek, s\u00fcrekli d\u00f6nen bir da\u011f\u0131t\u0131m vanas\u0131 kullanmas\u0131d\u0131r. Bu yenilik\u00e7i vana konfig\u00fcrasyonu, silindirik bir \u0131s\u0131 depolama yata\u011f\u0131n\u0131 yatay olarak birka\u00e7 ba\u011f\u0131ms\u0131z sekt\u00f6re b\u00f6lerek gaz ak\u0131\u015f y\u00f6netimini kolayla\u015ft\u0131r\u0131r.<\/p>\n<p class=\"ds-markdown-paragraph\">Bu vana kademeli olarak d\u00f6nerken, her bir sekt\u00f6r d\u00f6ng\u00fcsel olarak farkl\u0131 i\u015flevler yerine getirir: gelen kirli gaz\u0131 \u00f6nceden \u0131s\u0131tmak, temizlenmi\u015f at\u0131k sudan termal enerjiyi geri kazanmak ve depolamak ve bir ar\u0131nd\u0131rma i\u015fleminden ge\u00e7mek. Bu d\u00fczg\u00fcn, kesintisiz d\u00f6n\u00fc\u015f, \u00e7al\u0131\u015fma a\u015famalar\u0131 aras\u0131nda sorunsuz ge\u00e7i\u015fler sa\u011flayarak, geleneksel vana de\u011fi\u015ftirme sistemlerinde s\u0131k\u00e7a kar\u015f\u0131la\u015f\u0131lan bas\u0131n\u00e7 dalgalanmalar\u0131n\u0131 \u00f6nemli \u00f6l\u00e7\u00fcde azalt\u0131r.<\/p>\n<p class=\"ds-markdown-paragraph\">\u0130\u015flem, kirlenmi\u015f gaz\u0131n d\u00f6ner vanadan girip \u00f6nceden \u0131s\u0131t\u0131lm\u0131\u015f seramik sekt\u00f6rlerden ge\u00e7erek s\u0131cakl\u0131\u011f\u0131n\u0131 y\u00fckseltmesi ve ard\u0131ndan yanma odas\u0131na girmesiyle ba\u015flar. Burada, tam oksidasyon i\u00e7in gerekli y\u00fcksek s\u0131cakl\u0131\u011f\u0131 korumak amac\u0131yla do\u011fal gaz ve yanma havas\u0131 verilir. \u0130\u015flemden sonra, ar\u0131t\u0131lm\u0131\u015f gaz daha so\u011fuk seramik b\u00f6lgelerden ge\u00e7erek ortama \u0131s\u0131 aktar\u0131r ve son derece verimli termal geri kazan\u0131m sa\u011flar. Ayr\u0131ca, kalan kirleticileri uzakla\u015ft\u0131rmak ve i\u015flenmemi\u015f gaz s\u0131z\u0131nt\u0131s\u0131n\u0131 \u00f6nlemek i\u00e7in temizlenmi\u015f gaz\u0131n k\u00fc\u00e7\u00fck bir ak\u0131\u015f\u0131 y\u00f6nlendirilirken, \u00f6zel s\u0131zd\u0131rmazl\u0131k mekanizmalar\u0131 biti\u015fik i\u015flem ak\u0131\u015flar\u0131 aras\u0131nda gaz s\u0131zd\u0131rmazl\u0131\u011f\u0131n\u0131 sa\u011flar. Genel olarak, bu s\u00fcrekli d\u00f6ner tasar\u0131m, eski sistem mimarilerine k\u0131yasla yaln\u0131zca operasyonel g\u00fcvenilirli\u011fi ve termal performans\u0131 art\u0131rmakla kalmaz, ayn\u0131 zamanda bak\u0131m gereksinimlerini de azalt\u0131r.<\/p>\n<p><img loading=\"lazy\" decoding=\"async\" class=\"aligncenter wp-image-225 size-full\" src=\"https:\/\/regenerative-thermal-oxidation.com\/wp-content\/uploads\/2025\/08\/regenerative-thermal-oxidiser-working-principle.webp\" alt=\"rejeneratif termal oksitleyici - \u00e7al\u0131\u015fma prensibi\" width=\"1010\" height=\"678\" srcset=\"https:\/\/regenerative-thermal-oxidation.com\/wp-content\/uploads\/2025\/08\/regenerative-thermal-oxidiser-working-principle.webp 1010w, https:\/\/regenerative-thermal-oxidation.com\/wp-content\/uploads\/2025\/08\/regenerative-thermal-oxidiser-working-principle-980x658.webp 980w, https:\/\/regenerative-thermal-oxidation.com\/wp-content\/uploads\/2025\/08\/regenerative-thermal-oxidiser-working-principle-480x322.webp 480w\" sizes=\"(min-width: 0px) and (max-width: 480px) 480px, (min-width: 481px) and (max-width: 980px) 980px, (min-width: 981px) 1010px, 100vw\" \/><\/p>\n<h2><strong>G\u00fcvenilir Rejeneratif Termal Oksitleyici \u00dcreticiniz \u2014 Ever-power industry Netherlands<\/strong><\/h2>\n<p>Ever-power industry Netherlands is a specialist in procurement. In today\u2019s market it is strategically important to have a network of first class suppliers. Ever-power industry Netherlands offers you this network, including many advantages when purchasing manufactured and outsourced parts. Ever-power industry Netherlands, as the sales agent for the Ever-Power group in the Netherlands, can help you realise lower cost prices. Ever-Power is dedicated to providing comprehensive solutions for volatile organic compounds (VOC) treatment, with a strong focus on the development of carbon reduction and energy-saving technologies. Our company operates a specialized R&#038;D center and a modern production facility capable of manufacturing a significant number of regenerative thermal oxidizers annually.<\/p>\n<p>\u00c7ok say\u0131da bulu\u015f patenti de dahil olmak \u00fczere, temel RTO teknolojilerinde say\u0131s\u0131z patent ba\u015fvurusu yaparak g\u00fc\u00e7l\u00fc bir fikri m\u00fclkiyet portf\u00f6y\u00fc olu\u015fturduk. Patentli yeniliklerimiz, sistemin en \u00f6nemli bile\u015fenlerinin \u00e7o\u011funu kapsamakta olup, teknolojik liderli\u011fe ve \u00fcr\u00fcn m\u00fckemmelli\u011fine olan ba\u011fl\u0131l\u0131\u011f\u0131m\u0131z\u0131 yans\u0131tmaktad\u0131r. Bu fikri ba\u015far\u0131lar, yetkilendirilmi\u015f bulu\u015f patentleri, faydal\u0131 model patentleri, tasar\u0131m patentleri ve yaz\u0131l\u0131m telif haklar\u0131 ile desteklenmektedir. T\u00fcm \u00fcr\u00fcnlerimiz, \u00fcretimin her a\u015famas\u0131nda uygulanan s\u0131k\u0131 kalite kontrol sistemleriyle \u015firket i\u00e7inde \u00fcretilmektedir. Geli\u015fmi\u015f SAP yaz\u0131l\u0131m\u0131n\u0131 ve ger\u00e7ek zamanl\u0131 ilerleme g\u00f6sterge paneli uygulamas\u0131n\u0131 t\u00fcm i\u015f s\u00fcre\u00e7lerimize entegre ederek, hem y\u00fcksek \u00fcr\u00fcn kalitesini hem de verimli sipari\u015f teslimat\u0131n\u0131 sa\u011fl\u0131yoruz.<\/p>\n<p>Ever-Power serves as a regenerative thermal oxidizer supplier, integrating R&#038;D, design, manufacturing, engineering, and after-sales support into a seamless service. In addition to our RTO systems, we also produce a considerable quantity of zeolite rotor concentrators each year, further supporting our customers&#8217; emission control needs. Our operations are certified under the ISO9001 quality management system, featuring standardized production processes and batch manufacturing of core components. With a professional team handling engineering delivery, commissioning, and after-sales service, we offer end-to-end reliability and customer satisfaction. Ever-power industry Netherlands launches products and services have been widely recognized by the market. Ever-power industry Netherlands has many years of experience in this field and works closely with strong partners in Asia and Eastern Europe. Through strategic sourcing, Ever-power industry Netherlands is able to achieve considerable purchasing benefits while maintaining the required quality!<\/p>\n<p><img loading=\"lazy\" decoding=\"async\" class=\"aligncenter wp-image-142 size-full\" src=\"https:\/\/regenerative-thermal-oxidation.com\/wp-content\/uploads\/2025\/08\/ep-company.webp\" alt=\"ep-\u015firketi\" width=\"1260\" height=\"732\" srcset=\"https:\/\/regenerative-thermal-oxidation.com\/wp-content\/uploads\/2025\/08\/ep-company.webp 1260w, https:\/\/regenerative-thermal-oxidation.com\/wp-content\/uploads\/2025\/08\/ep-company-980x569.webp 980w, https:\/\/regenerative-thermal-oxidation.com\/wp-content\/uploads\/2025\/08\/ep-company-480x279.webp 480w\" sizes=\"(min-width: 0px) and (max-width: 480px) 480px, (min-width: 481px) and (max-width: 980px) 980px, (min-width: 981px) 1260px, 100vw\" \/><\/p>","protected":false},"excerpt":{"rendered":"<p>D\u00f6ner rejeneratif termal oksitleyici (RTO), yan\u0131c\u0131 egzoz havas\u0131n\u0131 y\u00fcksek s\u0131cakl\u0131klarda oksitlere ve suya d\u00f6n\u00fc\u015ft\u00fcrerek, egzozu etkili bir \u015fekilde ar\u0131nd\u0131r\u0131r ve ayr\u0131\u015fma s\u0131ras\u0131nda a\u00e7\u0131\u011fa \u00e7\u0131kan \u0131s\u0131y\u0131 geri d\u00f6n\u00fc\u015ft\u00fcr\u00fcr. ,51'in \u00fczerinde bir ayr\u0131\u015fma verimlili\u011fi ve 1'in \u00fczerinde bir \u0131s\u0131 geri kazan\u0131m verimlili\u011fi elde eder. Sistem, bir yanma odas\u0131, seramik dolgu yata\u011f\u0131 ve 12 odaya b\u00f6l\u00fcnm\u00fc\u015f d\u00f6ner bir vanadan olu\u015fur: be\u015f giri\u015f, be\u015f \u00e7\u0131k\u0131\u015f, bir temizleme ve bir izolasyon odas\u0131. Motorla tahrik edilen egzoz gaz\u0131 da\u011f\u0131t\u0131m vanas\u0131, s\u00fcrekli ve d\u00fczg\u00fcn bir \u015fekilde d\u00f6nerek egzoz gaz\u0131n\u0131n odalar aras\u0131nda sorunsuz bir \u015fekilde ge\u00e7i\u015f yapmas\u0131n\u0131 sa\u011flar.<\/p>","protected":false},"featured_media":200,"comment_status":"open","ping_status":"closed","template":"","meta":{"_et_pb_use_builder":"","_et_pb_old_content":"","_et_gb_content_width":""},"product_brand":[],"product_cat":[19],"product_tag":[],"class_list":{"0":"post-437","1":"product","2":"type-product","3":"status-publish","4":"has-post-thumbnail","6":"product_cat-regenerative-thermal-oxidizer","8":"first","9":"instock","10":"shipping-taxable","11":"product-type-simple"},"_links":{"self":[{"href":"https:\/\/regenerative-thermal-oxidation.com\/tr\/wp-json\/wp\/v2\/product\/437","targetHints":{"allow":["GET"]}}],"collection":[{"href":"https:\/\/regenerative-thermal-oxidation.com\/tr\/wp-json\/wp\/v2\/product"}],"about":[{"href":"https:\/\/regenerative-thermal-oxidation.com\/tr\/wp-json\/wp\/v2\/types\/product"}],"replies":[{"embeddable":true,"href":"https:\/\/regenerative-thermal-oxidation.com\/tr\/wp-json\/wp\/v2\/comments?post=437"}],"wp:featuredmedia":[{"embeddable":true,"href":"https:\/\/regenerative-thermal-oxidation.com\/tr\/wp-json\/wp\/v2\/media\/200"}],"wp:attachment":[{"href":"https:\/\/regenerative-thermal-oxidation.com\/tr\/wp-json\/wp\/v2\/media?parent=437"}],"wp:term":[{"taxonomy":"product_brand","embeddable":true,"href":"https:\/\/regenerative-thermal-oxidation.com\/tr\/wp-json\/wp\/v2\/product_brand?post=437"},{"taxonomy":"product_cat","embeddable":true,"href":"https:\/\/regenerative-thermal-oxidation.com\/tr\/wp-json\/wp\/v2\/product_cat?post=437"},{"taxonomy":"product_tag","embeddable":true,"href":"https:\/\/regenerative-thermal-oxidation.com\/tr\/wp-json\/wp\/v2\/product_tag?post=437"}],"curies":[{"name":"wp","href":"https:\/\/api.w.org\/{rel}","templated":true}]}}