{"id":461,"date":"2025-08-25T09:19:02","date_gmt":"2025-08-25T09:19:02","guid":{"rendered":"https:\/\/regenerative-thermal-oxidation.com\/?post_type=product&#038;p=461"},"modified":"2025-08-26T02:04:55","modified_gmt":"2025-08-26T02:04:55","slug":"zeolit-rotor","status":"publish","type":"product","link":"https:\/\/regenerative-thermal-oxidation.com\/tr\/urun\/zeolit-rotor\/","title":{"rendered":"Zeolit \u200b\u200bRotor"},"content":{"rendered":"<p>Zeolit \u200b\u200brotor \u00fc\u00e7 b\u00f6lgeden olu\u015fur: adsorpsiyon, desorpsiyon ve so\u011futma. Adsorpsiyon b\u00f6lgesinde, d\u00fc\u015f\u00fck konsantrasyonlu at\u0131k gaz ge\u00e7er ve bu sayede VOC'ler adsorbe edilirken ar\u0131t\u0131lm\u0131\u015f gaz d\u0131\u015far\u0131 at\u0131l\u0131r. Rotor doygun hale geldi\u011finde, az miktarda s\u0131cak havan\u0131n (180-220\u00b0C) zeoliti yeniledi\u011fi desorpsiyon b\u00f6lgesine ge\u00e7er. Desorpsiyondan sonra, rotor so\u011futma b\u00f6lgesine girer ve ard\u0131ndan d\u00f6ng\u00fcy\u00fc tekrarlamak \u00fczere adsorpsiyon b\u00f6lgesine geri d\u00f6ner; bu i\u015flemle 5-30 kat konsantrasyon oran\u0131 ve 95-98% ar\u0131tma oran\u0131 elde edilir.<\/p>\n<p>\u00d6zellikle kaplama ve bask\u0131 gibi end\u00fcstrilerde d\u00fc\u015f\u00fck konsantrasyonlu egzoz gazlar\u0131 i\u00e7in kullan\u0131lan zeolit \u200b\u200brotor, bu gazlar\u0131 RTO'da daha ileri i\u015flem i\u00e7in konsantre edebilir. Ever-Power, belirli end\u00fcstri ihtiya\u00e7lar\u0131na ba\u011fl\u0131 olarak zeolit \u200b\u200bmalzemelerini ve konsantrasyon oranlar\u0131n\u0131 \u00f6zelle\u015ftirerek etkili bir i\u015flem sa\u011flar ve m\u00fc\u015fterilerden olumlu geri bildirimler al\u0131r. Tek bir cihaz\u0131n i\u015fleme kapasitesi 1.000 m\u00b3\/saat ile 200.000 m\u00b3\/saat aras\u0131nda de\u011fi\u015fmektedir.<\/p>\n<p><img loading=\"lazy\" decoding=\"async\" class=\"aligncenter wp-image-465 size-full\" src=\"https:\/\/regenerative-thermal-oxidation.com\/wp-content\/uploads\/2025\/08\/Zeolite-Rotor-3.webp\" alt=\"\" width=\"1200\" height=\"1200\" srcset=\"https:\/\/regenerative-thermal-oxidation.com\/wp-content\/uploads\/2025\/08\/Zeolite-Rotor-3.webp 1200w, https:\/\/regenerative-thermal-oxidation.com\/wp-content\/uploads\/2025\/08\/Zeolite-Rotor-3-980x980.webp 980w, https:\/\/regenerative-thermal-oxidation.com\/wp-content\/uploads\/2025\/08\/Zeolite-Rotor-3-480x480.webp 480w\" sizes=\"(min-width: 0px) and (max-width: 480px) 480px, (min-width: 481px) and (max-width: 980px) 980px, (min-width: 981px) 1200px, 100vw\" \/><\/p>\n<h2><strong>Zeolit \u200b\u200bRotor \u00d6zellikleri<\/strong><\/h2>\n<div style=\"overflow-x: auto;\">\n<table style=\"max-width: 100%; overflow-x: auto; width: 95.9956%;\" border=\"1\">\n<tbody>\n<tr style=\"height: 16.35pt;\">\n<td class=\"et2\" style=\"height: 16.35pt; width: 360.00pt;\" width=\"600\" height=\"27\"><strong>Kategori<\/strong><\/td>\n<td class=\"et3\" style=\"width: 337.50pt;\" width=\"562\"><strong>Detaylar<\/strong><\/td>\n<\/tr>\n<tr style=\"height: 14.55pt;\">\n<td class=\"et4\" style=\"height: 142.50pt; width: 360.00pt;\" rowspan=\"6\" width=\"600\" height=\"237\"><strong>Teknik \u00d6zellikler<\/strong><\/td>\n<td class=\"et5\" style=\"width: 337.50pt;\" width=\"562\">\u00dcr\u00fcn: Zeolit \u200b\u200bMolek\u00fcler Elek Rotoru<\/td>\n<\/tr>\n<tr style=\"height: 28.35pt;\">\n<td class=\"et6\" style=\"width: 337.50pt;\" width=\"562\">Dahil edilecek unsurlar: Rotor \u00e7ap\u0131, kal\u0131nl\u0131\u011f\u0131, zeolit \u200b\u200btipi, hava ak\u0131\u015f kapasitesi.<\/td>\n<\/tr>\n<tr style=\"height: 42.15pt;\">\n<td class=\"et6\" style=\"width: 337.50pt;\" width=\"562\">\u00d6zellikler: Y\u00fcksek adsorpsiyon kapasitesi, saatte on binlerce metrek\u00fcpe kadar gaz ar\u0131t\u0131m\u0131 i\u00e7in uygun, y\u00fcksek konsantrasyon verimlili\u011fi.<\/td>\n<\/tr>\n<tr style=\"height: 28.35pt;\">\n<td class=\"et6\" style=\"width: 337.50pt;\" width=\"562\">Kombine Sistemler: DOTP ve D80 solvent ya\u011f\u0131 gibi bile\u015fenleri i\u015flemek i\u00e7in filtrasyon ve k\u00fck\u00fcrt giderme sistemleriyle entegre edilmi\u015ftir.<\/td>\n<\/tr>\n<tr style=\"height: 14.55pt;\">\n<td class=\"et6\" style=\"width: 337.50pt;\" width=\"562\">B\u00f6lgeler: Adsorpsiyon, rejenerasyon ve izolasyon b\u00f6lgeleri<\/td>\n<\/tr>\n<tr style=\"height: 14.55pt;\">\n<td class=\"et7\" style=\"width: 337.50pt;\" width=\"562\">D\u00f6nme H\u0131z\u0131 ve Yap\u0131: D\u00fc\u015f\u00fck d\u00f6nme h\u0131z\u0131, basit yap\u0131<\/td>\n<\/tr>\n<tr style=\"height: 14.55pt;\">\n<td class=\"et8\" style=\"height: 58.80pt; width: 360.00pt;\" rowspan=\"4\" width=\"600\" height=\"98\"><strong>Uygulanabilir aral\u0131k<\/strong><\/td>\n<td class=\"et9\" style=\"width: 337.50pt;\" width=\"562\">Hava hacmi: 10000m\u00b3\/h\u2014200000m\u00b3\/h<\/td>\n<\/tr>\n<tr style=\"height: 15.15pt;\">\n<td class=\"et10\" style=\"width: 337.50pt;\" width=\"562\">Egzoz gaz\u0131 s\u0131cakl\u0131\u011f\u0131: &lt;40\u00b0C<\/td>\n<\/tr>\n<tr style=\"height: 14.55pt;\">\n<td class=\"et10\" style=\"width: 337.50pt;\" width=\"562\">Egzoz gaz\u0131 konsantrasyonu: &lt;1000 mg\/m\u00b3<\/td>\n<\/tr>\n<tr style=\"height: 14.55pt;\">\n<td class=\"et11\" style=\"width: 337.50pt;\" width=\"562\">Konsantrasyon oran\u0131: 5-30<\/td>\n<\/tr>\n<tr style=\"height: 15.15pt;\">\n<td class=\"et4\" style=\"height: 15.15pt; width: 360.00pt;\" width=\"600\" height=\"25\"><strong>Teknik \u00d6zellik Detaylar\u0131<\/strong><\/td>\n<td class=\"et12\" style=\"width: 337.50pt;\" width=\"562\">D\u00fc\u015f\u00fck \u00c7i\u011f Noktas\u0131 Nem Alma: Minimum \u00e7i\u011f noktas\u0131 -40\u00b0C<\/td>\n<\/tr>\n<tr style=\"height: 14.55pt;\">\n<td class=\"et8\" style=\"height: 56.70pt; width: 360.00pt;\" rowspan=\"2\" width=\"600\" height=\"94\"><strong>\u00d6zelle\u015ftirme Deste\u011fi<\/strong><\/td>\n<td class=\"et9\" style=\"width: 337.50pt;\" width=\"562\">\u015eirket: Ever-Power<\/td>\n<\/tr>\n<tr style=\"height: 42.15pt;\">\n<td class=\"et14\" style=\"width: 337.50pt;\" width=\"562\">\u00d6zelle\u015ftirme Se\u00e7enekleri: Azotlu egzoz gazlar\u0131n\u0131n ar\u0131t\u0131lmas\u0131 i\u00e7in SCR\/SNCR ile birle\u015ftirilebilir ve ulusal emisyon standartlar\u0131na uyumlulu\u011fu sa\u011flar.<\/td>\n<\/tr>\n<\/tbody>\n<\/table>\n<\/div>\n<h2><strong>Zeolit \u200b\u200bRotor <\/strong><strong>Model Tablosu<\/strong><\/h2>\n<div style=\"overflow-x: auto;\">\n<table style=\"max-width: 100%; overflow-x: auto; width: 95.9956%;\" border=\"1\">\n<tbody>\n<tr style=\"height: 71px;\">\n<td style=\"height: 71px; width: 17.0513%; text-align: center;\" width=\"103\"><strong>Model<\/strong><\/td>\n<td style=\"height: 71px; width: 26.8703%; text-align: center;\" width=\"129\"><strong>Hava \u0130\u015fleme Kapasitesi (\u00d710\u2074 m\u00b3\/h)<\/strong><\/td>\n<td style=\"height: 71px; width: 33.5294%; text-align: center;\" width=\"175\"><strong>Nakliye \u00d6l\u00e7\u00fcleri U\u00d7G\u00d7Y (mm)<\/strong><\/td>\n<td style=\"height: 71px; width: 139.52%; text-align: center;\" width=\"107\"><strong>Sevkiyat A\u011f\u0131rl\u0131\u011f\u0131 (T)<\/strong><\/td>\n<\/tr>\n<tr style=\"height: 23px;\">\n<td style=\"height: 23px; width: 17.0513%; text-align: center;\">EP-1200<\/td>\n<td style=\"height: 23px; width: 26.8703%; text-align: center;\">~1.2<\/td>\n<td style=\"height: 23px; width: 33.5294%; text-align: center;\">1550\u00d72100\u00d71650<\/td>\n<td style=\"height: 23px; width: 139.52%; text-align: center;\">1.2<\/td>\n<\/tr>\n<tr style=\"height: 23px;\">\n<td style=\"height: 23px; width: 17.0513%; text-align: center;\">EP-1550<\/td>\n<td style=\"height: 23px; width: 26.8703%; text-align: center;\">1.0~1.8<\/td>\n<td style=\"height: 23px; width: 33.5294%; text-align: center;\">1850\u00d72100\u00d71950<\/td>\n<td style=\"height: 23px; width: 139.52%; text-align: center;\">1.5<\/td>\n<\/tr>\n<tr style=\"height: 23px;\">\n<td style=\"height: 23px; width: 17.0513%; text-align: center;\">EP-1750<\/td>\n<td style=\"height: 23px; width: 26.8703%; text-align: center;\">1.5~2.4<\/td>\n<td style=\"height: 23px; width: 33.5294%; text-align: center;\">2050\u00d72100\u00d72150<\/td>\n<td style=\"height: 23px; width: 139.52%; text-align: center;\">1.6<\/td>\n<\/tr>\n<tr style=\"height: 23px;\">\n<td style=\"height: 23px; width: 17.0513%; text-align: center;\">EP-1950<\/td>\n<td style=\"height: 23px; width: 26.8703%; text-align: center;\">2.0~3.0<\/td>\n<td style=\"height: 23px; width: 33.5294%; text-align: center;\">2250\u00d72100\u00d72350<\/td>\n<td style=\"height: 23px; width: 139.52%; text-align: center;\">1.7<\/td>\n<\/tr>\n<tr style=\"height: 23px;\">\n<td style=\"height: 23px; width: 17.0513%; text-align: center;\">EP-2190<\/td>\n<td style=\"height: 23px; width: 26.8703%; text-align: center;\">2.5~3.5<\/td>\n<td style=\"height: 23px; width: 33.5294%; text-align: center;\">2500\u00d72100\u00d72600<\/td>\n<td style=\"height: 23px; width: 139.52%; text-align: center;\">2.6<\/td>\n<\/tr>\n<tr style=\"height: 23px;\">\n<td style=\"height: 23px; width: 17.0513%; text-align: center;\">EP-2450<\/td>\n<td style=\"height: 23px; width: 26.8703%; text-align: center;\">3.0~4.5<\/td>\n<td style=\"height: 23px; width: 33.5294%; text-align: center;\">2800\u00d72100\u00d72950<\/td>\n<td style=\"height: 23px; width: 139.52%; text-align: center;\">3.0<\/td>\n<\/tr>\n<tr style=\"height: 23px;\">\n<td style=\"height: 23px; width: 17.0513%; text-align: center;\">EP-2650<\/td>\n<td style=\"height: 23px; width: 26.8703%; text-align: center;\">4.0~5.4<\/td>\n<td style=\"height: 23px; width: 33.5294%; text-align: center;\">3000\u00d72100\u00d73150<\/td>\n<td style=\"height: 23px; width: 139.52%; text-align: center;\">3.5<\/td>\n<\/tr>\n<tr style=\"height: 23px;\">\n<td style=\"height: 23px; width: 17.0513%; text-align: center;\">EP-2950<\/td>\n<td style=\"height: 23px; width: 26.8703%; text-align: center;\">5.0~6.5<\/td>\n<td style=\"height: 23px; width: 33.5294%; text-align: center;\">3450\u00d72100\u00d73550<\/td>\n<td style=\"height: 23px; width: 139.52%; text-align: center;\">4.0<\/td>\n<\/tr>\n<tr style=\"height: 23px;\">\n<td style=\"height: 23px; width: 17.0513%; text-align: center;\">EP-3250<\/td>\n<td style=\"height: 23px; width: 26.8703%; text-align: center;\">6.0~7.8<\/td>\n<td style=\"height: 23px; width: 33.5294%; text-align: center;\">3600\u00d72100\u00d73850<\/td>\n<td style=\"height: 23px; width: 139.52%; text-align: center;\">4.6<\/td>\n<\/tr>\n<tr style=\"height: 23px;\">\n<td style=\"height: 23px; width: 17.0513%; text-align: center;\">EP-3550<\/td>\n<td style=\"height: 23px; width: 26.8703%; text-align: center;\">7.0~9.5<\/td>\n<td style=\"height: 23px; width: 33.5294%; text-align: center;\">4000\u00d72150\u00d74100<\/td>\n<td style=\"height: 23px; width: 139.52%; text-align: center;\">5.2<\/td>\n<\/tr>\n<tr style=\"height: 23px;\">\n<td style=\"height: 23px; width: 17.0513%; text-align: center;\">EP-3850<\/td>\n<td style=\"height: 23px; width: 26.8703%; text-align: center;\">8.0~11.0<\/td>\n<td style=\"height: 23px; width: 33.5294%; text-align: center;\">4300\u00d72100\u00d74450<\/td>\n<td style=\"height: 23px; width: 139.52%; text-align: center;\">6.4<\/td>\n<\/tr>\n<tr style=\"height: 23px;\">\n<td style=\"height: 23px; width: 17.0513%; text-align: center;\">EP-4200<\/td>\n<td style=\"height: 23px; width: 26.8703%; text-align: center;\">10.0~13.0<\/td>\n<td style=\"height: 23px; width: 33.5294%; text-align: center;\">4650\u00d72100\u00d74800<\/td>\n<td style=\"height: 23px; width: 139.52%; text-align: center;\">7.0<\/td>\n<\/tr>\n<tr style=\"height: 23px;\">\n<td style=\"height: 23px; width: 17.0513%; text-align: center;\">EP-4500<\/td>\n<td style=\"height: 23px; width: 26.8703%; text-align: center;\">11.0~14.0<\/td>\n<td style=\"height: 23px; width: 33.5294%; text-align: center;\">4850\u00d72100\u00d75100<\/td>\n<td style=\"height: 23px; width: 139.52%; text-align: center;\">7.5<\/td>\n<\/tr>\n<\/tbody>\n<\/table>\n<\/div>\n<h2><strong>Zeolit \u200b\u200bRotor \u00d6zellikleri<\/strong><\/h2>\n<ul>\n<li><strong>M\u00fckemmel Adsorpsiyon Performans\u0131<\/strong><br \/>\nZeolit \u200b\u200brotorlar, y\u00fcksek ar\u0131tma verimlili\u011fi ile ola\u011fan\u00fcst\u00fc adsorpsiyon kapasitesi sergileyerek, \u00f6zellikle d\u00fc\u015f\u00fck konsantrasyonlu, y\u00fcksek hacimli at\u0131k gaz ak\u0131\u015flar\u0131n\u0131n ar\u0131t\u0131lmas\u0131 i\u00e7in uygundur. Geli\u015fmi\u015f malzeme bile\u015fimi, u\u00e7ucu organik bile\u015fiklerin minimum konsantrasyonlarda bile etkili bir \u015fekilde yakalanmas\u0131n\u0131 sa\u011flar. Bu \u00f6zellik, seyreltik emisyonlar\u0131n bulundu\u011fu \u00e7e\u015fitli end\u00fcstriyel uygulamalarda g\u00fcvenilir \u00e7al\u0131\u015fma sa\u011flar. Teknoloji, uzun \u00e7al\u0131\u015fma s\u00fcreleri boyunca tutarl\u0131 performans sergiler.<\/li>\n<li><strong>\u00dcst\u00fcn Hidrofobik \u00d6zellikler<\/strong><br \/>\nThese rotors utilize high silica-alumina ratio hydrophobic molecular sieves that selectively target VOC molecules. The material&#8217;s inherent water resistance prevents moisture interference during the adsorption process. This selective adsorption capability ensures optimal performance in humid operating environments. The hydrophobicity contributes to maintaining stable purification efficiency under varying humidity conditions.<\/li>\n<li><strong>Geli\u015ftirilmi\u015f Termal Kararl\u0131l\u0131k<\/strong><br \/>\nRotor yap\u0131s\u0131, \u00e7al\u0131\u015fma ko\u015fullar\u0131 alt\u0131nda ola\u011fan\u00fcst\u00fc termal kararl\u0131l\u0131k sergileyerek, yanma veya termal bozulma riskini tamamen ortadan kald\u0131r\u0131r. Bu sa\u011flam yap\u0131, adsorpsiyon ve desorpsiyon d\u00f6ng\u00fcleri s\u0131ras\u0131nda kar\u015f\u0131la\u015f\u0131lan s\u0131cakl\u0131k de\u011fi\u015fimlerine dayan\u0131kl\u0131d\u0131r. Malzeme, tekrarlanan termal d\u00f6ng\u00fcler boyunca yap\u0131sal b\u00fct\u00fcnl\u00fc\u011f\u00fcn\u00fc ve performans \u00f6zelliklerini korur. Bu \u00f6zellik, s\u00fcrekli \u00e7al\u0131\u015fmada uzun vadeli g\u00fcvenlik ve g\u00fcvenilirlik sa\u011flar.<\/li>\n<li><strong>Hassas Molek\u00fcler Se\u00e7im<\/strong><br \/>\nTek tip boyutlu molek\u00fcler g\u00f6zeneklere sahip bu rotorlar, farkl\u0131 VOC bile\u015fikleri i\u00e7in se\u00e7ici adsorpsiyon yetenekleri sa\u011flar. \u00d6zelle\u015ftirilmi\u015f molek\u00fcler elek form\u00fclasyonlar\u0131, \u00e7e\u015fitli end\u00fcstriyel s\u00fcre\u00e7lerde bulunan belirli u\u00e7ucu organik bile\u015fikleri hedeflemek \u00fczere uyarlanabilir. Bu se\u00e7ici yakla\u015f\u0131m, belirli kirletici profillerine odaklanarak genel sistem verimlili\u011fini art\u0131r\u0131r. Teknoloji, belirli uygulama gereksinimlerine g\u00f6re optimize edilmi\u015f performans sa\u011flar.<\/li>\n<li><strong>Alan ve Enerji Verimlili\u011fi<\/strong><br \/>\nKompakt tasar\u0131m, maksimum ar\u0131tma kapasitesi sa\u011flarken minimum kurulum alan\u0131 gerektirir ve b\u00f6ylece kaplad\u0131\u011f\u0131 alan gereksinimlerini etkili bir \u015fekilde azalt\u0131r. Bu sistemler, geleneksel ar\u0131tma teknolojilerine k\u0131yasla \u00f6nemli \u00f6l\u00e7\u00fcde daha d\u00fc\u015f\u00fck enerji t\u00fcketimiyle \u00e7al\u0131\u015f\u0131r. Verimli tasar\u0131m, i\u015fletme maliyetlerinin azalmas\u0131na ve s\u00fcrd\u00fcr\u00fclebilirli\u011fin artmas\u0131na yol a\u00e7ar. K\u00fc\u00e7\u00fck alan gereksinimleri ve d\u00fc\u015f\u00fck enerji kullan\u0131m\u0131 kombinasyonu, onlar\u0131 tesis iyile\u015ftirmeleri ve yeni kurulumlar i\u00e7in ideal hale getirir.<\/li>\n<li><strong>Dayan\u0131kl\u0131 Uzun S\u00fcreli \u00c7al\u0131\u015fma<\/strong><br \/>\nUzun hizmet \u00f6mr\u00fc i\u00e7in tasarlanan bu rotorlar, y\u0131llarca s\u00fcren kesintisiz \u00e7al\u0131\u015fma boyunca g\u00fcvenilir performans sa\u011flar. Sa\u011flam yap\u0131s\u0131 ve y\u00fcksek kaliteli malzemeleri, minimum bak\u0131m gereksinimi ve tutarl\u0131 verimlilik sa\u011flar. Kurulduktan sonra, sistemler minimum m\u00fcdahale ile s\u00fcrekli ar\u0131tma performans\u0131 sunar. Bu uzun \u00f6m\u00fcrl\u00fcl\u00fck, ya\u015fam d\u00f6ng\u00fcs\u00fc maliyetlerinin azalmas\u0131na ve operasyonel istikrara katk\u0131da bulunur.<\/li>\n<li><strong>Modern Estetik Tasar\u0131m<\/strong><br \/>\n\u00c7a\u011fda\u015f i\u015f\u00e7ilik ve g\u00f6rsel \u00e7ekicili\u011fe sahip bu rotorlar, hem i\u015flevsel m\u00fckemmelli\u011fi hem de estetik anlay\u0131\u015f\u0131 bir araya getiriyor. \u015e\u0131k tasar\u0131m, profesyonel g\u00f6r\u00fcn\u00fcm\u00fc korurken \u00e7e\u015fitli end\u00fcstriyel ortamlara kusursuz bir \u015fekilde entegre oluyor. G\u00f6rsel detaylara verilen \u00f6nem, ekipman\u0131n genel kalitesini ve geli\u015fmi\u015f m\u00fchendisli\u011fini yans\u0131t\u0131yor. Bu bi\u00e7im ve i\u015flev kombinasyonu, genel de\u011fer \u00f6nerisini art\u0131r\u0131yor.<\/li>\n<\/ul>\n<h2><img loading=\"lazy\" decoding=\"async\" class=\"aligncenter wp-image-463 size-full\" src=\"https:\/\/regenerative-thermal-oxidation.com\/wp-content\/uploads\/2025\/08\/Zeolite-Rotor-2.webp\" alt=\"Zeolit \u200b\u200bRotor-2\" width=\"1200\" height=\"1200\" srcset=\"https:\/\/regenerative-thermal-oxidation.com\/wp-content\/uploads\/2025\/08\/Zeolite-Rotor-2.webp 1200w, https:\/\/regenerative-thermal-oxidation.com\/wp-content\/uploads\/2025\/08\/Zeolite-Rotor-2-980x980.webp 980w, https:\/\/regenerative-thermal-oxidation.com\/wp-content\/uploads\/2025\/08\/Zeolite-Rotor-2-480x480.webp 480w\" sizes=\"(min-width: 0px) and (max-width: 480px) 480px, (min-width: 481px) and (max-width: 980px) 980px, (min-width: 981px) 1200px, 100vw\" \/><\/h2>\n<h2><strong>Zeolit \u200b\u200bRotor Uygulamalar\u0131<\/strong><\/h2>\n<p>In the printing industry, zeolite rotors are engineered to target the specific challenge of VOC molecules typically sized between 3.2\u00c5 and 5.5\u00c5. The selection of the appropriate molecular &#8220;cages&#8221; within the zeolite structure is critical and is customized based on the precise composition and concentration of the customer&#8217;s exhaust stream. Given that waste gas components can fluctuate significantly with different printing inks and processes, a zeolite formulation with broad adaptability is essential. Ever-Power rotors are specifically designed to perform reliably under these variable conditions, ensuring consistent purification efficiency despite process changes.<\/p>\n<p>The coating industry presents a similar challenge with a different molecular profile, where VOC sizes generally range from 3.5\u00c5 to 6.9\u00c5. This necessitates a distinct zeolite rotor configuration with a larger pore structure to effectively capture these bigger molecules. Just as with printing applications, the optimal rotor is tailored to the user&#8217;s unique mix of solvents and operating parameters. Ever-Power technology platform excels here by providing robust solutions that maintain high adsorption efficiency and operational stability across the diverse and often shifting processes found in coating operations.<\/p>\n<p><img loading=\"lazy\" decoding=\"async\" class=\"aligncenter wp-image-203 size-full\" src=\"https:\/\/regenerative-thermal-oxidation.com\/wp-content\/uploads\/2025\/08\/Zeolite-Rotor-1.webp\" alt=\"Zeolit \u200b\u200bRotor-1\" width=\"1200\" height=\"1200\" srcset=\"https:\/\/regenerative-thermal-oxidation.com\/wp-content\/uploads\/2025\/08\/Zeolite-Rotor-1.webp 1200w, https:\/\/regenerative-thermal-oxidation.com\/wp-content\/uploads\/2025\/08\/Zeolite-Rotor-1-980x980.webp 980w, https:\/\/regenerative-thermal-oxidation.com\/wp-content\/uploads\/2025\/08\/Zeolite-Rotor-1-480x480.webp 480w\" sizes=\"(min-width: 0px) and (max-width: 480px) 480px, (min-width: 481px) and (max-width: 980px) 980px, (min-width: 981px) 1200px, 100vw\" \/><\/p>\n<h2><strong>Zeolit \u200b\u200bRotorun Rol\u00fc<\/strong><\/h2>\n<p>Zeolit \u200b\u200bMolek\u00fcler Elek Rotoru, verimli bir at\u0131k gaz ar\u0131tma sistemi olu\u015fturmak i\u00e7in s\u0131kl\u0131kla d\u00f6ner RTO (Rejeneratif Termal Oksitleyici) ile birle\u015ftirilir. Bu entegrasyon, at\u0131k gaz \u0131s\u0131 enerjisi kullan\u0131m\u0131 ve EPC genel m\u00fcteahhitlik projeleri i\u00e7in her iki teknolojinin de \u00f6zel yeteneklerinden yararlan\u0131r. \u015eirket, geli\u015fmi\u015f korozyon \u00f6nleyici teknoloji kullanarak klor ve k\u00fck\u00fcrt i\u00e7eren at\u0131k gazlarla ilgili 41 projeyi ba\u015far\u0131yla tamamlam\u0131\u015ft\u0131r. Rotor at\u0131k gaz\u0131 yo\u011funla\u015ft\u0131rd\u0131ktan sonra, yakma i\u00e7in RTO'ya akar; bu da sadece ekipman yat\u0131r\u0131m\u0131n\u0131 azaltmakla kalmaz, ayn\u0131 zamanda i\u015fletme maliyetlerini de d\u00fc\u015f\u00fcr\u00fcr. Bu kombine sistem, at\u0131k gaz\u0131 10-20 kat yo\u011funla\u015ft\u0131rabilir ve RTO'nun 95%'nin \u00fczerinde termal verimlilikle y\u00fcksek konsantrasyonlu at\u0131k gazlar\u0131 ar\u0131tmas\u0131n\u0131 sa\u011flar.<\/p>\n<p>Zeolit \u200b\u200bMolek\u00fcler Elek Rotorunun RTO ile birlikte VOC'lerin ar\u0131t\u0131lmas\u0131nda kullan\u0131lmas\u0131n\u0131n en \u00f6nemli avantajlar\u0131ndan biri, 98 ba\u015far\u0131l\u0131 buhar at\u0131k \u0131s\u0131 geri kazan\u0131m projesiyle kan\u0131tland\u0131\u011f\u0131 \u00fczere, buhar, s\u0131cak su veya s\u0131cak ya\u011f gibi at\u0131k \u0131s\u0131n\u0131n geri kazan\u0131labilmesidir. Sistem, rejeneratif \u0131s\u0131t\u0131c\u0131lar ve fanlar i\u00e7erecek \u015fekilde basit bir \u015fekilde tasarlanm\u0131\u015ft\u0131r ve yan\u0131c\u0131 olmayan tasar\u0131m\u0131 g\u00fcvenli\u011fi art\u0131r\u0131r. Kimya end\u00fcstrisinde d\u00fc\u015f\u00fck s\u0131cakl\u0131ktaki metanol y\u0131kama at\u0131k gaz\u0131 \u00e7\u00f6z\u00fcmlerinde, rotorun RTO ile kombinasyonu metan ve karbonmonoksiti etkili bir \u015fekilde ar\u0131tarak hem \u00e7evre koruma hem de enerji tasarrufu sa\u011flar.<\/p>\n<p><img loading=\"lazy\" decoding=\"async\" class=\"aligncenter wp-image-464 size-full\" src=\"https:\/\/regenerative-thermal-oxidation.com\/wp-content\/uploads\/2025\/08\/Disc-zeolite-wheel-rotary-RTO.webp\" alt=\"Disk zeolit \u200b\u200btekerlek + d\u00f6ner RTO\" width=\"1276\" height=\"566\" srcset=\"https:\/\/regenerative-thermal-oxidation.com\/wp-content\/uploads\/2025\/08\/Disc-zeolite-wheel-rotary-RTO.webp 1276w, https:\/\/regenerative-thermal-oxidation.com\/wp-content\/uploads\/2025\/08\/Disc-zeolite-wheel-rotary-RTO-980x435.webp 980w, https:\/\/regenerative-thermal-oxidation.com\/wp-content\/uploads\/2025\/08\/Disc-zeolite-wheel-rotary-RTO-480x213.webp 480w\" sizes=\"(min-width: 0px) and (max-width: 480px) 480px, (min-width: 481px) and (max-width: 980px) 980px, (min-width: 981px) 1276px, 100vw\" \/><\/p>","protected":false},"excerpt":{"rendered":"<p>Zeolit \u200b\u200brotor \u00fc\u00e7 b\u00f6lgeden olu\u015fur: adsorpsiyon, desorpsiyon ve so\u011futma. Adsorpsiyon b\u00f6lgesinde, d\u00fc\u015f\u00fck konsantrasyonlu at\u0131k gaz ge\u00e7er ve bu sayede VOC'ler adsorbe edilirken ar\u0131t\u0131lm\u0131\u015f gaz d\u0131\u015far\u0131 at\u0131l\u0131r. Rotor doygun hale geldi\u011finde, az miktarda s\u0131cak havan\u0131n (180-220\u00b0C) zeoliti yeniledi\u011fi desorpsiyon b\u00f6lgesine ge\u00e7er. Desorpsiyondan sonra, rotor so\u011futma b\u00f6lgesine girer ve ard\u0131ndan d\u00f6ng\u00fcy\u00fc tekrarlamak \u00fczere adsorpsiyon b\u00f6lgesine geri d\u00f6ner; bu i\u015flemle 5-30 kat konsantrasyon oran\u0131 ve 95-98% ar\u0131tma oran\u0131 elde edilir.<\/p>","protected":false},"featured_media":203,"comment_status":"open","ping_status":"closed","template":"","meta":{"_et_pb_use_builder":"","_et_pb_old_content":"","_et_gb_content_width":""},"product_brand":[],"product_cat":[19],"product_tag":[],"class_list":{"0":"post-461","1":"product","2":"type-product","3":"status-publish","4":"has-post-thumbnail","6":"product_cat-regenerative-thermal-oxidizer","8":"first","9":"instock","10":"shipping-taxable","11":"product-type-simple"},"_links":{"self":[{"href":"https:\/\/regenerative-thermal-oxidation.com\/tr\/wp-json\/wp\/v2\/product\/461","targetHints":{"allow":["GET"]}}],"collection":[{"href":"https:\/\/regenerative-thermal-oxidation.com\/tr\/wp-json\/wp\/v2\/product"}],"about":[{"href":"https:\/\/regenerative-thermal-oxidation.com\/tr\/wp-json\/wp\/v2\/types\/product"}],"replies":[{"embeddable":true,"href":"https:\/\/regenerative-thermal-oxidation.com\/tr\/wp-json\/wp\/v2\/comments?post=461"}],"wp:featuredmedia":[{"embeddable":true,"href":"https:\/\/regenerative-thermal-oxidation.com\/tr\/wp-json\/wp\/v2\/media\/203"}],"wp:attachment":[{"href":"https:\/\/regenerative-thermal-oxidation.com\/tr\/wp-json\/wp\/v2\/media?parent=461"}],"wp:term":[{"taxonomy":"product_brand","embeddable":true,"href":"https:\/\/regenerative-thermal-oxidation.com\/tr\/wp-json\/wp\/v2\/product_brand?post=461"},{"taxonomy":"product_cat","embeddable":true,"href":"https:\/\/regenerative-thermal-oxidation.com\/tr\/wp-json\/wp\/v2\/product_cat?post=461"},{"taxonomy":"product_tag","embeddable":true,"href":"https:\/\/regenerative-thermal-oxidation.com\/tr\/wp-json\/wp\/v2\/product_tag?post=461"}],"curies":[{"name":"wp","href":"https:\/\/api.w.org\/{rel}","templated":true}]}}